{"id":144429,"date":"2023-04-18T15:15:41","date_gmt":"2023-04-18T12:15:41","guid":{"rendered":"https:\/\/medclinics.com\/plazma-tedavisi\/"},"modified":"2025-01-29T13:15:26","modified_gmt":"2025-01-29T10:15:26","slug":"plazma-tedavisi","status":"publish","type":"page","link":"https:\/\/medclinics.com\/tr\/plazma-tedavisi\/","title":{"rendered":"Plazma Tedavisi"},"content":{"rendered":"\n<h2 class=\"wp-block-heading\">Kan\u0131n\u0131z\u0131n potansiyelini ortaya \u00e7\u0131karabilirsiniz.<\/h2>\n\n<p>V\u00fccudun iyile\u015ftirme yeteneklerini kullanan yenilik\u00e7i bir prosed\u00fcr olan <a href=\"https:\/\/pubmed.ncbi.nlm.nih.gov\/?term=plasma+therapy\" target=\"_blank\" rel=\"noreferrer noopener\">plazma terapisini<\/a> kullan\u0131n.<\/p>\n\n<figure class=\"wp-block-image size-large\"><img fetchpriority=\"high\" decoding=\"async\" width=\"1024\" height=\"683\" src=\"https:\/\/medclinics.com\/wp-content\/uploads\/2025\/01\/Adsiz-tasarim-5-1024x683.jpg\" alt=\"&#x130;stanbul'da Plazma Tedavisi 2025\" class=\"wp-image-173530\" srcset=\"https:\/\/medclinics.com\/wp-content\/uploads\/2025\/01\/Adsiz-tasarim-5-1024x683.jpg 1024w, https:\/\/medclinics.com\/wp-content\/uploads\/2025\/01\/Adsiz-tasarim-5-300x200.jpg 300w, https:\/\/medclinics.com\/wp-content\/uploads\/2025\/01\/Adsiz-tasarim-5-768x512.jpg 768w, https:\/\/medclinics.com\/wp-content\/uploads\/2025\/01\/Adsiz-tasarim-5.jpg 1200w\" sizes=\"(max-width: 1024px) 100vw, 1024px\" \/><figcaption class=\"wp-element-caption\">\u0130stanbul&#8217;da Plazma Tedavisi 2025<\/figcaption><\/figure>\n\n<h3 class=\"wp-block-heading\">Plazma Terapisi hakk\u0131ndaki t\u00fcm bilgilerimizi bulun!<\/h3>\n\n<p>V\u00fccudunuzun yenileyici g\u00fc\u00e7lerini kullanarak cildinizi canland\u0131rd\u0131\u011f\u0131n\u0131z\u0131, sa\u00e7 uzamas\u0131n\u0131 h\u0131zland\u0131rd\u0131\u011f\u0131n\u0131z\u0131 ve iyile\u015fme s\u00fcrecini h\u0131zland\u0131rd\u0131\u011f\u0131n\u0131z\u0131 hayal edin. Bu tedavi, bekledi\u011finiz ameliyats\u0131z, do\u011fal \u00e7\u00f6z\u00fcmd\u00fcr. G\u00f6r\u00fcn\u00fc\u015f\u00fcn\u00fcz\u00fc iyile\u015ftirmek i\u00e7in bu devrim niteli\u011findeki tedaviden yararlanan ve giderek b\u00fcy\u00fcyen insan grubuna kat\u0131l\u0131n ve rejeneratif tedavinin d\u00f6n\u00fc\u015f\u00fcmsel etkilerini hissedin. Plazma terapisi ile daha iyi, daha \u0131\u015f\u0131lt\u0131l\u0131 bir gelece\u011fe ho\u015f geldiniz.<\/p>\n\n<p>Tedavi, t\u0131bb\u0131n \u00e7e\u015fitli alanlar\u0131nda kullan\u0131labilen bir tedavi se\u00e7ene\u011fine d\u00f6n\u00fc\u015fm\u00fc\u015ft\u00fcr. Spora y\u00f6nelik kozmetik tedaviler a\u00e7\u0131s\u0131ndan uygulamalar \u00e7ok say\u0131dad\u0131r. Bu tedavinin cildinizi canland\u0131rma, izleri ve yara izlerini azaltma ve ya\u015flanma belirtilerini azaltma potansiyelini ke\u015ffedin. Ayr\u0131ca, dokular\u0131n iyile\u015fmesini te\u015fvik etmedeki ve yaralanmalardan sonra iyile\u015fmeyi h\u0131zland\u0131rmadaki rol\u00fcn\u00fc de g\u00f6z \u00f6n\u00fcnde bulundurun. Parlayan bir g\u00f6r\u00fcn\u00fcm veya daha iyi bir spor performans\u0131 ar\u0131yorsan\u0131z, <a href=\"https:\/\/medclinics.com\/tr\/plazma-terapisi-en-iyi-fiyatlar-klinikler\/\" data-type=\"page\" data-id=\"86952\">plazma terapisi<\/a> t\u0131p uzmanlar\u0131n\u0131n ve hastalar\u0131n da ilgisini \u00e7eken g\u00fcvenli ve yenilik\u00e7i bir tedavidir. Yenileyici iyile\u015ftirme i\u00e7in bir dizi olas\u0131l\u0131\u011f\u0131n kilidini a\u00e7mak i\u00e7in plazma terapisinin avantajlar\u0131ndan yararlan\u0131n.<\/p>\n\n<p>MedClinics ile uzun y\u0131llard\u0131r kendi alanlar\u0131nda uzman olan en tan\u0131nm\u0131\u015f ve \u00fcnl\u00fc doktorlar\u0131, klinikleri ve g\u00fczellik salonlar\u0131n\u0131 bulabilirsiniz. Uzmanl\u0131\u011f\u0131m\u0131zdan yararlan\u0131n ve size rehberlik etmemize izin verin.<\/p>\n\n<h3 class=\"wp-block-heading\">Bizimle ileti\u015fime ge\u00e7in, hasta dan\u0131\u015fman\u0131m\u0131z s\u00fcre\u00e7 boyunca size rehberlik edecek ve tavsiyelerde bulunacakt\u0131r!<\/h3>\n\n<p>MedClinics ile birlikte size uygun tedaviyi bulacaks\u0131n\u0131z. T\u00fcm ayr\u0131nt\u0131lar\u0131 a\u00e7\u0131klayacak ve \u00f6zel ihtiya\u00e7lar\u0131n\u0131z i\u00e7in en uygun klini\u011fi bulman\u0131za yard\u0131mc\u0131 olaca\u011f\u0131z.<\/p>\n","protected":false},"excerpt":{"rendered":"<p>Kan\u0131n\u0131z\u0131n potansiyelini ortaya \u00e7\u0131karabilirsiniz. V\u00fccudun iyile\u015ftirme yeteneklerini kullanan yenilik\u00e7i bir prosed\u00fcr olan plazma terapisini kullan\u0131n. Plazma Terapisi hakk\u0131ndaki t\u00fcm bilgilerimizi [&hellip;]<\/p>\n","protected":false},"author":4,"featured_media":53417,"parent":0,"menu_order":0,"comment_status":"closed","ping_status":"closed","template":"","meta":{"site-sidebar-layout":"default","site-content-layout":"","ast-site-content-layout":"default","site-content-style":"default","site-sidebar-style":"default","ast-global-header-display":"","ast-banner-title-visibility":"","ast-main-header-display":"","ast-hfb-above-header-display":"","ast-hfb-below-header-display":"","ast-hfb-mobile-header-display":"","site-post-title":"","ast-breadcrumbs-content":"","ast-featured-img":"","footer-sml-layout":"","ast-disable-related-posts":"","theme-transparent-header-meta":"","adv-header-id-meta":"","stick-header-meta":"","header-above-stick-meta":"","header-main-stick-meta":"","header-below-stick-meta":"","astra-migrate-meta-layouts":"default","ast-page-background-enabled":"default","ast-page-background-meta":{"desktop":{"background-color":"var(--ast-global-color-4)","background-image":"","background-repeat":"repeat","background-position":"center center","background-size":"auto","background-attachment":"scroll","background-type":"","background-media":"","overlay-type":"","overlay-color":"","overlay-opacity":"","overlay-gradient":""},"tablet":{"background-color":"","background-image":"","background-repeat":"repeat","background-position":"center center","background-size":"auto","background-attachment":"scroll","background-type":"","background-media":"","overlay-type":"","overlay-color":"","overlay-opacity":"","overlay-gradient":""},"mobile":{"background-color":"","background-image":"","background-repeat":"repeat","background-position":"center center","background-size":"auto","background-attachment":"scroll","background-type":"","background-media":"","overlay-type":"","overlay-color":"","overlay-opacity":"","overlay-gradient":""}},"ast-content-background-meta":{"desktop":{"background-color":"var(--ast-global-color-5)","background-image":"","background-repeat":"repeat","background-position":"center center","background-size":"auto","background-attachment":"scroll","background-type":"","background-media":"","overlay-type":"","overlay-color":"","overlay-opacity":"","overlay-gradient":""},"tablet":{"background-color":"var(--ast-global-color-5)","background-image":"","background-repeat":"repeat","background-position":"center center","background-size":"auto","background-attachment":"scroll","background-type":"","background-media":"","overlay-type":"","overlay-color":"","overlay-opacity":"","overlay-gradient":""},"mobile":{"background-color":"var(--ast-global-color-5)","background-image":"","background-repeat":"repeat","background-position":"center center","background-size":"auto","background-attachment":"scroll","background-type":"","background-media":"","overlay-type":"","overlay-color":"","overlay-opacity":"","overlay-gradient":""}},"footnotes":""},"class_list":["post-144429","page","type-page","status-publish","has-post-thumbnail","hentry"],"_links":{"self":[{"href":"https:\/\/medclinics.com\/tr\/wp-json\/wp\/v2\/pages\/144429","targetHints":{"allow":["GET"]}}],"collection":[{"href":"https:\/\/medclinics.com\/tr\/wp-json\/wp\/v2\/pages"}],"about":[{"href":"https:\/\/medclinics.com\/tr\/wp-json\/wp\/v2\/types\/page"}],"author":[{"embeddable":true,"href":"https:\/\/medclinics.com\/tr\/wp-json\/wp\/v2\/users\/4"}],"replies":[{"embeddable":true,"href":"https:\/\/medclinics.com\/tr\/wp-json\/wp\/v2\/comments?post=144429"}],"version-history":[{"count":0,"href":"https:\/\/medclinics.com\/tr\/wp-json\/wp\/v2\/pages\/144429\/revisions"}],"wp:featuredmedia":[{"embeddable":true,"href":"https:\/\/medclinics.com\/tr\/wp-json\/wp\/v2\/media\/53417"}],"wp:attachment":[{"href":"https:\/\/medclinics.com\/tr\/wp-json\/wp\/v2\/media?parent=144429"}],"curies":[{"name":"wp","href":"https:\/\/api.w.org\/{rel}","templated":true}]}}