{"id":144421,"date":"2023-04-18T15:37:07","date_gmt":"2023-04-18T12:37:07","guid":{"rendered":"https:\/\/medclinics.com\/cerrahi-olmayan-operasyonlar\/"},"modified":"2025-01-29T13:15:43","modified_gmt":"2025-01-29T10:15:43","slug":"cerrahi-olmayan-operasyonlar","status":"publish","type":"page","link":"https:\/\/medclinics.com\/tr\/cerrahi-olmayan-operasyonlar\/","title":{"rendered":"Cerrahi olmayan operasyonlar"},"content":{"rendered":"\n<h2 class=\"wp-block-heading\">Ameliyats\u0131z operasyonlar\u0131n g\u00fcc\u00fc ile g\u00fczellik potansiyelinizi ortaya \u00e7\u0131kar\u0131n!<\/h2>\n\n<figure class=\"wp-block-image size-large\"><img fetchpriority=\"high\" decoding=\"async\" width=\"1440\" height=\"470\" src=\"https:\/\/medclinics.com\/wp-content\/uploads\/2023\/02\/fake-eye-lashes-istanbul.jpg\" alt=\"T&#xFC;rkiye'de &#x130;stanbul'da ameliyats&#x131;z operasyonlar\" class=\"wp-image-53818\" srcset=\"https:\/\/medclinics.com\/wp-content\/uploads\/2023\/02\/fake-eye-lashes-istanbul.jpg 1440w, https:\/\/medclinics.com\/wp-content\/uploads\/2023\/02\/fake-eye-lashes-istanbul-500x163.jpg 500w, https:\/\/medclinics.com\/wp-content\/uploads\/2023\/02\/fake-eye-lashes-istanbul-1024x334.jpg 1024w, https:\/\/medclinics.com\/wp-content\/uploads\/2023\/02\/fake-eye-lashes-istanbul-768x251.jpg 768w\" sizes=\"(max-width: 1440px) 100vw, 1440px\" \/><\/figure>\n\n<div style=\"height:13px\" aria-hidden=\"true\" class=\"wp-block-spacer\"><\/div>\n\n<p>Protez t\u0131rnak, takma <a href=\"https:\/\/medclinics.com\/tr\/takma-kirpikler\/\">kirpik<\/a>, sa\u00e7 uzatma ve <a href=\"https:\/\/pubmed.ncbi.nlm.nih.gov\/?term=microblading\" target=\"_blank\" rel=\"noreferrer noopener\">mikro<\/a> <a href=\"https:\/\/medclinics.com\/tr\/mikro-golgelendirme\/\">g\u00f6lgelendirme<\/a> gibi cerrahi olmayan operasyonlar, g\u00f6r\u00fcn\u00fcm\u00fc iyile\u015ftirmek i\u00e7in invazif olmayan y\u00f6ntemler sa\u011flar. <a href=\"https:\/\/medclinics.com\/tr\/protez-tirnak\/\">Protez<\/a> t\u0131rnak, do\u011fal t\u0131rnaklara uygulanan sentetik uzant\u0131lard\u0131r.<\/p>\n\n<p><a href=\"https:\/\/medclinics.com\/tr\/takma-kirpikler\/\" data-type=\"page\" data-id=\"90217\">Takma kirpikler<\/a> daha uzun kirpiklerin yan\u0131 s\u0131ra daha uzun kirpikler de sa\u011flayabilir. Uzant\u0131lar do\u011fal sa\u00e7\u0131n uzunlu\u011funu verir ve hacmini art\u0131r\u0131r.  Microblading ve g\u00f6lgelendirme, yar\u0131 kal\u0131c\u0131 teknikler kullanarak ka\u015flar\u0131 g\u00fczelle\u015ftirir.<\/p>\n\n<figure class=\"wp-block-image size-large\"><img decoding=\"async\" width=\"1024\" height=\"683\" src=\"https:\/\/medclinics.com\/wp-content\/uploads\/2025\/01\/Adsiz-tasarim-7-1024x683.jpg\" alt=\"&#x130;stanbul'da ameliyats&#x131;z operasyonlar 2025\" class=\"wp-image-173546\" srcset=\"https:\/\/medclinics.com\/wp-content\/uploads\/2025\/01\/Adsiz-tasarim-7-1024x683.jpg 1024w, https:\/\/medclinics.com\/wp-content\/uploads\/2025\/01\/Adsiz-tasarim-7-300x200.jpg 300w, https:\/\/medclinics.com\/wp-content\/uploads\/2025\/01\/Adsiz-tasarim-7-768x512.jpg 768w, https:\/\/medclinics.com\/wp-content\/uploads\/2025\/01\/Adsiz-tasarim-7.jpg 1200w\" sizes=\"(max-width: 1024px) 100vw, 1024px\" \/><figcaption class=\"wp-element-caption\">\u0130stanbul&#8217;da ameliyats\u0131z operasyonlar 2025<\/figcaption><\/figure>\n\n<h3 class=\"wp-block-heading\">Bize ula\u015f\u0131n. Ki\u015fisel dan\u0131\u015fman\u0131n\u0131z prosed\u00fcr boyunca size rehberlik etmek ve yard\u0131mc\u0131 olmak i\u00e7in orada olacakt\u0131r!<\/h3>\n\n<p>MedClinics ile birlikte ihtiya\u00e7lar\u0131n\u0131za uygun en etkili tedaviyi ve Ameliyats\u0131z Operasyonu bulabilirsiniz. T\u00fcm ayr\u0131nt\u0131lar\u0131 g\u00f6zden ge\u00e7irecek ve \u00f6zel gereksinimlerinizi kar\u015f\u0131layacak en iyi g\u00fczellik salonunu bulman\u0131za yard\u0131mc\u0131 olaca\u011f\u0131z.<\/p>\n","protected":false},"excerpt":{"rendered":"<p>Ameliyats\u0131z operasyonlar\u0131n g\u00fcc\u00fc ile g\u00fczellik potansiyelinizi ortaya \u00e7\u0131kar\u0131n! Protez t\u0131rnak, takma kirpik, sa\u00e7 uzatma ve mikro g\u00f6lgelendirme gibi cerrahi olmayan [&hellip;]<\/p>\n","protected":false},"author":4,"featured_media":20417,"parent":0,"menu_order":0,"comment_status":"closed","ping_status":"closed","template":"","meta":{"site-sidebar-layout":"default","site-content-layout":"","ast-site-content-layout":"default","site-content-style":"default","site-sidebar-style":"default","ast-global-header-display":"","ast-banner-title-visibility":"","ast-main-header-display":"","ast-hfb-above-header-display":"","ast-hfb-below-header-display":"","ast-hfb-mobile-header-display":"","site-post-title":"","ast-breadcrumbs-content":"","ast-featured-img":"","footer-sml-layout":"","ast-disable-related-posts":"","theme-transparent-header-meta":"","adv-header-id-meta":"","stick-header-meta":"","header-above-stick-meta":"","header-main-stick-meta":"","header-below-stick-meta":"","astra-migrate-meta-layouts":"default","ast-page-background-enabled":"default","ast-page-background-meta":{"desktop":{"background-color":"var(--ast-global-color-4)","background-image":"","background-repeat":"repeat","background-position":"center center","background-size":"auto","background-attachment":"scroll","background-type":"","background-media":"","overlay-type":"","overlay-color":"","overlay-opacity":"","overlay-gradient":""},"tablet":{"background-color":"","background-image":"","background-repeat":"repeat","background-position":"center center","background-size":"auto","background-attachment":"scroll","background-type":"","background-media":"","overlay-type":"","overlay-color":"","overlay-opacity":"","overlay-gradient":""},"mobile":{"background-color":"","background-image":"","background-repeat":"repeat","background-position":"center center","background-size":"auto","background-attachment":"scroll","background-type":"","background-media":"","overlay-type":"","overlay-color":"","overlay-opacity":"","overlay-gradient":""}},"ast-content-background-meta":{"desktop":{"background-color":"var(--ast-global-color-5)","background-image":"","background-repeat":"repeat","background-position":"center center","background-size":"auto","background-attachment":"scroll","background-type":"","background-media":"","overlay-type":"","overlay-color":"","overlay-opacity":"","overlay-gradient":""},"tablet":{"background-color":"var(--ast-global-color-5)","background-image":"","background-repeat":"repeat","background-position":"center center","background-size":"auto","background-attachment":"scroll","background-type":"","background-media":"","overlay-type":"","overlay-color":"","overlay-opacity":"","overlay-gradient":""},"mobile":{"background-color":"var(--ast-global-color-5)","background-image":"","background-repeat":"repeat","background-position":"center center","background-size":"auto","background-attachment":"scroll","background-type":"","background-media":"","overlay-type":"","overlay-color":"","overlay-opacity":"","overlay-gradient":""}},"footnotes":""},"class_list":["post-144421","page","type-page","status-publish","has-post-thumbnail","hentry"],"_links":{"self":[{"href":"https:\/\/medclinics.com\/tr\/wp-json\/wp\/v2\/pages\/144421","targetHints":{"allow":["GET"]}}],"collection":[{"href":"https:\/\/medclinics.com\/tr\/wp-json\/wp\/v2\/pages"}],"about":[{"href":"https:\/\/medclinics.com\/tr\/wp-json\/wp\/v2\/types\/page"}],"author":[{"embeddable":true,"href":"https:\/\/medclinics.com\/tr\/wp-json\/wp\/v2\/users\/4"}],"replies":[{"embeddable":true,"href":"https:\/\/medclinics.com\/tr\/wp-json\/wp\/v2\/comments?post=144421"}],"version-history":[{"count":0,"href":"https:\/\/medclinics.com\/tr\/wp-json\/wp\/v2\/pages\/144421\/revisions"}],"wp:featuredmedia":[{"embeddable":true,"href":"https:\/\/medclinics.com\/tr\/wp-json\/wp\/v2\/media\/20417"}],"wp:attachment":[{"href":"https:\/\/medclinics.com\/tr\/wp-json\/wp\/v2\/media?parent=144421"}],"curies":[{"name":"wp","href":"https:\/\/api.w.org\/{rel}","templated":true}]}}