{"id":144415,"date":"2023-04-18T15:00:04","date_gmt":"2023-04-18T15:00:04","guid":{"rendered":"https:\/\/medclinics.com\/kas-gevsetici-ve-kirisiklik-tedavisi\/"},"modified":"2024-04-01T15:50:44","modified_gmt":"2024-04-01T12:50:44","slug":"kas-gevsetici-ve-kirisiklik-tedavisi","status":"publish","type":"page","link":"https:\/\/medclinics.com\/tr\/kas-gevsetici-ve-kirisiklik-tedavisi\/","title":{"rendered":"Kas Gev\u015fetici ve K\u0131r\u0131\u015f\u0131kl\u0131k Tedavisi"},"content":{"rendered":"\n<h2 class=\"wp-block-heading\">Ya\u015f gizli bir s\u0131r olmamal\u0131, ancak y\u00fcz\u00fcn\u00fcz ruhunuzdaki gen\u00e7li\u011fin bir yans\u0131mas\u0131d\u0131r!<\/h2>\n\n<h3 class=\"wp-block-heading\"><strong><strong>K\u0131r\u0131\u015f\u0131kl\u0131k Tedavisini Uygulay\u0131n K\u0131sa s\u00fcrede bir ya\u015f gen\u00e7le\u015fmi\u015f gibi g\u00f6r\u00fcneceksiniz, hem de uygun fiyata ve minimum maliyetle!<\/strong><\/strong><\/h3>\n\n<figure class=\"wp-block-image size-full\"><img fetchpriority=\"high\" decoding=\"async\" width=\"1000\" height=\"595\" src=\"https:\/\/medclinics.com\/wp-content\/uploads\/2023\/04\/muscle-relaxant-in-istanbul-in-turkey.webp\" alt=\"t&#xFC;rki&#x307;ye'de i&#x307;stanbul'da kas gev&#x15F;eti&#x307;ci&#x307; &amp;amp; kiri&#x15F;iklik tedavi&#x307;si&#x307;\" class=\"wp-image-52965\" srcset=\"https:\/\/medclinics.com\/wp-content\/uploads\/2023\/04\/muscle-relaxant-in-istanbul-in-turkey.webp 1000w, https:\/\/medclinics.com\/wp-content\/uploads\/2023\/04\/muscle-relaxant-in-istanbul-in-turkey-500x298.webp 500w, https:\/\/medclinics.com\/wp-content\/uploads\/2023\/04\/muscle-relaxant-in-istanbul-in-turkey-768x457.webp 768w\" sizes=\"(max-width: 1000px) 100vw, 1000px\" \/><\/figure>\n\n<p>Son y\u0131llarda estetik tedavilerin say\u0131s\u0131 \u00f6nemli \u00f6l\u00e7\u00fcde artm\u0131\u015ft\u0131r ve trend y\u00fckselmektedir. Kim ameliyat olmadan 10 ya\u015f daha gen\u00e7 g\u00f6r\u00fcnmek istemez ki?<\/p>\n\n<p>Bu nedenle, bilinen en g\u00fc\u00e7l\u00fc sinir toksini olan \u00fcnl\u00fc <a href=\"https:\/\/en.wikipedia.org\/wiki\/Botulinum_toxin\" target=\"_blank\" rel=\"noreferrer noopener\">Kas Gev\u015fetici<\/a>, uzun zamandan beri kozmetik end\u00fcstrisinin vazge\u00e7ilmezi haline gelmi\u015ftir. Sinirlerden kaslara uyar\u0131m iletimini engeller ve do\u011fru yere k\u00fc\u00e7\u00fck bir enjeksiyonla k\u0131r\u0131\u015f\u0131kl\u0131klar\u0131n kaybolmas\u0131n\u0131 sa\u011flar. Di\u011fer \u015feylerin yan\u0131 s\u0131ra, <a href=\"https:\/\/medclinics.com\/tr\/kas-gevsetici-ile-kirisiklik-tedavisi\/\" target=\"_blank\" data-type=\"page\" data-id=\"87987\" rel=\"noreferrer noopener\">ka\u015f \u00e7atma \u00e7izgilerini<\/a>, kaz ayaklar\u0131n\u0131, \u00e7ilek \u00e7enesini ve al\u0131n k\u0131r\u0131\u015f\u0131kl\u0131klar\u0131n\u0131 ortadan kald\u0131rmak i\u00e7in k\u0131r\u0131\u015f\u0131kl\u0131k tedavisi i\u00e7in kullan\u0131l\u0131r.<\/p>\n\n<p>Bununla birlikte, sadece kozmetik ama\u00e7l\u0131 de\u011fil, ayn\u0131 zamanda migren, di\u015f g\u0131c\u0131rdatma veya a\u015f\u0131r\u0131 terleyen ayak ve ellerle m\u00fccadele etmek i\u00e7in de kullan\u0131l\u0131r.<\/p>\n\n<p>Kas Gev\u015fetici, sadece deneyimli doktorlar taraf\u0131ndan kullan\u0131labilen bir sinir ajan\u0131d\u0131r. Y\u00fcksek dozda ve yanl\u0131\u015f ellerde \u00e7ok tehlikeli olabilir.<\/p>\n\n<p>MedClinics ile y\u0131llard\u0131r kendi alanlar\u0131nda uzman olan en \u00fcnl\u00fc ve en iyi doktorlar\u0131, klinikleri ve g\u00fczellik salonlar\u0131n\u0131 bulacaks\u0131n\u0131z. Deneyimlerimizden yararlan\u0131n ve size tavsiyelerde bulunal\u0131m. \u015eimdi aray\u0131n ve sonsuz gen\u00e7lik hayalinizi ger\u00e7ekle\u015ftirin!<\/p>\n\n<h2 class=\"wp-block-heading\">Bizimle ileti\u015fime ge\u00e7in, hasta dan\u0131\u015fman\u0131m\u0131z s\u00fcre\u00e7 boyunca size rehberlik edecek ve tavsiyelerde bulunacakt\u0131r!<\/h2>\n\n<p>MedClinics ile birlikte size uygun tedaviyi bulacaks\u0131n\u0131z. T\u00fcm ayr\u0131nt\u0131lar\u0131 a\u00e7\u0131klayacak ve \u00f6zel ihtiya\u00e7lar\u0131n\u0131z i\u00e7in en uygun klini\u011fi bulman\u0131za yard\u0131mc\u0131 olaca\u011f\u0131z.<br\/><\/p>\n","protected":false},"excerpt":{"rendered":"<p>Ya\u015f gizli bir s\u0131r olmamal\u0131, ancak y\u00fcz\u00fcn\u00fcz ruhunuzdaki gen\u00e7li\u011fin bir yans\u0131mas\u0131d\u0131r! K\u0131r\u0131\u015f\u0131kl\u0131k Tedavisini Uygulay\u0131n K\u0131sa s\u00fcrede bir ya\u015f gen\u00e7le\u015fmi\u015f gibi [&hellip;]<\/p>\n","protected":false},"author":4,"featured_media":98766,"parent":0,"menu_order":0,"comment_status":"closed","ping_status":"closed","template":"","meta":{"site-sidebar-layout":"default","site-content-layout":"","ast-site-content-layout":"default","site-content-style":"default","site-sidebar-style":"default","ast-global-header-display":"","ast-banner-title-visibility":"","ast-main-header-display":"","ast-hfb-above-header-display":"","ast-hfb-below-header-display":"","ast-hfb-mobile-header-display":"","site-post-title":"","ast-breadcrumbs-content":"","ast-featured-img":"","footer-sml-layout":"","ast-disable-related-posts":"","theme-transparent-header-meta":"","adv-header-id-meta":"","stick-header-meta":"","header-above-stick-meta":"","header-main-stick-meta":"","header-below-stick-meta":"","astra-migrate-meta-layouts":"default","ast-page-background-enabled":"default","ast-page-background-meta":{"desktop":{"background-color":"var(--ast-global-color-4)","background-image":"","background-repeat":"repeat","background-position":"center center","background-size":"auto","background-attachment":"scroll","background-type":"","background-media":"","overlay-type":"","overlay-color":"","overlay-opacity":"","overlay-gradient":""},"tablet":{"background-color":"","background-image":"","background-repeat":"repeat","background-position":"center center","background-size":"auto","background-attachment":"scroll","background-type":"","background-media":"","overlay-type":"","overlay-color":"","overlay-opacity":"","overlay-gradient":""},"mobile":{"background-color":"","background-image":"","background-repeat":"repeat","background-position":"center center","background-size":"auto","background-attachment":"scroll","background-type":"","background-media":"","overlay-type":"","overlay-color":"","overlay-opacity":"","overlay-gradient":""}},"ast-content-background-meta":{"desktop":{"background-color":"var(--ast-global-color-5)","background-image":"","background-repeat":"repeat","background-position":"center center","background-size":"auto","background-attachment":"scroll","background-type":"","background-media":"","overlay-type":"","overlay-color":"","overlay-opacity":"","overlay-gradient":""},"tablet":{"background-color":"var(--ast-global-color-5)","background-image":"","background-repeat":"repeat","background-position":"center center","background-size":"auto","background-attachment":"scroll","background-type":"","background-media":"","overlay-type":"","overlay-color":"","overlay-opacity":"","overlay-gradient":""},"mobile":{"background-color":"var(--ast-global-color-5)","background-image":"","background-repeat":"repeat","background-position":"center center","background-size":"auto","background-attachment":"scroll","background-type":"","background-media":"","overlay-type":"","overlay-color":"","overlay-opacity":"","overlay-gradient":""}},"footnotes":""},"class_list":["post-144415","page","type-page","status-publish","has-post-thumbnail","hentry"],"_links":{"self":[{"href":"https:\/\/medclinics.com\/tr\/wp-json\/wp\/v2\/pages\/144415","targetHints":{"allow":["GET"]}}],"collection":[{"href":"https:\/\/medclinics.com\/tr\/wp-json\/wp\/v2\/pages"}],"about":[{"href":"https:\/\/medclinics.com\/tr\/wp-json\/wp\/v2\/types\/page"}],"author":[{"embeddable":true,"href":"https:\/\/medclinics.com\/tr\/wp-json\/wp\/v2\/users\/4"}],"replies":[{"embeddable":true,"href":"https:\/\/medclinics.com\/tr\/wp-json\/wp\/v2\/comments?post=144415"}],"version-history":[{"count":0,"href":"https:\/\/medclinics.com\/tr\/wp-json\/wp\/v2\/pages\/144415\/revisions"}],"wp:featuredmedia":[{"embeddable":true,"href":"https:\/\/medclinics.com\/tr\/wp-json\/wp\/v2\/media\/98766"}],"wp:attachment":[{"href":"https:\/\/medclinics.com\/tr\/wp-json\/wp\/v2\/media?parent=144415"}],"curies":[{"name":"wp","href":"https:\/\/api.w.org\/{rel}","templated":true}]}}