{"id":144403,"date":"2023-04-18T15:25:38","date_gmt":"2023-04-18T15:25:38","guid":{"rendered":"https:\/\/medclinics.com\/mezoterapi-tedavileri\/"},"modified":"2024-04-01T15:46:43","modified_gmt":"2024-04-01T12:46:43","slug":"mezoterapi-tedavileri","status":"publish","type":"page","link":"https:\/\/medclinics.com\/tr\/mezoterapi-tedavileri\/","title":{"rendered":"Mezoterapi Tedavileri"},"content":{"rendered":"\n<h2 class=\"wp-block-heading\"><strong>Cildinizi gen\u00e7le\u015ftirmek i\u00e7in inan\u0131lmaz sonu\u00e7lar veren yenilik\u00e7i bir prosed\u00fcr olan mezoterapinin g\u00fcc\u00fcn\u00fc ke\u015ffedin.<\/strong><\/h2>\n\n<figure class=\"wp-block-image size-full\"><img fetchpriority=\"high\" decoding=\"async\" width=\"1000\" height=\"667\" src=\"https:\/\/medclinics.com\/wp-content\/uploads\/2023\/04\/Mesotherapy-2.jpg\" alt=\"T&#xFC;rkiye'de &#x130;stanbul'da Mezoterapi\" class=\"wp-image-48725\" srcset=\"https:\/\/medclinics.com\/wp-content\/uploads\/2023\/04\/Mesotherapy-2.jpg 1000w, https:\/\/medclinics.com\/wp-content\/uploads\/2023\/04\/Mesotherapy-2-500x334.jpg 500w, https:\/\/medclinics.com\/wp-content\/uploads\/2023\/04\/Mesotherapy-2-768x512.jpg 768w\" sizes=\"(max-width: 1000px) 100vw, 1000px\" \/><\/figure>\n\n<p>Mezoterapi, en etkili ve en az invaziv \u00e7\u00f6z\u00fcm\u00fc arayanlara say\u0131s\u0131z avantaj sa\u011flayabilen \u00e7\u0131\u011f\u0131r a\u00e7an bir kozmetik prosed\u00fcrd\u00fcr. Prosed\u00fcr, vitaminler, mineraller, hormonlar, enzimler ve di\u011fer bile\u015fenlerden olu\u015fan \u00f6zel olarak haz\u0131rlanm\u0131\u015f bir kar\u0131\u015f\u0131m\u0131n do\u011frudan cildinizin v\u00fccudunuz veya y\u00fcz\u00fcn\u00fcz gibi belirli b\u00f6lgelerine enjekte edilmesini i\u00e7erir.<\/p>\n\n<p>1950&#8217;lerde Frans\u0131z doktor Dr. Michel Pistor taraf\u0131ndan yarat\u0131lan mezoterapi, ola\u011fan\u00fcst\u00fc sonu\u00e7lar\u0131 nedeniyle uluslararas\u0131 tan\u0131n\u0131rl\u0131k kazanm\u0131\u015ft\u0131r. Mezoterapi \u00e7ok k\u00fc\u00e7\u00fck miktarlarda uygulan\u0131r ve en y\u00fcksek etkinlik i\u00e7in tam olarak hedeflenir.<\/p>\n\n<p>Kulland\u0131\u011f\u0131n\u0131z bile\u015fenler elde etmek istedi\u011finiz \u015feye g\u00f6re farkl\u0131l\u0131k g\u00f6sterebilir, ancak en yayg\u0131n olarak hyaluronik asitler, Vitaminler (C Vitamini gibi) amino asitler antioksidanlar ve zaman i\u00e7inde g\u00fcvenli oldu\u011fu tespit edilen bitki \u00f6zlerini i\u00e7erir.<\/p>\n\n<p>Mezoterapinin sundu\u011fu en \u00f6nemli faydalardan biri, kolajen \u00fcretiminin uyar\u0131lmas\u0131 yoluyla <a href=\"https:\/\/medclinics.com\/tr\/yuz-mezoterapisi\/\" target=\"_blank\" data-type=\"page\" data-id=\"89050\" rel=\"noreferrer noopener\">cildinizin g\u00f6r\u00fcn\u00fcm\u00fcn\u00fcn gen\u00e7le\u015ftirilmesidir<\/a>; bu da daha iyi bir doku, daha s\u0131k\u0131 bir his ve elastikiyet sa\u011flayarak cildinize eskisinden daha gen\u00e7 bir g\u00f6r\u00fcn\u00fcm kazand\u0131r\u0131r. Buna ek olarak, nemlendirmeye, beslemeye, temel besin maddelerini do\u011frudan en \u00e7ok ihtiya\u00e7 duyulan yerlere ula\u015ft\u0131rmaya yard\u0131mc\u0131 olarak genel sa\u011fl\u0131\u011f\u0131n iyile\u015ftirilmesine yol a\u00e7ar.<\/p>\n\n<p>Bir ba\u015fka b\u00fcy\u00fck avantaj da bu ameliyats\u0131z y\u00f6ntemle <a href=\"https:\/\/medclinics.com\/tr\/sac-mezoterapisi\/\" data-type=\"page\" data-id=\"89278\" target=\"_blank\" rel=\"noreferrer noopener\">sa\u00e7 restorasyonu<\/a> tedavisinden gelir. Yo\u011funlu\u011fu art\u0131r\u0131rken b\u00fcy\u00fcmeyi destekler ve sa\u00e7 derisini de daha sa\u011fl\u0131kl\u0131 hale getirir!<\/p>\n\n<p>Son olarak, mezoterapi uygun \u015fekilde enjekte edildi\u011finde lokalize <a href=\"https:\/\/medclinics.com\/tr\/selulit-mezoterapisi\/\" data-type=\"page\" data-id=\"88912\" target=\"_blank\" rel=\"noreferrer noopener\">ya\u011f azalt\u0131m\u0131 <\/a>da sa\u011flar. Sonu\u00e7, herhangi bir ameliyat ge\u00e7irmeden daha ince bir fig\u00fcr olacakt\u0131r!<\/p>\n\n<p>Sonu\u00e7 olarak mezoterapi, canlanm\u0131\u015f g\u00f6r\u00fcnen bir cilt, sa\u00e7lar\u0131n yeniden \u00e7\u0131kmas\u0131, istenmeyen ya\u011f birikimlerinin azalt\u0131lmas\u0131 gibi pek \u00e7ok avantaj\u0131 g\u00fcvenli bir \u015fekilde sunar. Bu harika prosed\u00fcr, g\u00fczellik bak\u0131mlar\u0131na bak\u0131\u015f a\u00e7\u0131m\u0131z\u0131 sonsuza dek de\u011fi\u015ftirebilir, \u00f6yleyse neden bug\u00fcn denemiyorsunuz?<\/p>\n\n<h2 class=\"wp-block-heading\">Bizimle ileti\u015fime ge\u00e7in, hasta dan\u0131\u015fman\u0131m\u0131z s\u00fcre\u00e7 boyunca size rehberlik edecek ve tavsiyelerde bulunacakt\u0131r!<\/h2>\n\n<p>MedClinics ile birlikte size uygun tedaviyi bulacaks\u0131n\u0131z. T\u00fcm ayr\u0131nt\u0131lar\u0131 a\u00e7\u0131klayacak ve \u00f6zel ihtiya\u00e7lar\u0131n\u0131z i\u00e7in en uygun klini\u011fi bulman\u0131za yard\u0131mc\u0131 olaca\u011f\u0131z.<\/p>\n","protected":false},"excerpt":{"rendered":"<p>Cildinizi gen\u00e7le\u015ftirmek i\u00e7in inan\u0131lmaz sonu\u00e7lar veren yenilik\u00e7i bir prosed\u00fcr olan mezoterapinin g\u00fcc\u00fcn\u00fc ke\u015ffedin. Mezoterapi, en etkili ve en az invaziv [&hellip;]<\/p>\n","protected":false},"author":4,"featured_media":93041,"parent":0,"menu_order":0,"comment_status":"closed","ping_status":"closed","template":"","meta":{"site-sidebar-layout":"default","site-content-layout":"","ast-site-content-layout":"default","site-content-style":"default","site-sidebar-style":"default","ast-global-header-display":"","ast-banner-title-visibility":"","ast-main-header-display":"","ast-hfb-above-header-display":"","ast-hfb-below-header-display":"","ast-hfb-mobile-header-display":"","site-post-title":"","ast-breadcrumbs-content":"","ast-featured-img":"","footer-sml-layout":"","ast-disable-related-posts":"","theme-transparent-header-meta":"","adv-header-id-meta":"","stick-header-meta":"","header-above-stick-meta":"","header-main-stick-meta":"","header-below-stick-meta":"","astra-migrate-meta-layouts":"default","ast-page-background-enabled":"default","ast-page-background-meta":{"desktop":{"background-color":"var(--ast-global-color-4)","background-image":"","background-repeat":"repeat","background-position":"center center","background-size":"auto","background-attachment":"scroll","background-type":"","background-media":"","overlay-type":"","overlay-color":"","overlay-opacity":"","overlay-gradient":""},"tablet":{"background-color":"","background-image":"","background-repeat":"repeat","background-position":"center center","background-size":"auto","background-attachment":"scroll","background-type":"","background-media":"","overlay-type":"","overlay-color":"","overlay-opacity":"","overlay-gradient":""},"mobile":{"background-color":"","background-image":"","background-repeat":"repeat","background-position":"center center","background-size":"auto","background-attachment":"scroll","background-type":"","background-media":"","overlay-type":"","overlay-color":"","overlay-opacity":"","overlay-gradient":""}},"ast-content-background-meta":{"desktop":{"background-color":"var(--ast-global-color-5)","background-image":"","background-repeat":"repeat","background-position":"center center","background-size":"auto","background-attachment":"scroll","background-type":"","background-media":"","overlay-type":"","overlay-color":"","overlay-opacity":"","overlay-gradient":""},"tablet":{"background-color":"var(--ast-global-color-5)","background-image":"","background-repeat":"repeat","background-position":"center center","background-size":"auto","background-attachment":"scroll","background-type":"","background-media":"","overlay-type":"","overlay-color":"","overlay-opacity":"","overlay-gradient":""},"mobile":{"background-color":"var(--ast-global-color-5)","background-image":"","background-repeat":"repeat","background-position":"center center","background-size":"auto","background-attachment":"scroll","background-type":"","background-media":"","overlay-type":"","overlay-color":"","overlay-opacity":"","overlay-gradient":""}},"footnotes":""},"class_list":["post-144403","page","type-page","status-publish","has-post-thumbnail","hentry"],"_links":{"self":[{"href":"https:\/\/medclinics.com\/tr\/wp-json\/wp\/v2\/pages\/144403","targetHints":{"allow":["GET"]}}],"collection":[{"href":"https:\/\/medclinics.com\/tr\/wp-json\/wp\/v2\/pages"}],"about":[{"href":"https:\/\/medclinics.com\/tr\/wp-json\/wp\/v2\/types\/page"}],"author":[{"embeddable":true,"href":"https:\/\/medclinics.com\/tr\/wp-json\/wp\/v2\/users\/4"}],"replies":[{"embeddable":true,"href":"https:\/\/medclinics.com\/tr\/wp-json\/wp\/v2\/comments?post=144403"}],"version-history":[{"count":0,"href":"https:\/\/medclinics.com\/tr\/wp-json\/wp\/v2\/pages\/144403\/revisions"}],"wp:featuredmedia":[{"embeddable":true,"href":"https:\/\/medclinics.com\/tr\/wp-json\/wp\/v2\/media\/93041"}],"wp:attachment":[{"href":"https:\/\/medclinics.com\/tr\/wp-json\/wp\/v2\/media?parent=144403"}],"curies":[{"name":"wp","href":"https:\/\/api.w.org\/{rel}","templated":true}]}}