{"id":148897,"date":"2025-02-07T14:38:00","date_gmt":"2025-02-07T11:38:00","guid":{"rendered":"https:\/\/medclinics.com\/la-therapie-par-cellules-souches-pour-les-maladies-cardiaques-une-nouvelle-solution-prometteuse\/"},"modified":"2025-01-03T01:37:37","modified_gmt":"2025-01-02T22:37:37","slug":"la-therapie-par-cellules-souches-pour-les-maladies-cardiaques-une-nouvelle-solution-prometteuse","status":"publish","type":"page","link":"https:\/\/medclinics.com\/fr\/la-therapie-par-cellules-souches-pour-les-maladies-cardiaques-une-nouvelle-solution-prometteuse\/","title":{"rendered":"La th\u00e9rapie par cellules souches pour les maladies cardiaques : Une nouvelle solution prometteuse"},"content":{"rendered":"\n<h2 class=\"wp-block-heading\">Si vous \u00eates \u00e0 la recherche du potentiel illimit\u00e9 de la th\u00e9rapie par cellules souches pour les maladies cardiaques, vous \u00eates au bon endroit !<\/h2>\n\n<p><br\/>Les maladies cardiaques sont un groupe d&rsquo;affections qui touchent le c\u0153ur. Il s&rsquo;agit de la principale cause de d\u00e9c\u00e8s chez les hommes et les femmes aux \u00c9tats-Unis. Les maladies cardiaques peuvent entra\u00eener des douleurs thoraciques, des crises cardiaques et d&rsquo;autres probl\u00e8mes de sant\u00e9 graves.<\/p>\n\n<p><strong>Quels sont les sympt\u00f4mes des probl\u00e8mes cardiaques ?<\/strong><\/p>\n\n<ul class=\"wp-block-list\">\n<li>Douleur thoracique, oppression thoracique, pression thoracique et g\u00eane thoracique<\/li>\n\n\n\n<li>Essoufflement<\/li>\n\n\n\n<li>Douleur au niveau du cou, de la m\u00e2choire, de la gorge, de la partie sup\u00e9rieure du ventre ou du dos<\/li>\n\n\n\n<li>Douleur, engourdissement, faiblesse ou froideur dans les jambes ou les bras  <\/li>\n<\/ul>\n\n<p><strong>Qui est le plus susceptible de souffrir d&rsquo;une maladie cardiaque ?<\/strong><\/p>\n\n<ul class=\"wp-block-list\">\n<li><strong>L&rsquo;\u00e2ge :<\/strong> le risque augmente avec l&rsquo;\u00e2ge.<\/li>\n\n\n\n<li><strong>Le sexe :<\/strong> Les hommes pr\u00e9sentent g\u00e9n\u00e9ralement un risque plus \u00e9lev\u00e9 que les femmes.<\/li>\n\n\n\n<li><strong>Les ant\u00e9c\u00e9dents familiaux :<\/strong> Si vous avez des ant\u00e9c\u00e9dents familiaux de maladie cardiaque, votre risque est nettement plus \u00e9lev\u00e9.<\/li>\n\n\n\n<li><strong>Conditions m\u00e9dicales :<\/strong> Certaines conditions m\u00e9dicales comme l&rsquo;hypertension art\u00e9rielle, l&rsquo;hypercholest\u00e9rol\u00e9mie, le diab\u00e8te, l&rsquo;ob\u00e9sit\u00e9 et l&rsquo;apn\u00e9e du sommeil augmentent consid\u00e9rablement le risque.<\/li>\n\n\n\n<li><strong>Les facteurs li\u00e9s au mode de vie :<\/strong> Le tabagisme, la consommation excessive d&rsquo;alcool, une alimentation malsaine, la s\u00e9dentarit\u00e9 et le stress chronique sont autant de facteurs qui augmentent le risque de maladie cardiaque.<\/li>\n<\/ul>\n\n<p>Rappelez-vous que m\u00eame si vous \u00eates \u00e0 risque, cela ne veut pas dire que vous serez certainement atteint d&rsquo;une maladie cardiaque.<\/p>\n\n<p><strong>Ce que vous pouvez faire pour r\u00e9duire votre risque :<\/strong><\/p>\n\n<ul class=\"wp-block-list\">\n<li><strong>Mangez sainement :<\/strong> Beaucoup de fruits, de l\u00e9gumes et de c\u00e9r\u00e9ales compl\u00e8tes.<\/li>\n\n\n\n<li><strong>Faites r\u00e9guli\u00e8rement de l&rsquo;exercice :<\/strong> Essayez de faire au moins 30 minutes d&rsquo;activit\u00e9 physique par jour.<\/li>\n\n\n\n<li><strong>Maintenir un poids sain :<\/strong> En cas de surpoids ou d&rsquo;ob\u00e9sit\u00e9, perdre ne serait-ce qu&rsquo;un peu de poids peut s&rsquo;av\u00e9rer utile.<\/li>\n\n\n\n<li><strong>Ne fumez pas :<\/strong> Arr\u00eater de fumer est l&rsquo;une des meilleures choses que vous puissiez faire pour votre c\u0153ur.<\/li>\n\n\n\n<li><strong>Contr\u00f4lez votre tension art\u00e9rielle et votre taux de cholest\u00e9rol :<\/strong> si vous avez des taux \u00e9lev\u00e9s, travaillez avec votre m\u00e9decin pour les contr\u00f4ler.<\/li>\n\n\n\n<li><strong>G\u00e9rer le stress :<\/strong> Le stress peut augmenter la pression art\u00e9rielle et accro\u00eetre le risque de maladie.<\/li>\n\n\n\n<li><strong>Passez des examens r\u00e9guliers :<\/strong> Votre m\u00e9decin peut surveiller vos facteurs de risque et s&rsquo;assurer que vous recevez les soins n\u00e9cessaires.<\/li>\n<\/ul>\n\n<p><strong>Le type de maladie cardiaque le plus courant est la maladie coronarienne. La maladie coronarienne survient lorsque les art\u00e8res qui alimentent le c\u0153ur en sang sont r\u00e9tr\u00e9cies ou obstru\u00e9es. Cela peut entra\u00eener des douleurs thoraciques, des crises cardiaques et d&rsquo;autres probl\u00e8mes de sant\u00e9 graves.<\/strong><\/p>\n\n<p><strong>Les autres types de maladies cardiaques sont les suivants :<\/strong><\/p>\n\n<ul class=\"wp-block-list\">\n<li><strong>Insuffisance cardiaque :<\/strong> Cela se produit lorsque le c\u0153ur ne peut pas pomper suffisamment de sang pour r\u00e9pondre aux besoins de l&rsquo;organisme.<\/li>\n\n\n\n<li><strong>Arythmies :<\/strong> Il s&rsquo;agit de battements cardiaques irr\u00e9guliers qui peuvent \u00eatre dangereux.<\/li>\n\n\n\n<li><strong>Probl\u00e8mes valvulaires :<\/strong> Cela se produit lorsque les valves du c\u0153ur ne fonctionnent pas correctement.<\/li>\n\n\n\n<li><strong>Les malformations cardiaques cong\u00e9nitales :<\/strong> Il s&rsquo;agit de probl\u00e8mes cardiaques de naissance.<\/li>\n<\/ul>\n\n<p><strong>Les maladies cardiaques sont la principale cause de d\u00e9c\u00e8s aux \u00c9tats-Unis, tuant pr\u00e8s de 650 000 personnes chaque ann\u00e9e.<\/strong>  Il n&rsquo;existe pas de traitement curatif pour cette maladie, mais il existe des traitements qui peuvent aider \u00e0 g\u00e9rer la maladie et \u00e0 pr\u00e9venir les complications.<\/p>\n\n<p><strong>Les cellules souches sont des cellules indiff\u00e9renci\u00e9es qui ont le potentiel de se d\u00e9velopper en n&rsquo;importe quel type de cellule du corps.<\/strong>  Les scientifiques \u00e9tudient le potentiel des cellules souches pour traiter une vari\u00e9t\u00e9 de maladies, y compris les maladies cardiaques.<\/p>\n\n<p>La <a href=\"https:\/\/www.stemcelltherapy.gen.tr\" target=\"_blank\" rel=\"noopener\">th\u00e9rapie par cellules souches<\/a> pour les maladies cardiaques peut \u00eatre utilis\u00e9e de diff\u00e9rentes mani\u00e8res :<\/p>\n\n<p><strong>Les cellules souches peuvent contribuer au traitement des maladies cardiaques en rempla\u00e7ant les cellules cardiaques endommag\u00e9es.<\/strong>  Les cellules souches peuvent \u00eatre inject\u00e9es dans le c\u0153ur et se diff\u00e9rencier en nouvelles cellules cardiaques. Ces nouvelles cellules cardiaques peuvent contribuer \u00e0 am\u00e9liorer la capacit\u00e9 de pompage du c\u0153ur.<\/p>\n\n<p><strong>Les cellules souches peuvent \u00e9galement contribuer au traitement des maladies cardiaques en r\u00e9duisant l&rsquo;inflammation.<\/strong>  L&rsquo;inflammation peut endommager le tissu cardiaque et rendre plus difficile le pompage du sang par le c\u0153ur. Les cellules souches peuvent contribuer \u00e0 r\u00e9duire l&rsquo;inflammation en lib\u00e9rant des prot\u00e9ines qui suppriment le syst\u00e8me immunitaire.<\/p>\n\n<p><strong>Des \u00e9tudes ont montr\u00e9 que les cellules souches peuvent r\u00e9parer les tissus cardiaques endommag\u00e9s et am\u00e9liorer la fonction cardiaque.<\/strong><\/p>\n\n<p>Les maladies cardiaques peuvent \u00eatre un d\u00e9fi difficile \u00e0 relever, mais vous ne devez pas y faire face seul. Nous comprenons votre combat et sommes l\u00e0 pour vous aider \u00e0 chaque \u00e9tape.<\/p>\n\n<p>N&rsquo;oubliez pas que vous n&rsquo;\u00eates pas seulement un patient, vous \u00eates un partenaire de votre propre r\u00e9tablissement.<\/p>\n\n<h3 class=\"wp-block-heading\">Tout ce que vous devez savoir sur la <a href=\"https:\/\/medclinics.com\/fr\/stem-cell-therapy-2\/\" target=\"_blank\" rel=\"noreferrer noopener\">th\u00e9rapie par les cellules souches<\/a> se trouve ici, <a href=\"#requestform\">contactez-nous<\/a> maintenant !<\/h3>\n\n<figure class=\"wp-block-image size-full\"><img fetchpriority=\"high\" decoding=\"async\" width=\"1450\" height=\"967\" src=\"https:\/\/medclinics.com\/wp-content\/uploads\/2023\/12\/stem-cell-therapy-for-heart-issues.jpg\" alt=\"Th&#xE9;rapie par cellules souches pour les probl&#xE8;mes cardiaques\" class=\"wp-image-122616\" srcset=\"https:\/\/medclinics.com\/wp-content\/uploads\/2023\/12\/stem-cell-therapy-for-heart-issues.jpg 1450w, https:\/\/medclinics.com\/wp-content\/uploads\/2023\/12\/stem-cell-therapy-for-heart-issues-500x333.jpg 500w, https:\/\/medclinics.com\/wp-content\/uploads\/2023\/12\/stem-cell-therapy-for-heart-issues-1024x683.jpg 1024w, https:\/\/medclinics.com\/wp-content\/uploads\/2023\/12\/stem-cell-therapy-for-heart-issues-768x512.jpg 768w, https:\/\/medclinics.com\/wp-content\/uploads\/2023\/12\/stem-cell-therapy-for-heart-issues-24x16.jpg 24w, https:\/\/medclinics.com\/wp-content\/uploads\/2023\/12\/stem-cell-therapy-for-heart-issues-36x24.jpg 36w, https:\/\/medclinics.com\/wp-content\/uploads\/2023\/12\/stem-cell-therapy-for-heart-issues-48x32.jpg 48w\" sizes=\"(max-width: 1450px) 100vw, 1450px\" \/><\/figure>\n\n<h2 class=\"wp-block-heading\">FAQ<\/h2>\n<div id=\"rank-math-faq\" class=\"rank-math-block\">\n<div class=\"rank-math-list \">\n<div id=\"faq-question-1703860656383\" class=\"rank-math-list-item\">\n<h3 class=\"rank-math-question \">Quels sont les premiers signes de probl\u00e8mes cardiaques ?<\/h3>\n<div class=\"rank-math-answer \">\n\n<p>Les signes pr\u00e9curseurs de probl\u00e8mes cardiaques peuvent \u00eatre une douleur, une oppression ou une g\u00eane dans la poitrine, un essoufflement, une douleur irradiant vers le cou, la m\u00e2choire ou le dos, ainsi qu&rsquo;un engourdissement ou une faiblesse dans les membres. Cependant, n&rsquo;oubliez pas que les maladies cardiaques peuvent parfois \u00e9voluer sans sympt\u00f4mes apparents.<\/p>\n\n<\/div>\n<\/div>\n<div id=\"faq-question-1703860668943\" class=\"rank-math-list-item\">\n<h3 class=\"rank-math-question \">Quelles sont les personnes les plus expos\u00e9es aux maladies cardiaques ?<\/h3>\n<div class=\"rank-math-answer \">\n\n<p>Si tout le monde peut d\u00e9velopper une maladie cardiaque, certains facteurs augmentent le risque. Il s&rsquo;agit de l&rsquo;\u00e2ge (le risque augmente avec l&rsquo;\u00e2ge), du sexe (les hommes ont g\u00e9n\u00e9ralement un risque plus \u00e9lev\u00e9 que les femmes), des ant\u00e9c\u00e9dents familiaux, des maladies existantes comme l&rsquo;hypertension art\u00e9rielle et le cholest\u00e9rol, le diab\u00e8te, l&rsquo;ob\u00e9sit\u00e9, l&rsquo;apn\u00e9e du sommeil, et des choix de vie malsains comme le tabagisme, la consommation excessive d&rsquo;alcool, une mauvaise alimentation, la s\u00e9dentarit\u00e9 et le stress chronique.<\/p>\n\n<\/div>\n<\/div>\n<div id=\"faq-question-1703860689627\" class=\"rank-math-list-item\">\n<h3 class=\"rank-math-question \">Comment la th\u00e9rapie par cellules souches est-elle utilis\u00e9e pour les maladies cardiaques ?<\/h3>\n<div class=\"rank-math-answer \">\n\n<p>Les cellules souches peuvent \u00eatre inject\u00e9es dans le c\u0153ur pour remplacer les cellules endommag\u00e9es, stimuler la croissance de nouvelles cellules et r\u00e9duire l&rsquo;inflammation.<\/p>\n\n<\/div>\n<\/div>\n<\/div>\n<\/div>\n<h3 class=\"wp-block-heading\">Contactez-nous d\u00e8s maintenant si vous avez des questions !<\/h3>\n","protected":false},"excerpt":{"rendered":"<p>Si vous \u00eates \u00e0 la recherche du potentiel illimit\u00e9 de la th\u00e9rapie par cellules souches pour les maladies cardiaques, vous [&hellip;]<\/p>\n","protected":false},"author":4,"featured_media":122606,"parent":0,"menu_order":0,"comment_status":"closed","ping_status":"closed","template":"","meta":{"site-sidebar-layout":"default","site-content-layout":"","ast-site-content-layout":"default","site-content-style":"default","site-sidebar-style":"default","ast-global-header-display":"","ast-banner-title-visibility":"","ast-main-header-display":"","ast-hfb-above-header-display":"","ast-hfb-below-header-display":"","ast-hfb-mobile-header-display":"","site-post-title":"","ast-breadcrumbs-content":"","ast-featured-img":"","footer-sml-layout":"","ast-disable-related-posts":"","theme-transparent-header-meta":"","adv-header-id-meta":"","stick-header-meta":"","header-above-stick-meta":"","header-main-stick-meta":"","header-below-stick-meta":"","astra-migrate-meta-layouts":"default","ast-page-background-enabled":"default","ast-page-background-meta":{"desktop":{"background-color":"var(--ast-global-color-4)","background-image":"","background-repeat":"repeat","background-position":"center center","background-size":"auto","background-attachment":"scroll","background-type":"","background-media":"","overlay-type":"","overlay-color":"","overlay-opacity":"","overlay-gradient":""},"tablet":{"background-color":"","background-image":"","background-repeat":"repeat","background-position":"center center","background-size":"auto","background-attachment":"scroll","background-type":"","background-media":"","overlay-type":"","overlay-color":"","overlay-opacity":"","overlay-gradient":""},"mobile":{"background-color":"","background-image":"","background-repeat":"repeat","background-position":"center center","background-size":"auto","background-attachment":"scroll","background-type":"","background-media":"","overlay-type":"","overlay-color":"","overlay-opacity":"","overlay-gradient":""}},"ast-content-background-meta":{"desktop":{"background-color":"var(--ast-global-color-5)","background-image":"","background-repeat":"repeat","background-position":"center center","background-size":"auto","background-attachment":"scroll","background-type":"","background-media":"","overlay-type":"","overlay-color":"","overlay-opacity":"","overlay-gradient":""},"tablet":{"background-color":"var(--ast-global-color-5)","background-image":"","background-repeat":"repeat","background-position":"center center","background-size":"auto","background-attachment":"scroll","background-type":"","background-media":"","overlay-type":"","overlay-color":"","overlay-opacity":"","overlay-gradient":""},"mobile":{"background-color":"var(--ast-global-color-5)","background-image":"","background-repeat":"repeat","background-position":"center center","background-size":"auto","background-attachment":"scroll","background-type":"","background-media":"","overlay-type":"","overlay-color":"","overlay-opacity":"","overlay-gradient":""}},"footnotes":""},"class_list":["post-148897","page","type-page","status-publish","has-post-thumbnail","hentry"],"_links":{"self":[{"href":"https:\/\/medclinics.com\/fr\/wp-json\/wp\/v2\/pages\/148897","targetHints":{"allow":["GET"]}}],"collection":[{"href":"https:\/\/medclinics.com\/fr\/wp-json\/wp\/v2\/pages"}],"about":[{"href":"https:\/\/medclinics.com\/fr\/wp-json\/wp\/v2\/types\/page"}],"author":[{"embeddable":true,"href":"https:\/\/medclinics.com\/fr\/wp-json\/wp\/v2\/users\/4"}],"replies":[{"embeddable":true,"href":"https:\/\/medclinics.com\/fr\/wp-json\/wp\/v2\/comments?post=148897"}],"version-history":[{"count":0,"href":"https:\/\/medclinics.com\/fr\/wp-json\/wp\/v2\/pages\/148897\/revisions"}],"wp:featuredmedia":[{"embeddable":true,"href":"https:\/\/medclinics.com\/fr\/wp-json\/wp\/v2\/media\/122606"}],"wp:attachment":[{"href":"https:\/\/medclinics.com\/fr\/wp-json\/wp\/v2\/media?parent=148897"}],"curies":[{"name":"wp","href":"https:\/\/api.w.org\/{rel}","templated":true}]}}