{"id":148889,"date":"2023-05-16T09:01:00","date_gmt":"2023-05-16T06:01:00","guid":{"rendered":"https:\/\/medclinics.com\/therapie-par-cellules-souches-pour-les-lesions-de-la-moelle-epiniere-un-traitement-revolutionnaire\/"},"modified":"2025-01-03T01:45:03","modified_gmt":"2025-01-02T22:45:03","slug":"therapie-par-cellules-souches-pour-les-lesions-de-la-moelle-epiniere-un-traitement-revolutionnaire","status":"publish","type":"page","link":"https:\/\/medclinics.com\/fr\/therapie-par-cellules-souches-pour-les-lesions-de-la-moelle-epiniere-un-traitement-revolutionnaire\/","title":{"rendered":"Th\u00e9rapie par cellules souches pour les l\u00e9sions de la moelle \u00e9pini\u00e8re &#8211; Un traitement r\u00e9volutionnaire"},"content":{"rendered":"\n<h2 class=\"wp-block-heading\">Si vous \u00eates \u00e0 la recherche du potentiel infini de la th\u00e9rapie par cellules souches pour les l\u00e9sions de la moelle \u00e9pini\u00e8re, vous \u00eates au bon endroit !<\/h2>\n\n<p><br\/>La <strong>l\u00e9sion de la moelle \u00e9pini\u00e8re (LM)<\/strong> est une blessure qui endommage la moelle \u00e9pini\u00e8re. La moelle \u00e9pini\u00e8re est un faisceau de nerfs qui relie le cerveau au reste du corps. Une l\u00e9sion de la moelle \u00e9pini\u00e8re peut entra\u00eener divers probl\u00e8mes, notamment une paralysie, une perte de sensibilit\u00e9 et des difficult\u00e9s \u00e0 contr\u00f4ler la vessie et les intestins.<\/p>\n\n<p><strong>Causes des l\u00e9sions de la moelle \u00e9pini\u00e8re<\/strong><\/p>\n\n<p>Les causes les plus courantes sont les suivantes :<\/p>\n\n<ul class=\"wp-block-list\">\n<li>Accidents de v\u00e9hicules \u00e0 moteur (ils repr\u00e9sentent plus de 37 % de toutes les l\u00e9sions m\u00e9dullaires)<\/li>\n\n\n\n<li>Chutes (elles repr\u00e9sentent environ 31 % de toutes les l\u00e9sions m\u00e9dullaires).<\/li>\n\n\n\n<li>Blessures li\u00e9es \u00e0 la violence (elles repr\u00e9sentent environ 15 % de l&rsquo;ensemble des l\u00e9sions m\u00e9dullaires).<\/li>\n\n\n\n<li>Blessures li\u00e9es au sport (elles repr\u00e9sentent environ 8 % des l\u00e9sions m\u00e9dullaires. Le plongeon est la l\u00e9sion de la moelle \u00e9pini\u00e8re li\u00e9e au sport la plus fr\u00e9quente).<\/li>\n<\/ul>\n\n<p>Les autres causes courantes de l\u00e9sions de la moelle \u00e9pini\u00e8re sont les suivantes :<\/p>\n\n<ul class=\"wp-block-list\">\n<li>Tumeurs<\/li>\n\n\n\n<li>Infections<\/li>\n\n\n\n<li>D\u00e9fauts cong\u00e9nitaux<\/li>\n\n\n\n<li>Proc\u00e9dures m\u00e9dicales<\/li>\n<\/ul>\n\n<p><strong>Sympt\u00f4mes d&rsquo;une l\u00e9sion de la moelle \u00e9pini\u00e8re<\/strong><\/p>\n\n<p>Les sympt\u00f4mes de la l\u00e9sion m\u00e9dullaire varient en fonction de la localisation et de la gravit\u00e9 de la l\u00e9sion. En g\u00e9n\u00e9ral, les l\u00e9sions m\u00e9dullaires peuvent entra\u00eener les probl\u00e8mes suivants :<\/p>\n\n<ul class=\"wp-block-list\">\n<li><strong>La paralysie :<\/strong> La paralysie est la perte de mouvement d&rsquo;une ou plusieurs parties du corps.<\/li>\n\n\n\n<li><strong>Perte de sensibilit\u00e9 :<\/strong> La perte de sensibilit\u00e9 est l&rsquo;incapacit\u00e9 de ressentir des choses, telles que le toucher, la douleur ou la temp\u00e9rature.<\/li>\n\n\n\n<li><strong>Probl\u00e8mes de contr\u00f4le de la vessie et des intestins :<\/strong> Les probl\u00e8mes de contr\u00f4le de la vessie et des intestins peuvent rendre difficile le fait d&rsquo;uriner ou d&rsquo;aller \u00e0 la selle.<\/li>\n<\/ul>\n\n<p><strong>Qui est le plus susceptible de souffrir d&rsquo;une <strong>l\u00e9sion de la moelle \u00e9p<\/strong>ini\u00e8re ?<\/strong><\/p>\n\n<ul class=\"wp-block-list\">\n<li><strong>\u00c2ge :<\/strong> le risque de l\u00e9sion m\u00e9dullaire augmente avec l&rsquo;\u00e2ge, en particulier apr\u00e8s 50 ans.<\/li>\n\n\n\n<li><strong>Le sexe :<\/strong> Les hommes sont plus susceptibles d&rsquo;\u00eatre victimes de l\u00e9sions m\u00e9dullaires que les femmes.<\/li>\n\n\n\n<li><strong>Le poids :<\/strong> Le surpoids ou l&rsquo;ob\u00e9sit\u00e9 augmentent le risque de l\u00e9sions m\u00e9dullaires, en particulier \u00e0 la suite d&rsquo;une chute.<\/li>\n<\/ul>\n\n<p><strong>\n  <a href=\"https:\/\/www.stemcelltherapy.gen.tr\" target=\"_blank\" rel=\"noreferrer noopener\">La th\u00e9rapie par cellules souches<\/a>\n<\/strong> La th\u00e9rapie par cellules souches est un nouveau traitement prometteur pour les l\u00e9sions m\u00e9dullaires. Les cellules souches sont des cellules immatures qui peuvent se transformer en diff\u00e9rents types de cellules, dont les neurones. Les cellules souches pourraient contribuer \u00e0 r\u00e9parer les nerfs endommag\u00e9s<strong>\n  <strong>.<\/strong>\n<\/strong> Les <strong>chercheurs \u00e9tudient encore comment utiliser la th\u00e9rapie par cellules souches pour les <strong>l\u00e9sions de la moelle \u00e9pini\u00e8re<\/strong><\/strong>.<\/p>\n\n<p>Nous connaissons l&rsquo;impact d\u00e9vastateur des l\u00e9sions de la moelle \u00e9pini\u00e8re et nous sommes \u00e0 vos c\u00f4t\u00e9s \u00e0 chaque \u00e9tape. Du diagnostic \u00e0 la gu\u00e9rison, vous ne suivrez pas ce chemin seul. Si vous envisagez la th\u00e9rapie par cellules souches comme option de traitement potentiel de la l\u00e9sion m\u00e9dullaire, nous sommes l\u00e0 pour vous aider.<\/p>\n\n<p>Contactez-nous d\u00e8s maintenant et nous vous guiderons vers une meilleure sant\u00e9.<\/p>\n\n<h3 class=\"wp-block-heading\">Tout ce que vous devez savoir sur la <a href=\"https:\/\/medclinics.com\/fr\/stem-cell-therapy-2\/\" target=\"_blank\" rel=\"noreferrer noopener\">th\u00e9rapie par les cellules souches<\/a> se trouve ici, <a href=\"#requestform\">contactez-nous<\/a> maintenant !<\/h3>\n\n<figure class=\"wp-block-image size-full\"><img fetchpriority=\"high\" decoding=\"async\" width=\"1450\" height=\"967\" class=\"wp-image-122175\" src=\"https:\/\/medclinics.com\/wp-content\/uploads\/2023\/12\/stem-cell-therapy-for-sci.jpg\" alt=\"Th&#xE9;rapie par cellules souches pour la sci\" srcset=\"https:\/\/medclinics.com\/wp-content\/uploads\/2023\/12\/stem-cell-therapy-for-sci.jpg 1450w, https:\/\/medclinics.com\/wp-content\/uploads\/2023\/12\/stem-cell-therapy-for-sci-500x333.jpg 500w, https:\/\/medclinics.com\/wp-content\/uploads\/2023\/12\/stem-cell-therapy-for-sci-1024x683.jpg 1024w, https:\/\/medclinics.com\/wp-content\/uploads\/2023\/12\/stem-cell-therapy-for-sci-768x512.jpg 768w, https:\/\/medclinics.com\/wp-content\/uploads\/2023\/12\/stem-cell-therapy-for-sci-24x16.jpg 24w, https:\/\/medclinics.com\/wp-content\/uploads\/2023\/12\/stem-cell-therapy-for-sci-36x24.jpg 36w, https:\/\/medclinics.com\/wp-content\/uploads\/2023\/12\/stem-cell-therapy-for-sci-48x32.jpg 48w\" sizes=\"(max-width: 1450px) 100vw, 1450px\" \/><\/figure>\n\n<h2 class=\"wp-block-heading\">FAQ<\/h2>\n<div id=\"rank-math-faq\" class=\"rank-math-block\">\n<div class=\"rank-math-list \">\n<div id=\"faq-question-1703846708178\" class=\"rank-math-list-item\">\n<h3 class=\"rank-math-question \"><strong>Quels sont les sympt\u00f4mes d&rsquo;une <strong>\n  <strong>l\u00e9sion de la moelle \u00e9pini\u00e8re<\/strong>\n<\/strong>?<\/strong><\/h3>\n<div class=\"rank-math-answer \">\n\n<p>Les sympt\u00f4mes d&rsquo;une l\u00e9sion de la moelle \u00e9pini\u00e8re (LM) peuvent varier consid\u00e9rablement en fonction de la localisation et de la gravit\u00e9 de la l\u00e9sion. Toutefois, les sympt\u00f4mes les plus courants sont les suivants : paralysie, perte de sensibilit\u00e9, probl\u00e8mes de contr\u00f4le de la vessie et des intestins.<\/p>\n\n<\/div>\n<\/div>\n<div id=\"faq-question-1703846839041\" class=\"rank-math-list-item\">\n<h3 class=\"rank-math-question \"><strong>Quelles sont les causes <strong>\n  <strong>L\u00e9sion de la moelle \u00e9pini\u00e8re<\/strong>\n<\/strong>?<\/strong><\/h3>\n<div class=\"rank-math-answer \">\n\n<p>La cause la plus fr\u00e9quente des l\u00e9sions m\u00e9dullaires est un traumatisme, tel qu&rsquo;un accident de voiture, une chute ou une blessure sportive, des tumeurs, des infections, des malformations cong\u00e9nitales, des proc\u00e9dures m\u00e9dicales, etc.<\/p>\n\n<\/div>\n<\/div>\n<\/div>\n<\/div>\n<h3 class=\"wp-block-heading\">Contactez-nous d\u00e8s maintenant si vous avez des questions !<\/h3>\n","protected":false},"excerpt":{"rendered":"<p>Si vous \u00eates \u00e0 la recherche du potentiel infini de la th\u00e9rapie par cellules souches pour les l\u00e9sions de la [&hellip;]<\/p>\n","protected":false},"author":4,"featured_media":122182,"parent":0,"menu_order":0,"comment_status":"closed","ping_status":"closed","template":"","meta":{"site-sidebar-layout":"default","site-content-layout":"","ast-site-content-layout":"default","site-content-style":"default","site-sidebar-style":"default","ast-global-header-display":"","ast-banner-title-visibility":"","ast-main-header-display":"","ast-hfb-above-header-display":"","ast-hfb-below-header-display":"","ast-hfb-mobile-header-display":"","site-post-title":"","ast-breadcrumbs-content":"","ast-featured-img":"","footer-sml-layout":"","ast-disable-related-posts":"","theme-transparent-header-meta":"","adv-header-id-meta":"","stick-header-meta":"","header-above-stick-meta":"","header-main-stick-meta":"","header-below-stick-meta":"","astra-migrate-meta-layouts":"default","ast-page-background-enabled":"default","ast-page-background-meta":{"desktop":{"background-color":"var(--ast-global-color-4)","background-image":"","background-repeat":"repeat","background-position":"center center","background-size":"auto","background-attachment":"scroll","background-type":"","background-media":"","overlay-type":"","overlay-color":"","overlay-opacity":"","overlay-gradient":""},"tablet":{"background-color":"","background-image":"","background-repeat":"repeat","background-position":"center center","background-size":"auto","background-attachment":"scroll","background-type":"","background-media":"","overlay-type":"","overlay-color":"","overlay-opacity":"","overlay-gradient":""},"mobile":{"background-color":"","background-image":"","background-repeat":"repeat","background-position":"center center","background-size":"auto","background-attachment":"scroll","background-type":"","background-media":"","overlay-type":"","overlay-color":"","overlay-opacity":"","overlay-gradient":""}},"ast-content-background-meta":{"desktop":{"background-color":"var(--ast-global-color-5)","background-image":"","background-repeat":"repeat","background-position":"center center","background-size":"auto","background-attachment":"scroll","background-type":"","background-media":"","overlay-type":"","overlay-color":"","overlay-opacity":"","overlay-gradient":""},"tablet":{"background-color":"var(--ast-global-color-5)","background-image":"","background-repeat":"repeat","background-position":"center center","background-size":"auto","background-attachment":"scroll","background-type":"","background-media":"","overlay-type":"","overlay-color":"","overlay-opacity":"","overlay-gradient":""},"mobile":{"background-color":"var(--ast-global-color-5)","background-image":"","background-repeat":"repeat","background-position":"center center","background-size":"auto","background-attachment":"scroll","background-type":"","background-media":"","overlay-type":"","overlay-color":"","overlay-opacity":"","overlay-gradient":""}},"footnotes":""},"class_list":["post-148889","page","type-page","status-publish","has-post-thumbnail","hentry"],"_links":{"self":[{"href":"https:\/\/medclinics.com\/fr\/wp-json\/wp\/v2\/pages\/148889","targetHints":{"allow":["GET"]}}],"collection":[{"href":"https:\/\/medclinics.com\/fr\/wp-json\/wp\/v2\/pages"}],"about":[{"href":"https:\/\/medclinics.com\/fr\/wp-json\/wp\/v2\/types\/page"}],"author":[{"embeddable":true,"href":"https:\/\/medclinics.com\/fr\/wp-json\/wp\/v2\/users\/4"}],"replies":[{"embeddable":true,"href":"https:\/\/medclinics.com\/fr\/wp-json\/wp\/v2\/comments?post=148889"}],"version-history":[{"count":0,"href":"https:\/\/medclinics.com\/fr\/wp-json\/wp\/v2\/pages\/148889\/revisions"}],"wp:featuredmedia":[{"embeddable":true,"href":"https:\/\/medclinics.com\/fr\/wp-json\/wp\/v2\/media\/122182"}],"wp:attachment":[{"href":"https:\/\/medclinics.com\/fr\/wp-json\/wp\/v2\/media?parent=148889"}],"curies":[{"name":"wp","href":"https:\/\/api.w.org\/{rel}","templated":true}]}}