{"id":148869,"date":"2025-02-07T09:01:00","date_gmt":"2025-02-07T06:01:00","guid":{"rendered":"https:\/\/medclinics.com\/la-therapie-par-cellules-souches-pour-la-maladie-dalzheimer-une-nouvelle-voie-pleine-despoir\/"},"modified":"2025-01-03T01:37:36","modified_gmt":"2025-01-02T22:37:36","slug":"la-therapie-par-cellules-souches-pour-la-maladie-dalzheimer-une-nouvelle-voie-pleine-despoir","status":"publish","type":"page","link":"https:\/\/medclinics.com\/fr\/la-therapie-par-cellules-souches-pour-la-maladie-dalzheimer-une-nouvelle-voie-pleine-despoir\/","title":{"rendered":"La th\u00e9rapie par cellules souches pour la maladie d&rsquo;Alzheimer : Une nouvelle voie pleine d&rsquo;espoir"},"content":{"rendered":"\n<h2 class=\"wp-block-heading\">Si vous \u00eates \u00e0 la recherche du potentiel infini de la th\u00e9rapie par les cellules souches pour la maladie d&rsquo;Alzheimer, vous \u00eates au bon endroit !<\/h2>\n\n<p><strong>La maladie d&rsquo;Alzheimer est une forme de d\u00e9mence qui affecte la m\u00e9moire, la pens\u00e9e et le comportement.<\/strong>  Il s&rsquo;agit de la cause la plus fr\u00e9quente de d\u00e9mence, repr\u00e9sentant 60 \u00e0 80 % des cas. Il s&rsquo;agit d&rsquo;une maladie progressive qui commence par une l\u00e9g\u00e8re perte de m\u00e9moire et peut conduire \u00e0 la perte de la capacit\u00e9 \u00e0 tenir une conversation et \u00e0 r\u00e9agir \u00e0 l&rsquo;environnement.<\/p>\n\n<p><strong>Facteurs de risque de la maladie d&rsquo;Alzheimer :<\/strong><\/p>\n\n<ul class=\"wp-block-list\">\n<li>L&rsquo;\u00e2ge <strong>: <\/strong>l&rsquo;\u00e2ge est le facteur de risque le plus connu de la maladie d&rsquo;Alzheimer. Le risque de d\u00e9velopper la maladie d&rsquo;Alzheimer augmente avec l&rsquo;\u00e2ge.<\/li>\n\n\n\n<li><strong>Ant\u00e9c\u00e9dents familiaux :<\/strong> Les personnes ayant des ant\u00e9c\u00e9dents familiaux de maladie d&rsquo;Alzheimer sont plus susceptibles de d\u00e9velopper la maladie elles-m\u00eames.<\/li>\n\n\n\n<li><strong>La g\u00e9n\u00e9tique : <\/strong>Les chercheurs pensent que la g\u00e9n\u00e9tique peut jouer un r\u00f4le dans le d\u00e9veloppement de la maladie d&rsquo;Alzheimer. Cependant, les g\u00e8nes ne sont pas synonymes de destin. Un mode de vie sain peut contribuer \u00e0 r\u00e9duire le risque de d\u00e9velopper la maladie d&rsquo;Alzheimer.<\/li>\n<\/ul>\n\n<p>Vous pouvez vous prot\u00e9ger de la maladie d&rsquo;Alzheimer en faisant ce qui suit :<\/p>\n\n<ul class=\"wp-block-list\">\n<li><strong>Mode de vie sain :<\/strong> Ne pas fumer, limiter la consommation d&rsquo;alcool, manger \u00e9quilibr\u00e9, rester actif (physiquement, mentalement, socialement).<\/li>\n\n\n\n<li><strong>Protection de la t\u00eate :<\/strong> Minimiser les traumatismes cr\u00e2niens tout au long de la vie, en particulier les traumatismes graves.<\/li>\n\n\n\n<li><strong>G\u00e9rer les probl\u00e8mes de sant\u00e9 :<\/strong> Contr\u00f4ler le diab\u00e8te, les accidents vasculaires c\u00e9r\u00e9braux, les probl\u00e8mes cardiaques, la tension art\u00e9rielle, le cholest\u00e9rol, l&rsquo;ob\u00e9sit\u00e9, la perte d&rsquo;audition et la d\u00e9pression.<\/li>\n<\/ul>\n\n<p>Rappelez-vous que m\u00eame si ces facteurs ne peuvent pas garantir la pr\u00e9vention de la maladie d&rsquo;Alzheimer, leur prise en charge peut potentiellement r\u00e9duire votre risque.<\/p>\n\n<p><strong>Sympt\u00f4mes de la maladie d&rsquo;Alzheimer :<\/strong><\/p>\n\n<p><strong>Sympt\u00f4mes pr\u00e9coces :<\/strong><\/p>\n\n<ul class=\"wp-block-list\">\n<li><strong>Difficult\u00e9 \u00e0 se souvenir d&rsquo;informations r\u00e9cemment apprises :<\/strong> Le fait d&rsquo;oublier o\u00f9 vous avez plac\u00e9 vos cl\u00e9s, vos rendez-vous ou les noms de vos connaissances peut \u00eatre un signe pr\u00e9curseur.<\/li>\n\n\n\n<li><strong>Confusion l\u00e9g\u00e8re et oublis :<\/strong> Difficult\u00e9 \u00e0 suivre les conversations, \u00e0 accomplir des t\u00e2ches famili\u00e8res ou \u00e0 trouver les mots justes.<\/li>\n\n\n\n<li><strong>Changements d&rsquo;humeur et de comportement :<\/strong> Devenir facilement irritable, anxieux ou renferm\u00e9, et pr\u00e9senter des changements de personnalit\u00e9.<\/li>\n\n\n\n<li><strong>Difficult\u00e9 \u00e0 planifier et \u00e0 r\u00e9soudre des probl\u00e8mes :<\/strong> Difficult\u00e9 \u00e0 g\u00e9rer les finances, \u00e0 prendre des d\u00e9cisions ou \u00e0 organiser des plans.<\/li>\n<\/ul>\n\n<p><strong>Sympt\u00f4mes ult\u00e9rieurs :<\/strong><\/p>\n\n<ul class=\"wp-block-list\">\n<li><strong>Perte de m\u00e9moire plus grave :<\/strong> Oubli d&rsquo;\u00e9v\u00e9nements importants, de personnes et d&rsquo;exp\u00e9riences pass\u00e9es.<\/li>\n\n\n\n<li><strong>D\u00e9sorientation et confusion :<\/strong> Perte de la notion de temps, de lieu et m\u00eame de sa propre identit\u00e9.<\/li>\n\n\n\n<li><strong>Difficult\u00e9s linguistiques :<\/strong> Difficult\u00e9s \u00e0 trouver les mots, \u00e0 parler de mani\u00e8re coh\u00e9rente ou \u00e0 comprendre le langage parl\u00e9.<\/li>\n\n\n\n<li><strong>Changements dans les capacit\u00e9s physiques :<\/strong> Probl\u00e8mes d&rsquo;\u00e9quilibre, de coordination et \u00e9ventuellement de marche.<\/li>\n\n\n\n<li><strong>Changements de comportement :<\/strong> Les d\u00e9lires, les hallucinations et les difficult\u00e9s \u00e0 contr\u00f4ler les \u00e9motions deviennent plus fr\u00e9quents.<\/li>\n<\/ul>\n\n<p>La <a href=\"https:\/\/www.stemcelltherapy.gen.tr\" target=\"_blank\" rel=\"noopener\">th\u00e9rapie par cellules souches<\/a> pour la maladie d&rsquo;Alzheimer est un nouveau traitement prometteur \u00e9tudi\u00e9 par les scientifiques. Les cellules souches sont des cellules sp\u00e9ciales qui peuvent se transformer en diff\u00e9rents types de cellules, y compris des cellules c\u00e9r\u00e9brales. Les scientifiques pensent que les cellules souches pourraient \u00eatre utilis\u00e9es pour r\u00e9parer les cellules c\u00e9r\u00e9brales endommag\u00e9es et ralentir ou arr\u00eater la progression de la maladie d&rsquo;Alzheimer.<\/p>\n\n<p>Les premi\u00e8res \u00e9tudes sur la th\u00e9rapie par cellules souches pour la maladie d&rsquo;Alzheimer sont prometteuses. Dans certaines \u00e9tudes, jusqu&rsquo;\u00e0 75 % des patients ont connu un ralentissement de la progression ou une am\u00e9lioration des sympt\u00f4mes. Cependant, d&rsquo;autres recherches sont n\u00e9cessaires pour confirmer ces r\u00e9sultats et d\u00e9terminer la meilleure fa\u00e7on d&rsquo;utiliser les cellules souches pour traiter la maladie d&rsquo;Alzheimer.<\/p>\n\n<p>Les cellules souches peuvent \u00eatre obtenues \u00e0 partir du tissu adipeux ou de la moelle osseuse du patient. Le nombre de cellules utilis\u00e9es d\u00e9pend de l&rsquo;\u00e2ge et du poids du patient. Les protocoles de traitement sont personnalis\u00e9s pour chaque patient et peuvent comporter plusieurs s\u00e9ances.<\/p>\n\n<p><strong>Nous savons que la maladie d&rsquo;Alzheimer peut \u00eatre une affection difficile et \u00e9prouvante. Nous sommes l\u00e0 pour vous soutenir et vous aider \u00e0 en savoir plus sur la th\u00e9rapie par cellules souches en tant qu&rsquo;option th\u00e9rapeutique potentielle.<\/strong><\/p>\n\n<p><strong>Contactez-nous d\u00e8s aujourd&rsquo;hui et laissez-nous vous aider \u00e0 trouver le chemin d&rsquo;une meilleure sant\u00e9.<\/strong><\/p>\n\n<h3 class=\"wp-block-heading\">Tout ce que vous devez savoir sur la <a href=\"https:\/\/medclinics.com\/fr\/stem-cell-therapy-2\/\" target=\"_blank\" rel=\"noreferrer noopener\">th\u00e9rapie par les cellules souches<\/a> se trouve ici, <a href=\"#requestform\">contactez-nous<\/a> maintenant !<\/h3>\n\n<figure class=\"wp-block-image size-full\"><img fetchpriority=\"high\" decoding=\"async\" width=\"1450\" height=\"967\" class=\"wp-image-122111\" src=\"https:\/\/medclinics.com\/wp-content\/uploads\/2023\/12\/stem-cell-therapy-for-alzheimer-1.jpg\" alt=\"Th&#xE9;rapie par cellules souches pour la maladie d'Alzheimer\" srcset=\"https:\/\/medclinics.com\/wp-content\/uploads\/2023\/12\/stem-cell-therapy-for-alzheimer-1.jpg 1450w, https:\/\/medclinics.com\/wp-content\/uploads\/2023\/12\/stem-cell-therapy-for-alzheimer-1-500x333.jpg 500w, https:\/\/medclinics.com\/wp-content\/uploads\/2023\/12\/stem-cell-therapy-for-alzheimer-1-1024x683.jpg 1024w, https:\/\/medclinics.com\/wp-content\/uploads\/2023\/12\/stem-cell-therapy-for-alzheimer-1-768x512.jpg 768w, https:\/\/medclinics.com\/wp-content\/uploads\/2023\/12\/stem-cell-therapy-for-alzheimer-1-24x16.jpg 24w, https:\/\/medclinics.com\/wp-content\/uploads\/2023\/12\/stem-cell-therapy-for-alzheimer-1-36x24.jpg 36w, https:\/\/medclinics.com\/wp-content\/uploads\/2023\/12\/stem-cell-therapy-for-alzheimer-1-48x32.jpg 48w\" sizes=\"(max-width: 1450px) 100vw, 1450px\" \/><\/figure>\n\n<h2 class=\"wp-block-heading\">FAQ<\/h2>\n<div id=\"rank-math-faq\" class=\"rank-math-block\">\n<div class=\"rank-math-list \">\n<div id=\"faq-question-1703838320172\" class=\"rank-math-list-item\">\n<h3 class=\"rank-math-question \"><strong>Quels sont les sympt\u00f4mes de la maladie d&rsquo;Alzheimer ?<\/strong><\/h3>\n<div class=\"rank-math-answer \">\n\n<p>Les premiers sympt\u00f4mes comprennent des difficult\u00e9s \u00e0 se souvenir d&rsquo;informations r\u00e9centes, une l\u00e9g\u00e8re confusion, des changements d&rsquo;humeur et des difficult\u00e9s \u00e0 planifier et \u00e0 r\u00e9soudre des probl\u00e8mes. Les stades ult\u00e9rieurs se caract\u00e9risent par de graves pertes de m\u00e9moire, une d\u00e9sorientation, des difficult\u00e9s de langage et des changements physiques.<\/p>\n\n<\/div>\n<\/div>\n<div id=\"faq-question-1703838340012\" class=\"rank-math-list-item\">\n<h3 class=\"rank-math-question \"><strong>Quelles sont les causes de la maladie d&rsquo;Alzheimer ?<\/strong><\/h3>\n<div class=\"rank-math-answer \">\n\n<p>La cause exacte est inconnue, mais l&rsquo;\u00e2ge, les ant\u00e9c\u00e9dents familiaux et les g\u00e8nes sont des facteurs de risque. Un mode de vie sain peut contribuer \u00e0 r\u00e9duire le risque.<\/p>\n\n<\/div>\n<\/div>\n<div id=\"faq-question-1703838365556\" class=\"rank-math-list-item\">\n<h3 class=\"rank-math-question \"><strong>Comment fonctionne la th\u00e9rapie par cellules souches pour la maladie d&rsquo;Alzheimer ?<\/strong><\/h3>\n<div class=\"rank-math-answer \">\n\n<p>Des cellules souches sont inject\u00e9es dans le cerveau, ce qui peut aider \u00e0 r\u00e9parer les cellules endommag\u00e9es et \u00e0 r\u00e9duire la d\u00e9g\u00e9n\u00e9rescence.<\/p>\n\n<\/div>\n<\/div>\n<\/div>\n<\/div>\n<h3 class=\"wp-block-heading\">Contactez-nous d\u00e8s maintenant si vous avez des questions !<\/h3>\n","protected":false},"excerpt":{"rendered":"<p>Si vous \u00eates \u00e0 la recherche du potentiel infini de la th\u00e9rapie par les cellules souches pour la maladie d&rsquo;Alzheimer, [&hellip;]<\/p>\n","protected":false},"author":4,"featured_media":122104,"parent":0,"menu_order":0,"comment_status":"closed","ping_status":"closed","template":"","meta":{"site-sidebar-layout":"default","site-content-layout":"","ast-site-content-layout":"default","site-content-style":"default","site-sidebar-style":"default","ast-global-header-display":"","ast-banner-title-visibility":"","ast-main-header-display":"","ast-hfb-above-header-display":"","ast-hfb-below-header-display":"","ast-hfb-mobile-header-display":"","site-post-title":"","ast-breadcrumbs-content":"","ast-featured-img":"","footer-sml-layout":"","ast-disable-related-posts":"","theme-transparent-header-meta":"","adv-header-id-meta":"","stick-header-meta":"","header-above-stick-meta":"","header-main-stick-meta":"","header-below-stick-meta":"","astra-migrate-meta-layouts":"default","ast-page-background-enabled":"default","ast-page-background-meta":{"desktop":{"background-color":"var(--ast-global-color-4)","background-image":"","background-repeat":"repeat","background-position":"center center","background-size":"auto","background-attachment":"scroll","background-type":"","background-media":"","overlay-type":"","overlay-color":"","overlay-opacity":"","overlay-gradient":""},"tablet":{"background-color":"","background-image":"","background-repeat":"repeat","background-position":"center center","background-size":"auto","background-attachment":"scroll","background-type":"","background-media":"","overlay-type":"","overlay-color":"","overlay-opacity":"","overlay-gradient":""},"mobile":{"background-color":"","background-image":"","background-repeat":"repeat","background-position":"center center","background-size":"auto","background-attachment":"scroll","background-type":"","background-media":"","overlay-type":"","overlay-color":"","overlay-opacity":"","overlay-gradient":""}},"ast-content-background-meta":{"desktop":{"background-color":"var(--ast-global-color-5)","background-image":"","background-repeat":"repeat","background-position":"center center","background-size":"auto","background-attachment":"scroll","background-type":"","background-media":"","overlay-type":"","overlay-color":"","overlay-opacity":"","overlay-gradient":""},"tablet":{"background-color":"var(--ast-global-color-5)","background-image":"","background-repeat":"repeat","background-position":"center center","background-size":"auto","background-attachment":"scroll","background-type":"","background-media":"","overlay-type":"","overlay-color":"","overlay-opacity":"","overlay-gradient":""},"mobile":{"background-color":"var(--ast-global-color-5)","background-image":"","background-repeat":"repeat","background-position":"center center","background-size":"auto","background-attachment":"scroll","background-type":"","background-media":"","overlay-type":"","overlay-color":"","overlay-opacity":"","overlay-gradient":""}},"footnotes":""},"class_list":["post-148869","page","type-page","status-publish","has-post-thumbnail","hentry"],"_links":{"self":[{"href":"https:\/\/medclinics.com\/fr\/wp-json\/wp\/v2\/pages\/148869","targetHints":{"allow":["GET"]}}],"collection":[{"href":"https:\/\/medclinics.com\/fr\/wp-json\/wp\/v2\/pages"}],"about":[{"href":"https:\/\/medclinics.com\/fr\/wp-json\/wp\/v2\/types\/page"}],"author":[{"embeddable":true,"href":"https:\/\/medclinics.com\/fr\/wp-json\/wp\/v2\/users\/4"}],"replies":[{"embeddable":true,"href":"https:\/\/medclinics.com\/fr\/wp-json\/wp\/v2\/comments?post=148869"}],"version-history":[{"count":0,"href":"https:\/\/medclinics.com\/fr\/wp-json\/wp\/v2\/pages\/148869\/revisions"}],"wp:featuredmedia":[{"embeddable":true,"href":"https:\/\/medclinics.com\/fr\/wp-json\/wp\/v2\/media\/122104"}],"wp:attachment":[{"href":"https:\/\/medclinics.com\/fr\/wp-json\/wp\/v2\/media?parent=148869"}],"curies":[{"name":"wp","href":"https:\/\/api.w.org\/{rel}","templated":true}]}}