{"id":148813,"date":"2023-05-13T09:01:00","date_gmt":"2023-05-13T06:01:00","guid":{"rendered":"https:\/\/medclinics.com\/la-therapie-par-cellules-souches-pour-la-dystrophie-musculaire-un-traitement-revolutionnaire\/"},"modified":"2025-01-03T01:45:03","modified_gmt":"2025-01-02T22:45:03","slug":"la-therapie-par-cellules-souches-pour-la-dystrophie-musculaire-un-traitement-revolutionnaire","status":"publish","type":"page","link":"https:\/\/medclinics.com\/fr\/la-therapie-par-cellules-souches-pour-la-dystrophie-musculaire-un-traitement-revolutionnaire\/","title":{"rendered":"La th\u00e9rapie par cellules souches pour la dystrophie musculaire : Un traitement r\u00e9volutionnaire"},"content":{"rendered":"\n<p>\u00a0<\/p>\n\n<h2 class=\"wp-block-heading\">Si vous \u00eates \u00e0 la recherche du potentiel illimit\u00e9 de la th\u00e9rapie par cellules souches pour la dystrophie musculaire, vous \u00eates au bon endroit !<\/h2>\n\n<p><br\/>La dystrophie musculaire (DM) est un groupe de maladies musculaires h\u00e9r\u00e9ditaires qui affaiblissent progressivement les muscles, entra\u00eenant un handicap croissant. Elle s&rsquo;aggrave avec le temps, commence g\u00e9n\u00e9ralement dans des groupes musculaires sp\u00e9cifiques et s&rsquo;\u00e9tend. Certains types peuvent m\u00eame menacer la vie en affectant le c\u0153ur ou les muscles respiratoires. Bien qu&rsquo;il n&rsquo;y ait pas de rem\u00e8de, les traitements permettent de g\u00e9rer de nombreux sympt\u00f4mes.<\/p>\n\n<p><strong>Qui est le plus susceptible d&rsquo;\u00eatre atteint de dystrophie musculaire ?<\/strong><\/p>\n\n<p>Tout le monde peut \u00eatre atteint de dystrophie musculaire, mais certaines personnes sont plus \u00e0 risque :<\/p>\n\n<ul class=\"wp-block-list\">\n<li><strong>Ant\u00e9c\u00e9dents familiaux :<\/strong> Le fait d&rsquo;avoir des membres de sa famille atteints de la maladie augmente le risque d&rsquo;en \u00eatre atteint.<\/li>\n\n\n\n<li><strong>Changements g\u00e9n\u00e9tiques :<\/strong> Des g\u00e8nes d\u00e9fectueux peuvent \u00eatre \u00e0 l&rsquo;origine de la DM, qui appara\u00eet parfois m\u00eame lorsque les parents n&rsquo;en sont pas atteints.<\/li>\n\n\n\n<li><strong>H\u00e9ritage :<\/strong> La DM peut \u00eatre transmise de trois fa\u00e7ons :\n<ul class=\"wp-block-list\">\n<li><strong>Un g\u00e8ne d\u00e9fectueux provenant d&rsquo;un seul parent (autosomique dominant)<\/strong><\/li>\n\n\n\n<li><strong>Deux g\u00e8nes d\u00e9fectueux provenant des deux parents (autosomique r\u00e9cessif)<\/strong><\/li>\n\n\n\n<li><strong>G\u00e8ne d\u00e9fectueux transmis de la m\u00e8re au fils (r\u00e9cessif li\u00e9 au chromosome X)<\/strong><\/li>\n<\/ul>\n<\/li>\n<\/ul>\n\n<p>Rappelez-vous que m\u00eame si vous \u00eates \u00e0 risque, cela ne veut pas dire que vous serez certainement atteint de la maladie.<\/p>\n\n<p><strong>Il existe de nombreux types de DM.<\/strong>  Parmi les types les plus courants, on peut citer<\/p>\n\n<ul class=\"wp-block-list\">\n<li>La <strong>dystrophie musculaire de Duchenne (DMD)<\/strong> est la forme la plus courante de DM. Il s&rsquo;agit d&rsquo;une forme s\u00e9v\u00e8re de la maladie qui touche g\u00e9n\u00e9ralement les gar\u00e7ons. Les personnes atteintes de DMD perdent g\u00e9n\u00e9ralement la capacit\u00e9 de marcher \u00e0 l&rsquo;\u00e2ge de 12 ans et vivent rarement au-del\u00e0 de 30 ans.<\/li>\n\n\n\n<li>La <strong>dystrophie musculaire de Becker (DMB)<\/strong> est similaire \u00e0 la DMD, mais il s&rsquo;agit d&rsquo;une forme plus l\u00e9g\u00e8re de la maladie. Les personnes atteintes de DMO conservent g\u00e9n\u00e9ralement la capacit\u00e9 de marcher et peuvent vivre jusqu&rsquo;\u00e0 l&rsquo;\u00e2ge adulte.<\/li>\n\n\n\n<li>La <strong>dystrophie musculaire facio-scapulo-hum\u00e9rale (FSHD)<\/strong> est une forme de DM \u00e0 progression lente qui affecte les muscles du visage, des \u00e9paules et de la partie sup\u00e9rieure des bras. Les personnes atteintes de FSHD peuvent \u00e9prouver des difficult\u00e9s d&rsquo;\u00e9locution, de d\u00e9glutition et de mouvement des \u00e9paules.<\/li>\n\n\n\n<li>La <strong>dystrophie musculaire des ceintures (DMG)<\/strong> est un groupe de maladies qui affectent les muscles des bras et des jambes. La LGMD peut \u00eatre l\u00e9g\u00e8re ou grave, et l&rsquo;\u00e2ge d&rsquo;apparition varie en fonction du type de LGMD.<\/li>\n<\/ul>\n\n<p><strong>La cause de la DM est une mutation g\u00e9n\u00e9tique.<\/strong>  Ces mutations peuvent \u00eatre h\u00e9rit\u00e9es des parents ou survenir spontan\u00e9ment.<\/p>\n\n<p><strong>Il n&rsquo;existe pas de traitement pour la DM.<\/strong>  Cependant, il existe des traitements qui peuvent contribuer \u00e0 am\u00e9liorer les sympt\u00f4mes et la qualit\u00e9 de vie. Ces traitements comprennent la kin\u00e9sith\u00e9rapie, les m\u00e9dicaments et la chirurgie.<\/p>\n\n<p>Les <strong>cellules souches<\/strong> sont des cellules sp\u00e9ciales qui peuvent se multiplier et devenir diff\u00e9rents types de cellules dans votre corps. Ils sont comme de minuscules \u00e9quipes de r\u00e9paration qui peuvent potentiellement r\u00e9parer les tissus endommag\u00e9s.  <strong>Les chercheurs \u00e9tudient encore comment utiliser la th\u00e9rapie par cellules souches pour la dystrophie musculaire.<\/strong>  Les premi\u00e8res \u00e9tudes ont montr\u00e9 que la th\u00e9rapie par cellules souches peut am\u00e9liorer la fonction musculaire et r\u00e9duire la progression de la maladie.<\/p>\n\n<p>Pour traiter la dystrophie musculaire, la th\u00e9rapie par cellules souches peut \u00eatre utilis\u00e9e pour <strong>remplacer les cellules musculaires endommag\u00e9es<\/strong>, <strong>produire des facteurs de croissance<\/strong> qui aident \u00e0 r\u00e9parer les muscles<strong> <\/strong>et <strong>cr\u00e9er de nouveaux tissus musculaires<\/strong>.<\/p>\n\n<p><strong><a href=\"https:\/\/www.stemcelltherapy.gen.tr\" target=\"_blank\" rel=\"noopener\">Th\u00e9rapie par cellules souches<\/a> <strong>pour la dystrophie musculaire<\/strong><\/strong> <strong>est un nouveau traitement prometteur.<\/strong> Gr\u00e2ce \u00e0 des recherches plus approfondies, ce traitement pourrait constituer un nouveau moyen d&rsquo;am\u00e9liorer la vie des personnes atteintes de cette maladie.<\/p>\n\n<p>Nous comprenons les difficult\u00e9s caus\u00e9es par un accident vasculaire c\u00e9r\u00e9bral et nous sommes l\u00e0 pour vous soutenir \u00e0 chaque \u00e9tape de votre parcours de r\u00e9tablissement. N&rsquo;h\u00e9sitez pas \u00e0 nous contacter pour obtenir des d\u00e9tails sur les options de traitement, les r\u00e9sultats potentiels et toute autre question que vous pourriez avoir sur la th\u00e9rapie par cellules souches pour la dystrophie musculaire.<\/p>\n\n<p><strong>Contactez-nous d\u00e8s aujourd&rsquo;hui et laissez-nous vous aider \u00e0 trouver le chemin d&rsquo;une meilleure sant\u00e9.<\/strong><\/p>\n\n<h3 class=\"wp-block-heading\">Tout ce que vous devez savoir sur la <a href=\"https:\/\/medclinics.com\/fr\/stem-cell-therapy-2\/\" target=\"_blank\" rel=\"noreferrer noopener\">th\u00e9rapie par les cellules souches<\/a> se trouve ici, <a href=\"#requestform\">contactez-nous<\/a> maintenant !<\/h3>\n\n<figure class=\"wp-block-image size-full\"><img fetchpriority=\"high\" decoding=\"async\" width=\"1450\" height=\"967\" class=\"wp-image-121813\" src=\"https:\/\/medclinics.com\/wp-content\/uploads\/2023\/12\/stem-cell-therapy-for-muscular-dystrophy.jpg\" alt=\"Th&#xE9;rapie par cellules souches pour la dystrophie musculaire\" srcset=\"https:\/\/medclinics.com\/wp-content\/uploads\/2023\/12\/stem-cell-therapy-for-muscular-dystrophy.jpg 1450w, https:\/\/medclinics.com\/wp-content\/uploads\/2023\/12\/stem-cell-therapy-for-muscular-dystrophy-500x333.jpg 500w, https:\/\/medclinics.com\/wp-content\/uploads\/2023\/12\/stem-cell-therapy-for-muscular-dystrophy-1024x683.jpg 1024w, https:\/\/medclinics.com\/wp-content\/uploads\/2023\/12\/stem-cell-therapy-for-muscular-dystrophy-768x512.jpg 768w, https:\/\/medclinics.com\/wp-content\/uploads\/2023\/12\/stem-cell-therapy-for-muscular-dystrophy-24x16.jpg 24w, https:\/\/medclinics.com\/wp-content\/uploads\/2023\/12\/stem-cell-therapy-for-muscular-dystrophy-36x24.jpg 36w, https:\/\/medclinics.com\/wp-content\/uploads\/2023\/12\/stem-cell-therapy-for-muscular-dystrophy-48x32.jpg 48w\" sizes=\"(max-width: 1450px) 100vw, 1450px\" \/><\/figure>\n\n<h2 class=\"wp-block-heading\">FAQ<\/h2>\n<div id=\"rank-math-faq\" class=\"rank-math-block\">\n<div class=\"rank-math-list \">\n<div id=\"faq-question-1703770617430\" class=\"rank-math-list-item\">\n<h3 class=\"rank-math-question \"><strong>Qu&rsquo;est-ce que la dystrophie musculaire ?<\/strong> <\/h3>\n<div class=\"rank-math-answer \">\n\n<p>Il s&rsquo;agit d&rsquo;un groupe de maladies musculaires h\u00e9r\u00e9ditaires qui affaiblissent progressivement le tissu musculaire, rendant les mouvements plus difficiles.<\/p>\n\n<\/div>\n<\/div>\n<div id=\"faq-question-1703770630861\" class=\"rank-math-list-item\">\n<h3 class=\"rank-math-question \"><strong>Quelle est la fr\u00e9quence de la dystrophie musculaire ?<\/strong><\/h3>\n<div class=\"rank-math-answer \">\n\n<p>Si tout le monde peut l&rsquo;attraper, certaines personnes sont plus \u00e0 risque en raison d&rsquo;ant\u00e9c\u00e9dents familiaux ou de changements g\u00e9n\u00e9tiques.<\/p>\n\n<\/div>\n<\/div>\n<div id=\"faq-question-1703770660835\" class=\"rank-math-list-item\">\n<h3 class=\"rank-math-question \"><strong>Qui est le plus susceptible d&rsquo;\u00eatre atteint de la maladie de Lyme ?<\/strong><\/h3>\n<div class=\"rank-math-answer \">\n\n<p>Le fait d&rsquo;avoir une famille atteinte de la maladie, des modifications g\u00e9n\u00e9tiques sp\u00e9cifiques et d&rsquo;h\u00e9riter du g\u00e8ne d\u00e9fectueux de certaines mani\u00e8res augmente le risque.<\/p>\n\n<\/div>\n<\/div>\n<\/div>\n<\/div>\n<h3 class=\"wp-block-heading\">Contactez-nous d\u00e8s maintenant si vous avez des questions !<\/h3>\n","protected":false},"excerpt":{"rendered":"<p>\u00a0 Si vous \u00eates \u00e0 la recherche du potentiel illimit\u00e9 de la th\u00e9rapie par cellules souches pour la dystrophie musculaire, [&hellip;]<\/p>\n","protected":false},"author":4,"featured_media":121829,"parent":0,"menu_order":0,"comment_status":"closed","ping_status":"closed","template":"","meta":{"site-sidebar-layout":"default","site-content-layout":"","ast-site-content-layout":"default","site-content-style":"default","site-sidebar-style":"default","ast-global-header-display":"","ast-banner-title-visibility":"","ast-main-header-display":"","ast-hfb-above-header-display":"","ast-hfb-below-header-display":"","ast-hfb-mobile-header-display":"","site-post-title":"","ast-breadcrumbs-content":"","ast-featured-img":"","footer-sml-layout":"","ast-disable-related-posts":"","theme-transparent-header-meta":"","adv-header-id-meta":"","stick-header-meta":"","header-above-stick-meta":"","header-main-stick-meta":"","header-below-stick-meta":"","astra-migrate-meta-layouts":"default","ast-page-background-enabled":"default","ast-page-background-meta":{"desktop":{"background-color":"var(--ast-global-color-4)","background-image":"","background-repeat":"repeat","background-position":"center center","background-size":"auto","background-attachment":"scroll","background-type":"","background-media":"","overlay-type":"","overlay-color":"","overlay-opacity":"","overlay-gradient":""},"tablet":{"background-color":"","background-image":"","background-repeat":"repeat","background-position":"center center","background-size":"auto","background-attachment":"scroll","background-type":"","background-media":"","overlay-type":"","overlay-color":"","overlay-opacity":"","overlay-gradient":""},"mobile":{"background-color":"","background-image":"","background-repeat":"repeat","background-position":"center center","background-size":"auto","background-attachment":"scroll","background-type":"","background-media":"","overlay-type":"","overlay-color":"","overlay-opacity":"","overlay-gradient":""}},"ast-content-background-meta":{"desktop":{"background-color":"var(--ast-global-color-5)","background-image":"","background-repeat":"repeat","background-position":"center center","background-size":"auto","background-attachment":"scroll","background-type":"","background-media":"","overlay-type":"","overlay-color":"","overlay-opacity":"","overlay-gradient":""},"tablet":{"background-color":"var(--ast-global-color-5)","background-image":"","background-repeat":"repeat","background-position":"center center","background-size":"auto","background-attachment":"scroll","background-type":"","background-media":"","overlay-type":"","overlay-color":"","overlay-opacity":"","overlay-gradient":""},"mobile":{"background-color":"var(--ast-global-color-5)","background-image":"","background-repeat":"repeat","background-position":"center center","background-size":"auto","background-attachment":"scroll","background-type":"","background-media":"","overlay-type":"","overlay-color":"","overlay-opacity":"","overlay-gradient":""}},"footnotes":""},"class_list":["post-148813","page","type-page","status-publish","has-post-thumbnail","hentry"],"_links":{"self":[{"href":"https:\/\/medclinics.com\/fr\/wp-json\/wp\/v2\/pages\/148813","targetHints":{"allow":["GET"]}}],"collection":[{"href":"https:\/\/medclinics.com\/fr\/wp-json\/wp\/v2\/pages"}],"about":[{"href":"https:\/\/medclinics.com\/fr\/wp-json\/wp\/v2\/types\/page"}],"author":[{"embeddable":true,"href":"https:\/\/medclinics.com\/fr\/wp-json\/wp\/v2\/users\/4"}],"replies":[{"embeddable":true,"href":"https:\/\/medclinics.com\/fr\/wp-json\/wp\/v2\/comments?post=148813"}],"version-history":[{"count":0,"href":"https:\/\/medclinics.com\/fr\/wp-json\/wp\/v2\/pages\/148813\/revisions"}],"wp:featuredmedia":[{"embeddable":true,"href":"https:\/\/medclinics.com\/fr\/wp-json\/wp\/v2\/media\/121829"}],"wp:attachment":[{"href":"https:\/\/medclinics.com\/fr\/wp-json\/wp\/v2\/media?parent=148813"}],"curies":[{"name":"wp","href":"https:\/\/api.w.org\/{rel}","templated":true}]}}