{"id":148801,"date":"2023-05-15T09:01:00","date_gmt":"2023-05-15T06:01:00","guid":{"rendered":"https:\/\/medclinics.com\/therapie-a-base-de-cellules-souches-pour-les-accidents-vasculaires-cerebraux-un-traitement-revolutionnaire\/"},"modified":"2025-01-03T01:45:03","modified_gmt":"2025-01-02T22:45:03","slug":"therapie-a-base-de-cellules-souches-pour-les-accidents-vasculaires-cerebraux-un-traitement-revolutionnaire","status":"publish","type":"page","link":"https:\/\/medclinics.com\/fr\/therapie-a-base-de-cellules-souches-pour-les-accidents-vasculaires-cerebraux-un-traitement-revolutionnaire\/","title":{"rendered":"Th\u00e9rapie \u00e0 base de cellules souches pour les accidents vasculaires c\u00e9r\u00e9braux &#8211; Un traitement r\u00e9volutionnaire"},"content":{"rendered":"\n<h2 class=\"wp-block-heading\">Si vous \u00eates \u00e0 la recherche du potentiel illimit\u00e9 de la th\u00e9rapie par cellules souches pour l&rsquo;AVC, vous \u00eates au bon endroit !<\/h2>\n\n<p><br\/>L&rsquo;accident vasculaire c\u00e9r\u00e9bral est une maladie qui affecte les art\u00e8res menant au cerveau et \u00e0 l&rsquo;int\u00e9rieur de celui-ci. Cela peut entra\u00eener des l\u00e9sions c\u00e9r\u00e9brales, voire la mort. L&rsquo;AVC survient lorsqu&rsquo;un vaisseau sanguin transportant l&rsquo;oxyg\u00e8ne et les nutriments vers le cerveau est bloqu\u00e9, de sorte qu&rsquo;une partie du cerveau ne peut pas recevoir le sang (et l&rsquo;oxyg\u00e8ne) dont elle a besoin, ce qui entra\u00eene la mort du cerveau et des cellules c\u00e9r\u00e9brales.  <\/p>\n\n<p><strong>Quels sont les types d&rsquo;accidents vasculaires c\u00e9r\u00e9braux ?<\/strong><\/p>\n\n<p>Il existe <strong>deux types principaux d&rsquo;<\/strong> AVC : <strong>isch\u00e9mique <\/strong>et <strong>h\u00e9morragique<\/strong>. L&rsquo;accident vasculaire c\u00e9r\u00e9bral isch\u00e9mique est le plus fr\u00e9quent. Elle survient lorsqu&rsquo;un caillot de sang bloque la circulation sanguine vers le cerveau. Les accidents vasculaires c\u00e9r\u00e9braux h\u00e9morragiques sont moins fr\u00e9quents. Elle survient lorsqu&rsquo;un vaisseau sanguin \u00e9clate dans le cerveau.<\/p>\n\n<p><strong>Les sympt\u00f4mes de l&rsquo;AVC peuvent inclure<\/strong><\/p>\n\n<ul class=\"wp-block-list\">\n<li>Perte soudaine d&rsquo;\u00e9quilibre.<\/li>\n\n\n\n<li>Perte soudaine de la vision d&rsquo;un ou des deux yeux<\/li>\n\n\n\n<li>Paralysie d&rsquo;un c\u00f4t\u00e9<\/li>\n\n\n\n<li>Vertiges<\/li>\n\n\n\n<li>Difficult\u00e9s de d\u00e9glutition<\/li>\n\n\n\n<li>Faiblesse ou incapacit\u00e9 \u00e0 lever les deux bras<\/li>\n\n\n\n<li>Difficult\u00e9 \u00e0 parler\/comprendre<\/li>\n<\/ul>\n\n<p><strong>Qui est expos\u00e9 au risque d&rsquo;accident vasculaire c\u00e9r\u00e9bral ?<\/strong><\/p>\n\n<p>Tout le monde peut \u00eatre victime d&rsquo;un accident vasculaire c\u00e9r\u00e9bral, des enfants aux adultes, mais certaines personnes pr\u00e9sentent un risque plus \u00e9lev\u00e9 que d&rsquo;autres.  <\/p>\n\n<p><strong>Groupe \u00e0 haut risque :<\/strong><\/p>\n\n<ul class=\"wp-block-list\">\n<li><strong>\u00c2ge :<\/strong> le risque d&rsquo;accident vasculaire c\u00e9r\u00e9bral augmente de mani\u00e8re significative apr\u00e8s 55 ans.<\/li>\n\n\n\n<li><strong>Ant\u00e9c\u00e9dents familiaux :<\/strong> Les ant\u00e9c\u00e9dents familiaux d&rsquo;accident vasculaire c\u00e9r\u00e9bral augmentent consid\u00e9rablement le risque.<\/li>\n\n\n\n<li><strong>Accident vasculaire c\u00e9r\u00e9bral (AVC) ou accident vasculaire c\u00e9r\u00e9bral (AIT) ant\u00e9rieur :<\/strong> les personnes qui ont d\u00e9j\u00e0 subi un AVC ou un AIT courent un risque beaucoup plus \u00e9lev\u00e9 d&rsquo;en subir un autre.<\/li>\n<\/ul>\n\n<p><strong>Certaines conditions m\u00e9dicales :<\/strong><\/p>\n\n<ul class=\"wp-block-list\">\n<li>Pression art\u00e9rielle \u00e9lev\u00e9e (hypertension)<\/li>\n\n\n\n<li>Diab\u00e8te<\/li>\n\n\n\n<li>Cholest\u00e9rol \u00e9lev\u00e9<\/li>\n\n\n\n<li>Fibrillation auriculaire (rythme cardiaque irr\u00e9gulier)<\/li>\n\n\n\n<li>Apn\u00e9e du sommeil<\/li>\n\n\n\n<li>St\u00e9nose de l&rsquo;art\u00e8re carotide (r\u00e9tr\u00e9cissement des art\u00e8res du cou)<\/li>\n<\/ul>\n\n<p><strong>Autres facteurs de risque :<\/strong><\/p>\n\n<ul class=\"wp-block-list\">\n<li><strong>Le tabagisme :<\/strong> Le tabagisme augmente consid\u00e9rablement le risque d&rsquo;accident vasculaire c\u00e9r\u00e9bral.<\/li>\n\n\n\n<li><strong>Consommation excessive d&rsquo;alcool :<\/strong> Une consommation excessive d&rsquo;alcool peut contribuer au risque d&rsquo;accident vasculaire c\u00e9r\u00e9bral.<\/li>\n\n\n\n<li><strong>L&rsquo;ob\u00e9sit\u00e9 :<\/strong> Le surpoids et l&rsquo;ob\u00e9sit\u00e9 augmentent le risque d&rsquo;accident vasculaire c\u00e9r\u00e9bral.<\/li>\n\n\n\n<li><strong>La s\u00e9dentarit\u00e9 :<\/strong> Le manque d&rsquo;exercice r\u00e9gulier augmente le risque d&rsquo;accident vasculaire c\u00e9r\u00e9bral.<\/li>\n\n\n\n<li><strong>Une alimentation malsaine :<\/strong> Une alimentation riche en graisses malsaines, en sodium et en sucre peut contribuer au risque d&rsquo;AVC.<\/li>\n\n\n\n<li><strong>Certaines ethnies :<\/strong> Les Afro-Am\u00e9ricains et les Hispaniques pr\u00e9sentent un risque plus \u00e9lev\u00e9 d&rsquo;accident vasculaire c\u00e9r\u00e9bral que les Caucasiens.<\/li>\n\n\n\n<li><strong>Le sexe :<\/strong> Les hommes sont l\u00e9g\u00e8rement plus susceptibles d&rsquo;\u00eatre victimes d&rsquo;un accident vasculaire c\u00e9r\u00e9bral que les femmes.<\/li>\n\n\n\n<li><strong>Hormones<\/strong>: La prise de pilules contraceptives ou de traitements hormonaux \u00e0 base d&rsquo;\u0153strog\u00e8nes peut augmenter le risque.<\/li>\n<\/ul>\n\n<p><strong>Quelle est la fr\u00e9quence des accidents vasculaires c\u00e9r\u00e9braux ?<\/strong><\/p>\n\n<p>Au niveau mondial, les accidents vasculaires c\u00e9r\u00e9braux se classent au deuxi\u00e8me rang des principales causes de d\u00e9c\u00e8s. Aux \u00c9tats-Unis, l&rsquo;accident vasculaire c\u00e9r\u00e9bral est la cinqui\u00e8me cause de d\u00e9c\u00e8s.  <\/p>\n\n<p><strong>Comment diagnostiquer un accident vasculaire c\u00e9r\u00e9bral ?<\/strong><\/p>\n\n<p>Les m\u00e9decins \u00e9valueront les sympt\u00f4mes, effectueront des tests tels que des tomodensitogrammes ou des IRM, et prendront probablement votre tension art\u00e9rielle et v\u00e9rifieront les taux de diab\u00e8te et de cholest\u00e9rol.<\/p>\n\n<p>La <a href=\"https:\/\/www.stemcelltherapy.gen.tr\" target=\"_blank\" rel=\"noopener\">th\u00e9rapie par cellules souches<\/a> est une nouvelle approche du traitement des accidents vasculaires c\u00e9r\u00e9braux. Les cellules souches peuvent devenir n&rsquo;importe quel type de tissu dans le corps. Il est \u00e9galement capable de r\u00e9parer les tissus c\u00e9r\u00e9braux endommag\u00e9s apr\u00e8s un accident vasculaire c\u00e9r\u00e9bral.<\/p>\n\n<p>Les cellules souches utilis\u00e9es pour le traitement de l&rsquo;AVC sont souvent pr\u00e9lev\u00e9es sur le patient lui-m\u00eame ou sur un donneur. Les cellules souches peuvent \u00eatre inject\u00e9es directement dans le cerveau ou administr\u00e9es par voie veineuse.<\/p>\n\n<p>L&rsquo;efficacit\u00e9 de la th\u00e9rapie par cellules souches pour les accidents vasculaires c\u00e9r\u00e9braux est encore \u00e0 l&rsquo;\u00e9tude. Cependant, certaines \u00e9tudes ont montr\u00e9 que la th\u00e9rapie par cellules souches pouvait am\u00e9liorer la r\u00e9cup\u00e9ration apr\u00e8s un accident vasculaire c\u00e9r\u00e9bral.<\/p>\n\n<p>Si vous avez \u00e9t\u00e9 victime d&rsquo;un accident vasculaire c\u00e9r\u00e9bral ou si vous \u00eates pr\u00e9occup\u00e9 par votre risque, il est essentiel de consulter un neurologue. Ils peuvent vous guider \u00e0 travers diff\u00e9rentes options de traitement, y compris des approches prometteuses telles que la th\u00e9rapie par cellules souches, parall\u00e8lement \u00e0 des th\u00e9rapies \u00e9tablies et efficaces.<\/p>\n\n<p>Nous comprenons les difficult\u00e9s caus\u00e9es par un accident vasculaire c\u00e9r\u00e9bral et nous sommes l\u00e0 pour vous soutenir \u00e0 chaque \u00e9tape de votre parcours de r\u00e9tablissement. N&rsquo;h\u00e9sitez pas \u00e0 nous contacter pour obtenir des d\u00e9tails sur les options de traitement, les r\u00e9sultats potentiels et toute autre question que vous pourriez avoir.<\/p>\n\n<p><strong>Contactez-nous d\u00e8s aujourd&rsquo;hui et laissez-nous vous aider \u00e0 trouver le chemin d&rsquo;une meilleure sant\u00e9.<\/strong><\/p>\n\n<h3 class=\"wp-block-heading\">Tout ce que vous devez savoir sur la <a href=\"https:\/\/medclinics.com\/fr\/stem-cell-therapy-2\/\" target=\"_blank\" rel=\"noreferrer noopener\">th\u00e9rapie par les cellules souches<\/a> se trouve ici, <a href=\"#requestform\">contactez-nous<\/a> maintenant !<\/h3>\n\n<figure class=\"wp-block-image size-full\"><img fetchpriority=\"high\" decoding=\"async\" width=\"1450\" height=\"967\" src=\"https:\/\/medclinics.com\/wp-content\/uploads\/2023\/12\/stem-cell-therapy-for-stroke.jpg\" alt=\"Th&#xE9;rapie par cellules souches pour les accidents vasculaires c&#xE9;r&#xE9;braux\" class=\"wp-image-121703\" srcset=\"https:\/\/medclinics.com\/wp-content\/uploads\/2023\/12\/stem-cell-therapy-for-stroke.jpg 1450w, https:\/\/medclinics.com\/wp-content\/uploads\/2023\/12\/stem-cell-therapy-for-stroke-500x333.jpg 500w, https:\/\/medclinics.com\/wp-content\/uploads\/2023\/12\/stem-cell-therapy-for-stroke-1024x683.jpg 1024w, https:\/\/medclinics.com\/wp-content\/uploads\/2023\/12\/stem-cell-therapy-for-stroke-768x512.jpg 768w, https:\/\/medclinics.com\/wp-content\/uploads\/2023\/12\/stem-cell-therapy-for-stroke-24x16.jpg 24w, https:\/\/medclinics.com\/wp-content\/uploads\/2023\/12\/stem-cell-therapy-for-stroke-36x24.jpg 36w, https:\/\/medclinics.com\/wp-content\/uploads\/2023\/12\/stem-cell-therapy-for-stroke-48x32.jpg 48w\" sizes=\"(max-width: 1450px) 100vw, 1450px\" \/><\/figure>\n\n<h2 class=\"wp-block-heading\">FAQ<\/h2>\n<div id=\"rank-math-faq\" class=\"rank-math-block\">\n<div class=\"rank-math-list \">\n<div id=\"faq-question-1703761598775\" class=\"rank-math-list-item\">\n<h3 class=\"rank-math-question \"><strong>Quels sont les sympt\u00f4mes de l&rsquo;AVC ?<\/strong><\/h3>\n<div class=\"rank-math-answer \">\n\n<p>Perte soudaine d&rsquo;\u00e9quilibre, perte soudaine de la vision d&rsquo;un ou des deux yeux, paralysie d&rsquo;un c\u00f4t\u00e9, vertiges, difficult\u00e9s \u00e0 avaler, faiblesse ou incapacit\u00e9 \u00e0 lever les deux bras, difficult\u00e9s \u00e0 parler\/comprendre.<\/p>\n\n<\/div>\n<\/div>\n<div id=\"faq-question-1703763322438\" class=\"rank-math-list-item\">\n<h3 class=\"rank-math-question \"><strong>Quels sont les facteurs de risque de l&rsquo;AVC ?<\/strong> <\/h3>\n<div class=\"rank-math-answer \">\n\n<p>L&rsquo;\u00e2ge, les ant\u00e9c\u00e9dents familiaux, l&rsquo;hypertension art\u00e9rielle, le diab\u00e8te, l&rsquo;hypercholest\u00e9rol\u00e9mie, le tabagisme, l&rsquo;ob\u00e9sit\u00e9 et l&rsquo;inactivit\u00e9 physique sont quelques-uns des principaux facteurs.<\/p>\n\n<\/div>\n<\/div>\n<div id=\"faq-question-1703763335220\" class=\"rank-math-list-item\">\n<h3 class=\"rank-math-question \"><strong>Puis-je pr\u00e9venir les accidents vasculaires c\u00e9r\u00e9braux ?<\/strong><\/h3>\n<div class=\"rank-math-answer \">\n\n<p>Absolument ! Il est essentiel de g\u00e9rer les facteurs de risque en adoptant un mode de vie sain (alimentation saine, exercice physique r\u00e9gulier, absence de tabagisme, contr\u00f4le de la tension art\u00e9rielle). Des examens r\u00e9guliers sont \u00e9galement importants.<\/p>\n\n<\/div>\n<\/div>\n<\/div>\n<\/div>\n<h3 class=\"wp-block-heading\">Contactez-nous d\u00e8s maintenant si vous avez des questions !<\/h3>\n","protected":false},"excerpt":{"rendered":"<p>Si vous \u00eates \u00e0 la recherche du potentiel illimit\u00e9 de la th\u00e9rapie par cellules souches pour l&rsquo;AVC, vous \u00eates au [&hellip;]<\/p>\n","protected":false},"author":4,"featured_media":121722,"parent":0,"menu_order":0,"comment_status":"closed","ping_status":"closed","template":"","meta":{"site-sidebar-layout":"default","site-content-layout":"","ast-site-content-layout":"default","site-content-style":"default","site-sidebar-style":"default","ast-global-header-display":"","ast-banner-title-visibility":"","ast-main-header-display":"","ast-hfb-above-header-display":"","ast-hfb-below-header-display":"","ast-hfb-mobile-header-display":"","site-post-title":"","ast-breadcrumbs-content":"","ast-featured-img":"","footer-sml-layout":"","ast-disable-related-posts":"","theme-transparent-header-meta":"","adv-header-id-meta":"","stick-header-meta":"","header-above-stick-meta":"","header-main-stick-meta":"","header-below-stick-meta":"","astra-migrate-meta-layouts":"default","ast-page-background-enabled":"default","ast-page-background-meta":{"desktop":{"background-color":"var(--ast-global-color-4)","background-image":"","background-repeat":"repeat","background-position":"center center","background-size":"auto","background-attachment":"scroll","background-type":"","background-media":"","overlay-type":"","overlay-color":"","overlay-opacity":"","overlay-gradient":""},"tablet":{"background-color":"","background-image":"","background-repeat":"repeat","background-position":"center center","background-size":"auto","background-attachment":"scroll","background-type":"","background-media":"","overlay-type":"","overlay-color":"","overlay-opacity":"","overlay-gradient":""},"mobile":{"background-color":"","background-image":"","background-repeat":"repeat","background-position":"center center","background-size":"auto","background-attachment":"scroll","background-type":"","background-media":"","overlay-type":"","overlay-color":"","overlay-opacity":"","overlay-gradient":""}},"ast-content-background-meta":{"desktop":{"background-color":"var(--ast-global-color-5)","background-image":"","background-repeat":"repeat","background-position":"center center","background-size":"auto","background-attachment":"scroll","background-type":"","background-media":"","overlay-type":"","overlay-color":"","overlay-opacity":"","overlay-gradient":""},"tablet":{"background-color":"var(--ast-global-color-5)","background-image":"","background-repeat":"repeat","background-position":"center center","background-size":"auto","background-attachment":"scroll","background-type":"","background-media":"","overlay-type":"","overlay-color":"","overlay-opacity":"","overlay-gradient":""},"mobile":{"background-color":"var(--ast-global-color-5)","background-image":"","background-repeat":"repeat","background-position":"center center","background-size":"auto","background-attachment":"scroll","background-type":"","background-media":"","overlay-type":"","overlay-color":"","overlay-opacity":"","overlay-gradient":""}},"footnotes":""},"class_list":["post-148801","page","type-page","status-publish","has-post-thumbnail","hentry"],"_links":{"self":[{"href":"https:\/\/medclinics.com\/fr\/wp-json\/wp\/v2\/pages\/148801","targetHints":{"allow":["GET"]}}],"collection":[{"href":"https:\/\/medclinics.com\/fr\/wp-json\/wp\/v2\/pages"}],"about":[{"href":"https:\/\/medclinics.com\/fr\/wp-json\/wp\/v2\/types\/page"}],"author":[{"embeddable":true,"href":"https:\/\/medclinics.com\/fr\/wp-json\/wp\/v2\/users\/4"}],"replies":[{"embeddable":true,"href":"https:\/\/medclinics.com\/fr\/wp-json\/wp\/v2\/comments?post=148801"}],"version-history":[{"count":0,"href":"https:\/\/medclinics.com\/fr\/wp-json\/wp\/v2\/pages\/148801\/revisions"}],"wp:featuredmedia":[{"embeddable":true,"href":"https:\/\/medclinics.com\/fr\/wp-json\/wp\/v2\/media\/121722"}],"wp:attachment":[{"href":"https:\/\/medclinics.com\/fr\/wp-json\/wp\/v2\/media?parent=148801"}],"curies":[{"name":"wp","href":"https:\/\/api.w.org\/{rel}","templated":true}]}}