{"id":148761,"date":"2025-02-07T09:01:00","date_gmt":"2025-02-07T06:01:00","guid":{"rendered":"https:\/\/medclinics.com\/therapie-par-cellules-souches-pour-le-diabete-un-nouvel-espoir-de-guerison\/"},"modified":"2025-01-03T01:37:37","modified_gmt":"2025-01-02T22:37:37","slug":"therapie-par-cellules-souches-pour-le-diabete-un-nouvel-espoir-de-guerison","status":"publish","type":"page","link":"https:\/\/medclinics.com\/fr\/therapie-par-cellules-souches-pour-le-diabete-un-nouvel-espoir-de-guerison\/","title":{"rendered":"Th\u00e9rapie par cellules souches pour le diab\u00e8te &#8211; Un nouvel espoir de gu\u00e9rison"},"content":{"rendered":"\n<h2 class=\"wp-block-heading\">Si vous \u00eates \u00e0 la recherche des possibilit\u00e9s illimit\u00e9es de la th\u00e9rapie par cellules souches pour le diab\u00e8te, vous \u00eates au bon endroit.<\/h2>\n\n<p><br\/>Le diab\u00e8te est une maladie chronique qui survient lorsque le pancr\u00e9as ne produit pas suffisamment d&rsquo;insuline ou que l&rsquo;organisme ne peut pas utiliser efficacement l&rsquo;insuline qu&rsquo;il produit. L&rsquo;insuline est une hormone qui r\u00e9gule la glyc\u00e9mie.<\/p>\n\n<p><strong>Il existe trois types de diab\u00e8te :<\/strong><\/p>\n\n<ul class=\"wp-block-list\">\n<li><strong>Type 1 :<\/strong> L&rsquo;organisme s&rsquo;attaque \u00e0 lui-m\u00eame et arr\u00eate la production d&rsquo;insuline. A besoin d&rsquo;une insuline quotidienne (5-10%).<\/li>\n\n\n\n<li><strong>Type 2 :<\/strong> L&rsquo;organisme n&rsquo;utilise pas bien l&rsquo;insuline, ce qui entra\u00eene une hyperglyc\u00e9mie. Habituellement observ\u00e9e chez les adultes (90-95%). Il est possible de la pr\u00e9venir en modifiant son mode de vie (perte de poids, alimentation saine et exercice physique).<\/li>\n\n\n\n<li><strong>Gestationnel :<\/strong> Se d\u00e9veloppe pendant la grossesse, dispara\u00eet g\u00e9n\u00e9ralement apr\u00e8s la naissance, mais augmente le risque de diab\u00e8te de type 2 pour la m\u00e8re et le b\u00e9b\u00e9.<\/li>\n<\/ul>\n\n<p>Le diab\u00e8te est un probl\u00e8me de sant\u00e9 mondial important dont les taux de mortalit\u00e9 augmentent.<\/p>\n\n<ul class=\"wp-block-list\">\n<li>1,5 million de d\u00e9c\u00e8s directement caus\u00e9s par le diab\u00e8te.<\/li>\n\n\n\n<li>48 % des d\u00e9c\u00e8s dus au diab\u00e8te surviennent avant l&rsquo;\u00e2ge de 70 ans.<\/li>\n\n\n\n<li>460 000 d\u00e9c\u00e8s dus \u00e0 des maladies r\u00e9nales sont attribu\u00e9s au diab\u00e8te.<\/li>\n\n\n\n<li>20 % des d\u00e9c\u00e8s d&rsquo;origine cardiovasculaire sont li\u00e9s \u00e0 une \u00e9l\u00e9vation du taux de sucre dans le sang.<\/li>\n<\/ul>\n\n<p><strong>Les sympt\u00f4mes du diab\u00e8te sont les suivants :<\/strong><\/p>\n\n<ul class=\"wp-block-list\">\n<li><strong>Fatigue :<\/strong> Se sentir fatigu\u00e9 ou \u00e9puis\u00e9, m\u00eame apr\u00e8s une bonne nuit de sommeil.<\/li>\n\n\n\n<li><strong>Soif excessive : <\/strong>La personne a soif en permanence, m\u00eame si elle boit beaucoup de liquides.<\/li>\n\n\n\n<li>Mictions fr\u00e9quentes : Besoin d&rsquo;uriner plus souvent, surtout la nuit.<\/li>\n\n\n\n<li><strong>Faim accrue<\/strong>: Sensation de faim permanente, m\u00eame apr\u00e8s un repas.<\/li>\n\n\n\n<li><strong>Vision floue :<\/strong> Vision floue, surtout le matin.<\/li>\n\n\n\n<li><strong>Plaies \u00e0 cicatrisation lente<\/strong>: Les blessures gu\u00e9rissent plus lentement que d&rsquo;habitude.<\/li>\n<\/ul>\n\n<p><strong>Comment pr\u00e9venir le diab\u00e8te<\/strong>:<\/p>\n\n<ul class=\"wp-block-list\">\n<li><strong>Maintenir un poids sain.<\/strong>  Si vous \u00eates en surpoids ou ob\u00e8se, perdre ne serait-ce qu&rsquo;un peu de poids peut contribuer \u00e0 r\u00e9duire votre risque de diab\u00e8te de type 2.<\/li>\n\n\n\n<li><strong>Faites de l&rsquo;exercice r\u00e9guli\u00e8rement.<\/strong>  Essayez de faire au moins 30 minutes d&rsquo;exercice la plupart des jours de la semaine.<\/li>\n\n\n\n<li><strong>Manger sainement.<\/strong>  Choisissez beaucoup de fruits, de l\u00e9gumes et de c\u00e9r\u00e9ales compl\u00e8tes. Limitez les aliments transform\u00e9s, les boissons sucr\u00e9es et les mauvaises graisses.<\/li>\n\n\n\n<li><strong>Ne fumez pas.<\/strong>  Le tabagisme augmente le risque de diab\u00e8te de type 2 et d&rsquo;autres probl\u00e8mes de sant\u00e9.<\/li>\n<\/ul>\n\n<p><strong>Le diab\u00e8te est plus fr\u00e9quent dans les groupes de personnes suivants :<\/strong><\/p>\n\n<ul class=\"wp-block-list\">\n<li><strong>Les ant\u00e9c\u00e9dents familiaux :<\/strong> Si votre famille a des ant\u00e9c\u00e9dents de diab\u00e8te, vous \u00eates plus susceptible de souffrir de cette maladie.<\/li>\n\n\n\n<li><strong>\u00c2ge :<\/strong> le diab\u00e8te est plus fr\u00e9quent chez les personnes \u00e2g\u00e9es.<\/li>\n\n\n\n<li>Le <strong>poids :<\/strong> si vous \u00eates en surpoids ou ob\u00e8se, vous \u00eates plus susceptible de d\u00e9velopper un diab\u00e8te.<\/li>\n\n\n\n<li><strong>L&rsquo;exercice :<\/strong> L&rsquo;exercice physique r\u00e9duit le risque de diab\u00e8te.<\/li>\n\n\n\n<li><strong>L&rsquo;alimentation :<\/strong> Si vous consommez beaucoup d&rsquo;aliments et de boissons sucr\u00e9s, vous \u00eates plus susceptible de d\u00e9velopper un diab\u00e8te.<\/li>\n\n\n\n<li><strong>L&rsquo;ethnie :<\/strong> Les personnes appartenant \u00e0 certains groupes ethniques, tels que les Asiatiques du Sud, les Africains et les Hispaniques, sont plus susceptibles de d\u00e9velopper un diab\u00e8te.<\/li>\n\n\n\n<li><strong>La grossesse :<\/strong> Le fait de d\u00e9velopper un diab\u00e8te gestationnel pendant la grossesse peut augmenter le risque de d\u00e9velopper un diab\u00e8te plus tard dans la vie.<\/li>\n<\/ul>\n\n<p>Pour de nombreuses personnes, la gestion du diab\u00e8te est un d\u00e9fi quotidien. Il n&rsquo;existe pas de traitement curatif et les traitements actuels peuvent \u00eatre co\u00fbteux et peu pratiques. Mais il y a de l&rsquo;espoir : la <a href=\"https:\/\/www.stemcelltherapy.gen.tr\" target=\"_blank\" rel=\"noopener\">th\u00e9rapie par cellules souches<\/a> pour le diab\u00e8te.<\/p>\n\n<p>Les cellules souches sont des cellules sp\u00e9ciales qui peuvent se d\u00e9velopper en diff\u00e9rents types de cellules, y compris les cellules b\u00eata productrices d&rsquo;insuline. Les cellules b\u00eata sont essentielles pour r\u00e9guler le taux de sucre dans le sang. Ainsi, en utilisant la th\u00e9rapie par cellules souches pour le diab\u00e8te, il est possible de produire des cellules productrices d&rsquo;insuline.<\/p>\n\n<p><strong>Nous sommes l\u00e0 pour vous soutenir dans ce voyage<\/strong> avec la th\u00e9rapie par cellules souches pour le diab\u00e8te.<\/p>\n\n<p>Ensemble, nous pouvons lutter contre le diab\u00e8te et r\u00e9\u00e9crire l&rsquo;histoire de cette maladie. Gr\u00e2ce \u00e0 la th\u00e9rapie par cellules souches pour le diab\u00e8te, un avenir o\u00f9 le diab\u00e8te est une affection g\u00e9rable et non une maladie mortelle est \u00e0 port\u00e9e de main.<\/p>\n\n<h3 class=\"wp-block-heading\">Tout ce que vous devez savoir sur la <a href=\"https:\/\/medclinics.com\/fr\/stem-cell-therapy-2\/\" target=\"_blank\" rel=\"noreferrer noopener\">th\u00e9rapie par les cellules souches<\/a> se trouve ici, <a href=\"#requestform\">contactez-nous<\/a> maintenant !<\/h3>\n\n<figure class=\"wp-block-image size-full\"><img fetchpriority=\"high\" decoding=\"async\" width=\"1450\" height=\"967\" src=\"https:\/\/medclinics.com\/wp-content\/uploads\/2023\/12\/stem-cell-therapy-for-diabetes-1.jpg\" alt=\"Th&#xE9;rapie par cellules souches pour le diab&#xE8;te\" class=\"wp-image-120698\" srcset=\"https:\/\/medclinics.com\/wp-content\/uploads\/2023\/12\/stem-cell-therapy-for-diabetes-1.jpg 1450w, https:\/\/medclinics.com\/wp-content\/uploads\/2023\/12\/stem-cell-therapy-for-diabetes-1-500x333.jpg 500w, https:\/\/medclinics.com\/wp-content\/uploads\/2023\/12\/stem-cell-therapy-for-diabetes-1-1024x683.jpg 1024w, https:\/\/medclinics.com\/wp-content\/uploads\/2023\/12\/stem-cell-therapy-for-diabetes-1-768x512.jpg 768w, https:\/\/medclinics.com\/wp-content\/uploads\/2023\/12\/stem-cell-therapy-for-diabetes-1-24x16.jpg 24w, https:\/\/medclinics.com\/wp-content\/uploads\/2023\/12\/stem-cell-therapy-for-diabetes-1-36x24.jpg 36w, https:\/\/medclinics.com\/wp-content\/uploads\/2023\/12\/stem-cell-therapy-for-diabetes-1-48x32.jpg 48w\" sizes=\"(max-width: 1450px) 100vw, 1450px\" \/><\/figure>\n\n<h2 class=\"wp-block-heading\">FAQ<\/h2>\n<div id=\"rank-math-faq\" class=\"rank-math-block\">\n<div class=\"rank-math-list \">\n<div id=\"faq-question-1703751857227\" class=\"rank-math-list-item\">\n<h3 class=\"rank-math-question \">Quels sont les sympt\u00f4mes du diab\u00e8te ?<\/h3>\n<div class=\"rank-math-answer \">\n\n<p>Fatigue, soif excessive, miction fr\u00e9quente, faim accrue, vision trouble, plaies \u00e0 cicatrisation lente.<\/p>\n\n<\/div>\n<\/div>\n<div id=\"faq-question-1703752168388\" class=\"rank-math-list-item\">\n<h3 class=\"rank-math-question \">Quel doit \u00eatre le taux de glyc\u00e9mie ?<\/h3>\n<div class=\"rank-math-answer \">\n\n<p>Les personnes dont la glyc\u00e9mie \u00e0 jeun est sup\u00e9rieure ou \u00e9gale \u00e0 126 mg\/dL et dont la glyc\u00e9mie al\u00e9atoire est sup\u00e9rieure ou \u00e9gale \u00e0 200 mg\/dL peuvent \u00eatre atteintes de diab\u00e8te. Il faut consulter un professionnel de la sant\u00e9 le plus rapidement possible.<\/p>\n\n<\/div>\n<\/div>\n<\/div>\n<\/div>\n<h3 class=\"wp-block-heading\">Contactez-nous d\u00e8s maintenant si vous avez des questions !<\/h3>\n","protected":false},"excerpt":{"rendered":"<p>Si vous \u00eates \u00e0 la recherche des possibilit\u00e9s illimit\u00e9es de la th\u00e9rapie par cellules souches pour le diab\u00e8te, vous \u00eates [&hellip;]<\/p>\n","protected":false},"author":4,"featured_media":121634,"parent":0,"menu_order":0,"comment_status":"closed","ping_status":"closed","template":"","meta":{"site-sidebar-layout":"default","site-content-layout":"","ast-site-content-layout":"default","site-content-style":"default","site-sidebar-style":"default","ast-global-header-display":"","ast-banner-title-visibility":"","ast-main-header-display":"","ast-hfb-above-header-display":"","ast-hfb-below-header-display":"","ast-hfb-mobile-header-display":"","site-post-title":"","ast-breadcrumbs-content":"","ast-featured-img":"","footer-sml-layout":"","ast-disable-related-posts":"","theme-transparent-header-meta":"","adv-header-id-meta":"","stick-header-meta":"","header-above-stick-meta":"","header-main-stick-meta":"","header-below-stick-meta":"","astra-migrate-meta-layouts":"default","ast-page-background-enabled":"default","ast-page-background-meta":{"desktop":{"background-color":"var(--ast-global-color-4)","background-image":"","background-repeat":"repeat","background-position":"center center","background-size":"auto","background-attachment":"scroll","background-type":"","background-media":"","overlay-type":"","overlay-color":"","overlay-opacity":"","overlay-gradient":""},"tablet":{"background-color":"","background-image":"","background-repeat":"repeat","background-position":"center center","background-size":"auto","background-attachment":"scroll","background-type":"","background-media":"","overlay-type":"","overlay-color":"","overlay-opacity":"","overlay-gradient":""},"mobile":{"background-color":"","background-image":"","background-repeat":"repeat","background-position":"center center","background-size":"auto","background-attachment":"scroll","background-type":"","background-media":"","overlay-type":"","overlay-color":"","overlay-opacity":"","overlay-gradient":""}},"ast-content-background-meta":{"desktop":{"background-color":"var(--ast-global-color-5)","background-image":"","background-repeat":"repeat","background-position":"center center","background-size":"auto","background-attachment":"scroll","background-type":"","background-media":"","overlay-type":"","overlay-color":"","overlay-opacity":"","overlay-gradient":""},"tablet":{"background-color":"var(--ast-global-color-5)","background-image":"","background-repeat":"repeat","background-position":"center center","background-size":"auto","background-attachment":"scroll","background-type":"","background-media":"","overlay-type":"","overlay-color":"","overlay-opacity":"","overlay-gradient":""},"mobile":{"background-color":"var(--ast-global-color-5)","background-image":"","background-repeat":"repeat","background-position":"center center","background-size":"auto","background-attachment":"scroll","background-type":"","background-media":"","overlay-type":"","overlay-color":"","overlay-opacity":"","overlay-gradient":""}},"footnotes":""},"class_list":["post-148761","page","type-page","status-publish","has-post-thumbnail","hentry"],"_links":{"self":[{"href":"https:\/\/medclinics.com\/fr\/wp-json\/wp\/v2\/pages\/148761","targetHints":{"allow":["GET"]}}],"collection":[{"href":"https:\/\/medclinics.com\/fr\/wp-json\/wp\/v2\/pages"}],"about":[{"href":"https:\/\/medclinics.com\/fr\/wp-json\/wp\/v2\/types\/page"}],"author":[{"embeddable":true,"href":"https:\/\/medclinics.com\/fr\/wp-json\/wp\/v2\/users\/4"}],"replies":[{"embeddable":true,"href":"https:\/\/medclinics.com\/fr\/wp-json\/wp\/v2\/comments?post=148761"}],"version-history":[{"count":0,"href":"https:\/\/medclinics.com\/fr\/wp-json\/wp\/v2\/pages\/148761\/revisions"}],"wp:featuredmedia":[{"embeddable":true,"href":"https:\/\/medclinics.com\/fr\/wp-json\/wp\/v2\/media\/121634"}],"wp:attachment":[{"href":"https:\/\/medclinics.com\/fr\/wp-json\/wp\/v2\/media?parent=148761"}],"curies":[{"name":"wp","href":"https:\/\/api.w.org\/{rel}","templated":true}]}}