{"id":148743,"date":"2025-02-07T10:32:00","date_gmt":"2025-02-07T07:32:00","guid":{"rendered":"https:\/\/medclinics.com\/la-therapie-par-cellules-souches-pour-la-bpco-un-traitement-revolutionnaire\/"},"modified":"2025-01-03T01:39:28","modified_gmt":"2025-01-02T22:39:28","slug":"la-therapie-par-cellules-souches-pour-la-bpco-un-traitement-revolutionnaire","status":"publish","type":"page","link":"https:\/\/medclinics.com\/fr\/la-therapie-par-cellules-souches-pour-la-bpco-un-traitement-revolutionnaire\/","title":{"rendered":"La th\u00e9rapie par cellules souches pour la BPCO : un traitement r\u00e9volutionnaire"},"content":{"rendered":"\n<h2 class=\"wp-block-heading\">Si vous \u00eates \u00e0 la recherche des possibilit\u00e9s illimit\u00e9es de la th\u00e9rapie par cellules souches pour la BPCO, vous \u00eates au bon endroit.<\/h2>\n\n<p><br\/>L&rsquo;arthrite est une affection articulaire courante et durable qui touche des millions de personnes dans le monde. <strong>La BPCO est une maladie pulmonaire qui rend la respiration difficile.<\/strong>  Elle est caus\u00e9e par des l\u00e9sions des voies respiratoires et des sacs d&rsquo;air dans les poumons.<\/p>\n\n<p><strong>Il existe deux types principaux de BPCO :<\/strong><\/p>\n\n<ul class=\"wp-block-list\">\n<li><strong>Emphys\u00e8me<\/strong>: Il s&rsquo;agit d&rsquo;une maladie qui entra\u00eene une perte d&rsquo;\u00e9lasticit\u00e9 des sacs d&rsquo;air dans les poumons. Les poumons ont alors du mal \u00e0 \u00e9changer l&rsquo;oxyg\u00e8ne et le dioxyde de carbone, ce qui peut entra\u00eener un essoufflement.<\/li>\n\n\n\n<li><strong>Bronchite chronique : <\/strong>Les tubes qui am\u00e8nent l&rsquo;air \u00e0 l&rsquo;int\u00e9rieur et \u00e0 l&rsquo;ext\u00e9rieur s&rsquo;enflamment et sont obstru\u00e9s par du mucus.<\/li>\n<\/ul>\n\n<p><strong>Cela rend la respiration difficile, souvent \u00e0 partir de l&rsquo;\u00e2ge moyen et s&rsquo;aggrave avec le temps si l&rsquo;on fume.<\/strong>  Heureusement, m\u00eame si la maladie ne peut pas \u00eatre gu\u00e9rie, un traitement peut aider \u00e0 la ma\u00eetriser.<\/p>\n\n<p><strong>Quelle est la fr\u00e9quence de la BPCO ?<\/strong><\/p>\n\n<p>La BPCO est une maladie courante qui touche environ <strong>15 \u00e0 20 % des adultes<\/strong> de plus de 40 ans.<\/p>\n\n<p><strong>Selon l&rsquo;\u00e9tude Global Burden of Disease Study, la BPCO est responsable de 2,9 millions de d\u00e9c\u00e8s chaque ann\u00e9e.<\/strong>  La BPCO est aujourd&rsquo;hui la troisi\u00e8me cause de d\u00e9c\u00e8s dans le monde, repr\u00e9sentant 5,5 % de l&rsquo;ensemble des d\u00e9c\u00e8s.<\/p>\n\n<p><strong>Quels sont les facteurs \u00e0 l&rsquo;origine de la maladie ?<\/strong><\/p>\n\n<ul class=\"wp-block-list\">\n<li>Le <strong>tabagisme<\/strong>: Il a \u00e9t\u00e9 rapport\u00e9 que le tabagisme est responsable de 80 \u00e0 90 % du d\u00e9veloppement de la BPCO, que le risque de d\u00e9velopper une BPCO est 9,7 \u00e0 30 fois plus \u00e9lev\u00e9 que chez les non-fumeurs, et que le tabagisme est responsable de 85 % des d\u00e9c\u00e8s dus \u00e0 la BPCO chez les hommes et de 69 % chez les femmes.<\/li>\n\n\n\n<li><strong>Le tabagisme passif :<\/strong> On sait que l&rsquo;exposition \u00e0 la fum\u00e9e de cigarette pendant plus de 40 heures par semaine et pendant plus de 5 ans augmente de 50 % le risque de d\u00e9velopper une BPCO.<\/li>\n\n\n\n<li><strong>Exposition \u00e0 la poussi\u00e8re, \u00e0 la fum\u00e9e et \u00e0 divers gaz sur le lieu de travail<\/strong><\/li>\n\n\n\n<li><strong>Pollution de l&rsquo;air int\u00e9rieur<\/strong><\/li>\n\n\n\n<li><strong>Pollution de l&rsquo;air<\/strong><\/li>\n\n\n\n<li>Le <strong>sexe<\/strong>: La maladie est plus fr\u00e9quente chez les hommes que chez les femmes.<\/li>\n<\/ul>\n\n<p><strong>Les sympt\u00f4mes de la BPCO sont les suivants<\/strong><\/p>\n\n<ul class=\"wp-block-list\">\n<li>Essoufflement<\/li>\n\n\n\n<li>Toux<\/li>\n\n\n\n<li>Expectoration<\/li>\n<\/ul>\n\n<p>Ces cellules sp\u00e9ciales ont le potentiel de reconstruire les poumons endommag\u00e9s, ce qui constitue une nouvelle approche prometteuse dans la lutte contre la BPCO. La th\u00e9rapie par cellules souches pour la copd peut r\u00e9g\u00e9n\u00e9rer le tissu pulmonaire et potentiellement r\u00e9parer les sacs a\u00e9riens et les voies respiratoires, facilitant ainsi la respiration et am\u00e9liorant la qualit\u00e9 de vie.<\/p>\n\n<p><strong>Vous n&rsquo;\u00eates pas seul \u00e0 faire face aux d\u00e9fis de la BPCO.<\/strong><\/p>\n\n<p>Nous sommes <strong>l\u00e0 pour vous soutenir dans ce voyage<\/strong> <strong>avec la th\u00e9rapie par cellules souches pour la BPCO<\/strong>.<\/p>\n\n<p><strong>\n  <strong>Luttons ensemble contre la BPCO<\/strong>\n<\/strong>. Lib\u00e9rons le potentiel de la th\u00e9rapie par cellules souches et r\u00e9\u00e9crivons l&rsquo;histoire de la BPCO avec la th\u00e9rapie par cellules souches pour la BPCO. Il est temps de r\u00e9cup\u00e9rer votre fonction pulmonaire et d&rsquo;envisager un avenir rempli de respirations plus profondes et de possibilit\u00e9s renouvel\u00e9es.<\/p>\n\n<h3 class=\"wp-block-heading\">Tout ce que vous devez savoir sur la <a href=\"https:\/\/medclinics.com\/fr\/stem-cell-therapy-2\/\" target=\"_blank\" rel=\"noreferrer noopener\">th\u00e9rapie par les cellules souches<\/a> se trouve ici, <a href=\"#requestform\">contactez-nous<\/a> maintenant !<\/h3>\n\n<figure class=\"wp-block-image size-full\"><img fetchpriority=\"high\" decoding=\"async\" width=\"1450\" height=\"967\" src=\"https:\/\/medclinics.com\/wp-content\/uploads\/2023\/12\/stem-cell-therapy-for-copd.jpg\" alt=\"Th&#xE9;rapie par cellules souches pour la dystrophie musculaire chronique\" class=\"wp-image-120625\" srcset=\"https:\/\/medclinics.com\/wp-content\/uploads\/2023\/12\/stem-cell-therapy-for-copd.jpg 1450w, https:\/\/medclinics.com\/wp-content\/uploads\/2023\/12\/stem-cell-therapy-for-copd-500x333.jpg 500w, https:\/\/medclinics.com\/wp-content\/uploads\/2023\/12\/stem-cell-therapy-for-copd-1024x683.jpg 1024w, https:\/\/medclinics.com\/wp-content\/uploads\/2023\/12\/stem-cell-therapy-for-copd-768x512.jpg 768w, https:\/\/medclinics.com\/wp-content\/uploads\/2023\/12\/stem-cell-therapy-for-copd-24x16.jpg 24w, https:\/\/medclinics.com\/wp-content\/uploads\/2023\/12\/stem-cell-therapy-for-copd-36x24.jpg 36w, https:\/\/medclinics.com\/wp-content\/uploads\/2023\/12\/stem-cell-therapy-for-copd-48x32.jpg 48w\" sizes=\"(max-width: 1450px) 100vw, 1450px\" \/><\/figure>\n\n<h2 class=\"wp-block-heading\">FAQ<\/h2>\n<div id=\"rank-math-faq\" class=\"rank-math-block\">\n<div class=\"rank-math-list \">\n<div id=\"faq-question-1703500283273\" class=\"rank-math-list-item\">\n<h3 class=\"rank-math-question \">Comment reconna\u00eetre l&rsquo;apparition d&rsquo;une BPCO ?<\/h3>\n<div class=\"rank-math-answer \">\n\n<p><strong>Une toux l\u00e9g\u00e8re accompagn\u00e9e d&rsquo;une petite quantit\u00e9 de mucosit\u00e9s peut \u00eatre un signe pr\u00e9coce de la BPCO.<\/strong> La raison la plus importante du retard de diagnostic de la BPCO est que les fumeurs consid\u00e8rent la toux et les mucosit\u00e9s comme normales.<br \/><strong>Si vous fumez et que vous vous plaignez de toux et de mucosit\u00e9s, vous devriez absolument consulter un pneumologue.<\/strong><\/p>\n\n<\/div>\n<\/div>\n<div id=\"faq-question-1703500306543\" class=\"rank-math-list-item\">\n<h3 class=\"rank-math-question \">Les patients atteints de BPCO peuvent-ils se r\u00e9tablir ?<\/h3>\n<div class=\"rank-math-answer \">\n\n<p>Un diagnostic pr\u00e9coce de la BPCO, l&rsquo;arr\u00eat du tabac et l&rsquo;utilisation r\u00e9guli\u00e8re de m\u00e9dicaments peuvent pr\u00e9venir la progression de la maladie. Quel que soit le niveau de la BPCO, l&rsquo;arr\u00eat du tabac a un effet positif sur l&rsquo;\u00e9volution de la maladie<strong>.<\/strong><\/p>\n\n<\/div>\n<\/div>\n<\/div>\n<\/div>\n<h3 class=\"wp-block-heading\">Contactez-nous d\u00e8s maintenant si vous avez des questions !<\/h3>\n","protected":false},"excerpt":{"rendered":"<p>Si vous \u00eates \u00e0 la recherche des possibilit\u00e9s illimit\u00e9es de la th\u00e9rapie par cellules souches pour la BPCO, vous \u00eates [&hellip;]<\/p>\n","protected":false},"author":4,"featured_media":120639,"parent":0,"menu_order":0,"comment_status":"closed","ping_status":"closed","template":"","meta":{"site-sidebar-layout":"default","site-content-layout":"","ast-site-content-layout":"default","site-content-style":"default","site-sidebar-style":"default","ast-global-header-display":"","ast-banner-title-visibility":"","ast-main-header-display":"","ast-hfb-above-header-display":"","ast-hfb-below-header-display":"","ast-hfb-mobile-header-display":"","site-post-title":"","ast-breadcrumbs-content":"","ast-featured-img":"","footer-sml-layout":"","ast-disable-related-posts":"","theme-transparent-header-meta":"","adv-header-id-meta":"","stick-header-meta":"","header-above-stick-meta":"","header-main-stick-meta":"","header-below-stick-meta":"","astra-migrate-meta-layouts":"default","ast-page-background-enabled":"default","ast-page-background-meta":{"desktop":{"background-color":"var(--ast-global-color-4)","background-image":"","background-repeat":"repeat","background-position":"center center","background-size":"auto","background-attachment":"scroll","background-type":"","background-media":"","overlay-type":"","overlay-color":"","overlay-opacity":"","overlay-gradient":""},"tablet":{"background-color":"","background-image":"","background-repeat":"repeat","background-position":"center center","background-size":"auto","background-attachment":"scroll","background-type":"","background-media":"","overlay-type":"","overlay-color":"","overlay-opacity":"","overlay-gradient":""},"mobile":{"background-color":"","background-image":"","background-repeat":"repeat","background-position":"center center","background-size":"auto","background-attachment":"scroll","background-type":"","background-media":"","overlay-type":"","overlay-color":"","overlay-opacity":"","overlay-gradient":""}},"ast-content-background-meta":{"desktop":{"background-color":"var(--ast-global-color-5)","background-image":"","background-repeat":"repeat","background-position":"center center","background-size":"auto","background-attachment":"scroll","background-type":"","background-media":"","overlay-type":"","overlay-color":"","overlay-opacity":"","overlay-gradient":""},"tablet":{"background-color":"var(--ast-global-color-5)","background-image":"","background-repeat":"repeat","background-position":"center center","background-size":"auto","background-attachment":"scroll","background-type":"","background-media":"","overlay-type":"","overlay-color":"","overlay-opacity":"","overlay-gradient":""},"mobile":{"background-color":"var(--ast-global-color-5)","background-image":"","background-repeat":"repeat","background-position":"center center","background-size":"auto","background-attachment":"scroll","background-type":"","background-media":"","overlay-type":"","overlay-color":"","overlay-opacity":"","overlay-gradient":""}},"footnotes":""},"class_list":["post-148743","page","type-page","status-publish","has-post-thumbnail","hentry"],"_links":{"self":[{"href":"https:\/\/medclinics.com\/fr\/wp-json\/wp\/v2\/pages\/148743","targetHints":{"allow":["GET"]}}],"collection":[{"href":"https:\/\/medclinics.com\/fr\/wp-json\/wp\/v2\/pages"}],"about":[{"href":"https:\/\/medclinics.com\/fr\/wp-json\/wp\/v2\/types\/page"}],"author":[{"embeddable":true,"href":"https:\/\/medclinics.com\/fr\/wp-json\/wp\/v2\/users\/4"}],"replies":[{"embeddable":true,"href":"https:\/\/medclinics.com\/fr\/wp-json\/wp\/v2\/comments?post=148743"}],"version-history":[{"count":0,"href":"https:\/\/medclinics.com\/fr\/wp-json\/wp\/v2\/pages\/148743\/revisions"}],"wp:featuredmedia":[{"embeddable":true,"href":"https:\/\/medclinics.com\/fr\/wp-json\/wp\/v2\/media\/120639"}],"wp:attachment":[{"href":"https:\/\/medclinics.com\/fr\/wp-json\/wp\/v2\/media?parent=148743"}],"curies":[{"name":"wp","href":"https:\/\/api.w.org\/{rel}","templated":true}]}}