{"id":148729,"date":"2023-05-21T08:53:00","date_gmt":"2023-05-21T05:53:00","guid":{"rendered":"https:\/\/medclinics.com\/therapie-par-cellules-souches-pour-la-sla-maladie-de-lou-gehrig-un-traitement-qui-change-la-vie\/"},"modified":"2025-01-03T01:39:16","modified_gmt":"2025-01-02T22:39:16","slug":"therapie-par-cellules-souches-pour-la-sla-maladie-de-lou-gehrig-un-traitement-qui-change-la-vie","status":"publish","type":"page","link":"https:\/\/medclinics.com\/fr\/therapie-par-cellules-souches-pour-la-sla-maladie-de-lou-gehrig-un-traitement-qui-change-la-vie\/","title":{"rendered":"Th\u00e9rapie par cellules souches pour la SLA (maladie de Lou Gehrig) : Un traitement qui change la vie"},"content":{"rendered":"\n<h2 class=\"wp-block-heading\">Si vous \u00eates \u00e0 la recherche des possibilit\u00e9s illimit\u00e9es de la th\u00e9rapie par cellules souches pour la SLA, vous \u00eates au bon endroit.<\/h2>\n\n<p><strong>La SLA (<strong>scl\u00e9rose lat\u00e9rale amyotrophique<\/strong>)<\/strong> est une maladie neurod\u00e9g\u00e9n\u00e9rative progressive qui affecte le syst\u00e8me nerveux central. Elle survient lorsque les cellules nerveuses du cerveau et de la moelle \u00e9pini\u00e8re, responsables des mouvements musculaires, sont endommag\u00e9es.<\/p>\n\n<p><strong>Quels sont les sympt\u00f4mes de la SLA ?<\/strong><\/p>\n\n<ul class=\"wp-block-list\">\n<li>Faiblesse des bras, des jambes ou du visage<\/li>\n\n\n\n<li>Raideur musculaire<\/li>\n\n\n\n<li>Tremblements<\/li>\n\n\n\n<li>Troubles de la parole ou de la d\u00e9glutition<\/li>\n\n\n\n<li>Difficult\u00e9s respiratoires<\/li>\n<\/ul>\n\n<p><strong>Qui est expos\u00e9 au risque de SLA ?<\/strong><\/p>\n\n<ul class=\"wp-block-list\">\n<li><strong>\u00c2ge :<\/strong> le risque de SLA augmente r\u00e9guli\u00e8rement avec l&rsquo;\u00e2ge, pour atteindre son maximum entre 60 et le milieu des ann\u00e9es 80.<\/li>\n\n\n\n<li><strong>Le sexe :<\/strong> Les hommes sont l\u00e9g\u00e8rement plus susceptibles que les femmes de d\u00e9velopper la SLA.<\/li>\n\n\n\n<li><strong>Ant\u00e9c\u00e9dents familiaux :<\/strong> Le fait d&rsquo;avoir un membre de la famille proche atteint de la SLA augmente votre risque.<\/li>\n<\/ul>\n\n<p><strong><br\/>Comment la SLA est-elle diagnostiqu\u00e9e ?<\/strong><\/p>\n\n<ul class=\"wp-block-list\">\n<li>Electromyographie (EMG)<\/li>\n\n\n\n<li>\u00c9tudes de conduction nerveuse<\/li>\n\n\n\n<li>Imagerie par r\u00e9sonance magn\u00e9tique (IRM)<\/li>\n\n\n\n<li>Analyses de sang et d&rsquo;urine<\/li>\n\n\n\n<li>Ponction lombaire (PL)<\/li>\n\n\n\n<li>Biopsie musculaire<\/li>\n<\/ul>\n\n<p>Actuellement, il n&rsquo;existe pas de traitement curatif de la SLA, mais la <a href=\"https:\/\/www.stemcelltherapy.gen.tr\" data-type=\"link\" data-id=\"https:\/\/www.stemcelltherapy.gen.tr\" target=\"_blank\" rel=\"noopener\">th\u00e9rapie par cellules souches<\/a> pour la SLA appara\u00eet comme une option th\u00e9rapeutique potentielle prometteuse. Les cellules souches sont des cellules uniques qui peuvent se d\u00e9velopper en diff\u00e9rents types de cellules, y compris les neurones moteurs. L&rsquo;espoir est que la th\u00e9rapie par cellules souches pour la SLA puisse aider \u00e0 r\u00e9g\u00e9n\u00e9rer les motoneurones endommag\u00e9s dans le cerveau et la moelle \u00e9pini\u00e8re, ce qui pourrait ralentir la progression de la SLA et am\u00e9liorer les sympt\u00f4mes.<\/p>\n\n<p>Si vous \u00eates confront\u00e9 aux d\u00e9fis de la SLA, vous n&rsquo;\u00eates pas seul. Bien qu&rsquo;il n&rsquo;existe pas encore de rem\u00e8de, des progr\u00e8s passionnants, comme la th\u00e9rapie par cellules souches pour la SLA, offrent une lueur d&rsquo;espoir.<\/p>\n\n<p><strong>Nous sommes l\u00e0 pour vous aider :<\/strong><\/p>\n\n<p>Contactez-nous pour obtenir des informations sur le processus de traitement, les consid\u00e9rations de s\u00e9curit\u00e9 et les essais cliniques en cours. Ensemble, nous pouvons faire ce voyage et explorer l&rsquo;espoir qu&rsquo;offre la th\u00e9rapie \u00e0 base de cellules souches.<\/p>\n\n<p><strong>Ensemble, lib\u00e9rons le pouvoir des cellules souches et r\u00e9\u00e9crivons l&rsquo;histoire de l&rsquo;arthrite. D\u00e9passons la douleur et embrassons l&rsquo;avenirNous pouvons travailler ensemble pour lutter contre la SLA. La th\u00e9rapie par cellules souches nous donne l&rsquo;espoir d&rsquo;un avenir o\u00f9 nous retrouverons nos mouvements et notre force. Surmontons les d\u00e9fis de la SLA et accueillons une histoire pleine de nouvelles possibilit\u00e9s.<\/strong><\/p>\n\n<h3 class=\"wp-block-heading\">Tout ce que vous devez savoir sur la <a href=\"https:\/\/medclinics.com\/fr\/stem-cell-therapy-2\/\" target=\"_blank\" rel=\"noreferrer noopener\">th\u00e9rapie par les cellules souches<\/a> se trouve ici, <a href=\"#requestform\">contactez-nous<\/a> maintenant !<\/h3>\n\n<figure class=\"wp-block-image size-full\"><img fetchpriority=\"high\" decoding=\"async\" width=\"1450\" height=\"967\" src=\"https:\/\/medclinics.com\/wp-content\/uploads\/2023\/12\/stem-cell-therapy-for-als.jpg\" alt=\"th&#xE9;rapie par cellules souches pour l'als\" class=\"wp-image-120580\" srcset=\"https:\/\/medclinics.com\/wp-content\/uploads\/2023\/12\/stem-cell-therapy-for-als.jpg 1450w, https:\/\/medclinics.com\/wp-content\/uploads\/2023\/12\/stem-cell-therapy-for-als-500x333.jpg 500w, https:\/\/medclinics.com\/wp-content\/uploads\/2023\/12\/stem-cell-therapy-for-als-1024x683.jpg 1024w, https:\/\/medclinics.com\/wp-content\/uploads\/2023\/12\/stem-cell-therapy-for-als-768x512.jpg 768w, https:\/\/medclinics.com\/wp-content\/uploads\/2023\/12\/stem-cell-therapy-for-als-24x16.jpg 24w, https:\/\/medclinics.com\/wp-content\/uploads\/2023\/12\/stem-cell-therapy-for-als-36x24.jpg 36w, https:\/\/medclinics.com\/wp-content\/uploads\/2023\/12\/stem-cell-therapy-for-als-48x32.jpg 48w\" sizes=\"(max-width: 1450px) 100vw, 1450px\" \/><\/figure>\n\n<h3 class=\"wp-block-heading\">Contactez-nous d\u00e8s maintenant si vous avez des questions !<\/h3>\n","protected":false},"excerpt":{"rendered":"<p>Si vous \u00eates \u00e0 la recherche des possibilit\u00e9s illimit\u00e9es de la th\u00e9rapie par cellules souches pour la SLA, vous \u00eates [&hellip;]<\/p>\n","protected":false},"author":4,"featured_media":120587,"parent":0,"menu_order":0,"comment_status":"closed","ping_status":"closed","template":"","meta":{"site-sidebar-layout":"default","site-content-layout":"","ast-site-content-layout":"default","site-content-style":"default","site-sidebar-style":"default","ast-global-header-display":"","ast-banner-title-visibility":"","ast-main-header-display":"","ast-hfb-above-header-display":"","ast-hfb-below-header-display":"","ast-hfb-mobile-header-display":"","site-post-title":"","ast-breadcrumbs-content":"","ast-featured-img":"","footer-sml-layout":"","ast-disable-related-posts":"","theme-transparent-header-meta":"","adv-header-id-meta":"","stick-header-meta":"","header-above-stick-meta":"","header-main-stick-meta":"","header-below-stick-meta":"","astra-migrate-meta-layouts":"default","ast-page-background-enabled":"default","ast-page-background-meta":{"desktop":{"background-color":"var(--ast-global-color-4)","background-image":"","background-repeat":"repeat","background-position":"center center","background-size":"auto","background-attachment":"scroll","background-type":"","background-media":"","overlay-type":"","overlay-color":"","overlay-opacity":"","overlay-gradient":""},"tablet":{"background-color":"","background-image":"","background-repeat":"repeat","background-position":"center center","background-size":"auto","background-attachment":"scroll","background-type":"","background-media":"","overlay-type":"","overlay-color":"","overlay-opacity":"","overlay-gradient":""},"mobile":{"background-color":"","background-image":"","background-repeat":"repeat","background-position":"center center","background-size":"auto","background-attachment":"scroll","background-type":"","background-media":"","overlay-type":"","overlay-color":"","overlay-opacity":"","overlay-gradient":""}},"ast-content-background-meta":{"desktop":{"background-color":"var(--ast-global-color-5)","background-image":"","background-repeat":"repeat","background-position":"center center","background-size":"auto","background-attachment":"scroll","background-type":"","background-media":"","overlay-type":"","overlay-color":"","overlay-opacity":"","overlay-gradient":""},"tablet":{"background-color":"var(--ast-global-color-5)","background-image":"","background-repeat":"repeat","background-position":"center center","background-size":"auto","background-attachment":"scroll","background-type":"","background-media":"","overlay-type":"","overlay-color":"","overlay-opacity":"","overlay-gradient":""},"mobile":{"background-color":"var(--ast-global-color-5)","background-image":"","background-repeat":"repeat","background-position":"center center","background-size":"auto","background-attachment":"scroll","background-type":"","background-media":"","overlay-type":"","overlay-color":"","overlay-opacity":"","overlay-gradient":""}},"footnotes":""},"class_list":["post-148729","page","type-page","status-publish","has-post-thumbnail","hentry"],"_links":{"self":[{"href":"https:\/\/medclinics.com\/fr\/wp-json\/wp\/v2\/pages\/148729","targetHints":{"allow":["GET"]}}],"collection":[{"href":"https:\/\/medclinics.com\/fr\/wp-json\/wp\/v2\/pages"}],"about":[{"href":"https:\/\/medclinics.com\/fr\/wp-json\/wp\/v2\/types\/page"}],"author":[{"embeddable":true,"href":"https:\/\/medclinics.com\/fr\/wp-json\/wp\/v2\/users\/4"}],"replies":[{"embeddable":true,"href":"https:\/\/medclinics.com\/fr\/wp-json\/wp\/v2\/comments?post=148729"}],"version-history":[{"count":0,"href":"https:\/\/medclinics.com\/fr\/wp-json\/wp\/v2\/pages\/148729\/revisions"}],"wp:featuredmedia":[{"embeddable":true,"href":"https:\/\/medclinics.com\/fr\/wp-json\/wp\/v2\/media\/120587"}],"wp:attachment":[{"href":"https:\/\/medclinics.com\/fr\/wp-json\/wp\/v2\/media?parent=148729"}],"curies":[{"name":"wp","href":"https:\/\/api.w.org\/{rel}","templated":true}]}}