{"id":148715,"date":"2023-05-20T07:06:00","date_gmt":"2023-05-20T04:06:00","guid":{"rendered":"https:\/\/medclinics.com\/la-therapie-par-cellules-souches-pour-la-maladie-de-parkinson-un-traitement-revolutionnaire\/"},"modified":"2025-01-03T01:45:03","modified_gmt":"2025-01-02T22:45:03","slug":"la-therapie-par-cellules-souches-pour-la-maladie-de-parkinson-un-traitement-revolutionnaire","status":"publish","type":"page","link":"https:\/\/medclinics.com\/fr\/la-therapie-par-cellules-souches-pour-la-maladie-de-parkinson-un-traitement-revolutionnaire\/","title":{"rendered":"La th\u00e9rapie par cellules souches pour la maladie de Parkinson : Un traitement r\u00e9volutionnaire"},"content":{"rendered":"\n<p>\u00a0<\/p>\n\n<h2 class=\"wp-block-heading\">Si vous \u00eates \u00e0 la recherche du potentiel infini de la th\u00e9rapie par cellules souches pour le traitement de la maladie de Parkinson, vous \u00eates au bon endroit !<\/h2>\n\n<p><br\/>La maladie de Parkinson est une affection neurod\u00e9g\u00e9n\u00e9rative qui affecte les mouvements, la coordination et l&rsquo;\u00e9quilibre. Elle est caus\u00e9e par la mort des cellules productrices de dopamine dans le cerveau. La dopamine est un neurotransmetteur qui aide \u00e0 contr\u00f4ler les mouvements.<\/p>\n\n<p><strong>Les sympt\u00f4mes de la maladie de Parkinson peuvent \u00eatre les suivants :<\/strong><\/p>\n\n<ul class=\"wp-block-list\">\n<li>Ralentissement des mouvements<\/li>\n\n\n\n<li>Raideur musculaire<\/li>\n\n\n\n<li>Alt\u00e9ration de la posture et de l&rsquo;\u00e9quilibre<\/li>\n\n\n\n<li>Tremblements<\/li>\n\n\n\n<li>Douleur<\/li>\n\n\n\n<li>D\u00e9pression<\/li>\n\n\n\n<li>Probl\u00e8mes de sommeil<\/li>\n<\/ul>\n\n<p><strong>Qui est expos\u00e9 au risque de maladie de Parkinson ?<\/strong><\/p>\n\n<ul class=\"wp-block-list\">\n<li><strong>\u00c2ge :<\/strong> le risque de d\u00e9velopper la maladie de Parkinson augmente avec l&rsquo;\u00e2ge.<\/li>\n\n\n\n<li><strong>Ant\u00e9c\u00e9dents familiaux :<\/strong> Les personnes ayant des ant\u00e9c\u00e9dents familiaux de maladie de Parkinson sont plus susceptibles de d\u00e9velopper la maladie elles-m\u00eames.<\/li>\n\n\n\n<li><strong>Le sexe :<\/strong> Les hommes sont plus susceptibles de d\u00e9velopper la maladie de Parkinson que les femmes.<\/li>\n\n\n\n<li><strong>Facteurs environnementaux :<\/strong> L&rsquo;exposition \u00e0 certains facteurs environnementaux, tels que les pesticides ou les herbicides, peut augmenter le risque de maladie de Parkinson.<\/li>\n<\/ul>\n\n<p>Il n&rsquo;existe actuellement aucun traitement pour cette maladie. Cependant, il existe un certain nombre de traitements qui peuvent aider \u00e0 g\u00e9rer les sympt\u00f4mes. Il s&rsquo;agit notamment de<\/p>\n\n<ul class=\"wp-block-list\">\n<li>M\u00e9dicaments<\/li>\n\n\n\n<li>Op\u00e9rations<\/li>\n\n\n\n<li>M\u00e9decine physique et r\u00e9adaptation<\/li>\n\n\n\n<li>Ergoth\u00e9rapie<\/li>\n<\/ul>\n\n<p><strong>La<a href=\"https:\/\/www.stemcelltherapy.gen.tr\/\" target=\"_blank\" rel=\"noopener\">th\u00e9rapie par cellules souches<\/a> est une nouvelle option th\u00e9rapeutique prometteuse pour cette maladie.<\/strong> Les cellules souches sont des cellules indiff\u00e9renci\u00e9es qui ont le potentiel de se d\u00e9velopper en n&rsquo;importe quel type de cellule du corps. Lorsque les cellules souches sont introduites dans le cerveau, elles remplacent les cellules productrices de dopamine endommag\u00e9es. En utilisant la th\u00e9rapie par cellules souches pour cette maladie, il est possible de la ralentir, de l&rsquo;arr\u00eater compl\u00e8tement et m\u00eame de l&rsquo;am\u00e9liorer.<\/p>\n\n<p>Un diagnostic pr\u00e9coce et un \u00e2ge plus jeune peuvent avoir un impact positif sur les r\u00e9sultats du traitement.<\/p>\n\n<p>Si vous cherchez un traitement pour la maladie de Parkinson, consultez un neurologue. Ils peuvent expliquer les options th\u00e9rapeutiques telles que la th\u00e9rapie par cellules souches, ainsi que d&rsquo;autres th\u00e9rapies \u00e9prouv\u00e9es. Nous nous r\u00e9jouissons de pouvoir vous guider. Contactez-nous pour obtenir des informations sur le processus de traitement et les r\u00e9sultats.<\/p>\n\n<p><strong>Avec les cellules souches, r\u00e9\u00e9crivons l&rsquo;histoire de la maladie de Parkinson.  <\/strong><\/p>\n\n<h3 class=\"wp-block-heading\">Tout ce que vous devez savoir sur la <a href=\"https:\/\/medclinics.com\/fr\/stem-cell-therapy-2\/\" target=\"_blank\" rel=\"noreferrer noopener\">th\u00e9rapie par les cellules souches<\/a> se trouve ici, <a href=\"#requestform\">contactez-nous<\/a> maintenant !<\/h3>\n\n<figure class=\"wp-block-image size-full\"><img fetchpriority=\"high\" decoding=\"async\" width=\"1450\" height=\"967\" class=\"wp-image-120230\" src=\"https:\/\/medclinics.com\/wp-content\/uploads\/2023\/12\/stem-cell-therapy-for-parkinsons-disease.jpg\" alt=\"Th&#xE9;rapie &#xE0; base de cellules souches pour la maladie de Parkinson\" srcset=\"https:\/\/medclinics.com\/wp-content\/uploads\/2023\/12\/stem-cell-therapy-for-parkinsons-disease.jpg 1450w, https:\/\/medclinics.com\/wp-content\/uploads\/2023\/12\/stem-cell-therapy-for-parkinsons-disease-500x333.jpg 500w, https:\/\/medclinics.com\/wp-content\/uploads\/2023\/12\/stem-cell-therapy-for-parkinsons-disease-1024x683.jpg 1024w, https:\/\/medclinics.com\/wp-content\/uploads\/2023\/12\/stem-cell-therapy-for-parkinsons-disease-768x512.jpg 768w, https:\/\/medclinics.com\/wp-content\/uploads\/2023\/12\/stem-cell-therapy-for-parkinsons-disease-24x16.jpg 24w, https:\/\/medclinics.com\/wp-content\/uploads\/2023\/12\/stem-cell-therapy-for-parkinsons-disease-36x24.jpg 36w, https:\/\/medclinics.com\/wp-content\/uploads\/2023\/12\/stem-cell-therapy-for-parkinsons-disease-48x32.jpg 48w\" sizes=\"(max-width: 1450px) 100vw, 1450px\" \/><\/figure>\n\n<h2 class=\"wp-block-heading\">FAQ<\/h2>\n<div id=\"rank-math-faq\" class=\"rank-math-block\">\n<div class=\"rank-math-list \">\n<div id=\"faq-question-1703488525403\" class=\"rank-math-list-item\">\n<h3 class=\"rank-math-question \">Comment reconna\u00eetre la maladie de Parkinson ?<\/h3>\n<div class=\"rank-math-answer \">\n\n<p>La maladie de Parkinson est un trouble neurologique qui provoque des mouvements lents, des tremblements, des raideurs musculaires et des troubles de l&rsquo;\u00e9quilibre. Les sympt\u00f4mes apparaissent g\u00e9n\u00e9ralement d&rsquo;un c\u00f4t\u00e9 du corps et s&rsquo;\u00e9tendent progressivement \u00e0 l&rsquo;autre c\u00f4t\u00e9.<\/p>\n\n<\/div>\n<\/div>\n<div id=\"faq-question-1703488548977\" class=\"rank-math-list-item\">\n<h3 class=\"rank-math-question \"><strong>Quand la maladie de Parkinson se manifeste-t-elle g\u00e9n\u00e9ralement ?<\/strong><\/h3>\n<div class=\"rank-math-answer \">\n\n<p><strong>La maladie de Parkinson survient g\u00e9n\u00e9ralement entre 40 et 70 ans. Elle est tr\u00e8s rare dans les groupes d&rsquo;\u00e2ge plus jeunes. Lorsqu&rsquo;elle survient dans des groupes d&rsquo;\u00e2ge plus jeunes, elle est presque toujours due \u00e0 la g\u00e9n\u00e9tique.<\/strong><\/p>\n\n<\/div>\n<\/div>\n<div id=\"faq-question-1703488637791\" class=\"rank-math-list-item\">\n<h3 class=\"rank-math-question \"><strong>La maladie de Parkinson est-elle une maladie g\u00e9n\u00e9tique ?<\/strong><\/h3>\n<div class=\"rank-math-answer \">\n\n<p>Il existe une tendance g\u00e9n\u00e9tique. Cependant, le fait d&rsquo;avoir des g\u00e8nes de la maladie de Parkinson ne signifie pas toujours que l&rsquo;on est atteint de la maladie. Les facteurs environnementaux sont \u00e9galement tr\u00e8s importants<\/p>\n\n<\/div>\n<\/div>\n<\/div>\n<\/div>\n<h3 class=\"wp-block-heading\">Contactez-nous d\u00e8s maintenant si vous avez des questions !<\/h3>\n","protected":false},"excerpt":{"rendered":"<p>\u00a0 Si vous \u00eates \u00e0 la recherche du potentiel infini de la th\u00e9rapie par cellules souches pour le traitement de [&hellip;]<\/p>\n","protected":false},"author":4,"featured_media":120223,"parent":0,"menu_order":0,"comment_status":"closed","ping_status":"closed","template":"","meta":{"site-sidebar-layout":"default","site-content-layout":"","ast-site-content-layout":"default","site-content-style":"default","site-sidebar-style":"default","ast-global-header-display":"","ast-banner-title-visibility":"","ast-main-header-display":"","ast-hfb-above-header-display":"","ast-hfb-below-header-display":"","ast-hfb-mobile-header-display":"","site-post-title":"","ast-breadcrumbs-content":"","ast-featured-img":"","footer-sml-layout":"","ast-disable-related-posts":"","theme-transparent-header-meta":"","adv-header-id-meta":"","stick-header-meta":"","header-above-stick-meta":"","header-main-stick-meta":"","header-below-stick-meta":"","astra-migrate-meta-layouts":"default","ast-page-background-enabled":"default","ast-page-background-meta":{"desktop":{"background-color":"var(--ast-global-color-4)","background-image":"","background-repeat":"repeat","background-position":"center center","background-size":"auto","background-attachment":"scroll","background-type":"","background-media":"","overlay-type":"","overlay-color":"","overlay-opacity":"","overlay-gradient":""},"tablet":{"background-color":"","background-image":"","background-repeat":"repeat","background-position":"center center","background-size":"auto","background-attachment":"scroll","background-type":"","background-media":"","overlay-type":"","overlay-color":"","overlay-opacity":"","overlay-gradient":""},"mobile":{"background-color":"","background-image":"","background-repeat":"repeat","background-position":"center center","background-size":"auto","background-attachment":"scroll","background-type":"","background-media":"","overlay-type":"","overlay-color":"","overlay-opacity":"","overlay-gradient":""}},"ast-content-background-meta":{"desktop":{"background-color":"var(--ast-global-color-5)","background-image":"","background-repeat":"repeat","background-position":"center center","background-size":"auto","background-attachment":"scroll","background-type":"","background-media":"","overlay-type":"","overlay-color":"","overlay-opacity":"","overlay-gradient":""},"tablet":{"background-color":"var(--ast-global-color-5)","background-image":"","background-repeat":"repeat","background-position":"center center","background-size":"auto","background-attachment":"scroll","background-type":"","background-media":"","overlay-type":"","overlay-color":"","overlay-opacity":"","overlay-gradient":""},"mobile":{"background-color":"var(--ast-global-color-5)","background-image":"","background-repeat":"repeat","background-position":"center center","background-size":"auto","background-attachment":"scroll","background-type":"","background-media":"","overlay-type":"","overlay-color":"","overlay-opacity":"","overlay-gradient":""}},"footnotes":""},"class_list":["post-148715","page","type-page","status-publish","has-post-thumbnail","hentry"],"_links":{"self":[{"href":"https:\/\/medclinics.com\/fr\/wp-json\/wp\/v2\/pages\/148715","targetHints":{"allow":["GET"]}}],"collection":[{"href":"https:\/\/medclinics.com\/fr\/wp-json\/wp\/v2\/pages"}],"about":[{"href":"https:\/\/medclinics.com\/fr\/wp-json\/wp\/v2\/types\/page"}],"author":[{"embeddable":true,"href":"https:\/\/medclinics.com\/fr\/wp-json\/wp\/v2\/users\/4"}],"replies":[{"embeddable":true,"href":"https:\/\/medclinics.com\/fr\/wp-json\/wp\/v2\/comments?post=148715"}],"version-history":[{"count":0,"href":"https:\/\/medclinics.com\/fr\/wp-json\/wp\/v2\/pages\/148715\/revisions"}],"wp:featuredmedia":[{"embeddable":true,"href":"https:\/\/medclinics.com\/fr\/wp-json\/wp\/v2\/media\/120223"}],"wp:attachment":[{"href":"https:\/\/medclinics.com\/fr\/wp-json\/wp\/v2\/media?parent=148715"}],"curies":[{"name":"wp","href":"https:\/\/api.w.org\/{rel}","templated":true}]}}