{"id":148693,"date":"2025-02-07T10:48:00","date_gmt":"2025-02-07T07:48:00","guid":{"rendered":"https:\/\/medclinics.com\/la-therapie-par-cellules-souches-pour-lautisme-un-traitement-revolutionnaire\/"},"modified":"2025-01-03T01:37:37","modified_gmt":"2025-01-02T22:37:37","slug":"la-therapie-par-cellules-souches-pour-lautisme-un-traitement-revolutionnaire","status":"publish","type":"page","link":"https:\/\/medclinics.com\/fr\/la-therapie-par-cellules-souches-pour-lautisme-un-traitement-revolutionnaire\/","title":{"rendered":"La th\u00e9rapie par cellules souches pour l&rsquo;autisme : Un traitement r\u00e9volutionnaire"},"content":{"rendered":"\n<h2 class=\"wp-block-heading\">Si vous \u00eates \u00e0 la recherche des possibilit\u00e9s illimit\u00e9es de la th\u00e9rapie par cellules souches pour le traitement de l&rsquo;autisme, vous \u00eates au bon endroit.<\/h2>\n\n<p><br\/>L&rsquo;autisme est un trouble du d\u00e9veloppement dans lequel la communication sociale, l&rsquo;interaction et le comportement sont affect\u00e9s de mani\u00e8re n\u00e9gative. L&rsquo;autisme appara\u00eet g\u00e9n\u00e9ralement au cours des trois premi\u00e8res ann\u00e9es de la vie et se caract\u00e9rise par les sympt\u00f4mes suivants :<\/p>\n\n<ul class=\"wp-block-list\">\n<li>Difficult\u00e9s dans les interactions et les relations sociales.<\/li>\n\n\n\n<li>Contact visuel et expressions faciales limit\u00e9s.<\/li>\n\n\n\n<li>Mouvements ou activit\u00e9s r\u00e9p\u00e9titifs (par exemple, battre des mains, se balancer).<\/li>\n\n\n\n<li>Attachement inhabituel \u00e0 des objets.<\/li>\n\n\n\n<li>R\u00e9actions inhabituelles ou intenses aux stimuli sensoriels (par exemple, lumi\u00e8res, sons, textures).<\/li>\n\n\n\n<li>D\u00e9fis dans le d\u00e9veloppement et le maintien des relations avec les pairs.<\/li>\n\n\n\n<li>Difficult\u00e9 \u00e0 comprendre les \u00e9motions des autres et \u00e0 y r\u00e9pondre.<\/li>\n<\/ul>\n\n<p>La <a href=\"https:\/\/medclinics.com\/fr\/\">th\u00e9rapie par cellules souches<\/a> pour l&rsquo;autisme est une option th\u00e9rapeutique potentielle. Les cellules souches sont des cellules sp\u00e9ciales qui peuvent se transformer en n&rsquo;importe quel type de cellule du corps. Chez les personnes autistes, le d\u00e9veloppement et le fonctionnement des cellules nerveuses du cerveau peuvent \u00eatre alt\u00e9r\u00e9s. La th\u00e9rapie par cellules souches pour l&rsquo;autisme peut contribuer \u00e0 am\u00e9liorer la production et la fonction des cellules nerveuses dans le cerveau.<\/p>\n\n<p>La th\u00e9rapie par cellules souches pour l&rsquo;autisme peut aider \u00e0 am\u00e9liorer les sympt\u00f4mes suivants<\/p>\n\n<ul class=\"wp-block-list\">\n<li>Interaction sociale<\/li>\n\n\n\n<li>Communication<\/li>\n\n\n\n<li>Comportement<\/li>\n\n\n\n<li>Apprentissage<\/li>\n<\/ul>\n\n<p>Si vous cherchez un traitement pour l&rsquo;autisme, consultez un m\u00e9decin sp\u00e9cialis\u00e9 dans les troubles du d\u00e9veloppement neurologique. Ils peuvent expliquer les options th\u00e9rapeutiques telles que la th\u00e9rapie par cellules souches, ainsi que d&rsquo;autres th\u00e9rapies \u00e9prouv\u00e9es. N&rsquo;oubliez pas que l&rsquo;autisme est unique pour chaque personne. Nous nous r\u00e9jouissons de pouvoir vous guider. Contactez-nous pour obtenir des informations sur le processus de traitement et les r\u00e9sultats.<\/p>\n\n<p><strong>Ensemble, lib\u00e9rons le pouvoir des cellules souches et r\u00e9\u00e9crivons l&rsquo;histoire de l&rsquo;arthrite. D\u00e9passons la douleur et embrassons un avenir rempli de mobilit\u00e9, de joie et de nouvelles possibilit\u00e9s.<\/strong><\/p>\n\n<h3 class=\"wp-block-heading\">Tout ce que vous devez savoir sur la th\u00e9rapie par les cellules souches se trouve ici, <a href=\"#requestform\">contactez-nous maintenant<\/a> !<\/h3>\n\n<figure class=\"wp-block-image size-full\"><img fetchpriority=\"high\" decoding=\"async\" width=\"1450\" height=\"967\" src=\"https:\/\/medclinics.com\/wp-content\/uploads\/2023\/12\/stem-cell-therapy-for-autism.jpg\" alt=\"Th&#xE9;rapie par cellules souches pour l'autisme\" class=\"wp-image-120167\" srcset=\"https:\/\/medclinics.com\/wp-content\/uploads\/2023\/12\/stem-cell-therapy-for-autism.jpg 1450w, https:\/\/medclinics.com\/wp-content\/uploads\/2023\/12\/stem-cell-therapy-for-autism-500x333.jpg 500w, https:\/\/medclinics.com\/wp-content\/uploads\/2023\/12\/stem-cell-therapy-for-autism-1024x683.jpg 1024w, https:\/\/medclinics.com\/wp-content\/uploads\/2023\/12\/stem-cell-therapy-for-autism-768x512.jpg 768w, https:\/\/medclinics.com\/wp-content\/uploads\/2023\/12\/stem-cell-therapy-for-autism-24x16.jpg 24w, https:\/\/medclinics.com\/wp-content\/uploads\/2023\/12\/stem-cell-therapy-for-autism-36x24.jpg 36w, https:\/\/medclinics.com\/wp-content\/uploads\/2023\/12\/stem-cell-therapy-for-autism-48x32.jpg 48w\" sizes=\"(max-width: 1450px) 100vw, 1450px\" \/><\/figure>\n\n<h2 class=\"wp-block-heading\">FAQ<\/h2>\n<div id=\"rank-math-faq\" class=\"rank-math-block\">\n<div class=\"rank-math-list \">\n<div id=\"faq-question-1704264282082\" class=\"rank-math-list-item\">\n<h3 class=\"rank-math-question \"><strong>Quels sont les sympt\u00f4mes de l&rsquo;autisme ?<\/strong><\/h3>\n<div class=\"rank-math-answer \">\n\n<p>L&rsquo;autisme affecte chaque personne diff\u00e9remment, mais les exp\u00e9riences les plus courantes sont les suivantes : difficult\u00e9s \u00e0 avoir des interactions sociales et \u00e0 parler, \u00e0 s&rsquo;engager dans des activit\u00e9s r\u00e9p\u00e9titives, \u00e0 avoir des int\u00e9r\u00eats \u00e9troits, \u00e0 se sentir excessivement sensible \u00e0 la vue, aux sons ou aux textures, \u00e0 \u00eatre tr\u00e8s actif ou passif, \u00e0 trouver le changement difficile et \u00e0 faire face \u00e0 des d\u00e9fis en mati\u00e8re d&rsquo;apprentissage et de traitement de l&rsquo;information.<\/p>\n\n<\/div>\n<\/div>\n<div id=\"faq-question-1704264407051\" class=\"rank-math-list-item\">\n<h3 class=\"rank-math-question \"><strong>Qu&rsquo;est-ce que la th\u00e9rapie par cellules souches ?<\/strong><\/h3>\n<div class=\"rank-math-answer \">\n\n<p>La th\u00e9rapie par cellules souches est un type de traitement qui utilise des cellules souches pour r\u00e9parer ou remplacer des tissus endommag\u00e9s ou malades. Les cellules souches sont des cellules indiff\u00e9renci\u00e9es qui ont le potentiel de se d\u00e9velopper en n&rsquo;importe quel type de cellule du corps.<\/p>\n\n<\/div>\n<\/div>\n<div id=\"faq-question-1704264335340\" class=\"rank-math-list-item\">\n<h3 class=\"rank-math-question \"><strong>Comment la th\u00e9rapie par cellules souches fonctionne-t-elle pour l&rsquo;autisme ?<\/strong><\/h3>\n<div class=\"rank-math-answer \">\n\n<p>Les cellules souches pourraient aider \u00e0 r\u00e9parer ou \u00e0 remplacer les neurones endommag\u00e9s dans le cerveau, ce qui permettrait d&rsquo;am\u00e9liorer les interactions sociales, la communication et le comportement.<\/p>\n\n<\/div>\n<\/div>\n<\/div>\n<\/div>\n<h3 class=\"wp-block-heading\">Contactez-nous d\u00e8s maintenant si vous avez des questions !<\/h3>\n","protected":false},"excerpt":{"rendered":"<p>Si vous \u00eates \u00e0 la recherche des possibilit\u00e9s illimit\u00e9es de la th\u00e9rapie par cellules souches pour le traitement de l&rsquo;autisme, [&hellip;]<\/p>\n","protected":false},"author":4,"featured_media":120151,"parent":0,"menu_order":0,"comment_status":"closed","ping_status":"closed","template":"","meta":{"site-sidebar-layout":"default","site-content-layout":"","ast-site-content-layout":"default","site-content-style":"default","site-sidebar-style":"default","ast-global-header-display":"","ast-banner-title-visibility":"","ast-main-header-display":"","ast-hfb-above-header-display":"","ast-hfb-below-header-display":"","ast-hfb-mobile-header-display":"","site-post-title":"","ast-breadcrumbs-content":"","ast-featured-img":"","footer-sml-layout":"","ast-disable-related-posts":"","theme-transparent-header-meta":"","adv-header-id-meta":"","stick-header-meta":"","header-above-stick-meta":"","header-main-stick-meta":"","header-below-stick-meta":"","astra-migrate-meta-layouts":"default","ast-page-background-enabled":"default","ast-page-background-meta":{"desktop":{"background-color":"var(--ast-global-color-4)","background-image":"","background-repeat":"repeat","background-position":"center center","background-size":"auto","background-attachment":"scroll","background-type":"","background-media":"","overlay-type":"","overlay-color":"","overlay-opacity":"","overlay-gradient":""},"tablet":{"background-color":"","background-image":"","background-repeat":"repeat","background-position":"center center","background-size":"auto","background-attachment":"scroll","background-type":"","background-media":"","overlay-type":"","overlay-color":"","overlay-opacity":"","overlay-gradient":""},"mobile":{"background-color":"","background-image":"","background-repeat":"repeat","background-position":"center center","background-size":"auto","background-attachment":"scroll","background-type":"","background-media":"","overlay-type":"","overlay-color":"","overlay-opacity":"","overlay-gradient":""}},"ast-content-background-meta":{"desktop":{"background-color":"var(--ast-global-color-5)","background-image":"","background-repeat":"repeat","background-position":"center center","background-size":"auto","background-attachment":"scroll","background-type":"","background-media":"","overlay-type":"","overlay-color":"","overlay-opacity":"","overlay-gradient":""},"tablet":{"background-color":"var(--ast-global-color-5)","background-image":"","background-repeat":"repeat","background-position":"center center","background-size":"auto","background-attachment":"scroll","background-type":"","background-media":"","overlay-type":"","overlay-color":"","overlay-opacity":"","overlay-gradient":""},"mobile":{"background-color":"var(--ast-global-color-5)","background-image":"","background-repeat":"repeat","background-position":"center center","background-size":"auto","background-attachment":"scroll","background-type":"","background-media":"","overlay-type":"","overlay-color":"","overlay-opacity":"","overlay-gradient":""}},"footnotes":""},"class_list":["post-148693","page","type-page","status-publish","has-post-thumbnail","hentry"],"_links":{"self":[{"href":"https:\/\/medclinics.com\/fr\/wp-json\/wp\/v2\/pages\/148693","targetHints":{"allow":["GET"]}}],"collection":[{"href":"https:\/\/medclinics.com\/fr\/wp-json\/wp\/v2\/pages"}],"about":[{"href":"https:\/\/medclinics.com\/fr\/wp-json\/wp\/v2\/types\/page"}],"author":[{"embeddable":true,"href":"https:\/\/medclinics.com\/fr\/wp-json\/wp\/v2\/users\/4"}],"replies":[{"embeddable":true,"href":"https:\/\/medclinics.com\/fr\/wp-json\/wp\/v2\/comments?post=148693"}],"version-history":[{"count":0,"href":"https:\/\/medclinics.com\/fr\/wp-json\/wp\/v2\/pages\/148693\/revisions"}],"wp:featuredmedia":[{"embeddable":true,"href":"https:\/\/medclinics.com\/fr\/wp-json\/wp\/v2\/media\/120151"}],"wp:attachment":[{"href":"https:\/\/medclinics.com\/fr\/wp-json\/wp\/v2\/media?parent=148693"}],"curies":[{"name":"wp","href":"https:\/\/api.w.org\/{rel}","templated":true}]}}