{"id":148691,"date":"2023-05-21T12:05:00","date_gmt":"2023-05-21T09:05:00","guid":{"rendered":"https:\/\/medclinics.com\/therapie-par-cellules-souches-pour-la-sep-un-nouvel-espoir-pour-ralentir-levolution-de-la-sclerose-en-plaques-sep\/"},"modified":"2025-01-03T01:37:37","modified_gmt":"2025-01-02T22:37:37","slug":"therapie-par-cellules-souches-pour-la-sep-un-nouvel-espoir-pour-ralentir-levolution-de-la-sclerose-en-plaques-sep","status":"publish","type":"page","link":"https:\/\/medclinics.com\/fr\/therapie-par-cellules-souches-pour-la-sep-un-nouvel-espoir-pour-ralentir-levolution-de-la-sclerose-en-plaques-sep\/","title":{"rendered":"Th\u00e9rapie par cellules souches pour la SEP : un nouvel espoir pour ralentir l&rsquo;\u00e9volution de la scl\u00e9rose en plaques (SEP)"},"content":{"rendered":"\n<h2 class=\"wp-block-heading\">Si vous \u00eates \u00e0 la recherche des possibilit\u00e9s infinies qu&rsquo;offre la th\u00e9rapie par cellules souches pour la scl\u00e9rose en plaques (SEP), vous \u00eates au bon endroit !<\/h2>\n\n<p>La scl\u00e9rose en plaques (SEP) est une maladie chronique qui perturbe le syst\u00e8me nerveux. Des millions de personnes luttent contre cette maladie.<\/p>\n\n<p>Mais la <a href=\"https:\/\/www.stemcelltherapy.gen.tr\/\" target=\"_blank\" rel=\"noopener\">th\u00e9rapie \u00e0 base de cellules souches<\/a> offre une approche r\u00e9volutionnaire \u00e0 cet \u00e9gard !<\/p>\n\n<p><strong>Les sympt\u00f4mes de la scl\u00e9rose en plaques sont les suivants :<\/strong><\/p>\n\n<ul class=\"wp-block-list\">\n<li>R\u00e9duction de la fatigue<\/li>\n\n\n\n<li>Am\u00e9lioration de la mobilit\u00e9<\/li>\n\n\n\n<li>Am\u00e9lioration de la fonction cognitive<\/li>\n<\/ul>\n\n<p>Si la prise en charge des sympt\u00f4mes de la SEP est importante, la th\u00e9rapie \u00e0 base de cellules souches vise \u00e0 aller au-del\u00e0 de la simple prise en charge des sympt\u00f4mes. Il cible la raison principale du probl\u00e8me : un syst\u00e8me immunitaire qui ne fonctionne pas correctement et qui attaque les cellules nerveuses saines. La th\u00e9rapie \u00e0 base de cellules souches pour la SEP offre \u00e9galement la possibilit\u00e9 de.. :<\/p>\n\n<ul class=\"wp-block-list\">\n<li>R\u00e9duction des gonflements et de la fatigue<\/li>\n\n\n\n<li>Am\u00e9lioration de l&rsquo;\u00e9quilibre et de la coordination<\/li>\n\n\n\n<li>M\u00e9moire am\u00e9lior\u00e9e<\/li>\n\n\n\n<li>Ralentissement de la progression de la maladie<\/li>\n<\/ul>\n\n<p>Il est important de rappeler que la th\u00e9rapie par cellules souches pour la SEP n&rsquo;en est qu&rsquo;\u00e0 ses d\u00e9buts. Si la recherche montre des r\u00e9sultats prometteurs, d&rsquo;autres \u00e9tudes sont n\u00e9cessaires pour comprendre pleinement son efficacit\u00e9 \u00e0 long terme et ses risques potentiels.<\/p>\n\n<p>Bien que la SEP affecte chaque personne diff\u00e9remment, cette th\u00e9rapie est prometteuse pour diverses formes de la maladie, notamment :<\/p>\n\n<ul class=\"wp-block-list\">\n<li>SEP de type r\u00e9currente-r\u00e9mittente (SEP-RR)<\/li>\n\n\n\n<li>SEP primaire progressive (SPP)<\/li>\n\n\n\n<li>SEP progressive secondaire (SPMS)<\/li>\n<\/ul>\n\n<p><strong>Pr\u00eat \u00e0 faire le premier pas ?<\/strong><\/p>\n\n<p>Si vous vivez avec la SEP et que vous cherchez une lueur <a href=\"http:\/\/stemcelltherapy.gen.tr\" rel=\"nofollow noopener\" target=\"_blank\">d&rsquo;espoir<\/a>, la th\u00e9rapie par cellules souches pourrait \u00eatre la r\u00e9ponse que vous cherchez. <br\/><br\/>N&rsquo;oubliez pas que vous n&rsquo;\u00eates pas seul dans cette aventure. Comme <strong>\n  <a href=\"https:\/\/medclinics.com\/tr\/\">MedClinics<\/a>\n<\/strong>nous sommes l\u00e0 pour faire en sorte que votre traitement se d\u00e9roule en toute s\u00e9curit\u00e9 et sans heurt. Faites-nous confiance pour organiser le meilleur plan d&rsquo;hospitalisation et de voyage.<\/p>\n\n<p>\u00a0<\/p>\n\n<h3 class=\"wp-block-heading\">Tout ce que vous devez savoir sur la <a href=\"https:\/\/medclinics.com\/fr\/stem-cell-therapy-2\/\" target=\"_blank\" rel=\"noreferrer noopener\">th\u00e9rapie par les cellules souches<\/a> se trouve ici, <a href=\"#requestform\">contactez-nous<\/a> maintenant !<\/h3>\n\n<figure class=\"wp-block-image size-full\"><img fetchpriority=\"high\" decoding=\"async\" width=\"960\" height=\"536\" src=\"https:\/\/medclinics.com\/wp-content\/uploads\/2023\/12\/stem-cell-for-ms.jpg\" alt=\"Th&#xE9;rapie par cellules souches pour la SEP\" class=\"wp-image-119913\" srcset=\"https:\/\/medclinics.com\/wp-content\/uploads\/2023\/12\/stem-cell-for-ms.jpg 960w, https:\/\/medclinics.com\/wp-content\/uploads\/2023\/12\/stem-cell-for-ms-500x279.jpg 500w, https:\/\/medclinics.com\/wp-content\/uploads\/2023\/12\/stem-cell-for-ms-768x429.jpg 768w, https:\/\/medclinics.com\/wp-content\/uploads\/2023\/12\/stem-cell-for-ms-24x13.jpg 24w, https:\/\/medclinics.com\/wp-content\/uploads\/2023\/12\/stem-cell-for-ms-36x20.jpg 36w, https:\/\/medclinics.com\/wp-content\/uploads\/2023\/12\/stem-cell-for-ms-48x27.jpg 48w\" sizes=\"(max-width: 960px) 100vw, 960px\" \/><\/figure>\n\n<h2 class=\"wp-block-heading\">FAQ<\/h2>\n<div id=\"rank-math-faq\" class=\"rank-math-block\">\n<div class=\"rank-math-list \">\n<div id=\"faq-question-1685002520472\" class=\"rank-math-list-item\">\n<h3 class=\"rank-math-question \"><strong>L&rsquo;efficacit\u00e9 de la th\u00e9rapie \u00e0 base de cellules souches dans le traitement de la scl\u00e9rose en plaques a-t-elle \u00e9t\u00e9 prouv\u00e9e ?<\/strong><\/h3>\n<div class=\"rank-math-answer \">\n\n<p>La recherche et les \u00e9tudes cliniques indiquent que la th\u00e9rapie par les cellules souches est prometteuse pour l&rsquo;am\u00e9lioration des sympt\u00f4mes et le ralentissement potentiel de la progression de la SEP. Toutefois, les r\u00e9actions individuelles peuvent varier.<\/p>\n\n<\/div>\n<\/div>\n<div id=\"faq-question-1685002653278\" class=\"rank-math-list-item\">\n<h3 class=\"rank-math-question \"><strong>Y a-t-il des effets secondaires \u00e0 la th\u00e9rapie par cellules souches pour la SEP ?<\/strong><\/h3>\n<div class=\"rank-math-answer \">\n\n<p>La th\u00e9rapie par cellules souches pour la SEP peut entra\u00eener certains effets secondaires, bien que la plupart soient de courte dur\u00e9e, comme la fi\u00e8vre, la fatigue, les naus\u00e9es et les r\u00e9actions au point d&rsquo;injection. Des risques plus graves mais rares sont la GVHD (lorsque les cellules transplant\u00e9es attaquent votre corps), la formation de tumeurs et un risque accru d&rsquo;infection en raison d&rsquo;un syst\u00e8me immunitaire affaibli. Les effets \u00e0 long terme sont encore \u00e0 l&rsquo;\u00e9tude, il est donc essentiel de discuter de toutes les cons\u00e9quences potentielles avec votre m\u00e9decin avant de prendre une d\u00e9cision.  <\/p>\n\n<\/div>\n<\/div>\n<\/div>\n<\/div>\n<p>\u00a0<\/p>\n\n<h3 class=\"wp-block-heading\">Contactez-nous d\u00e8s maintenant si vous avez des questions !<\/h3>\n","protected":false},"excerpt":{"rendered":"<p>Si vous \u00eates \u00e0 la recherche des possibilit\u00e9s infinies qu&rsquo;offre la th\u00e9rapie par cellules souches pour la scl\u00e9rose en plaques [&hellip;]<\/p>\n","protected":false},"author":4,"featured_media":95501,"parent":0,"menu_order":0,"comment_status":"closed","ping_status":"closed","template":"","meta":{"site-sidebar-layout":"default","site-content-layout":"","ast-site-content-layout":"default","site-content-style":"default","site-sidebar-style":"default","ast-global-header-display":"","ast-banner-title-visibility":"","ast-main-header-display":"","ast-hfb-above-header-display":"","ast-hfb-below-header-display":"","ast-hfb-mobile-header-display":"","site-post-title":"","ast-breadcrumbs-content":"","ast-featured-img":"","footer-sml-layout":"","ast-disable-related-posts":"","theme-transparent-header-meta":"","adv-header-id-meta":"","stick-header-meta":"","header-above-stick-meta":"","header-main-stick-meta":"","header-below-stick-meta":"","astra-migrate-meta-layouts":"default","ast-page-background-enabled":"default","ast-page-background-meta":{"desktop":{"background-color":"var(--ast-global-color-4)","background-image":"","background-repeat":"repeat","background-position":"center center","background-size":"auto","background-attachment":"scroll","background-type":"","background-media":"","overlay-type":"","overlay-color":"","overlay-opacity":"","overlay-gradient":""},"tablet":{"background-color":"","background-image":"","background-repeat":"repeat","background-position":"center center","background-size":"auto","background-attachment":"scroll","background-type":"","background-media":"","overlay-type":"","overlay-color":"","overlay-opacity":"","overlay-gradient":""},"mobile":{"background-color":"","background-image":"","background-repeat":"repeat","background-position":"center center","background-size":"auto","background-attachment":"scroll","background-type":"","background-media":"","overlay-type":"","overlay-color":"","overlay-opacity":"","overlay-gradient":""}},"ast-content-background-meta":{"desktop":{"background-color":"var(--ast-global-color-5)","background-image":"","background-repeat":"repeat","background-position":"center center","background-size":"auto","background-attachment":"scroll","background-type":"","background-media":"","overlay-type":"","overlay-color":"","overlay-opacity":"","overlay-gradient":""},"tablet":{"background-color":"var(--ast-global-color-5)","background-image":"","background-repeat":"repeat","background-position":"center center","background-size":"auto","background-attachment":"scroll","background-type":"","background-media":"","overlay-type":"","overlay-color":"","overlay-opacity":"","overlay-gradient":""},"mobile":{"background-color":"var(--ast-global-color-5)","background-image":"","background-repeat":"repeat","background-position":"center center","background-size":"auto","background-attachment":"scroll","background-type":"","background-media":"","overlay-type":"","overlay-color":"","overlay-opacity":"","overlay-gradient":""}},"footnotes":""},"class_list":["post-148691","page","type-page","status-publish","has-post-thumbnail","hentry"],"_links":{"self":[{"href":"https:\/\/medclinics.com\/fr\/wp-json\/wp\/v2\/pages\/148691","targetHints":{"allow":["GET"]}}],"collection":[{"href":"https:\/\/medclinics.com\/fr\/wp-json\/wp\/v2\/pages"}],"about":[{"href":"https:\/\/medclinics.com\/fr\/wp-json\/wp\/v2\/types\/page"}],"author":[{"embeddable":true,"href":"https:\/\/medclinics.com\/fr\/wp-json\/wp\/v2\/users\/4"}],"replies":[{"embeddable":true,"href":"https:\/\/medclinics.com\/fr\/wp-json\/wp\/v2\/comments?post=148691"}],"version-history":[{"count":0,"href":"https:\/\/medclinics.com\/fr\/wp-json\/wp\/v2\/pages\/148691\/revisions"}],"wp:featuredmedia":[{"embeddable":true,"href":"https:\/\/medclinics.com\/fr\/wp-json\/wp\/v2\/media\/95501"}],"wp:attachment":[{"href":"https:\/\/medclinics.com\/fr\/wp-json\/wp\/v2\/media?parent=148691"}],"curies":[{"name":"wp","href":"https:\/\/api.w.org\/{rel}","templated":true}]}}