{"id":148675,"date":"2025-02-07T10:30:00","date_gmt":"2025-02-07T07:30:00","guid":{"rendered":"https:\/\/medclinics.com\/la-therapie-par-cellules-souches-pour-larthrite-un-traitement-revolutionnaire\/"},"modified":"2025-01-03T01:37:37","modified_gmt":"2025-01-02T22:37:37","slug":"la-therapie-par-cellules-souches-pour-larthrite-un-traitement-revolutionnaire","status":"publish","type":"page","link":"https:\/\/medclinics.com\/fr\/la-therapie-par-cellules-souches-pour-larthrite-un-traitement-revolutionnaire\/","title":{"rendered":"La th\u00e9rapie par cellules souches pour l&rsquo;arthrite : Un traitement r\u00e9volutionnaire"},"content":{"rendered":"\n<h2 class=\"wp-block-heading\">Si vous \u00eates \u00e0 la recherche des possibilit\u00e9s infinies qu&rsquo;offre la th\u00e9rapie par cellules souches pour le traitement de l&rsquo;arthrite, vous \u00eates au bon endroit.<\/h2>\n\n<p><br\/>L&rsquo;arthrite est une affection articulaire courante et durable qui touche des millions de personnes dans le monde.<\/p>\n\n<p>Les cellules souches, avec leur remarquable <strong>capacit\u00e9 \u00e0 s&rsquo;auto-renouveler et \u00e0 se diff\u00e9rencier en tissus sp\u00e9cialis\u00e9s,<\/strong> pr\u00e9sentent un immense potentiel pour le traitement de l&rsquo;arthrite. Ces cellules puissantes, provenant de la moelle osseuse ou du tissu adipeux, sont inject\u00e9es dans l&rsquo;articulation affect\u00e9e. Une fois d\u00e9livr\u00e9es, elles se d\u00e9placent dans les zones endommag\u00e9es, se transforment en cellules cartilagineuses et <strong>entament l&rsquo;incroyable processus de reconstruction de ce qui a \u00e9t\u00e9 perdu<\/strong>.<\/p>\n\n<p><strong>Pas seulement pour les genoux :<\/strong><\/p>\n\n<p>La beaut\u00e9 de la <a href=\"https:\/\/www.stemcelltherapy.gen.tr\/\" target=\"_blank\" rel=\"noopener\">th\u00e9rapie par cellules souches <\/a>r\u00e9side dans sa polyvalence. Bien que l&rsquo;arthrite du genou occupe souvent le devant de la sc\u00e8ne, ce traitement est prometteur pour diverses affections articulaires touchant d&rsquo;autres r\u00e9gions, telles que l&rsquo;arthrite du genou :<\/p>\n\n<ul class=\"wp-block-list\">\n<li>Hanche<\/li>\n\n\n\n<li>Epaule<\/li>\n\n\n\n<li>Coude<\/li>\n\n\n\n<li>Poignet\/Main<\/li>\n\n\n\n<li>Cheville\/pied<\/li>\n<\/ul>\n\n<p>Les probl\u00e8mes articulaires peuvent rendre les activit\u00e9s quotidiennes difficiles, et ils sont de plus en plus fr\u00e9quents avec l&rsquo;\u00e2ge. Mais pourquoi ? Voici quelques facteurs cl\u00e9s :<\/p>\n\n<ol class=\"wp-block-list\">\n<li><strong>\u00c2ge :<\/strong> Avec l&rsquo;\u00e2ge, les infatigables b\u00eates de somme de notre corps, les articulations, commencent \u00e0 s&rsquo;user et \u00e0 se d\u00e9t\u00e9riorer. Le cartilage qui amortit nos mouvements commence \u00e0 s&rsquo;amincir. Ce d\u00e9clin naturel rend les probl\u00e8mes articulaires plus fr\u00e9quents chez les personnes \u00e2g\u00e9es. Les probl\u00e8mes articulaires sont plus fr\u00e9quents chez les <strong>personnes \u00e2g\u00e9es <\/strong>en raison de l&rsquo;usure des tissus articulaires avec l&rsquo;\u00e2ge.<\/li>\n\n\n\n<li><strong>Questions de famille :<\/strong> Si votre famille a des ant\u00e9c\u00e9dents de probl\u00e8mes articulaires, vous \u00eates peut-\u00eatre plus susceptible d&rsquo;en souffrir \u00e9galement.<\/li>\n\n\n\n<li>Le <strong>poids<\/strong>: Les kilos en trop exercent une pression suppl\u00e9mentaire sur les articulations. Avec le temps, cette tension peut entra\u00eener des probl\u00e8mes articulaires.<\/li>\n\n\n\n<li><strong>Diff\u00e9rences entre les sexes :<\/strong> Si les hommes et les femmes peuvent souffrir de probl\u00e8mes articulaires, certaines affections, comme la polyarthrite rhumato\u00efde, sont plus fr\u00e9quentes chez les femmes.<\/li>\n<\/ol>\n\n<p>Elles sont \u00e9galement<strong> plus fr\u00e9quentes<\/strong> chez les personnes ayant des <strong>ant\u00e9c\u00e9dents familiaux de probl\u00e8mes articulaires<\/strong> et chez les personnes en <strong>surpoids,<\/strong> car le poids suppl\u00e9mentaire exerce une pression accrue sur les articulations.<\/p>\n\n<p>En outre, certaines affections articulaires, en particulier la <strong>polyarthrite rhumato\u00efde<\/strong>, sont <strong>plus fr\u00e9quentes chez les femmes <\/strong>que chez les hommes.<\/p>\n\n<p>La th\u00e9rapie par cellules souches pour l&rsquo;arthrite pr\u00e9sente de<strong> nombreux avantages<\/strong>. Son utilisation peut aider \u00e0 fabriquer du nouveau cartilage dans les articulations endommag\u00e9es, ce qui \u00e9tait autrefois consid\u00e9r\u00e9 comme impossible. Il <strong>diminue<\/strong> \u00e9galement l&rsquo;afflux d&rsquo;eau. De plus, contrairement aux traitements habituels, ses effets b\u00e9n\u00e9fiques <strong>se prolongent dans<\/strong> le temps.<\/p>\n\n<p><strong>Pr\u00eat \u00e0 faire le premier pas ?<\/strong><\/p>\n\n<p>Si vous \u00eates aux prises avec l&rsquo;arthrite et \u00e0 la recherche d&rsquo;une lueur d&rsquo;espoir, la th\u00e9rapie par cellules souches pourrait \u00eatre la r\u00e9ponse que vous cherchez. N&rsquo;oubliez pas que vous n&rsquo;\u00eates pas seul dans cette aventure. Consultez un professionnel de sant\u00e9 qualifi\u00e9, sp\u00e9cialis\u00e9 dans la m\u00e9decine r\u00e9g\u00e9n\u00e9rative, pour comprendre les options qui s&rsquo;offrent \u00e0 vous et d\u00e9terminer si ce traitement innovant vous convient.<\/p>\n\n<p><strong>Ensemble, lib\u00e9rons le pouvoir des cellules souches et r\u00e9\u00e9crivons l&rsquo;histoire de l&rsquo;arthrite. D\u00e9passons la douleur et embrassons un avenir rempli de mobilit\u00e9, de joie et de nouvelles possibilit\u00e9s.<\/strong><\/p>\n\n<h3 class=\"wp-block-heading\">Tout ce que vous devez savoir sur la <a href=\"https:\/\/medclinics.com\/fr\/stem-cell-therapy-2\/\" target=\"_blank\" rel=\"noreferrer noopener\">th\u00e9rapie par les cellules souches<\/a> se trouve ici, <a href=\"#requestform\">contactez-nous<\/a> maintenant !<\/h3>\n\n<figure class=\"wp-block-image size-full\"><img fetchpriority=\"high\" decoding=\"async\" width=\"960\" height=\"640\" src=\"https:\/\/medclinics.com\/wp-content\/uploads\/2023\/12\/stem-cell-therapy-for-arthritis.jpg\" alt=\"\" class=\"wp-image-119884\" srcset=\"https:\/\/medclinics.com\/wp-content\/uploads\/2023\/12\/stem-cell-therapy-for-arthritis.jpg 960w, https:\/\/medclinics.com\/wp-content\/uploads\/2023\/12\/stem-cell-therapy-for-arthritis-500x333.jpg 500w, https:\/\/medclinics.com\/wp-content\/uploads\/2023\/12\/stem-cell-therapy-for-arthritis-768x512.jpg 768w, https:\/\/medclinics.com\/wp-content\/uploads\/2023\/12\/stem-cell-therapy-for-arthritis-24x16.jpg 24w, https:\/\/medclinics.com\/wp-content\/uploads\/2023\/12\/stem-cell-therapy-for-arthritis-36x24.jpg 36w, https:\/\/medclinics.com\/wp-content\/uploads\/2023\/12\/stem-cell-therapy-for-arthritis-48x32.jpg 48w\" sizes=\"(max-width: 960px) 100vw, 960px\" \/><\/figure>\n\n<h2 class=\"wp-block-heading\">FAQ<\/h2>\n<div id=\"rank-math-faq\" class=\"rank-math-block\">\n<div class=\"rank-math-list \">\n<div id=\"faq-question-1685002520472\" class=\"rank-math-list-item\">\n<h3 class=\"rank-math-question \"><strong>La th\u00e9rapie par cellules souches est-elle efficace contre l&rsquo;arthrite ?<\/strong><\/h3>\n<div class=\"rank-math-answer \">\n\n<p>Oui, la recherche et les \u00e9tudes cliniques indiquent que la th\u00e9rapie par cellules souches est prometteuse pour le traitement de l&rsquo;arthrite. De nombreux patients ont fait \u00e9tat d&rsquo;une am\u00e9lioration de leurs sympt\u00f4mes, tels que la r\u00e9duction de la douleur et l&rsquo;augmentation de la mobilit\u00e9 des articulations.<\/p>\n\n<\/div>\n<\/div>\n<div id=\"faq-question-1685002653278\" class=\"rank-math-list-item\">\n<h3 class=\"rank-math-question \"><strong>Y a-t-il des effets secondaires \u00e0 la th\u00e9rapie par cellules souches pour l&rsquo;arthrite ?<\/strong><\/h3>\n<div class=\"rank-math-answer \">\n\n<p>Les effets secondaires sont g\u00e9n\u00e9ralement l\u00e9gers et peuvent inclure un gonflement temporaire ou une g\u00eane au point d&rsquo;injection. Les complications graves sont rares, mais il est essentiel de discuter des risques potentiels avec votre m\u00e9decin.<\/p>\n\n<\/div>\n<\/div>\n<div id=\"faq-question-1702888991012\" class=\"rank-math-list-item\">\n<h3 class=\"rank-math-question \"><strong>Quels types d&rsquo;arthrite peuvent \u00eatre trait\u00e9s par la th\u00e9rapie par cellules souches ?<\/strong><\/h3>\n<div class=\"rank-math-answer \">\n\n<p>La th\u00e9rapie par cellules souches est \u00e9tudi\u00e9e pour diff\u00e9rents types d&rsquo;arthrite, notamment l&rsquo;arthrose et la polyarthrite rhumato\u00efde. Il pr\u00e9sente un potentiel dans le traitement des affections d\u00e9g\u00e9n\u00e9ratives des articulations.<\/p>\n\n<\/div>\n<\/div>\n<div id=\"faq-question-1702888917351\" class=\"rank-math-list-item\">\n<h3 class=\"rank-math-question \"><strong>La th\u00e9rapie par cellules souches est-elle s\u00fbre ?<\/strong><\/h3>\n<div class=\"rank-math-answer \">\n\n<p>Les donn\u00e9es actuelles sugg\u00e8rent que la th\u00e9rapie par cellules souches est g\u00e9n\u00e9ralement s\u00fbre. Comme il s&rsquo;agit souvent d&rsquo;utiliser les propres cellules du patient, le risque de rejet ou de r\u00e9actions ind\u00e9sirables est minimis\u00e9.<\/p>\n\n<\/div>\n<\/div>\n<\/div>\n<\/div>\n<p>\u00a0<\/p>\n\n<h3 class=\"wp-block-heading\">Contactez-nous d\u00e8s maintenant si vous avez des questions !<\/h3>\n","protected":false},"excerpt":{"rendered":"<p>Si vous \u00eates \u00e0 la recherche des possibilit\u00e9s infinies qu&rsquo;offre la th\u00e9rapie par cellules souches pour le traitement de l&rsquo;arthrite, [&hellip;]<\/p>\n","protected":false},"author":4,"featured_media":119866,"parent":0,"menu_order":0,"comment_status":"closed","ping_status":"closed","template":"","meta":{"site-sidebar-layout":"default","site-content-layout":"","ast-site-content-layout":"default","site-content-style":"default","site-sidebar-style":"default","ast-global-header-display":"","ast-banner-title-visibility":"","ast-main-header-display":"","ast-hfb-above-header-display":"","ast-hfb-below-header-display":"","ast-hfb-mobile-header-display":"","site-post-title":"","ast-breadcrumbs-content":"","ast-featured-img":"","footer-sml-layout":"","ast-disable-related-posts":"","theme-transparent-header-meta":"","adv-header-id-meta":"","stick-header-meta":"","header-above-stick-meta":"","header-main-stick-meta":"","header-below-stick-meta":"","astra-migrate-meta-layouts":"default","ast-page-background-enabled":"default","ast-page-background-meta":{"desktop":{"background-color":"var(--ast-global-color-4)","background-image":"","background-repeat":"repeat","background-position":"center center","background-size":"auto","background-attachment":"scroll","background-type":"","background-media":"","overlay-type":"","overlay-color":"","overlay-opacity":"","overlay-gradient":""},"tablet":{"background-color":"","background-image":"","background-repeat":"repeat","background-position":"center center","background-size":"auto","background-attachment":"scroll","background-type":"","background-media":"","overlay-type":"","overlay-color":"","overlay-opacity":"","overlay-gradient":""},"mobile":{"background-color":"","background-image":"","background-repeat":"repeat","background-position":"center center","background-size":"auto","background-attachment":"scroll","background-type":"","background-media":"","overlay-type":"","overlay-color":"","overlay-opacity":"","overlay-gradient":""}},"ast-content-background-meta":{"desktop":{"background-color":"var(--ast-global-color-5)","background-image":"","background-repeat":"repeat","background-position":"center center","background-size":"auto","background-attachment":"scroll","background-type":"","background-media":"","overlay-type":"","overlay-color":"","overlay-opacity":"","overlay-gradient":""},"tablet":{"background-color":"var(--ast-global-color-5)","background-image":"","background-repeat":"repeat","background-position":"center center","background-size":"auto","background-attachment":"scroll","background-type":"","background-media":"","overlay-type":"","overlay-color":"","overlay-opacity":"","overlay-gradient":""},"mobile":{"background-color":"var(--ast-global-color-5)","background-image":"","background-repeat":"repeat","background-position":"center center","background-size":"auto","background-attachment":"scroll","background-type":"","background-media":"","overlay-type":"","overlay-color":"","overlay-opacity":"","overlay-gradient":""}},"footnotes":""},"class_list":["post-148675","page","type-page","status-publish","has-post-thumbnail","hentry"],"_links":{"self":[{"href":"https:\/\/medclinics.com\/fr\/wp-json\/wp\/v2\/pages\/148675","targetHints":{"allow":["GET"]}}],"collection":[{"href":"https:\/\/medclinics.com\/fr\/wp-json\/wp\/v2\/pages"}],"about":[{"href":"https:\/\/medclinics.com\/fr\/wp-json\/wp\/v2\/types\/page"}],"author":[{"embeddable":true,"href":"https:\/\/medclinics.com\/fr\/wp-json\/wp\/v2\/users\/4"}],"replies":[{"embeddable":true,"href":"https:\/\/medclinics.com\/fr\/wp-json\/wp\/v2\/comments?post=148675"}],"version-history":[{"count":0,"href":"https:\/\/medclinics.com\/fr\/wp-json\/wp\/v2\/pages\/148675\/revisions"}],"wp:featuredmedia":[{"embeddable":true,"href":"https:\/\/medclinics.com\/fr\/wp-json\/wp\/v2\/media\/119866"}],"wp:attachment":[{"href":"https:\/\/medclinics.com\/fr\/wp-json\/wp\/v2\/media?parent=148675"}],"curies":[{"name":"wp","href":"https:\/\/api.w.org\/{rel}","templated":true}]}}