{"id":148663,"date":"2023-12-14T13:07:02","date_gmt":"2023-12-14T10:07:02","guid":{"rendered":"https:\/\/medclinics.com\/salons-de-beaute-en-turquie\/"},"modified":"2024-05-15T11:08:51","modified_gmt":"2024-05-15T08:08:51","slug":"salons-de-beaute-en-turquie","status":"publish","type":"page","link":"https:\/\/medclinics.com\/fr\/salons-de-beaute-en-turquie\/","title":{"rendered":"Salons de beaut\u00e9 en Turquie"},"content":{"rendered":"\n<h2 class=\"wp-block-heading\">La Turquie est une destination de choix pour les voyageurs du monde entier qui souhaitent subir des traitements esth\u00e9tiques.<\/h2>\n\n<p>Le pays est connu pour ses esth\u00e9ticiennes et ses esth\u00e9ticiens hautement qualifi\u00e9s qui travaillent avec les technologies et les proc\u00e9dures les plus r\u00e9centes. Les salons de beaut\u00e9 offrent une exp\u00e9rience holistique de la beaut\u00e9. Dans cette atmosph\u00e8re accueillante, les visiteurs d\u00e9couvrent non seulement l&#8217;embellissement esth\u00e9tique, mais aussi l&rsquo;hospitalit\u00e9 et la qualit\u00e9 de chaque traitement.<\/p>\n\n<p>Voici une liste de salons de beaut\u00e9 en Turquie qui offrent une vari\u00e9t\u00e9 de services esth\u00e9tiques. Il s&rsquo;agit notamment de <a href=\"https:\/\/medclinics.com\/fr\/produits-de-comblement-dermique\/\" target=\"_blank\" rel=\"noreferrer noopener\">produits de comblement dermique<\/a>, de <a href=\"https:\/\/medclinics.com\/fr\/traitement-des-rides\/\" target=\"_blank\" rel=\"noreferrer noopener\">traitements \u00e0 base de relaxants musculaires<\/a> pour att\u00e9nuer les rides, de la <a href=\"https:\/\/medclinics.com\/fr\/therapie-par-le-plasma\/\" target=\"_blank\" rel=\"noreferrer noopener\">plasmath\u00e9rapie<\/a> et de la <a href=\"https:\/\/en.wikipedia.org\/wiki\/Mesotherapy\" target=\"_blank\" rel=\"noreferrer noopener\">m\u00e9soth\u00e9rapie<\/a>, ainsi que des soins de la peau, des traitements anti-\u00e2ge ou des <a href=\"https:\/\/medclinics.com\/fr\/extension-de-cheveux\/\" target=\"_blank\" rel=\"noreferrer noopener\">extensions de cheveux<\/a>, des <a href=\"https:\/\/medclinics.com\/fr\/clous-prothetiques\/\" target=\"_blank\" rel=\"noreferrer noopener\">proth\u00e8ses d&rsquo;ongles<\/a> et des extensions de cils. Les traitements sont effectu\u00e9s en ambulatoire.<\/p>\n\n<p>Si vous cherchez un salon en Turquie pour rehausser votre \u00e9clat et votre beaut\u00e9, vous \u00eates au bon endroit. Sur ce site, vous trouverez le salon qui correspond \u00e0 vos besoins.<\/p>\n\n<h3 class=\"wp-block-heading\">Vous avez des questions sur un soin de beaut\u00e9 ?<\/h3>\n\n<p>N&rsquo;h\u00e9sitez pas \u00e0 <a href=\"#requestform\">nous contacter<\/a> si vous avez des questions sur un traitement en institut de beaut\u00e9. Nous serons heureux de vous aider.<\/p>\n","protected":false},"excerpt":{"rendered":"<p>La Turquie est une destination de choix pour les voyageurs du monde entier qui souhaitent subir des traitements esth\u00e9tiques. Le [&hellip;]<\/p>\n","protected":false},"author":4,"featured_media":161453,"parent":0,"menu_order":0,"comment_status":"closed","ping_status":"closed","template":"","meta":{"site-sidebar-layout":"default","site-content-layout":"","ast-site-content-layout":"default","site-content-style":"default","site-sidebar-style":"default","ast-global-header-display":"","ast-banner-title-visibility":"","ast-main-header-display":"","ast-hfb-above-header-display":"","ast-hfb-below-header-display":"","ast-hfb-mobile-header-display":"","site-post-title":"","ast-breadcrumbs-content":"","ast-featured-img":"","footer-sml-layout":"","ast-disable-related-posts":"","theme-transparent-header-meta":"","adv-header-id-meta":"","stick-header-meta":"","header-above-stick-meta":"","header-main-stick-meta":"","header-below-stick-meta":"","astra-migrate-meta-layouts":"default","ast-page-background-enabled":"default","ast-page-background-meta":{"desktop":{"background-color":"var(--ast-global-color-4)","background-image":"","background-repeat":"repeat","background-position":"center center","background-size":"auto","background-attachment":"scroll","background-type":"","background-media":"","overlay-type":"","overlay-color":"","overlay-opacity":"","overlay-gradient":""},"tablet":{"background-color":"","background-image":"","background-repeat":"repeat","background-position":"center center","background-size":"auto","background-attachment":"scroll","background-type":"","background-media":"","overlay-type":"","overlay-color":"","overlay-opacity":"","overlay-gradient":""},"mobile":{"background-color":"","background-image":"","background-repeat":"repeat","background-position":"center center","background-size":"auto","background-attachment":"scroll","background-type":"","background-media":"","overlay-type":"","overlay-color":"","overlay-opacity":"","overlay-gradient":""}},"ast-content-background-meta":{"desktop":{"background-color":"var(--ast-global-color-5)","background-image":"","background-repeat":"repeat","background-position":"center center","background-size":"auto","background-attachment":"scroll","background-type":"","background-media":"","overlay-type":"","overlay-color":"","overlay-opacity":"","overlay-gradient":""},"tablet":{"background-color":"var(--ast-global-color-5)","background-image":"","background-repeat":"repeat","background-position":"center center","background-size":"auto","background-attachment":"scroll","background-type":"","background-media":"","overlay-type":"","overlay-color":"","overlay-opacity":"","overlay-gradient":""},"mobile":{"background-color":"var(--ast-global-color-5)","background-image":"","background-repeat":"repeat","background-position":"center center","background-size":"auto","background-attachment":"scroll","background-type":"","background-media":"","overlay-type":"","overlay-color":"","overlay-opacity":"","overlay-gradient":""}},"footnotes":""},"class_list":["post-148663","page","type-page","status-publish","has-post-thumbnail","hentry"],"_links":{"self":[{"href":"https:\/\/medclinics.com\/fr\/wp-json\/wp\/v2\/pages\/148663","targetHints":{"allow":["GET"]}}],"collection":[{"href":"https:\/\/medclinics.com\/fr\/wp-json\/wp\/v2\/pages"}],"about":[{"href":"https:\/\/medclinics.com\/fr\/wp-json\/wp\/v2\/types\/page"}],"author":[{"embeddable":true,"href":"https:\/\/medclinics.com\/fr\/wp-json\/wp\/v2\/users\/4"}],"replies":[{"embeddable":true,"href":"https:\/\/medclinics.com\/fr\/wp-json\/wp\/v2\/comments?post=148663"}],"version-history":[{"count":0,"href":"https:\/\/medclinics.com\/fr\/wp-json\/wp\/v2\/pages\/148663\/revisions"}],"wp:featuredmedia":[{"embeddable":true,"href":"https:\/\/medclinics.com\/fr\/wp-json\/wp\/v2\/media\/161453"}],"wp:attachment":[{"href":"https:\/\/medclinics.com\/fr\/wp-json\/wp\/v2\/media?parent=148663"}],"curies":[{"name":"wp","href":"https:\/\/api.w.org\/{rel}","templated":true}]}}