{"id":148575,"date":"2023-11-21T12:28:58","date_gmt":"2023-11-21T09:28:58","guid":{"rendered":"https:\/\/medclinics.com\/traitements-de-loreille-du-nez-et-de-la-gorge\/"},"modified":"2025-01-24T21:36:04","modified_gmt":"2025-01-24T18:36:04","slug":"traitements-de-loreille-du-nez-et-de-la-gorge","status":"publish","type":"page","link":"https:\/\/medclinics.com\/fr\/traitements-de-loreille-du-nez-et-de-la-gorge\/","title":{"rendered":"Traitements de l&rsquo;oreille, du nez et de la gorge"},"content":{"rendered":"\n<h2 class=\"wp-block-heading\">Les traitements d&rsquo;oto-rhino-laryngologie (ORL) sont populaires depuis de nombreuses ann\u00e9es.  <\/h2>\n\n<div class=\"wp-block-columns is-layout-flex wp-container-core-columns-is-layout-28f84493 wp-block-columns-is-layout-flex\">\n<div class=\"wp-block-column is-layout-flow wp-block-column-is-layout-flow\">\n<figure class=\"wp-block-image size-full is-style-default\"><img fetchpriority=\"high\" decoding=\"async\" width=\"960\" height=\"550\" src=\"https:\/\/medclinics.com\/wp-content\/uploads\/2023\/11\/ear-nose-and-throat-disorder.jpg\" alt=\"Traitements de l'oreille, du nez et de la gorge\" class=\"wp-image-118286\" srcset=\"https:\/\/medclinics.com\/wp-content\/uploads\/2023\/11\/ear-nose-and-throat-disorder.jpg 960w, https:\/\/medclinics.com\/wp-content\/uploads\/2023\/11\/ear-nose-and-throat-disorder-500x286.jpg 500w, https:\/\/medclinics.com\/wp-content\/uploads\/2023\/11\/ear-nose-and-throat-disorder-768x440.jpg 768w, https:\/\/medclinics.com\/wp-content\/uploads\/2023\/11\/ear-nose-and-throat-disorder-24x14.jpg 24w, https:\/\/medclinics.com\/wp-content\/uploads\/2023\/11\/ear-nose-and-throat-disorder-36x21.jpg 36w, https:\/\/medclinics.com\/wp-content\/uploads\/2023\/11\/ear-nose-and-throat-disorder-48x28.jpg 48w\" sizes=\"(max-width: 960px) 100vw, 960px\" \/><\/figure>\n<\/div>\n\n\n\n<div class=\"wp-block-column is-vertically-aligned-top is-layout-flow wp-block-column-is-layout-flow\">\n<p>Lorsque nous pensons aux soins de sant\u00e9, nous nous concentrons souvent sur les troubles les plus courants &#8211; les probl\u00e8mes cardiaques, le diab\u00e8te ou m\u00eame les affections des pores et de la peau. Mais saviez-vous que les troubles de <strong>l&rsquo;oreille, du nez et de la gorge (ORL) <\/strong>touchent \u00e9galement une grande partie de la population ? Il ne s&rsquo;agit pas de simples irritations mineures : elles peuvent avoir un effet primordial sur votre propre bien-\u00eatre.  <\/p>\n<\/div>\n<\/div>\n\n<h3 class=\"wp-block-heading\">D\u00e9couvrez les meilleurs chirurgiens oto-rhino-laryngologistes : Comparez le co\u00fbt des traitements ORL, le choix des cliniques !<\/h3>\n\n<p><br\/>Les traitements ORL sont courants depuis des d\u00e9cennies, mais ils ont r\u00e9cemment \u00e9volu\u00e9 vers des techniques plus sp\u00e9cialis\u00e9es, en particulier dans le domaine de l&rsquo;<strong><a href=\"https:\/\/medclinics.com\/fr\/esthetique-vocale\/\" target=\"_blank\" rel=\"noreferrer noopener\">esth\u00e9tique vocale<\/a><\/strong>. Ce domaine est de plus en plus reconnu, notamment parce que les gens connaissent de mieux en mieux les possibilit\u00e9s qui s&rsquo;offrent \u00e0 eux pour renforcer leur voix ou traiter les probl\u00e8mes li\u00e9s \u00e0 la voix. <\/p>\n\n<p><br\/>Par cons\u00e9quent, si vous souffrez de douleurs dans les oreilles, le nez ou la gorge, il est essentiel de comprendre les situations sous-jacentes et la mani\u00e8re dont les rem\u00e8des modernes peuvent vous aider. Examinons de plus pr\u00e8s les <strong>traitements de l&rsquo;oreille, du nez et de la gorge<\/strong>, qui englobent les probl\u00e8mes courants ayant un impact sur chacune de ces zones, les alternatives de traitement exceptionnellement courantes et la mani\u00e8re dont vous pouvez d\u00e9couvrir les chirurgiens et les cliniques les plus brillants. <\/p>\n\n<h2 class=\"wp-block-heading\"><br\/>Qu&rsquo;est-ce que l&rsquo;ORL ? Les troubles de l&rsquo;oreille, du nez et de la gorge <\/h2>\n\n<p><\/p>\n\n<p>L&rsquo;<strong>ORL<\/strong> fait r\u00e9f\u00e9rence au domaine m\u00e9dical qui s&rsquo;occupe des situations et des affections li\u00e9es aux oreilles, aux narines et \u00e0 la gorge. Il s&rsquo;agit d&rsquo;une gamme exceptionnelle de troubles, allant des banales <strong>infections des sinus<\/strong> et des <strong>maux de gorge<\/strong> \u00e0 des affections plus complexes telles que la <strong><a href=\"https:\/\/pubmed.ncbi.nlm.nih.gov\/?term=hearing+loss\" target=\"_blank\" rel=\"noreferrer noopener\">perte d&rsquo;audition<\/a><\/strong> et les <strong>troubles de la voix<\/strong>. <\/p>\n\n<p>Les professionnels de l&rsquo;ORL, \u00e9galement appel\u00e9s <strong>otolaryngologistes<\/strong>, sont des sp\u00e9cialistes du diagnostic et du traitement de ces situations. Ils proposent un large \u00e9ventail de traitements, allant des strat\u00e9gies chirurgicales aux plans de traitement non invasifs. Mais tout d&rsquo;abord, examinons les trois domaines cruciaux couverts par l&rsquo;ORL : l&rsquo;oreille, le nez et la gorge.  <\/p>\n\n<h3 class=\"wp-block-heading\"><br\/>Troubles de l&rsquo;oreille : Comprendre les zones \u00e0 probl\u00e8mes<\/h3>\n\n<p><\/p>\n\n<p>Les probl\u00e8mes d&rsquo;oreille peuvent \u00eatre une v\u00e9ritable plaie, au sens figur\u00e9 comme au sens propre. Si vous avez d\u00e9j\u00e0 souffert d&rsquo;une infection de l&rsquo;oreille ou lutt\u00e9 contre une perte d&rsquo;audition, vous comprenez \u00e0 quel point cela peut \u00eatre perturbant. Mais saviez-vous que les maladies de l&rsquo;oreille peuvent \u00eatre divis\u00e9es en trois cat\u00e9gories ? Passons-les en revue :   <\/p>\n\n<ul class=\"wp-block-list\">\n<li><strong>Maladies de l&rsquo;oreille externe<\/strong>: elles concernent la partie la plus externe de l&rsquo;oreille. Les probl\u00e8mes les plus courants sont les suivants : <\/li>\n\n\n\n<li><strong>Infections externes de l&rsquo;oreille<\/strong> (souvent dues \u00e0 un micro-organisme ou \u00e0 un champignon)<\/li>\n\n\n\n<li><strong>Les bouchons de c\u00e9rumen<\/strong> qui peuvent causer des douleurs et des probl\u00e8mes d&rsquo;audition<\/li>\n\n\n\n<li><strong>Perforation du tympan<\/strong>, qui peut \u00eatre due \u00e0 des infections ou \u00e0 des traumatismes.<\/li>\n\n\n\n<li><strong>Blessures au lobe de l&rsquo;oreille<\/strong>, parfois des piercings ou des accidents<\/li>\n\n\n\n<li><strong>Asym\u00e9trie du lobe de l&rsquo;oreille<\/strong>, ce qui peut \u00eatre un probl\u00e8me pour certaines personnes<\/li>\n<\/ul>\n\n<ul class=\"wp-block-list\">\n<li><strong>Maladies de l&rsquo;oreille moyenne :<\/strong> les probl\u00e8mes de l&rsquo;oreille centrale peuvent \u00eatre particuli\u00e8rement difficiles \u00e0 traiter car ils ont un effet sur l&rsquo;audition. Il s&rsquo;agit notamment de<\/li>\n\n\n\n<li>Les <strong>infections de l&rsquo;oreille moyenne<\/strong> (otite moyenne), qui sont probablement fr\u00e9quentes chez les jeunes, mais qui devraient \u00e9galement avoir un impact sur les adultes.<\/li>\n\n\n\n<li><strong>Inflammation de l&rsquo;oreille centrale<\/strong> (peut provoquer des douleurs et une accumulation de liquide)<\/li>\n\n\n\n<li><strong>Perforation du tympan<\/strong>, qui peut entra\u00eener des infections chroniques de l&rsquo;oreille.<\/li>\n\n\n\n<li><strong>Accumulation de liquide dans l&rsquo;oreille centrale<\/strong>, souvent apr\u00e8s une infection de l&rsquo;oreille<\/li>\n\n\n\n<li><strong>Perte auditive<\/strong> associ\u00e9e \u00e0 des situations auriculaires continues<\/li>\n<\/ul>\n\n<ul class=\"wp-block-list\">\n<li><strong>Maladies de l&rsquo;oreille interne :<\/strong> L&rsquo;oreille interne est importante pour l&rsquo;audition et l&rsquo;\u00e9quilibre. Les probl\u00e8mes courants de l&rsquo;oreille interne sont les suivants <\/li>\n\n\n\n<li><strong>Les infections de l&rsquo;oreille interne<\/strong>, qui peuvent avoir un impact sur l&rsquo;audition et l&rsquo;\u00e9quilibre.<\/li>\n\n\n\n<li><strong>La maladie de M\u00e9ni\u00e8re<\/strong>, qui provoque des vertiges, une perte de conscience et des bourdonnements d&rsquo;oreille (acouph\u00e8nes).<\/li>\n\n\n\n<li>Le <strong><a href=\"https:\/\/pubmed.ncbi.nlm.nih.gov\/?term=vertigo\" target=\"_blank\" rel=\"noreferrer noopener nofollow\">vertige<\/a><\/strong>, une sensation de tournoiement qui peut \u00eatre due \u00e0 des probl\u00e8mes d&rsquo;oreille interne.<\/li>\n\n\n\n<li>Les <strong>troubles de l&rsquo;\u00e9quilibre<\/strong>, qui peuvent \u00eatre r\u00e9guli\u00e8rement associ\u00e9s au r\u00f4le de l&rsquo;oreille interne dans le maintien de l&rsquo;\u00e9quilibre.<\/li>\n<\/ul>\n\n<p>Si vous ressentez des signes et des sympt\u00f4mes tels que des <strong>douleurs d&rsquo;oreille<\/strong>, une <strong>perte d&rsquo;audition<\/strong> ou des <strong>bourdonnements d&rsquo;oreille<\/strong>, il est essentiel de consulter un oto-rhino-laryngologiste (ORL) pour en trouver la cause.<\/p>\n\n<h3 class=\"wp-block-heading\"><br\/>Troubles du nez : Le dilemme de la respiration<\/h3>\n\n<p><\/p>\n\n<p>Le nez ne sert pas uniquement \u00e0 respirer. Il joue un r\u00f4le essentiel dans le filtrage de l&rsquo;air, la r\u00e9gulation de la temp\u00e9rature ou l&rsquo;influence de l&rsquo;odorat. Malheureusement, de nombreux \u00eatres humains sont confront\u00e9s \u00e0 des <strong>probl\u00e8mes nasaux<\/strong> qui affectent leurs talents. Voici quelques <strong>affections nasales<\/strong> courantes :  <\/p>\n\n<ul class=\"wp-block-list\">\n<li><strong>Congestion nasale<\/strong>, qui peut \u00eatre due \u00e0 des allergies, \u00e0 des infections ou \u00e0 des probl\u00e8mes structurels<\/li>\n\n\n\n<li><strong>Sinusite<\/strong>, une infection des sinus qui peut entra\u00eener une pression, des maux de t\u00eate et des douleurs faciales.<\/li>\n\n\n\n<li><strong>Saignements de nez<\/strong>, qui peuvent \u00eatre caus\u00e9s par l&rsquo;air sec, un traumatisme ou des probl\u00e8mes de sant\u00e9 sous-jacents.<\/li>\n\n\n\n<li><strong>Polypes nasaux<\/strong>, excroissances non canc\u00e9reuses qui peuvent r\u00e9duire le d\u00e9bit d&rsquo;air et motiver des probl\u00e8mes chroniques de sinus.<\/li>\n\n\n\n<li><strong>Les d\u00e9formations de la cloison nasale<\/strong>, dans lesquelles la paroi entre les narines est tordue, ce qui rend la respiration par le nez plus difficile.<\/li>\n\n\n\n<li><strong><a href=\"https:\/\/medclinics.com\/fr\/rhinoplastie-pose-de-nez\/\" target=\"_blank\" rel=\"noreferrer noopener\">Rhinoplastie<\/a><\/strong>, une approche esth\u00e9tique pour remodeler le nez pour des raisons utiles et esth\u00e9tiques.<\/li>\n<\/ul>\n\n<p>Ces troubles peuvent affecter votre sommeil, exceptionnellement votre capacit\u00e9 \u00e0 sentir. Si vous souffrez de <strong>congestion nasale chronique<\/strong>, de <strong>stress sinusal<\/strong> ou de <strong>difficult\u00e9s \u00e0 respirer par une narine<\/strong>, il est temps d&rsquo;envisager une consultation avec un m\u00e9decin ORL. Les options de traitement vont des pilules et des sprays nasaux \u00e0 la chirurgie pour les probl\u00e8mes extr\u00eames.  <\/p>\n\n<h3 class=\"wp-block-heading\">Troubles de la gorge : Maux de gorge et autres<\/h3>\n\n<p><br\/>La gorge est importante pour parler, avaler et respirer. Les probl\u00e8mes \u00e0 ce niveau peuvent donc \u00eatre particuli\u00e8rement g\u00eanants. Les affections courantes <strong>de la gorge<\/strong> sont les suivantes <\/p>\n\n<ul class=\"wp-block-list\">\n<li>Le <strong>mal de gorge<\/strong>, qui est g\u00e9n\u00e9ralement le sympt\u00f4me d&rsquo;une contamination virale comme un rhume ou une grippe.<\/li>\n\n\n\n<li><strong>Pharyngite<\/strong>, infection de la gorge souvent due \u00e0 des micro-organismes ou \u00e0 des virus<\/li>\n\n\n\n<li><strong><a href=\"https:\/\/pubmed.ncbi.nlm.nih.gov\/?term=tonsillitis\" target=\"_blank\" rel=\"noreferrer noopener nofollow\">Amygdalite<\/a><\/strong>, infection des amygdales pouvant provoquer des douleurs, des gonflements et de la fi\u00e8vre.<\/li>\n\n\n\n<li><strong>Infection de l&rsquo;amygdale<\/strong>, qui peut rendre la d\u00e9glutition difficile et parfois la respiration difficile.<\/li>\n\n\n\n<li><strong>Laryngite<\/strong>, contamination de l&#8217;emplacement de la voix qui peut entra\u00eener une perte de voix<\/li>\n\n\n\n<li><strong>Pharyngotonsillite<\/strong>: contamination de la gorge et des amygdales, g\u00e9n\u00e9ralement due \u00e0 une infection.<\/li>\n\n\n\n<li><strong>Croup<\/strong>, une infection virale qui provoque une toux aboyante chez les enfants<\/li>\n\n\n\n<li>L<strong>&lsquo;enrouement<\/strong>, qui peut \u00eatre d\u00fb \u00e0 un stress vocal, \u00e0 une contamination ou \u00e0 des probl\u00e8mes <strong>esth\u00e9tiques de la voix<\/strong>.<\/li>\n<\/ul>\n\n<p>En ce qui concerne l&rsquo;<strong><a href=\"https:\/\/medclinics.com\/fr\/esthetique-vocale\/\" target=\"_blank\" rel=\"noreferrer noopener\">esth\u00e9tique vocale<\/a><\/strong>, il s&rsquo;agit d&rsquo;un domaine de traitement qui a pratiquement gagn\u00e9 en r\u00e9putation ces derni\u00e8res ann\u00e9es. Qu&rsquo;il s&rsquo;agisse d&rsquo;am\u00e9liorer le tonus vocal, de renforcer la r\u00e9sonance ou de rem\u00e9dier \u00e0 des troubles sp\u00e9cifiques de la voix, la <strong>chirurgie esth\u00e9tique de la voix<\/strong> permet \u00e0 de nombreuses personnes de b\u00e9n\u00e9ficier de la voix qu&rsquo;elles pr\u00e9f\u00e8rent. <\/p>\n\n<h3 class=\"wp-block-heading\">Sympt\u00f4mes courants des troubles de l&rsquo;oreille, du nez et de la gorge (ORL)<\/h3>\n\n<p><br\/>Les situations ORL s&rsquo;accompagnent souvent de signes et de sympt\u00f4mes essentiels qu&rsquo;il peut \u00eatre difficile d&rsquo;ignorer. Il s&rsquo;agit notamment de<\/p>\n\n<ul class=\"wp-block-list\">\n<li><strong>Maux de t\u00eate<\/strong> (en particulier en cas d&rsquo;infection des sinus ou de l&rsquo;oreille)<\/li>\n\n\n\n<li><strong>Maux d&rsquo;oreille<\/strong> et perte d&rsquo;audition (fr\u00e9quents en cas d&rsquo;infection de l&rsquo;oreille ou de maladie de M\u00e9ni\u00e8re)<\/li>\n\n\n\n<li><strong>Congestion nasale<\/strong> et <strong>saignements de nez<\/strong> (li\u00e9s \u00e0 une sinusite ou \u00e0 des probl\u00e8mes nasaux)<\/li>\n\n\n\n<li><strong>Maux de gorge<\/strong> et <strong>enrouement<\/strong> (li\u00e9s \u00e0 des infections de la gorge ou \u00e0 un stress vocal)<\/li>\n\n\n\n<li><strong>Difficult\u00e9 \u00e0 avaler<\/strong>, qui peut \u00eatre associ\u00e9e \u00e0 des probl\u00e8mes de gorge ou d&rsquo;amygdales<\/li>\n<\/ul>\n\n<p><br\/>Si vous pr\u00e9sentez l&rsquo;un de ces signes et sympt\u00f4mes, il est important de demander l&rsquo;avis d&rsquo;un professionnel pour un traitement appropri\u00e9.<\/p>\n\n<h3 class=\"wp-block-heading\">Choisir les meilleurs chirurgiens et cliniques d&rsquo;oto-rhino-laryngologie (ORL)<\/h3>\n\n<p><br\/>Si vous souffrez d&rsquo;une maladie ORL, vous voudrez choisir un <strong>m\u00e9decin ORL<\/strong> professionnel qui vous aidera \u00e0 vous sentir \u00e0 nouveau en pleine forme. Il est essentiel de rechercher des cliniques et des chirurgiens sp\u00e9cialis\u00e9s dans votre maladie, qu&rsquo;il s&rsquo;agisse de <strong>chirurgie de l&rsquo;oreille<\/strong>, d&rsquo;<strong>esth\u00e9tique vocale<\/strong> ou de <strong>traitement des sinus<\/strong>. De nombreuses cliniques de premier plan proposent des consultations qui vous aideront \u00e0 comprendre les options qui s&rsquo;offrent \u00e0 vous et \u00e0 choisir le meilleur plan de traitement.  <\/p>\n\n<p>Lorsque vous comparez les prix, veillez \u00e0 garder \u00e0 l&rsquo;esprit des facteurs tels que la r\u00e9putation de la clinique, l&rsquo;expert en soins de sant\u00e9 et les strat\u00e9gies de confort dont vous pourriez avoir besoin. Le co\u00fbt des <strong>traitements ORL<\/strong> peut varier consid\u00e9rablement en fonction de la complexit\u00e9 de la technique et de la r\u00e9gion o\u00f9 se trouve la clinique ; il convient donc d&rsquo;examiner toutes les options possibles avant de prendre une d\u00e9cision.<\/p>\n\n<h3 class=\"wp-block-heading\"><br\/>Derni\u00e8res r\u00e9flexions sur les traitements d&rsquo;oto-rhino-laryngologie (ORL)<\/h3>\n\n<p><br\/>Qu&rsquo;il s&rsquo;agisse d&rsquo;un mal de gorge chronique, d&rsquo;une otite persistante ou d&rsquo;un probl\u00e8me d&rsquo;ordre esth\u00e9tique tel qu&rsquo;un remodelage des narines, les <strong>rem\u00e8des ORL<\/strong> sont importants pour renforcer votre sant\u00e9. Gr\u00e2ce aux progr\u00e8s de la technologie m\u00e9dicale et des strat\u00e9gies chirurgicales, les options th\u00e9rapeutiques disponibles sont plus nombreuses que jamais. <\/p>\n\n<p>En choisissant le bon <strong>m\u00e9decin ORL<\/strong> et le bon \u00e9tablissement de sant\u00e9, vous pouvez r\u00e9soudre vos probl\u00e8mes de sant\u00e9, qu&rsquo;il s&rsquo;agisse de situations mineures ou plus critiques, et reprendre le cours de votre vie. Sans aucun probl\u00e8me ORL. <\/p>\n\n<p>Les maladies de l&rsquo;oreille moyenne, telles que les infections de l&rsquo;oreille moyenne, l&rsquo;inflammation de l&rsquo;oreille moyenne, la perforation du tympan, l&rsquo;accumulation de liquide dans l&rsquo;oreille moyenne et la perte d&rsquo;audition, peuvent survenir dans l&rsquo;oreille moyenne.  <\/p>\n\n<h2 class=\"wp-block-heading\">Villes et pays pour Traitements oto-rhino-laryngologiques<\/h2>\n\n<p><em>bient\u00f4t&#8230;<\/em><\/p>\n\n<p><strong>MedClinics propose des traitements pour les oreilles, le nez et la gorge \u00e0 un prix abordable !<\/strong> <strong>Nous vous aidons \u00e0 naviguer parmi les nombreuses offres et \u00e0 trouver celle qui vous convient le mieux. Avec MedClinics, vous aurez une vue d&rsquo;ensemble des pays, des co\u00fbts et des m\u00e9decins.<\/strong><\/p>\n<h2 class=\"wp-block-heading\">Contactez-nous, notre conseiller patient vous guidera et vous conseillera tout au long du processus !<\/h2>\n<p>Avec MedClinics, vous trouverez le traitement qui vous convient le mieux. Nous vous expliquerons tous les d\u00e9tails et vous aiderons \u00e0 trouver la clinique la plus adapt\u00e9e \u00e0 vos besoins sp\u00e9cifiques.<\/p>\n\n<div class=\"wp-block-buttons is-layout-flex wp-block-buttons-is-layout-flex\">\n<div class=\"wp-block-button has-custom-width wp-block-button__width-100 has-custom-font-size is-style-fill has-medium-font-size\"><a class=\"wp-block-button__link has-white-color has-text-color has-background wp-element-button\" href=\"#requestform\" style=\"border-radius:8px;background-color:#225b75;padding-right:0;padding-left:0\" target=\"_blank\" rel=\"noopener\">Consultation gratuite<\/a><\/div>\n<\/div>\n\n<p><\/p>\n","protected":false},"excerpt":{"rendered":"<p>Les traitements d&rsquo;oto-rhino-laryngologie (ORL) sont populaires depuis de nombreuses ann\u00e9es. Lorsque nous pensons aux soins de sant\u00e9, nous nous concentrons [&hellip;]<\/p>\n","protected":false},"author":4,"featured_media":118293,"parent":0,"menu_order":0,"comment_status":"closed","ping_status":"closed","template":"","meta":{"site-sidebar-layout":"default","site-content-layout":"","ast-site-content-layout":"default","site-content-style":"default","site-sidebar-style":"default","ast-global-header-display":"","ast-banner-title-visibility":"","ast-main-header-display":"","ast-hfb-above-header-display":"","ast-hfb-below-header-display":"","ast-hfb-mobile-header-display":"","site-post-title":"","ast-breadcrumbs-content":"","ast-featured-img":"","footer-sml-layout":"","ast-disable-related-posts":"","theme-transparent-header-meta":"","adv-header-id-meta":"","stick-header-meta":"","header-above-stick-meta":"","header-main-stick-meta":"","header-below-stick-meta":"","astra-migrate-meta-layouts":"default","ast-page-background-enabled":"default","ast-page-background-meta":{"desktop":{"background-color":"var(--ast-global-color-4)","background-image":"","background-repeat":"repeat","background-position":"center center","background-size":"auto","background-attachment":"scroll","background-type":"","background-media":"","overlay-type":"","overlay-color":"","overlay-opacity":"","overlay-gradient":""},"tablet":{"background-color":"","background-image":"","background-repeat":"repeat","background-position":"center center","background-size":"auto","background-attachment":"scroll","background-type":"","background-media":"","overlay-type":"","overlay-color":"","overlay-opacity":"","overlay-gradient":""},"mobile":{"background-color":"","background-image":"","background-repeat":"repeat","background-position":"center center","background-size":"auto","background-attachment":"scroll","background-type":"","background-media":"","overlay-type":"","overlay-color":"","overlay-opacity":"","overlay-gradient":""}},"ast-content-background-meta":{"desktop":{"background-color":"var(--ast-global-color-5)","background-image":"","background-repeat":"repeat","background-position":"center center","background-size":"auto","background-attachment":"scroll","background-type":"","background-media":"","overlay-type":"","overlay-color":"","overlay-opacity":"","overlay-gradient":""},"tablet":{"background-color":"var(--ast-global-color-5)","background-image":"","background-repeat":"repeat","background-position":"center center","background-size":"auto","background-attachment":"scroll","background-type":"","background-media":"","overlay-type":"","overlay-color":"","overlay-opacity":"","overlay-gradient":""},"mobile":{"background-color":"var(--ast-global-color-5)","background-image":"","background-repeat":"repeat","background-position":"center center","background-size":"auto","background-attachment":"scroll","background-type":"","background-media":"","overlay-type":"","overlay-color":"","overlay-opacity":"","overlay-gradient":""}},"footnotes":""},"class_list":["post-148575","page","type-page","status-publish","has-post-thumbnail","hentry"],"_links":{"self":[{"href":"https:\/\/medclinics.com\/fr\/wp-json\/wp\/v2\/pages\/148575","targetHints":{"allow":["GET"]}}],"collection":[{"href":"https:\/\/medclinics.com\/fr\/wp-json\/wp\/v2\/pages"}],"about":[{"href":"https:\/\/medclinics.com\/fr\/wp-json\/wp\/v2\/types\/page"}],"author":[{"embeddable":true,"href":"https:\/\/medclinics.com\/fr\/wp-json\/wp\/v2\/users\/4"}],"replies":[{"embeddable":true,"href":"https:\/\/medclinics.com\/fr\/wp-json\/wp\/v2\/comments?post=148575"}],"version-history":[{"count":0,"href":"https:\/\/medclinics.com\/fr\/wp-json\/wp\/v2\/pages\/148575\/revisions"}],"wp:featuredmedia":[{"embeddable":true,"href":"https:\/\/medclinics.com\/fr\/wp-json\/wp\/v2\/media\/118293"}],"wp:attachment":[{"href":"https:\/\/medclinics.com\/fr\/wp-json\/wp\/v2\/media?parent=148575"}],"curies":[{"name":"wp","href":"https:\/\/api.w.org\/{rel}","templated":true}]}}