{"id":148561,"date":"2023-11-21T11:28:31","date_gmt":"2023-11-21T08:28:31","guid":{"rendered":"https:\/\/medclinics.com\/esthetique-vocale\/"},"modified":"2024-10-23T15:41:06","modified_gmt":"2024-10-23T12:41:06","slug":"esthetique-vocale","status":"publish","type":"page","link":"https:\/\/medclinics.com\/fr\/esthetique-vocale\/","title":{"rendered":"Esth\u00e9tique vocale"},"content":{"rendered":"\n<h2 class=\"wp-block-heading\" id=\"voice-aesthetics-can-ensure-a-persons-voice-matches-their-gender-age-and-appearance\">L&rsquo;esth\u00e9tique vocale permet de s&rsquo;assurer que la voix d&rsquo;une personne correspond \u00e0 son sexe, \u00e0 son \u00e2ge et \u00e0 son apparence.<\/h2>\n\n<p>Il s&rsquo;agit d&rsquo;un ensemble de proc\u00e9dures effectu\u00e9es par des experts en ORL (oto-rhino-laryngologie). Les proc\u00e9dures d\u00e9terminent l&rsquo;apparence de l&rsquo;\u00e9paississement et de l&rsquo;amincissement de la voix.<\/p>\n\n<div class=\"wp-block-rank-math-toc-block\" id=\"rank-math-toc\"><h2>Table des mati\u00e8res<\/h2><nav><ul><li><a href=\"#voice-aesthetics-can-ensure-a-persons-voice-matches-their-gender-age-and-appearance\">L&rsquo;esth\u00e9tique vocale permet de s&rsquo;assurer que la voix d&rsquo;une personne correspond \u00e0 son sexe, \u00e0 son \u00e2ge et \u00e0 son apparence.<\/a><\/li><li><a href=\"#so-what-is\">Qu&rsquo;est-ce que c&rsquo;est ?<\/a><\/li><li><a href=\"#types-and-methods\">Types et m\u00e9thodes<\/a><\/li><li><a href=\"#treatment-plan\">Plan de traitement<\/a><\/li><li><a href=\"#aftercare\">Postcure<\/a><\/li><li><a href=\"#voice-aesthetic-costs-by-country\">Co\u00fbts de l&rsquo;esth\u00e9tique vocale par pays<\/a><\/li><li><a href=\"#faq\">FAQ<\/a><\/li><li><a href=\"#history\">L&rsquo;histoire<\/a><\/li><\/ul><\/nav><\/div>\n\n<h2 class=\"wp-block-heading\" id=\"so-what-is\">Qu&rsquo;est-ce que c&rsquo;est ?<\/h2>\n\n<ul class=\"wp-block-list\">\n<li>L&rsquo;esth\u00e9tique vocale est de plus en plus populaire. Ils sont populaires aupr\u00e8s des personnes qui souhaitent que leur voix corresponde \u00e0 leur sexe, \u00e0 leur \u00e2ge et \u00e0 leur apparence physique. Les personnes dont la voix est mal adapt\u00e9e peuvent \u00e9prouver des difficult\u00e9s \u00e0 communiquer avec la soci\u00e9t\u00e9. L&rsquo;esth\u00e9tique vocale peut \u00eatre une solution pour faire face \u00e0 ces situations.<\/li>\n<\/ul>\n\n<figure class=\"wp-block-image size-full\"><img fetchpriority=\"high\" decoding=\"async\" width=\"960\" height=\"550\" src=\"https:\/\/medclinics.com\/wp-content\/uploads\/2023\/11\/voice-aesthetics-in-turkey.jpg\" alt=\"Esth&#xE9;tique vocale en Turquie\" class=\"wp-image-118210\" srcset=\"https:\/\/medclinics.com\/wp-content\/uploads\/2023\/11\/voice-aesthetics-in-turkey.jpg 960w, https:\/\/medclinics.com\/wp-content\/uploads\/2023\/11\/voice-aesthetics-in-turkey-500x286.jpg 500w, https:\/\/medclinics.com\/wp-content\/uploads\/2023\/11\/voice-aesthetics-in-turkey-768x440.jpg 768w, https:\/\/medclinics.com\/wp-content\/uploads\/2023\/11\/voice-aesthetics-in-turkey-24x14.jpg 24w, https:\/\/medclinics.com\/wp-content\/uploads\/2023\/11\/voice-aesthetics-in-turkey-36x21.jpg 36w, https:\/\/medclinics.com\/wp-content\/uploads\/2023\/11\/voice-aesthetics-in-turkey-48x28.jpg 48w\" sizes=\"(max-width: 960px) 100vw, 960px\" \/><\/figure>\n\n<h2 class=\"wp-block-heading\" id=\"types-and-methods\">Types et m\u00e9thodes<\/h2>\n\n<p>La chirurgie esth\u00e9tique de la voix permet d&rsquo;\u00e9paissir ou d&rsquo;approfondir la voix. Ces m\u00e9thodes sont la f\u00e9minisation et l&rsquo;approfondissement. Ils sont g\u00e9n\u00e9ralement r\u00e9alis\u00e9s sous anesth\u00e9sie locale. Ils r\u00e9gulent le ton de la voix en intervenant sur les cordes vocales. Elle peut \u00e9galement inclure d&rsquo;autres m\u00e9thodes telles que la th\u00e9rapie vocale et la chirurgie vocale.<\/p>\n\n<p><strong>F\u00e9minisation de la voix :<\/strong> Il s&rsquo;agit d&rsquo;une m\u00e9thode de traitement utilis\u00e9e pour corriger le ton de la voix. L&rsquo;\u00e9paisseur ou la finesse du son d\u00e9pend de la fr\u00e9quence fondamentale de la corde vocale. La chirurgie de f\u00e9minisation de la voix consiste \u00e0 raccourcir, amincir et resserrer les cordes vocales. Vous pouvez ainsi obtenir le ton de voix souhait\u00e9.<\/p>\n\n<p><strong>Approfondissement de la voix<\/strong>: Cette chirurgie est g\u00e9n\u00e9ralement utilis\u00e9e pour les hommes. Il s&rsquo;agit d&rsquo;amener le timbre de leur voix \u00e0 une \u00e9paisseur adapt\u00e9e \u00e0 leur structure physique. L&rsquo;op\u00e9ration vous donne une tonalit\u00e9 vocale appropri\u00e9e. Il s&rsquo;agit d&rsquo;une voix plus \u00e9paisse. Il convient aux personnes dont les cordes vocales sont fines.<\/p>\n\n<figure class=\"wp-block-image size-full\"><img decoding=\"async\" width=\"960\" height=\"550\" src=\"https:\/\/medclinics.com\/wp-content\/uploads\/2023\/11\/voice-aesthetics-for-men.jpg\" alt=\"Esth&#xE9;tique vocale pour les hommes\" class=\"wp-image-118229\" srcset=\"https:\/\/medclinics.com\/wp-content\/uploads\/2023\/11\/voice-aesthetics-for-men.jpg 960w, https:\/\/medclinics.com\/wp-content\/uploads\/2023\/11\/voice-aesthetics-for-men-500x286.jpg 500w, https:\/\/medclinics.com\/wp-content\/uploads\/2023\/11\/voice-aesthetics-for-men-768x440.jpg 768w, https:\/\/medclinics.com\/wp-content\/uploads\/2023\/11\/voice-aesthetics-for-men-24x14.jpg 24w, https:\/\/medclinics.com\/wp-content\/uploads\/2023\/11\/voice-aesthetics-for-men-36x21.jpg 36w, https:\/\/medclinics.com\/wp-content\/uploads\/2023\/11\/voice-aesthetics-for-men-48x28.jpg 48w\" sizes=\"(max-width: 960px) 100vw, 960px\" \/><\/figure>\n\n<h2 class=\"wp-block-heading\" id=\"treatment-plan\">Plan de traitement<\/h2>\n\n<p><strong>Examen et laryngostroboscopie :<\/strong><\/p>\n\n<ul class=\"wp-block-list\">\n<li>Le m\u00e9decin sp\u00e9cialiste utilise la m\u00e9thode de la<a href=\"https:\/\/en.wikipedia.org\/wiki\/Laryngoscopy\" rel=\"nofollow noopener\" data-type=\"link\" data-id=\"https:\/\/en.wikipedia.org\/wiki\/Laryngoscopy\" target=\"_blank\"> laryngoscopie<\/a> pour examiner les cordes vocales du patient.<\/li>\n\n\n\n<li>\u00c0 ce stade, les cordes vocales de la personne sont visualis\u00e9es et les \u00e9ventuelles pathologies qui les accompagnent sont identifi\u00e9es.<\/li>\n<\/ul>\n\n<p><strong>Analyse de la voix et enregistrement d&rsquo;\u00e9chantillons :<\/strong><\/p>\n\n<ul class=\"wp-block-list\">\n<li>Un \u00e9chantillon de voix est pr\u00e9lev\u00e9 sur le patient.<\/li>\n\n\n\n<li>L&rsquo;analyse de la voix est effectu\u00e9e et la fr\u00e9quence la plus appropri\u00e9e est d\u00e9termin\u00e9e avant l&rsquo;op\u00e9ration.<\/li>\n<\/ul>\n\n<p><strong>S\u00e9ances avec l&rsquo;orthophoniste :<\/strong><\/p>\n\n<ul class=\"wp-block-list\">\n<li>Ensuite, les orthophonistes organisent des r\u00e9unions. Ils expliquent l&rsquo;hygi\u00e8ne vocale post-op\u00e9ratoire et l&rsquo;utilisation de la voix.<\/li>\n<\/ul>\n\n<p>Les pr\u00e9paratifs sont effectu\u00e9s sur la base de l&rsquo;analyse de la voix. Ici, vous \u00eates pr\u00eat \u00e0 op\u00e9rer.<\/p>\n\n<p><strong>Chirurgie :<\/strong><\/p>\n\n<ul class=\"wp-block-list\">\n<li>Gr\u00e2ce \u00e0 une technique endoscopique, la chirurgie esth\u00e9tique de la voix est r\u00e9alis\u00e9e par une petite incision dans le cou ou par la bouche. Une technique appropri\u00e9e est s\u00e9lectionn\u00e9e. Le m\u00e9decin atteint donc les cordes vocales.<\/li>\n\n\n\n<li>La tension, la longueur et la masse de la corde vocale sont r\u00e9gl\u00e9es comme pour accorder un instrument. Vous pouvez ainsi obtenir l&rsquo;\u00e9paississement, l&rsquo;amincissement et l&rsquo;ajustement de la tonalit\u00e9 du son que vous souhaitez.<\/li>\n<\/ul>\n\n<p><strong>Votre traitement est maintenant termin\u00e9. Vous pouvez profiter de votre nouvelle voix.<\/strong><\/p>\n\n<h3 class=\"wp-block-heading\" id=\"dental-implants-for\">Esth\u00e9tique vocale pour :<\/h3>\n\n<ul class=\"wp-block-list\">\n<li>Ceux qui veulent faire entendre leur voix<\/li>\n\n\n\n<li>Ceux qui veulent \u00e9paissir leur voix<\/li>\n\n\n\n<li>Femmes avec une voix relativement plus \u00e9paisse<\/li>\n\n\n\n<li>Les hommes dont la voix est plus fine que la normale<\/li>\n\n\n\n<li>Les personnes dont la voix et la structure physique sont incompatibles en raison de changements hormonaux.<\/li>\n\n\n\n<li>Les personnes souffrant de divers probl\u00e8mes de cordes vocales<\/li>\n\n\n\n<li>Ceux qui pr\u00e9f\u00e8rent changer de sexe<\/li>\n<\/ul>\n\n<h3 class=\"wp-block-heading\" id=\"dental-implants-recovery-timeline\">Calendrier de r\u00e9tablissement de l&rsquo;esth\u00e9tique vocale :<\/h3>\n\n<ul class=\"wp-block-list\">\n<li>Apr\u00e8s une op\u00e9ration d&rsquo;endormissement de la voix, la voix peut \u00eatre utilis\u00e9e imm\u00e9diatement.<\/li>\n\n\n\n<li>Lors de la f\u00e9minisation de la voix, le repos vocal est recommand\u00e9 pendant une semaine.<\/li>\n\n\n\n<li>Au d\u00e9but, il peut y avoir un certain enrouement et des changements dans la voix.<\/li>\n\n\n\n<li>Pendant la p\u00e9riode de r\u00e9cup\u00e9ration postop\u00e9ratoire, vous devez faire attention \u00e0 l&rsquo;utilisation de la voix, \u00e0 l&rsquo;hygi\u00e8ne vocale et \u00e0 l&rsquo;alimentation.<\/li>\n<\/ul>\n\n<h3 class=\"wp-block-heading\" id=\"possible-risks-for-dental-implants\">Risques possibles pour l&rsquo;esth\u00e9tique vocale :<\/h3>\n\n<ul class=\"wp-block-list\">\n<li>Les chirurgies esth\u00e9tiques de la voix <strong>n&rsquo;entra\u00eenent pas de perte de voix<\/strong> si elles sont pratiqu\u00e9es dans des cliniques par des m\u00e9decins sp\u00e9cialis\u00e9s.<\/li>\n\n\n\n<li>Un enrouement peut survenir pendant le processus de gu\u00e9rison. Elle se d\u00e9veloppe en raison d&rsquo;un \u0153d\u00e8me des cordes vocales. Et ce n&rsquo;est pas permanent.<\/li>\n<\/ul>\n\n<h2 class=\"wp-block-heading\" id=\"aftercare\">Postcure<\/h2>\n\n<h3 class=\"wp-block-heading\" id=\"of-course-we-will-also-take-care-of-you-after-your-treatment\">Bien entendu, nous nous occupons \u00e9galement de vous apr\u00e8s votre traitement !<\/h3>\n\n<p>Nos consultants m\u00e9dicaux s&rsquo;occuperont de vous pendant un an apr\u00e8s l&rsquo;op\u00e9ration.<br\/>Si vous avez besoin d&rsquo;aide, si vous avez des questions, vous pouvez contacter <a href=\"https:\/\/medclinics.com\/fr\/\">MedClinics<\/a> 24 heures sur 24, 7 jours sur 7.<\/p>\n\n<figure class=\"wp-block-image size-full is-resized\"><img decoding=\"async\" width=\"960\" height=\"550\" src=\"https:\/\/medclinics.com\/wp-content\/uploads\/2023\/11\/voice-aesthetics.jpg\" alt=\"Esth&#xE9;tique vocale\" class=\"wp-image-118221\" style=\"width:960px;height:550px\" srcset=\"https:\/\/medclinics.com\/wp-content\/uploads\/2023\/11\/voice-aesthetics.jpg 960w, https:\/\/medclinics.com\/wp-content\/uploads\/2023\/11\/voice-aesthetics-500x286.jpg 500w, https:\/\/medclinics.com\/wp-content\/uploads\/2023\/11\/voice-aesthetics-768x440.jpg 768w, https:\/\/medclinics.com\/wp-content\/uploads\/2023\/11\/voice-aesthetics-24x14.jpg 24w, https:\/\/medclinics.com\/wp-content\/uploads\/2023\/11\/voice-aesthetics-36x21.jpg 36w, https:\/\/medclinics.com\/wp-content\/uploads\/2023\/11\/voice-aesthetics-48x28.jpg 48w\" sizes=\"(max-width: 960px) 100vw, 960px\" \/><\/figure>\n\n<h2 class=\"wp-block-heading\" id=\"voice-aesthetic-costs-by-country\">Co\u00fbts de l&rsquo;esth\u00e9tique vocale par pays<\/h2>\n\n<p>Les co\u00fbts de l&rsquo;esth\u00e9tique vocale d\u00e9pendent des caract\u00e9ristiques g\u00e9n\u00e9tiques, de l&rsquo;\u00e2ge, de la structure des cordes vocales, de l&rsquo;\u00e9tat des cordes vocales, de la m\u00e9thode d&rsquo;esth\u00e9tique vocale et de l&rsquo;exp\u00e9rience du m\u00e9decin.<br\/>Les prix indiqu\u00e9s ci-dessous sont destin\u00e9s \u00e0 vous donner une id\u00e9e approximative et ne constituent pas un devis d\u00e9finitif. Votre conseiller MedClinics se fera un plaisir de vous renseigner.<\/p>\n\n<figure class=\"wp-block-table\"><table><tbody><tr><td>Pays<\/td><td>Prix<\/td><td>\u00c9valuation ;<\/td><\/tr><tr><td>Turquie<\/td><td>~ 5.000 \u20ac  <\/td><td>\u2605\u2605\u2605\u2605\u2605 \u00a0 \u00a0<\/td><\/tr><tr><td>Pologne<\/td><td>~ 4.400 \u20ac  <\/td><td>\u2605\u2605<\/td><\/tr><tr><td>ROYAUME-UNI<\/td><td>~ 7.500 \u20ac  <\/td><td>\u2605\u2605\u2605<\/td><\/tr><tr><td>Allemagne<\/td><td>~ 8.000 \u20ac<\/td><td>\u2605\u2605\u2605<\/td><\/tr><\/tbody><\/table><\/figure>\n\n<h2 class=\"wp-block-heading\" id=\"faq\">FAQ<\/h2>\n<div id=\"rank-math-faq\" class=\"rank-math-block\">\n<div class=\"rank-math-list \">\n<div id=\"faq-question-1682598236692\" class=\"rank-math-list-item\">\n<h3 class=\"rank-math-question \">Quels sont les avantages de la chirurgie esth\u00e9tique vocale ?<\/h3>\n<div class=\"rank-math-answer \">\n\n<p>La chirurgie esth\u00e9tique de la voix vise \u00e0 am\u00e9liorer la fonction et l&rsquo;apparence de la voix. Les avantages peuvent inclure l&rsquo;am\u00e9lioration du tonus vocal, de la hauteur et de la qualit\u00e9 g\u00e9n\u00e9rale de la voix.<\/p>\n\n<\/div>\n<\/div>\n<div id=\"faq-question-1684406211747\" class=\"rank-math-list-item\">\n<h3 class=\"rank-math-question \">La chirurgie esth\u00e9tique de la voix est-elle sans danger en Turquie ?<\/h3>\n<div class=\"rank-math-answer \">\n\n<p>La chirurgie esth\u00e9tique de la voix en Turquie est g\u00e9n\u00e9ralement s\u00fbre lorsqu&rsquo;elle est pratiqu\u00e9e par des m\u00e9decins exp\u00e9riment\u00e9s et qualifi\u00e9s, sp\u00e9cialis\u00e9s dans le domaine de l&rsquo;oto-rhino-laryngologie. En tant que MedClinics, nous sommes l\u00e0 pour vous aider \u00e0 choisir les meilleures cliniques en Turquie.<\/p>\n\n<\/div>\n<\/div>\n<div id=\"faq-question-1684406215345\" class=\"rank-math-list-item\">\n<h3 class=\"rank-math-question \">Comment se d\u00e9roule la chirurgie esth\u00e9tique de la voix ?<\/h3>\n<div class=\"rank-math-answer \">\n\n<p>La proc\u00e9dure consiste \u00e0 ajuster la tension, la longueur et la masse des cordes vocales afin d&rsquo;obtenir l&rsquo;\u00e9paississement, l&rsquo;amincissement ou la tonalit\u00e9 de la voix souhait\u00e9s. La m\u00e9thode sp\u00e9cifique d\u00e9pend de facteurs individuels.<\/p>\n\n<\/div>\n<\/div>\n<div id=\"faq-question-1684406216613\" class=\"rank-math-list-item\">\n<h3 class=\"rank-math-question \">Comment se d\u00e9roule la convalescence apr\u00e8s une op\u00e9ration d&rsquo;esth\u00e9tique vocale ?<\/h3>\n<div class=\"rank-math-answer \">\n\n<p>Le processus de r\u00e9tablissement varie, mais les patients peuvent s&rsquo;attendre \u00e0 une p\u00e9riode de repos et de soins vocaux. Des rendez-vous de suivi avec le chirurgien et l&rsquo;orthophoniste peuvent \u00eatre recommand\u00e9s.<\/p>\n\n<\/div>\n<\/div>\n<div id=\"faq-question-1684406218161\" class=\"rank-math-list-item\">\n<h3 class=\"rank-math-question \">Quelle est la dur\u00e9e des r\u00e9sultats de la chirurgie esth\u00e9tique vocale ?<\/h3>\n<div class=\"rank-math-answer \">\n\n<p>Elle d\u00e9pend de facteurs li\u00e9s au mode de vie, de la gu\u00e9rison individuelle et des soins de suivi.<\/p>\n\n<\/div>\n<\/div>\n<div id=\"faq-question-1684406219322\" class=\"rank-math-list-item\">\n<h3 class=\"rank-math-question \">Quel est le co\u00fbt de la chirurgie esth\u00e9tique vocale en Turquie par rapport \u00e0 d&rsquo;autres pays ?<\/h3>\n<div class=\"rank-math-answer \">\n\n<p>Les co\u00fbts de la chirurgie esth\u00e9tique vocale en Turquie s&rsquo;\u00e9l\u00e8vent g\u00e9n\u00e9ralement \u00e0 250 euros, ce qui est nettement moins \u00e9lev\u00e9 qu&rsquo;en Europe occidentale ou aux \u00c9tats-Unis. Bien entendu, cela d\u00e9pend du type d&rsquo;intervention, de l&rsquo;exp\u00e9rience du chirurgien et de la r\u00e9putation de la clinique.<\/p>\n\n<\/div>\n<\/div>\n<div id=\"faq-question-1684406222432\" class=\"rank-math-list-item\">\n<h3 class=\"rank-math-question \">Quels sont les taux de r\u00e9ussite de la chirurgie esth\u00e9tique vocale en Turquie ?<\/h3>\n<div class=\"rank-math-answer \">\n\n<p>Le taux de r\u00e9ussite de la chirurgie esth\u00e9tique vocale se situe entre 88 % et 93 % en Turquie.  <\/p>\n\n<\/div>\n<\/div>\n<div id=\"faq-question-1684406223362\" class=\"rank-math-list-item\">\n<h3 class=\"rank-math-question \">Comment trouver un chirurgien de la voix r\u00e9put\u00e9 et exp\u00e9riment\u00e9 en Turquie ?<\/h3>\n<div class=\"rank-math-answer \">\n\n<p>En tant que MedClinics, nous sommes l\u00e0 pour vous aider \u00e0 trouver les cliniques d&rsquo;esth\u00e9tique vocale et les chirurgiens les plus appropri\u00e9s en Turquie. Vous pouvez nous contacter 24 heures sur 24, 7 jours sur 7. <\/p>\n\n<\/div>\n<\/div>\n<div id=\"faq-question-1684406224360\" class=\"rank-math-list-item\">\n<h3 class=\"rank-math-question \">Quels sont les facteurs qui peuvent affecter la long\u00e9vit\u00e9 des r\u00e9sultats de la chirurgie esth\u00e9tique de la voix ?<\/h3>\n<div class=\"rank-math-answer \">\n\n<p>Des facteurs tels que l&rsquo;observance des soins postop\u00e9ratoires, les choix de mode de vie et les techniques sp\u00e9cifiques utilis\u00e9es pendant l&rsquo;intervention influencent la long\u00e9vit\u00e9.<\/p>\n\n<\/div>\n<\/div>\n<div id=\"faq-question-1684406227634\" class=\"rank-math-list-item\">\n<h3 class=\"rank-math-question \">Quand pourrai-je reprendre mes activit\u00e9s normales apr\u00e8s la chirurgie esth\u00e9tique de la voix ?<\/h3>\n<div class=\"rank-math-answer \">\n\n<p>Le temps de r\u00e9cup\u00e9ration apr\u00e8s une chirurgie esth\u00e9tique de la voix est variable. Mais vous pouvez vous attendre \u00e0 reprendre vos activit\u00e9s normales au bout d&rsquo;une semaine ou deux.<\/p>\n\n<\/div>\n<\/div>\n<\/div>\n<\/div>\n<h2 class=\"wp-block-heading\" id=\"history\">L&rsquo;histoire<\/h2>\n\n<p>L&rsquo;esth\u00e9tique vocale, fa\u00e7onn\u00e9e par les changements culturels, trouve ses racines dans la Gr\u00e8ce et la Rome antiques, o\u00f9 l&rsquo;on soulignait l&rsquo;importance d&rsquo;une voix agr\u00e9able.<\/p>\n\n<p>Du Moyen \u00c2ge \u00e0 la Renaissance, les acad\u00e9miciens se sont pench\u00e9s sur l&rsquo;expression vocale. La technologie d&rsquo;enregistrement de la fin du 19e si\u00e8cle a permis la pr\u00e9servation et l&rsquo;analyse du son.<\/p>\n\n<p>Aujourd&rsquo;hui, l&rsquo;esth\u00e9tique vocale va au-del\u00e0 de l&rsquo;art, l&rsquo;intersection de la m\u00e9decine et de la technologie ayant permis de mettre au point des proc\u00e9dures am\u00e9liorant \u00e0 la fois la fonction et l&rsquo;esth\u00e9tique de la voix. Les traitements modernes s&rsquo;attaquent non seulement aux probl\u00e8mes fonctionnels, mais visent \u00e9galement \u00e0 am\u00e9liorer le son de la voix.<\/p>\n","protected":false},"excerpt":{"rendered":"<p>L&rsquo;esth\u00e9tique vocale permet de s&rsquo;assurer que la voix d&rsquo;une personne correspond \u00e0 son sexe, \u00e0 son \u00e2ge et \u00e0 son [&hellip;]<\/p>\n","protected":false},"author":4,"featured_media":118244,"parent":0,"menu_order":0,"comment_status":"closed","ping_status":"closed","template":"","meta":{"site-sidebar-layout":"default","site-content-layout":"","ast-site-content-layout":"default","site-content-style":"default","site-sidebar-style":"default","ast-global-header-display":"","ast-banner-title-visibility":"","ast-main-header-display":"","ast-hfb-above-header-display":"","ast-hfb-below-header-display":"","ast-hfb-mobile-header-display":"","site-post-title":"","ast-breadcrumbs-content":"","ast-featured-img":"","footer-sml-layout":"","ast-disable-related-posts":"","theme-transparent-header-meta":"","adv-header-id-meta":"","stick-header-meta":"","header-above-stick-meta":"","header-main-stick-meta":"","header-below-stick-meta":"","astra-migrate-meta-layouts":"default","ast-page-background-enabled":"default","ast-page-background-meta":{"desktop":{"background-color":"var(--ast-global-color-4)","background-image":"","background-repeat":"repeat","background-position":"center center","background-size":"auto","background-attachment":"scroll","background-type":"","background-media":"","overlay-type":"","overlay-color":"","overlay-opacity":"","overlay-gradient":""},"tablet":{"background-color":"","background-image":"","background-repeat":"repeat","background-position":"center center","background-size":"auto","background-attachment":"scroll","background-type":"","background-media":"","overlay-type":"","overlay-color":"","overlay-opacity":"","overlay-gradient":""},"mobile":{"background-color":"","background-image":"","background-repeat":"repeat","background-position":"center center","background-size":"auto","background-attachment":"scroll","background-type":"","background-media":"","overlay-type":"","overlay-color":"","overlay-opacity":"","overlay-gradient":""}},"ast-content-background-meta":{"desktop":{"background-color":"var(--ast-global-color-5)","background-image":"","background-repeat":"repeat","background-position":"center center","background-size":"auto","background-attachment":"scroll","background-type":"","background-media":"","overlay-type":"","overlay-color":"","overlay-opacity":"","overlay-gradient":""},"tablet":{"background-color":"var(--ast-global-color-5)","background-image":"","background-repeat":"repeat","background-position":"center center","background-size":"auto","background-attachment":"scroll","background-type":"","background-media":"","overlay-type":"","overlay-color":"","overlay-opacity":"","overlay-gradient":""},"mobile":{"background-color":"var(--ast-global-color-5)","background-image":"","background-repeat":"repeat","background-position":"center center","background-size":"auto","background-attachment":"scroll","background-type":"","background-media":"","overlay-type":"","overlay-color":"","overlay-opacity":"","overlay-gradient":""}},"footnotes":""},"class_list":["post-148561","page","type-page","status-publish","has-post-thumbnail","hentry"],"_links":{"self":[{"href":"https:\/\/medclinics.com\/fr\/wp-json\/wp\/v2\/pages\/148561","targetHints":{"allow":["GET"]}}],"collection":[{"href":"https:\/\/medclinics.com\/fr\/wp-json\/wp\/v2\/pages"}],"about":[{"href":"https:\/\/medclinics.com\/fr\/wp-json\/wp\/v2\/types\/page"}],"author":[{"embeddable":true,"href":"https:\/\/medclinics.com\/fr\/wp-json\/wp\/v2\/users\/4"}],"replies":[{"embeddable":true,"href":"https:\/\/medclinics.com\/fr\/wp-json\/wp\/v2\/comments?post=148561"}],"version-history":[{"count":0,"href":"https:\/\/medclinics.com\/fr\/wp-json\/wp\/v2\/pages\/148561\/revisions"}],"wp:featuredmedia":[{"embeddable":true,"href":"https:\/\/medclinics.com\/fr\/wp-json\/wp\/v2\/media\/118244"}],"wp:attachment":[{"href":"https:\/\/medclinics.com\/fr\/wp-json\/wp\/v2\/media?parent=148561"}],"curies":[{"name":"wp","href":"https:\/\/api.w.org\/{rel}","templated":true}]}}