{"id":148505,"date":"2023-11-20T08:55:37","date_gmt":"2023-11-20T05:55:37","guid":{"rendered":"https:\/\/medclinics.com\/maison-de-retraite-soins-aux-personnes-agees\/"},"modified":"2025-01-24T21:33:13","modified_gmt":"2025-01-24T18:33:13","slug":"maison-de-retraite-soins-aux-personnes-agees","status":"publish","type":"page","link":"https:\/\/medclinics.com\/fr\/maison-de-retraite-soins-aux-personnes-agees\/","title":{"rendered":"Maison de retraite | Soins aux personnes \u00e2g\u00e9es"},"content":{"rendered":"\n<h2 class=\"wp-block-heading\" id=\"if-youre-looking-for-an-affordable-nursing-home-turkey-has-many-options-that-provide-high-quality-care-without-breaking-the-bank\">Si vous \u00eates \u00e0 la recherche d&rsquo;une maison de retraite abordable, la Turquie dispose de nombreuses options qui offrent des soins de haute qualit\u00e9 sans se ruiner. <\/h2>\n\n<p>Ces maisons se concentrent sur le bien-\u00eatre de leurs r\u00e9sidents tout en maintenant les co\u00fbts \u00e0 un niveau bas.<\/p>\n\n<h2 class=\"wp-block-heading\" id=\"most-popular-nursing-homes-for-elderly-care\">Les maisons de repos les plus populaires pour les soins aux personnes \u00e2g\u00e9es<\/h2>\n\n<p class=\"has-vivid-red-color has-text-color has-link-color wp-elements-39162b2f08463760c13059bf0e58e77c\"><strong><em>Eden Residence Geriatric Care &amp; Wellness and Recreation Center :<\/em><\/strong><\/p>\n\n<div class=\"wp-block-columns is-layout-flex wp-container-core-columns-is-layout-28f84493 wp-block-columns-is-layout-flex\">\n<div class=\"wp-block-column is-layout-flow wp-block-column-is-layout-flow\">\n<figure class=\"wp-block-image size-full\"><img fetchpriority=\"high\" decoding=\"async\" width=\"300\" height=\"300\" src=\"https:\/\/medclinics.com\/wp-content\/uploads\/2023\/11\/eden-rezidans-logo.jpg\" alt=\"\" class=\"wp-image-118047\" srcset=\"https:\/\/medclinics.com\/wp-content\/uploads\/2023\/11\/eden-rezidans-logo.jpg 300w, https:\/\/medclinics.com\/wp-content\/uploads\/2023\/11\/eden-rezidans-logo-24x24.jpg 24w, https:\/\/medclinics.com\/wp-content\/uploads\/2023\/11\/eden-rezidans-logo-36x36.jpg 36w, https:\/\/medclinics.com\/wp-content\/uploads\/2023\/11\/eden-rezidans-logo-48x48.jpg 48w\" sizes=\"(max-width: 300px) 100vw, 300px\" \/><\/figure>\n<\/div>\n\n\n\n<div class=\"wp-block-column is-vertically-aligned-center is-layout-flow wp-block-column-is-layout-flow\">\n<p><em>Eden Residence est la maison de retraite la plus confortable et la plus luxueuse<strong> d&rsquo;Izmir, en Turquie<\/strong>. Il offre des soins sp\u00e9cialis\u00e9s et des \u00e9quipements modernes, notamment une surveillance par cam\u00e9ra 24 heures sur 24 et 7 jours sur 7, une piscine int\u00e9rieure, un restaurant spacieux, des terrasses avec vue sur la mer et la nature, des espaces verts et divers \u00e9quipements. Il est <strong>aussi chaleureux que votre famille<\/strong>. Vous pouvez contacter <a href=\"#requestform\" data-type=\"internal\" data-id=\"#requestform\">MedClinics<\/a> pour votre demande de maison de retraite \u00e0 Izmir.<\/em><\/p>\n<\/div>\n<\/div>\n\n<div class=\"wp-block-rank-math-toc-block\" id=\"rank-math-toc\"><h2>Table des mati\u00e8res<\/h2><nav><ul><li><a href=\"#most-popular-nursing-homes-for-elderly-care\">Les maisons de repos les plus populaires pour les soins aux personnes \u00e2g\u00e9es<\/a><\/li><li><a href=\"#so-what-is\">Qu&rsquo;est-ce que c&rsquo;est ?<\/a><\/li><li><a href=\"#types\">Les types<\/a><\/li><li><a href=\"#top-nursing-home-costs-by-country\">Co\u00fbts les plus \u00e9lev\u00e9s des maisons de retraite par pays<\/a><\/li><li><a href=\"#gallery\">Galerie<\/a><\/li><li><a href=\"#faq\">FAQ<\/a><\/li><li><a href=\"#cities-and-countries-for-elderly-care\">Villes et pays pour les soins aux personnes \u00e2g\u00e9es<\/a><\/li><\/ul><\/nav><\/div>\n\n<h2 class=\"wp-block-heading\" id=\"so-what-is\">Qu&rsquo;est-ce que c&rsquo;est ?<\/h2>\n\n<ul class=\"wp-block-list\">\n<li>La maison de retraite est un lieu sp\u00e9cial qui offre des soins 24 heures sur 24 aux personnes \u00e2g\u00e9es qui ont besoin d&rsquo;aide pour les activit\u00e9s quotidiennes ou qui ont des besoins m\u00e9dicaux complexes.  <\/li>\n\n\n\n<li>Ces maisons fournissent une assistance pour les soins personnels, tels que le bain, l&rsquo;habillage et l&rsquo;alimentation, ainsi que des services m\u00e9dicaux, tels que la gestion des m\u00e9dicaments et le soin des plaies.<\/li>\n<\/ul>\n\n<figure class=\"wp-block-image size-full\"><img decoding=\"async\" width=\"960\" height=\"550\" src=\"https:\/\/medclinics.com\/wp-content\/uploads\/2023\/11\/nursing-home-in-turkey.jpg\" alt=\"Maison de retraite en Turquie\" class=\"wp-image-117981\" srcset=\"https:\/\/medclinics.com\/wp-content\/uploads\/2023\/11\/nursing-home-in-turkey.jpg 960w, https:\/\/medclinics.com\/wp-content\/uploads\/2023\/11\/nursing-home-in-turkey-500x286.jpg 500w, https:\/\/medclinics.com\/wp-content\/uploads\/2023\/11\/nursing-home-in-turkey-768x440.jpg 768w, https:\/\/medclinics.com\/wp-content\/uploads\/2023\/11\/nursing-home-in-turkey-24x14.jpg 24w, https:\/\/medclinics.com\/wp-content\/uploads\/2023\/11\/nursing-home-in-turkey-36x21.jpg 36w, https:\/\/medclinics.com\/wp-content\/uploads\/2023\/11\/nursing-home-in-turkey-48x28.jpg 48w\" sizes=\"(max-width: 960px) 100vw, 960px\" \/><\/figure>\n\n<h2 class=\"wp-block-heading\" id=\"types\">Les types<\/h2>\n\n<p><strong>Maisons de soins pour les personnes atteintes de la maladie d&rsquo;Alzheimer et de d\u00e9mence<\/strong><\/p>\n\n<p>Si votre proche est atteint de la maladie d&rsquo;Alzheimer ou de d\u00e9mence, il existe en Turquie des maisons de retraite sp\u00e9cialis\u00e9es dans la prise en charge de ces affections. Le personnel de ces maisons est form\u00e9 pour apporter le soutien et l&rsquo;attention dont les personnes atteintes de la maladie d&rsquo;Alzheimer et de la d\u00e9mence ont besoin.<\/p>\n\n<p><strong>Maisons de soins pour les soins palliatifs<\/strong><\/p>\n\n<p>Si votre proche est en fin de vie, il existe des maisons de soins infirmiers en Turquie qui proposent des soins palliatifs. Ces maisons offrent des soins de fin de vie empreints de compassion dans un cadre paisible et confortable.<\/p>\n\n<p><strong>Maisons de retraite pour soins post-aigus et de r\u00e9adaptation<\/strong><\/p>\n\n<p>Si votre proche se remet d&rsquo;une maladie ou d&rsquo;une blessure, le centre propose des soins post-aigus et de r\u00e9adaptation. Ces foyers aident les personnes \u00e0 retrouver leur force et leur ind\u00e9pendance afin qu&rsquo;elles puissent rentrer chez elles en toute s\u00e9curit\u00e9.<\/p>\n\n<h3 class=\"wp-block-heading\" id=\"the-best-way-to-choose-a-nursing-home-for-your-loved-one-is-to-consider-their-specific-needs-and-budget-turkiye-has-lots-of-nursing-homes-to-choose-from-so-you-can-find-one-that-is-a-good-fit-for-your-family\">La meilleure fa\u00e7on de choisir une maison de repos pour votre proche est de tenir compte de ses besoins sp\u00e9cifiques et de son budget. La Turquie propose un grand nombre de ces logements, ce qui vous permettra de trouver celui qui convient le mieux \u00e0 votre famille.<\/h3>\n\n<figure class=\"wp-block-image size-full\"><img decoding=\"async\" width=\"960\" height=\"550\" src=\"https:\/\/medclinics.com\/wp-content\/uploads\/2023\/11\/nursing-home-turkey.jpg\" alt=\"Maison de retraite Turquie\" class=\"wp-image-117988\" srcset=\"https:\/\/medclinics.com\/wp-content\/uploads\/2023\/11\/nursing-home-turkey.jpg 960w, https:\/\/medclinics.com\/wp-content\/uploads\/2023\/11\/nursing-home-turkey-500x286.jpg 500w, https:\/\/medclinics.com\/wp-content\/uploads\/2023\/11\/nursing-home-turkey-768x440.jpg 768w, https:\/\/medclinics.com\/wp-content\/uploads\/2023\/11\/nursing-home-turkey-24x14.jpg 24w, https:\/\/medclinics.com\/wp-content\/uploads\/2023\/11\/nursing-home-turkey-36x21.jpg 36w, https:\/\/medclinics.com\/wp-content\/uploads\/2023\/11\/nursing-home-turkey-48x28.jpg 48w\" sizes=\"(max-width: 960px) 100vw, 960px\" \/><\/figure>\n\n<h3 class=\"wp-block-heading\" id=\"nursing-home-for\">\u00c9tablissements de soins pour personnes \u00e2g\u00e9es pour :<\/h3>\n\n<ul class=\"wp-block-list\">\n<li>Les personnes \u00e2g\u00e9es qui ont besoin d&rsquo;aide pour les activit\u00e9s quotidiennes telles que le bain, l&rsquo;habillage et l&rsquo;alimentation.<\/li>\n\n\n\n<li>Les personnes souffrant de maladies chroniques telles que les maladies cardiaques, le diab\u00e8te ou la broncho-pneumopathie chronique obstructive (BPCO).<\/li>\n\n\n\n<li>Les personnes ayant r\u00e9cemment subi un accident vasculaire c\u00e9r\u00e9bral ou une autre blessure neurologique<\/li>\n\n\n\n<li>Personnes atteintes de la maladie d&rsquo;<a href=\"https:\/\/medclinics.com\/fr\/la-therapie-par-cellules-souches-pour-la-maladie-dalzheimer-une-nouvelle-voie-pleine-despoir\/\" data-type=\"page\" data-id=\"148817\">Alzheimer<\/a> ou d&rsquo;autres formes de d\u00e9mence<\/li>\n\n\n\n<li>Les personnes en phase terminale d&rsquo;une maladie et qui ont besoin de soins palliatifs<\/li>\n<\/ul>\n\n<p><strong>Services couramment fournis pour les soins aux personnes \u00e2g\u00e9es :<\/strong><\/p>\n\n<ul class=\"wp-block-list\">\n<li>Supervision et assistance sur place 24 heures sur 24 et 7 jours sur 7<\/li>\n\n\n\n<li>Services m\u00e9dicaux sur place<\/li>\n\n\n\n<li>Assistance pour les activit\u00e9s de la vie quotidienne<\/li>\n\n\n\n<li>Options d&rsquo;h\u00e9bergement (chambres partag\u00e9es ou priv\u00e9es)<\/li>\n\n\n\n<li>Service de repas, blanchisserie et m\u00e9nage<\/li>\n\n\n\n<li>Activit\u00e9s sociales<\/li>\n\n\n\n<li>Possibilit\u00e9s d&rsquo;exercice physique pour les seniors<\/li>\n\n\n\n<li>Soutien \u00e0 la communication<\/li>\n<\/ul>\n\n<h2 class=\"wp-block-heading\" id=\"top-nursing-home-costs-by-country\">Co\u00fbts les plus \u00e9lev\u00e9s des maisons de retraite par pays<\/h2>\n\n<p>Les co\u00fbts d\u00e9pendent de votre situation, de votre lieu de r\u00e9sidence ou d&rsquo;autres besoins.  <\/p>\n\n<p>Les prix indiqu\u00e9s ci-dessous sont destin\u00e9s \u00e0 vous donner une id\u00e9e approximative et ne constituent pas un devis d\u00e9finitif. Votre conseiller MedClinics se fera un plaisir de vous renseigner.<\/p>\n\n<figure class=\"wp-block-table\"><table><thead><tr><th>Pays <\/th><th>Prix  <\/th><th>\u00c9valuation ;<\/th><\/tr><\/thead><tbody><tr><td>T\u00fcrkiye (Turquie)<\/td><td>~ 1200\u20ac<\/td><td>\u2605\u2605\u2605\u2605\u2605<\/td><\/tr><tr><td>Lituanie<\/td><td>~ 1500\u20ac<\/td><td>\u2605\u2605<\/td><\/tr><tr><td>Pologne<\/td><td>~ 1800\u20ac<\/td><td>\u2605\u2605\u2605<\/td><\/tr><tr><td>\u00c9TATS-UNIS<\/td><td>~ 5000\u20ac<\/td><td>\u2605\u2605\u2605\u2605<\/td><\/tr><tr><td>Allemagne<\/td><td>~ 3000\u20ac<\/td><td>\u2605\u2605<\/td><\/tr><\/tbody><\/table><\/figure>\n\n<h2 class=\"wp-block-heading\" id=\"gallery\">Galerie<\/h2>\n\n<figure class=\"wp-block-gallery has-nested-images columns-default is-cropped wp-block-gallery-1 is-layout-flex wp-block-gallery-is-layout-flex\">\n<figure class=\"wp-block-image size-large\"><img loading=\"lazy\" decoding=\"async\" width=\"280\" height=\"210\" data-id=\"133832\" src=\"https:\/\/medclinics.com\/wp-content\/uploads\/2024\/03\/soracamed-clinic-dental-treatment.jpg\" alt=\"eden-rezidans-in-izmir\" class=\"wp-image-133832\"\/><\/figure>\n\n\n\n<figure class=\"wp-block-image size-large\"><img decoding=\"async\" data-id=\"133839\" src=\"https:\/\/medclinics.com\/wp-content\/uploads\/2023\/12\/eden-rezidans-izmir.jpg\" alt=\"eden-rezidans-izmir\" class=\"wp-image-133839\"\/><\/figure>\n\n\n\n<figure class=\"wp-block-image size-large\"><img decoding=\"async\" data-id=\"133853\" src=\"https:\/\/medclinics.com\/wp-content\/uploads\/2023\/12\/nursing-home-in-izmir.jpg\" alt=\"maison de retraite &#xE0; Izmir\" class=\"wp-image-133853\"\/><\/figure>\n\n\n\n<figure class=\"wp-block-image size-large\"><img loading=\"lazy\" decoding=\"async\" width=\"280\" height=\"210\" data-id=\"133874\" src=\"https:\/\/medclinics.com\/wp-content\/uploads\/2024\/03\/soracamed-clinic-lobby-2.jpg\" alt=\"maison de retraite en turquie-izmir\" class=\"wp-image-133874\"\/><\/figure>\n\n\n\n<figure class=\"wp-block-image size-large\"><img loading=\"lazy\" decoding=\"async\" width=\"1280\" height=\"853\" data-id=\"133888\" src=\"https:\/\/medclinics.com\/wp-content\/uploads\/2024\/03\/ukraine-flag-1.jpeg\" alt=\"maison de repos pour personnes &#xE2;g&#xE9;es-turquie\" class=\"wp-image-133888\" srcset=\"https:\/\/medclinics.com\/wp-content\/uploads\/2024\/03\/ukraine-flag-1.jpeg 1280w, https:\/\/medclinics.com\/wp-content\/uploads\/2024\/03\/ukraine-flag-1-300x200.jpeg 300w, https:\/\/medclinics.com\/wp-content\/uploads\/2024\/03\/ukraine-flag-1-1024x682.jpeg 1024w, https:\/\/medclinics.com\/wp-content\/uploads\/2024\/03\/ukraine-flag-1-768x512.jpeg 768w\" sizes=\"(max-width: 1280px) 100vw, 1280px\" \/><\/figure>\n\n\n\n<figure class=\"wp-block-image size-large\"><img loading=\"lazy\" decoding=\"async\" width=\"750\" height=\"500\" data-id=\"133902\" src=\"https:\/\/medclinics.com\/wp-content\/uploads\/2024\/03\/nursing-home-for-elderly-izmir-.jpg\" alt=\"maison de retraite pour personnes &#xE2;g&#xE9;es-izmir-\" class=\"wp-image-133902\" srcset=\"https:\/\/medclinics.com\/wp-content\/uploads\/2024\/03\/nursing-home-for-elderly-izmir-.jpg 750w, https:\/\/medclinics.com\/wp-content\/uploads\/2024\/03\/nursing-home-for-elderly-izmir--500x333.jpg 500w, https:\/\/medclinics.com\/wp-content\/uploads\/2024\/03\/nursing-home-for-elderly-izmir--24x16.jpg 24w, https:\/\/medclinics.com\/wp-content\/uploads\/2024\/03\/nursing-home-for-elderly-izmir--36x24.jpg 36w, https:\/\/medclinics.com\/wp-content\/uploads\/2024\/03\/nursing-home-for-elderly-izmir--48x32.jpg 48w\" sizes=\"(max-width: 750px) 100vw, 750px\" \/><\/figure>\n\n\n\n<figure class=\"wp-block-image size-large\"><img decoding=\"async\" data-id=\"133881\" src=\"https:\/\/medclinics.com\/wp-content\/uploads\/2023\/11\/nursing-home-in-turkey.jpg\" alt=\"maison de retraite en turquie\" class=\"wp-image-133881\"\/><\/figure>\n\n\n\n<figure class=\"wp-block-image size-large\"><img loading=\"lazy\" decoding=\"async\" width=\"1200\" height=\"800\" data-id=\"133895\" src=\"https:\/\/medclinics.com\/wp-content\/uploads\/2024\/03\/netherlands-flag.jpg\" alt=\"chambres de maison de retraite izmir turquie\" class=\"wp-image-133895\" srcset=\"https:\/\/medclinics.com\/wp-content\/uploads\/2024\/03\/netherlands-flag.jpg 1200w, https:\/\/medclinics.com\/wp-content\/uploads\/2024\/03\/netherlands-flag-300x200.jpg 300w, https:\/\/medclinics.com\/wp-content\/uploads\/2024\/03\/netherlands-flag-1024x683.jpg 1024w, https:\/\/medclinics.com\/wp-content\/uploads\/2024\/03\/netherlands-flag-768x512.jpg 768w\" sizes=\"(max-width: 1200px) 100vw, 1200px\" \/><\/figure>\n\n\n\n<figure class=\"wp-block-image size-large\"><img loading=\"lazy\" decoding=\"async\" width=\"280\" height=\"210\" data-id=\"133846\" src=\"https:\/\/medclinics.com\/wp-content\/uploads\/2024\/03\/soracamed-clinic-hair-transplant.jpg\" alt=\"maison de retraite-izmir-turquie\" class=\"wp-image-133846\"\/><\/figure>\n\n\n\n<figure class=\"wp-block-image size-large\"><img decoding=\"async\" data-id=\"133860\" src=\"https:\/\/medclinics.com\/wp-content\/uploads\/2023\/12\/nursing-home-izmir.jpg\" alt=\"maison de retraite-izmir\" class=\"wp-image-133860\"\/><\/figure>\n\n\n\n<figure class=\"wp-block-image size-large\"><img loading=\"lazy\" decoding=\"async\" width=\"280\" height=\"210\" data-id=\"133867\" src=\"https:\/\/medclinics.com\/wp-content\/uploads\/2024\/03\/soracamed-clinic-lobby.jpg\" alt=\"eden-rezidans-in-izmir-turquie\" class=\"wp-image-133867\"\/><\/figure>\n<\/figure>\n\n<h2 class=\"wp-block-heading\" id=\"faq\">FAQ<\/h2>\n<div id=\"rank-math-faq\" class=\"rank-math-block\">\n<div class=\"rank-math-list \">\n<div id=\"faq-question-1700467454354\" class=\"rank-math-list-item\">\n<h3 class=\"rank-math-question \">Qui a besoin de soins en maison de retraite ?<\/h3>\n<div class=\"rank-math-answer \">\n\n<p>Ils s&rsquo;adressent aux personnes qui ont besoin d&rsquo;une assistance pour les activit\u00e9s quotidiennes, les maladies chroniques, la r\u00e9\u00e9ducation apr\u00e8s une maladie ou une blessure, la maladie d&rsquo;Alzheimer ou d&rsquo;autres formes de d\u00e9mence, ou les soins palliatifs.<\/p>\n\n<\/div>\n<\/div>\n<div id=\"faq-question-1700467460374\" class=\"rank-math-list-item\">\n<h3 class=\"rank-math-question \">Combien co\u00fbte une maison de retraite ?<\/h3>\n<div class=\"rank-math-answer \">\n\n<p>Cela d\u00e9pend de la situation. Mais la Turquie vous offre les options les plus abordables et les plus qualitatives en mati\u00e8re de maisons de repos. Par exemple, les co\u00fbts des soins aux personnes \u00e2g\u00e9es commencent \u00e0 5000 euros aux \u00c9tats-Unis, tandis que les prix des soins aux personnes \u00e2g\u00e9es en Turquie commencent \u00e0 1200 euros.<\/p>\n\n<\/div>\n<\/div>\n<div id=\"faq-question-1700467675709\" class=\"rank-math-list-item\">\n<h3 class=\"rank-math-question \">Comment choisir une maison de repos ?<\/h3>\n<div class=\"rank-math-answer \">\n\n<p>Tenez compte de l&#8217;emplacement, de la taille, du type de soins, du co\u00fbt, du personnel et des soins de fin de vie. Si tous ces \u00e9l\u00e9ments vous conviennent, vous pouvez choisir celui qui vous convient le mieux. En tant que <a href=\"\/\/medclinics.com\/u0022\">MedClinics<\/a>, nous pouvons \u00e9galement vous aider \u00e0 choisir la maison de repos la plus fiable et la plus confortable en Turquie. Vous pouvez nous contacter 24 heures sur 24, 7 jours sur 7.<\/p>\n\n<\/div>\n<\/div>\n<div id=\"faq-question-1700467761080\" class=\"rank-math-list-item\">\n<h3 class=\"rank-math-question \">Pourquoi les maisons de retraite sont-elles importantes ?<\/h3>\n<div class=\"rank-math-answer \">\n\n<p>Il s&rsquo;agit d&rsquo;installations r\u00e9sidentielles. Ils fournissent des soins aux personnes qui ont besoin d&rsquo;aide pour les activit\u00e9s quotidiennes et les maladies chroniques. En outre, ils offrent un environnement s\u00fbr et favorable aux personnes \u00e2g\u00e9es et aux personnes handicap\u00e9es.<\/p>\n\n<\/div>\n<\/div>\n<div id=\"faq-question-1700468972265\" class=\"rank-math-list-item\">\n<h3 class=\"rank-math-question \">La T\u00fcrkiye est-elle bonne pour les soins aux personnes \u00e2g\u00e9es ?<\/h3>\n<div class=\"rank-math-answer \">\n\n<p>La Turquie est un bon endroit pour les soins aux personnes \u00e2g\u00e9es, avec un syst\u00e8me de s\u00e9curit\u00e9 sociale solide et un grand nombre de maisons de retraite. Ces installations sont propres, bien entretenues et dot\u00e9es d&rsquo;un personnel qualifi\u00e9. Ils proposent divers \u00e9quipements et activit\u00e9s r\u00e9pondant aux besoins des personnes \u00e2g\u00e9es. Les soins aux personnes \u00e2g\u00e9es en Turquie sont relativement abordables par rapport \u00e0 de nombreux autres pays d\u00e9velopp\u00e9s. Cela s&rsquo;explique par le soutien apport\u00e9 par le gouvernement aux personnes \u00e2g\u00e9es. L&rsquo;engagement du gouvernement en faveur de l&rsquo;am\u00e9lioration de la qualit\u00e9 en fait un choix int\u00e9ressant pour de nombreuses personnes \u00e0 la recherche de soins de qualit\u00e9 pour leurs proches \u00e2g\u00e9s.<\/p>\n\n<\/div>\n<\/div>\n<div id=\"faq-question-1700479604936\" class=\"rank-math-list-item\">\n<h3 class=\"rank-math-question \">Quels sont les documents \u00e0 fournir lors de l&rsquo;inscription ?<\/h3>\n<div class=\"rank-math-answer \">\n\n<p>L&rsquo;identit\u00e9 du membre et du parent, la demande de s\u00e9jour du membre dans l&rsquo;\u00e9tablissement, le rapport de sant\u00e9 sont les documents les plus importants.<\/p>\n\n<\/div>\n<\/div>\n<div id=\"faq-question-1700479714140\" class=\"rank-math-list-item\">\n<h3 class=\"rank-math-question \">Quelle est la diff\u00e9rence entre la maladie d&rsquo;Alzheimer et la d\u00e9mence ?<\/h3>\n<div class=\"rank-math-answer \">\n\n<p>La d\u00e9mence est un terme g\u00e9n\u00e9ral d\u00e9signant des sympt\u00f4mes tels que la perte de m\u00e9moire. La maladie d&rsquo;Alzheimer est un type particulier de d\u00e9mence, qui entra\u00eene un d\u00e9clin progressif de la m\u00e9moire et des facult\u00e9s cognitives.<\/p>\n\n<\/div>\n<\/div>\n<\/div>\n<\/div>\n<h2 class=\"wp-block-heading\" id=\"cities-and-countries-for-elderly-care\">Villes et pays pour les soins aux personnes \u00e2g\u00e9es<\/h2>\n\n<p><em>Prochainement &#8230;. <\/em><\/p>\n","protected":false},"excerpt":{"rendered":"<p>Si vous \u00eates \u00e0 la recherche d&rsquo;une maison de retraite abordable, la Turquie dispose de nombreuses options qui offrent des [&hellip;]<\/p>\n","protected":false},"author":4,"featured_media":118003,"parent":0,"menu_order":0,"comment_status":"closed","ping_status":"closed","template":"","meta":{"site-sidebar-layout":"default","site-content-layout":"","ast-site-content-layout":"default","site-content-style":"default","site-sidebar-style":"default","ast-global-header-display":"","ast-banner-title-visibility":"","ast-main-header-display":"","ast-hfb-above-header-display":"","ast-hfb-below-header-display":"","ast-hfb-mobile-header-display":"","site-post-title":"","ast-breadcrumbs-content":"","ast-featured-img":"","footer-sml-layout":"","ast-disable-related-posts":"","theme-transparent-header-meta":"","adv-header-id-meta":"","stick-header-meta":"","header-above-stick-meta":"","header-main-stick-meta":"","header-below-stick-meta":"","astra-migrate-meta-layouts":"default","ast-page-background-enabled":"default","ast-page-background-meta":{"desktop":{"background-color":"var(--ast-global-color-4)","background-image":"","background-repeat":"repeat","background-position":"center center","background-size":"auto","background-attachment":"scroll","background-type":"","background-media":"","overlay-type":"","overlay-color":"","overlay-opacity":"","overlay-gradient":""},"tablet":{"background-color":"","background-image":"","background-repeat":"repeat","background-position":"center center","background-size":"auto","background-attachment":"scroll","background-type":"","background-media":"","overlay-type":"","overlay-color":"","overlay-opacity":"","overlay-gradient":""},"mobile":{"background-color":"","background-image":"","background-repeat":"repeat","background-position":"center center","background-size":"auto","background-attachment":"scroll","background-type":"","background-media":"","overlay-type":"","overlay-color":"","overlay-opacity":"","overlay-gradient":""}},"ast-content-background-meta":{"desktop":{"background-color":"var(--ast-global-color-5)","background-image":"","background-repeat":"repeat","background-position":"center center","background-size":"auto","background-attachment":"scroll","background-type":"","background-media":"","overlay-type":"","overlay-color":"","overlay-opacity":"","overlay-gradient":""},"tablet":{"background-color":"var(--ast-global-color-5)","background-image":"","background-repeat":"repeat","background-position":"center center","background-size":"auto","background-attachment":"scroll","background-type":"","background-media":"","overlay-type":"","overlay-color":"","overlay-opacity":"","overlay-gradient":""},"mobile":{"background-color":"var(--ast-global-color-5)","background-image":"","background-repeat":"repeat","background-position":"center center","background-size":"auto","background-attachment":"scroll","background-type":"","background-media":"","overlay-type":"","overlay-color":"","overlay-opacity":"","overlay-gradient":""}},"footnotes":""},"class_list":["post-148505","page","type-page","status-publish","has-post-thumbnail","hentry"],"_links":{"self":[{"href":"https:\/\/medclinics.com\/fr\/wp-json\/wp\/v2\/pages\/148505","targetHints":{"allow":["GET"]}}],"collection":[{"href":"https:\/\/medclinics.com\/fr\/wp-json\/wp\/v2\/pages"}],"about":[{"href":"https:\/\/medclinics.com\/fr\/wp-json\/wp\/v2\/types\/page"}],"author":[{"embeddable":true,"href":"https:\/\/medclinics.com\/fr\/wp-json\/wp\/v2\/users\/4"}],"replies":[{"embeddable":true,"href":"https:\/\/medclinics.com\/fr\/wp-json\/wp\/v2\/comments?post=148505"}],"version-history":[{"count":0,"href":"https:\/\/medclinics.com\/fr\/wp-json\/wp\/v2\/pages\/148505\/revisions"}],"wp:featuredmedia":[{"embeddable":true,"href":"https:\/\/medclinics.com\/fr\/wp-json\/wp\/v2\/media\/118003"}],"wp:attachment":[{"href":"https:\/\/medclinics.com\/fr\/wp-json\/wp\/v2\/media?parent=148505"}],"curies":[{"name":"wp","href":"https:\/\/api.w.org\/{rel}","templated":true}]}}