{"id":148491,"date":"2022-11-17T13:44:00","date_gmt":"2022-11-17T10:44:00","guid":{"rendered":"https:\/\/medclinics.com\/etablissements-de-soins\/"},"modified":"2025-01-24T21:34:23","modified_gmt":"2025-01-24T18:34:23","slug":"etablissements-de-soins","status":"publish","type":"page","link":"https:\/\/medclinics.com\/fr\/etablissements-de-soins\/","title":{"rendered":"\u00c9tablissements de soins"},"content":{"rendered":"\n<h2 class=\"wp-block-heading\" style=\"font-size:24px\">Les \u00e9tablissements de soins o\u00f9 l&rsquo;on se sent comme chez soi sont de plus en plus populaires.<\/h2>\n\n<div class=\"wp-block-columns is-layout-flex wp-container-core-columns-is-layout-28f84493 wp-block-columns-is-layout-flex\">\n<div class=\"wp-block-column is-layout-flow wp-block-column-is-layout-flow\">\n<figure class=\"wp-block-image size-full is-style-default\"><img fetchpriority=\"high\" decoding=\"async\" width=\"960\" height=\"540\" src=\"https:\/\/medclinics.com\/wp-content\/uploads\/2023\/11\/care-facilities.jpg\" alt=\"&#xC9;tablissements de soins\" class=\"wp-image-117873\" srcset=\"https:\/\/medclinics.com\/wp-content\/uploads\/2023\/11\/care-facilities.jpg 960w, https:\/\/medclinics.com\/wp-content\/uploads\/2023\/11\/care-facilities-500x281.jpg 500w, https:\/\/medclinics.com\/wp-content\/uploads\/2023\/11\/care-facilities-768x432.jpg 768w, https:\/\/medclinics.com\/wp-content\/uploads\/2023\/11\/care-facilities-24x14.jpg 24w, https:\/\/medclinics.com\/wp-content\/uploads\/2023\/11\/care-facilities-36x20.jpg 36w, https:\/\/medclinics.com\/wp-content\/uploads\/2023\/11\/care-facilities-48x27.jpg 48w\" sizes=\"(max-width: 960px) 100vw, 960px\" \/><\/figure>\n<\/div>\n\n\n\n<div class=\"wp-block-column is-layout-flow wp-block-column-is-layout-flow\">\n<h3 class=\"wp-block-heading has-medium-font-size\">Choisissez le bon \u00e9tablissement de soins pour b\u00e9n\u00e9ficier d&rsquo;un soutien personnalis\u00e9 et cr\u00e9er un lieu o\u00f9 votre bien-\u00eatre passe avant tout.<\/h3>\n\n\n\n<p><strong>Les \u00e9tablissements de soins comprennent diff\u00e9rents types de maisons de retraite, de r\u00e9sidences assist\u00e9es, de centres de r\u00e9adaptation et de soins palliatifs.<\/strong><\/p>\n<\/div>\n<\/div>\n\n<h3 class=\"wp-block-heading has-medium-font-size\">D\u00e9couvrez des \u00e9tablissements de soins de qualit\u00e9 : maisons de retraite, r\u00e9sidences assist\u00e9es, services de r\u00e9adaptation et de soins palliatifs pr\u00e8s de chez vous !<\/h3>\n\n<p>Profitez du confort et des soins prodigu\u00e9s dans des \u00e9tablissements de premier ordre. Les <a href=\"https:\/\/medclinics.com\/fr\/maison-de-retraite-soins-aux-personnes-agees\/\">maisons de retraite<\/a> offrent un environnement chaleureux et familial. Les r\u00e9sidents peuvent b\u00e9n\u00e9ficier d&rsquo;une attention m\u00e9dicale personnalis\u00e9e et d&rsquo;un soutien de la part de notre personnel attentionn\u00e9. L&rsquo;assistance \u00e0 la vie autonome est con\u00e7ue pour promouvoir l&rsquo;ind\u00e9pendance. Il offre un \u00e9quilibre entre l&rsquo;assistance et la libert\u00e9 de profiter de la vie.<\/p>\n\n<p>En outre, les centres de r\u00e9adaptation accordent la priorit\u00e9 \u00e0 votre parcours de bien-\u00eatre. Ils proposent des programmes sp\u00e9cialis\u00e9s pour vous aider \u00e0 retrouver force et mobilit\u00e9. Les soins palliatifs vous permettent de b\u00e9n\u00e9ficier d&rsquo;une atmosph\u00e8re paisible et d&rsquo;un soutien. Il garantit la dignit\u00e9 et le confort dans les moments difficiles. Vous devez savoir que les \u00e9tablissements de soins ne se limitent pas \u00e0 la fourniture de services. Ils cr\u00e9ent un style de vie o\u00f9 votre bien-\u00eatre est au centre des pr\u00e9occupations.<\/p>\n\n<h3 class=\"wp-block-heading has-medium-font-size\">D\u00e9couvrez la diff\u00e9rence &#8211; choisissez un mode de vie qui donne la priorit\u00e9 \u00e0 votre sant\u00e9 et \u00e0 votre bonheur.<\/h3>\n\n<p><strong>MedClinics offre toutes les facilit\u00e9s de soins \u00e0 un prix abordable !<\/strong> <strong>Nous vous aidons \u00e0 trouver les meilleures options de soins de sant\u00e9 pour vos besoins. Avec MedClinics, vous pouvez vous renseigner sur les diff\u00e9rents pays, les co\u00fbts et les m\u00e9decins.<\/strong><\/p>\n\n<h2 class=\"wp-block-heading\" style=\"font-size:24px\">Contactez-nous, notre conseiller patient vous guidera et vous conseillera tout au long du processus !<\/h2>\n\n<p>Avec MedClinics, vous trouverez le traitement qui vous convient le mieux. Nous vous expliquerons tous les d\u00e9tails et vous aiderons \u00e0 trouver la clinique la plus adapt\u00e9e \u00e0 vos besoins sp\u00e9cifiques.<\/p>\n\n<div class=\"wp-block-buttons is-layout-flex wp-block-buttons-is-layout-flex\">\n<div class=\"wp-block-button has-custom-width wp-block-button__width-100 has-custom-font-size is-style-fill has-medium-font-size\"><a class=\"wp-block-button__link has-white-color has-text-color has-background wp-element-button\" href=\"#requestform\" style=\"border-radius:8px;background-color:#225b75;padding-right:0;padding-left:0\" target=\"_blank\" rel=\"noopener\">Consultation gratuite<\/a><\/div>\n<\/div>\n\n<p><\/p>\n","protected":false},"excerpt":{"rendered":"<p>Les \u00e9tablissements de soins o\u00f9 l&rsquo;on se sent comme chez soi sont de plus en plus populaires. Choisissez le bon [&hellip;]<\/p>\n","protected":false},"author":4,"featured_media":117866,"parent":0,"menu_order":0,"comment_status":"closed","ping_status":"closed","template":"","meta":{"site-sidebar-layout":"default","site-content-layout":"","ast-site-content-layout":"default","site-content-style":"default","site-sidebar-style":"default","ast-global-header-display":"","ast-banner-title-visibility":"","ast-main-header-display":"","ast-hfb-above-header-display":"","ast-hfb-below-header-display":"","ast-hfb-mobile-header-display":"","site-post-title":"","ast-breadcrumbs-content":"","ast-featured-img":"","footer-sml-layout":"","ast-disable-related-posts":"","theme-transparent-header-meta":"","adv-header-id-meta":"","stick-header-meta":"","header-above-stick-meta":"","header-main-stick-meta":"","header-below-stick-meta":"","astra-migrate-meta-layouts":"default","ast-page-background-enabled":"default","ast-page-background-meta":{"desktop":{"background-color":"var(--ast-global-color-4)","background-image":"","background-repeat":"repeat","background-position":"center center","background-size":"auto","background-attachment":"scroll","background-type":"","background-media":"","overlay-type":"","overlay-color":"","overlay-opacity":"","overlay-gradient":""},"tablet":{"background-color":"","background-image":"","background-repeat":"repeat","background-position":"center center","background-size":"auto","background-attachment":"scroll","background-type":"","background-media":"","overlay-type":"","overlay-color":"","overlay-opacity":"","overlay-gradient":""},"mobile":{"background-color":"","background-image":"","background-repeat":"repeat","background-position":"center center","background-size":"auto","background-attachment":"scroll","background-type":"","background-media":"","overlay-type":"","overlay-color":"","overlay-opacity":"","overlay-gradient":""}},"ast-content-background-meta":{"desktop":{"background-color":"var(--ast-global-color-5)","background-image":"","background-repeat":"repeat","background-position":"center center","background-size":"auto","background-attachment":"scroll","background-type":"","background-media":"","overlay-type":"","overlay-color":"","overlay-opacity":"","overlay-gradient":""},"tablet":{"background-color":"var(--ast-global-color-5)","background-image":"","background-repeat":"repeat","background-position":"center center","background-size":"auto","background-attachment":"scroll","background-type":"","background-media":"","overlay-type":"","overlay-color":"","overlay-opacity":"","overlay-gradient":""},"mobile":{"background-color":"var(--ast-global-color-5)","background-image":"","background-repeat":"repeat","background-position":"center center","background-size":"auto","background-attachment":"scroll","background-type":"","background-media":"","overlay-type":"","overlay-color":"","overlay-opacity":"","overlay-gradient":""}},"footnotes":""},"class_list":["post-148491","page","type-page","status-publish","has-post-thumbnail","hentry"],"_links":{"self":[{"href":"https:\/\/medclinics.com\/fr\/wp-json\/wp\/v2\/pages\/148491","targetHints":{"allow":["GET"]}}],"collection":[{"href":"https:\/\/medclinics.com\/fr\/wp-json\/wp\/v2\/pages"}],"about":[{"href":"https:\/\/medclinics.com\/fr\/wp-json\/wp\/v2\/types\/page"}],"author":[{"embeddable":true,"href":"https:\/\/medclinics.com\/fr\/wp-json\/wp\/v2\/users\/4"}],"replies":[{"embeddable":true,"href":"https:\/\/medclinics.com\/fr\/wp-json\/wp\/v2\/comments?post=148491"}],"version-history":[{"count":0,"href":"https:\/\/medclinics.com\/fr\/wp-json\/wp\/v2\/pages\/148491\/revisions"}],"wp:featuredmedia":[{"embeddable":true,"href":"https:\/\/medclinics.com\/fr\/wp-json\/wp\/v2\/media\/117866"}],"wp:attachment":[{"href":"https:\/\/medclinics.com\/fr\/wp-json\/wp\/v2\/media?parent=148491"}],"curies":[{"name":"wp","href":"https:\/\/api.w.org\/{rel}","templated":true}]}}