{"id":148433,"date":"2023-11-15T11:52:29","date_gmt":"2023-11-15T08:52:29","guid":{"rendered":"https:\/\/medclinics.com\/implant-a-phase-unique\/"},"modified":"2025-01-25T14:23:22","modified_gmt":"2025-01-25T11:23:22","slug":"implant-a-phase-unique","status":"publish","type":"page","link":"https:\/\/medclinics.com\/fr\/implant-a-phase-unique\/","title":{"rendered":"Implant \u00e0 phase unique"},"content":{"rendered":"\n<h2 class=\"wp-block-heading\" id=\"single-stage-implants-involve-placing-the-implant-and-healing-abutment-in-one-stepp\">Les implants en un seul temps consistent \u00e0 placer l&rsquo;implant et le pilier de cicatrisation en une seule \u00e9tape.<\/h2>\n\n<p>Les implants en une seule \u00e9tape, \u00e9galement connus sous le nom d&rsquo;implants \u00e0 mise en charge imm\u00e9diate, sont con\u00e7us pour \u00eatre efficaces et permettre un r\u00e9tablissement plus rapide. Contrairement aux implants en deux temps, il n&rsquo;est pas n\u00e9cessaire de proc\u00e9der \u00e0 une seconde intervention pour r\u00e9v\u00e9ler l&rsquo;implant. Elle facilite l&rsquo;ex\u00e9cution et acc\u00e9l\u00e8re la gu\u00e9rison et est consid\u00e9r\u00e9e comme une option permanente.<\/p>\n\n<div class=\"wp-block-rank-math-toc-block\" id=\"rank-math-toc\"><h2>Table des mati\u00e8res<\/h2><nav><ul><li><a href=\"#so-what-is-a-single-stage-implant\">Qu&rsquo;est-ce que c&rsquo;est implant en une seule \u00e9tape?<\/a><\/li><li><a href=\"#traditional-vs-single-stage-implants-comparison\">Comparaison entre les implants traditionnels et les implants \u00e0 un \u00e9tage<\/a><\/li><li><a href=\"#treatment-plan\">Plan de traitement<\/a><\/li><li><a href=\"#aftercare\">Postcure<\/a><\/li><li><a href=\"#dental-implant-healing-process\">Processus de cicatrisation des implants dentaires<\/a><\/li><li><a href=\"#single-stage-dental-implant-costs-by-country\">Co\u00fbt des implants dentaires par pays<\/a><\/li><li><a href=\"#faq\">FAQ<\/a><\/li><li><a href=\"#history\">L&rsquo;histoire<\/a><\/li><\/ul><\/nav><\/div>\n\n<h2 class=\"wp-block-heading\" id=\"so-what-is-a-single-stage-implant\">Qu&rsquo;est-ce que c&rsquo;est implant en une seule \u00e9tape?<\/h2>\n\n<ul class=\"wp-block-list\">\n<li>La dentisterie implantaire offre diff\u00e9rentes solutions, et les implants en un seul temps sont l&rsquo;une des options les plus efficaces.<\/li>\n\n\n\n<li>Des implants sp\u00e9cialement con\u00e7us sont utilis\u00e9s pour les implants en un temps. Leur structure rainur\u00e9e unique multiplie par 4 ou 5 la force de pr\u00e9hension des os.<\/li>\n\n\n\n<li>La nanotechnologie de ces implants acc\u00e9l\u00e8re la fusion osseuse, r\u00e9duisant ainsi la dur\u00e9e du traitement. La surface nanom\u00e9trique permet un positionnement flexible dans l&rsquo;os pour diff\u00e9rentes options de dents.<\/li>\n\n\n\n<li>Ces implants sp\u00e9ciaux permettent le vissage direct des rev\u00eatements sans adh\u00e9sifs, offrant ainsi un support dentaire plus large. Cela permet d&rsquo;\u00e9viter les probl\u00e8mes \u00e0 long terme li\u00e9s aux adh\u00e9sifs.<\/li>\n<\/ul>\n\n<figure class=\"wp-block-image size-full\"><img fetchpriority=\"high\" decoding=\"async\" width=\"960\" height=\"550\" src=\"https:\/\/medclinics.com\/wp-content\/uploads\/2024\/06\/Bir-baslik-ekleyin.jpg\" alt=\"\" class=\"wp-image-163837\" srcset=\"https:\/\/medclinics.com\/wp-content\/uploads\/2024\/06\/Bir-baslik-ekleyin.jpg 960w, https:\/\/medclinics.com\/wp-content\/uploads\/2024\/06\/Bir-baslik-ekleyin-300x172.jpg 300w, https:\/\/medclinics.com\/wp-content\/uploads\/2024\/06\/Bir-baslik-ekleyin-768x440.jpg 768w\" sizes=\"(max-width: 960px) 100vw, 960px\" \/><\/figure>\n\n<h2 class=\"wp-block-heading\" id=\"traditional-vs-single-stage-implants-comparison\">Comparaison entre les implants traditionnels et les implants \u00e0 un \u00e9tage  <\/h2>\n\n<ul class=\"wp-block-list\">\n<li>Le traitement implantaire en une seule \u00e9tape utilise des implants permanents plaqu\u00e9s en zirconium, et non des solutions temporaires.<\/li>\n\n\n\n<li>Le temps d&rsquo;attente pour des implants traditionnels (2 \u00e0 6 mois) est r\u00e9duit \u00e0 seulement 3 jours.<\/li>\n\n\n\n<li>La diff\u00e9rence essentielle avec les implants \u00e0 deux \u00e9tages r\u00e9side dans le m\u00e9canisme ; les implants \u00e0 un \u00e9tage utilisent des vis sp\u00e9cialement con\u00e7ues pour une fixation osseuse \u00e9lev\u00e9e, ce qui permet aux cellules osseuses de se former autour de <a href=\"http:\/\/dentalimplant.gen.tr\" rel=\"nofollow noopener\" target=\"_blank\">l&rsquo;implant<\/a>.<\/li>\n\n\n\n<li>Les m\u00e9thodes d&rsquo;application varient et seuls des m\u00e9decins qualifi\u00e9s peuvent effectuer ce traitement. Les rev\u00eatements sp\u00e9ciaux sur les implants \u00e0 un \u00e9tage n\u00e9cessitent une formation \u00e0 la fois pour le technicien de rev\u00eatement et pour le dentiste.<\/li>\n\n\n\n<li>Des publications scientifiques montrent que les implants en une \u00e9tape sont plus efficaces que les implants classiques en deux \u00e9tapes lorsqu&rsquo;ils sont appliqu\u00e9s correctement.<\/li>\n\n\n\n<li>Les implants en un seul temps permettent une restauration imm\u00e9diate, ce qui signifie que la couronne peut \u00eatre pos\u00e9e peu de temps apr\u00e8s l&rsquo;implant.<\/li>\n\n\n\n<li>Votre traitement ne se d\u00e9roule pas par \u00e9tapes. Il s&rsquo;agit d&rsquo;un plan particuli\u00e8rement rentable, surtout pour les patients \u00e9trangers.<\/li>\n\n\n\n<li>La proc\u00e9dure d&rsquo;implantation en une seule \u00e9tape utilise une trousse chirurgicale sp\u00e9cialis\u00e9e. Elle implique \u00e9galement l&rsquo;utilisation d&rsquo;outils sp\u00e9cifiques, notamment le Physiodispenser Implantmed pour la pr\u00e9paration du lit implantaire, le Piezomed Piezosurgery Device pour l&rsquo;ost\u00e9otomie et l&rsquo;ISQ-Implant Stability Quotient pour la mesure de la stabilit\u00e9 de l&rsquo;implant.<\/li>\n<\/ul>\n\n<figure class=\"wp-block-image size-full\"><img decoding=\"async\" width=\"960\" height=\"550\" src=\"https:\/\/medclinics.com\/wp-content\/uploads\/2023\/11\/single-stage-dental-implants-in-istanbul-turkey.jpg\" alt=\"Implants en une seule &#xE9;tape &#xE0; Istanbul\" class=\"wp-image-117639\" srcset=\"https:\/\/medclinics.com\/wp-content\/uploads\/2023\/11\/single-stage-dental-implants-in-istanbul-turkey.jpg 960w, https:\/\/medclinics.com\/wp-content\/uploads\/2023\/11\/single-stage-dental-implants-in-istanbul-turkey-500x286.jpg 500w, https:\/\/medclinics.com\/wp-content\/uploads\/2023\/11\/single-stage-dental-implants-in-istanbul-turkey-768x440.jpg 768w, https:\/\/medclinics.com\/wp-content\/uploads\/2023\/11\/single-stage-dental-implants-in-istanbul-turkey-24x14.jpg 24w, https:\/\/medclinics.com\/wp-content\/uploads\/2023\/11\/single-stage-dental-implants-in-istanbul-turkey-36x21.jpg 36w, https:\/\/medclinics.com\/wp-content\/uploads\/2023\/11\/single-stage-dental-implants-in-istanbul-turkey-48x28.jpg 48w\" sizes=\"(max-width: 960px) 100vw, 960px\" \/><\/figure>\n\n<h2 class=\"wp-block-heading\" id=\"treatment-plan\">Plan de traitement<\/h2>\n\n<p>Tout d&rsquo;abord, contactez MedClinics pour trouver des cliniques appropri\u00e9es pour votre traitement d&rsquo;implant en une \u00e9tape en Turquie. Envoyez des photos de vos dents et de votre dossier m\u00e9dical pour une consultation en ligne. <\/p>\n\n<ul class=\"wp-block-list\">\n<li><strong>Lundi :<\/strong> Arriv\u00e9e \u00e0 Istanbul le lundi pour votre traitement dentaire en une seule \u00e9tape. Vous serez pris en charge \u00e0 l&rsquo;a\u00e9roport et conduit \u00e0 la clinique. Ensuite, vous passerez un examen dentaire complet, comprenant des radiographies et des images en 3D.<\/li>\n\n\n\n<li><strong>Mardi :<\/strong> Retour \u00e0 la clinique dentaire pour votre traitement. Un anesth\u00e9siste sp\u00e9cialis\u00e9 applique la s\u00e9dation, prend les mesures de toutes les dents et fournit les m\u00e9dicaments n\u00e9cessaires.<\/li>\n\n\n\n<li><strong>Mercredi :<\/strong> Faites correspondre les moules avec le dessin de la dent et go\u00fbtez le dessin en bouche. Le rev\u00eatement en <a href=\"https:\/\/medclinics.com\/fr\/dents-en-zirconium\/\" data-type=\"link\" data-id=\"https:\/\/medclinics.com\/zirconium-teeth\/\" target=\"_blank\" rel=\"noreferrer noopener\">zirconium<\/a> est utilis\u00e9 pour produire ces moules. Il faut 17 heures pour qu&rsquo;ils soient pr\u00eats. Il ne s&rsquo;agit donc pas d&rsquo;une solution temporaire.<\/li>\n\n\n\n<li><strong>Jeudi :<\/strong> Le m\u00e9decin professionnel r\u00e9p\u00e8te, v\u00e9rifie et arrange le moule en zirconium. Un vernis est appliqu\u00e9 si n\u00e9cessaire. Le patient doit faire des tests un jour et se reposer le lendemain.<\/li>\n\n\n\n<li><strong>Vendredi : <\/strong>Vous pouvez maintenant explorer la ville et profiter de vos vacances ! Appr\u00e9ciez le nouvel aspect de vos dents ! Pendant ce temps, vous testerez l&rsquo;implant en un seul temps.<\/li>\n\n\n\n<li><strong>Samedi :<\/strong> Venez pour un contr\u00f4le apr\u00e8s un jour. Les autres proc\u00e9dures n\u00e9cessaires sont appliqu\u00e9es et une plaque dentaire protectrice est d\u00e9livr\u00e9e. Ainsi, votre traitement est termin\u00e9 sans d\u00e9lai d&rsquo;attente. Vous pouvez reprendre vos habitudes alimentaires d\u00e8s le lendemain.<\/li>\n\n\n\n<li>Dernier entretien avec votre m\u00e9decin traitant, qui vous informera de ce que vous devez garder \u00e0 l&rsquo;esprit pour les prochains jours.<\/li>\n<\/ul>\n\n<h4 class=\"wp-block-heading\" id=\"take-a-look-in-the-mirror-now-are-you-amazed-by-your-new-teeth\"><strong>Regardez-vous dans le miroir ! \u00cates-vous \u00e9merveill\u00e9 par vos nouvelles dents ?<\/strong><\/h4>\n\n<p><\/p>\n\n<h3 class=\"wp-block-heading\" id=\"single-stage-implants-are-ideal-for\">Implants en une \u00e9tape pour :<\/h3>\n\n<ul class=\"wp-block-list\">\n<li>Toute personne ayant besoin de remplacer une seule dent.<\/li>\n\n\n\n<li>Les personnes \u00e2g\u00e9es de 18 ans et plus dont l&rsquo;ossature est compl\u00e8tement d\u00e9velopp\u00e9e.<\/li>\n\n\n\n<li>Les personnes en bonne sant\u00e9 et ne souffrant pas d&rsquo;affections susceptibles de compliquer l&rsquo;op\u00e9ration.<\/li>\n<\/ul>\n\n<h3 class=\"wp-block-heading\" id=\"single-stage-implants-recovery-timeline\">D\u00e9lai de r\u00e9cup\u00e9ration des implants en une \u00e9tape :<\/h3>\n\n<ul class=\"wp-block-list\">\n<li>Au cours de la premi\u00e8re semaine, une premi\u00e8re cicatrisation se produit. Il est conseill\u00e9 aux patients de suivre un r\u00e9gime alimentaire doux et d&rsquo;\u00e9viter toute pression excessive sur la zone de l&rsquo;implant.<\/li>\n\n\n\n<li>Au bout de 2 \u00e0 3 semaines, l&rsquo;enflure et les ecchymoses diminuent g\u00e9n\u00e9ralement, ce qui permet aux patients de reprendre lentement leurs activit\u00e9s normales. Toutefois, les activit\u00e9s physiques intenses doivent \u00eatre \u00e9vit\u00e9es.<\/li>\n\n\n\n<li>Pendant les 4 \u00e0 6 semaines qui suivent, les tissus mous continuent de cicatriser et l&rsquo;implant s&rsquo;int\u00e8gre \u00e0 l&rsquo;os de la m\u00e2choire. Les patients doivent \u00eatre prudents lorsqu&rsquo;ils consomment des aliments durs ou croquants.<\/li>\n\n\n\n<li>Entre 3 et 6 mois, le processus d&rsquo;ost\u00e9oint\u00e9gration se poursuit et l&rsquo;implant s&rsquo;installe solidement dans l&rsquo;os de la m\u00e2choire. Les patients peuvent reprendre progressivement leur r\u00e9gime alimentaire et leurs soins bucco-dentaires habituels.<\/li>\n<\/ul>\n\n<h3 class=\"wp-block-heading\" id=\"possible-risks-for-single-stage-implants\">Risques possibles pour les implants \u00e0 un \u00e9tage :<\/h3>\n\n<ul class=\"wp-block-list\">\n<li>Infection au niveau du site d&rsquo;implantation (rare)<\/li>\n\n\n\n<li>Peu de douleur et d&rsquo;inconfort<\/li>\n<\/ul>\n\n<h2 class=\"wp-block-heading\" id=\"aftercare\">Postcure<\/h2>\n\n<p><strong>Bien entendu, nous nous occupons \u00e9galement de vous apr\u00e8s votre traitement !<\/strong><\/p>\n\n<p>Nos conseillers m\u00e9dicaux s&rsquo;occuperont de vous pendant 1 an apr\u00e8s l&rsquo;op\u00e9ration.<br\/>Si vous avez besoin d&rsquo;aide, si vous avez des questions, vous pouvez contacter notre personnel \u00e0 tout moment.<\/p>\n\n<h2 class=\"wp-block-heading\" id=\"dental-implant-healing-process\">Processus de cicatrisation des implants dentaires<\/h2>\n\n<p><strong>Au total, le processus de gu\u00e9rison prendra plusieurs mois.<\/strong><\/p>\n\n<p><strong>Premi\u00e8re semaine :<\/strong> La cicatrisation initiale commence et il est conseill\u00e9 aux patients de suivre un r\u00e9gime alimentaire doux et d&rsquo;\u00e9viter toute pression excessive sur la zone de l&rsquo;implant.<\/p>\n\n<p><strong>2 \u00e0 3 semaines :<\/strong> Les gonflements et les ecchymoses disparaissent g\u00e9n\u00e9ralement, ce qui permet aux patients de reprendre progressivement leurs activit\u00e9s normales, m\u00eame s&rsquo;il convient d&rsquo;\u00e9viter les activit\u00e9s physiques intenses.<\/p>\n\n<p><strong>4 \u00e0 6 semaines :<\/strong> Les tissus mous continuent de cicatriser et l&rsquo;implant s&rsquo;int\u00e8gre \u00e0 l&rsquo;os de la m\u00e2choire. La prudence est de mise lors de la consommation d&rsquo;aliments durs ou croquants.<\/p>\n\n<p><strong>3 \u00e0 6 mois :<\/strong> Le processus d&rsquo;ost\u00e9oint\u00e9gration solidifie l&rsquo;implant dans l&rsquo;os de la m\u00e2choire. Pendant cette p\u00e9riode, les patients peuvent reprendre progressivement leur r\u00e9gime alimentaire et leurs soins bucco-dentaires habituels.<\/p>\n\n<p>Les implants dentaires \u00e0 un \u00e9tage peuvent durer toute une vie. Toutefois, une bonne hygi\u00e8ne bucco-dentaire et de bons soins sont importants pour pr\u00e9server la fonctionnalit\u00e9 de l&rsquo;implant et des proth\u00e8ses implanto-port\u00e9es. Si possible, vous devriez utiliser du fil dentaire pour \u00e9liminer toutes les particules de nourriture.<\/p>\n\n<figure class=\"wp-block-image size-full is-resized\"><img decoding=\"async\" width=\"960\" height=\"550\" src=\"https:\/\/medclinics.com\/wp-content\/uploads\/2023\/11\/single-stage-implants-in-turkey.jpg\" alt=\"Implants en une &#xE9;tape &#xE0; Istanbul Turquie\" class=\"wp-image-117654\" style=\"width:960px;height:550px\" srcset=\"https:\/\/medclinics.com\/wp-content\/uploads\/2023\/11\/single-stage-implants-in-turkey.jpg 960w, https:\/\/medclinics.com\/wp-content\/uploads\/2023\/11\/single-stage-implants-in-turkey-500x286.jpg 500w, https:\/\/medclinics.com\/wp-content\/uploads\/2023\/11\/single-stage-implants-in-turkey-768x440.jpg 768w, https:\/\/medclinics.com\/wp-content\/uploads\/2023\/11\/single-stage-implants-in-turkey-24x14.jpg 24w, https:\/\/medclinics.com\/wp-content\/uploads\/2023\/11\/single-stage-implants-in-turkey-36x21.jpg 36w, https:\/\/medclinics.com\/wp-content\/uploads\/2023\/11\/single-stage-implants-in-turkey-48x28.jpg 48w\" sizes=\"(max-width: 960px) 100vw, 960px\" \/><\/figure>\n\n<h2 class=\"wp-block-heading\" id=\"single-stage-dental-implant-costs-by-country\">Co\u00fbt des implants dentaires par pays<\/h2>\n\n<p>Le co\u00fbt d&rsquo;un implant \u00e0 un \u00e9tage d\u00e9pend de l&rsquo;exp\u00e9rience du dentiste, de la marque utilis\u00e9e, de la clinique ou de l&rsquo;h\u00f4pital que vous choisissez et de votre \u00e9tat de sant\u00e9.<br\/>Les prix indiqu\u00e9s ci-dessous sont destin\u00e9s \u00e0 vous donner une id\u00e9e approximative et ne constituent pas un devis d\u00e9finitif. Votre conseiller MedClincs se fera un plaisir de vous fournir des informations d\u00e9taill\u00e9es.<\/p>\n\n<figure class=\"wp-block-table\"><table><tbody><tr><td>Pays<\/td><td>Prix<\/td><td>\u00c9valuation ;<\/td><\/tr><tr><td>Turquie<\/td><td>~ 900\u20ac &#8211; 2400 \u20ac  <\/td><td>\u2605\u2605\u2605\u2605\u2605 \u00a0 \u00a0<\/td><\/tr><tr><td>ROYAUME-UNI<\/td><td>~ 2,500 \u20ac &#8211; 5,000 \u20ac  <\/td><td>\u2605\u2605\u2605<\/td><\/tr><tr><td>Allemagne<\/td><td>~ 2,000 \u20ac &#8211; 4,000 \u20ac<\/td><td>\u2605\u2605\u2605\u2605<\/td><\/tr><tr><td>\u00c9TATS-UNIS<\/td><td>~ 3,000 \u20ac &#8211; 5,000 \u20ac<\/td><td>\u2605\u2605\u2605<\/td><\/tr><\/tbody><\/table><\/figure>\n\n<h2 class=\"wp-block-heading\" id=\"faq\">FAQ<\/h2>\n<div id=\"rank-math-faq\" class=\"rank-math-block\">\n<div class=\"rank-math-list \">\n<div id=\"faq-question-1682598236692\" class=\"rank-math-list-item\">\n<h3 class=\"rank-math-question \">Quels sont les avantages des implants dentaires en un temps par rapport aux m\u00e9thodes traditionnelles ?<\/h3>\n<div class=\"rank-math-answer \">\n\n<p>Les implants dentaires en un seul temps offrent un processus rationalis\u00e9, r\u00e9duisant le nombre d&rsquo;interventions chirurgicales n\u00e9cessaires. Ils sont plus pratiques pour les patients et les dentistes.<\/p>\n\n<\/div>\n<\/div>\n<div id=\"faq-question-1684406211747\" class=\"rank-math-list-item\">\n<h3 class=\"rank-math-question \">Quelle est la dur\u00e9e du processus de r\u00e9tablissement pour les implants dentaires en un temps ?<\/h3>\n<div class=\"rank-math-answer \">\n\n<p>Le temps de r\u00e9cup\u00e9ration varie, mais les implants en une \u00e9tape ont souvent une dur\u00e9e de traitement globale plus courte que les m\u00e9thodes traditionnelles.<\/p>\n\n<\/div>\n<\/div>\n<div id=\"faq-question-1684406215345\" class=\"rank-math-list-item\">\n<h3 class=\"rank-math-question \">Quel est le taux de r\u00e9ussite des proc\u00e9dures d&rsquo;implantation dentaire en une seule \u00e9tape ?<\/h3>\n<div class=\"rank-math-answer \">\n\n<p>Les taux de r\u00e9ussite sont g\u00e9n\u00e9ralement tr\u00e8s \u00e9lev\u00e9s, mais ils d\u00e9pendent de facteurs tels que l&rsquo;\u00e9tat de sant\u00e9 du patient et le respect des soins postop\u00e9ratoires.<\/p>\n\n<\/div>\n<\/div>\n<div id=\"faq-question-1684406216613\" class=\"rank-math-list-item\">\n<h3 class=\"rank-math-question \">En quoi les implants dentaires en un temps diff\u00e8rent-ils des implants en deux temps ?<\/h3>\n<div class=\"rank-math-answer \">\n\n<p>Les implants en un temps impliquent la mise en place de l&rsquo;implant et du pilier en une seule op\u00e9ration, tandis que les implants en deux temps n\u00e9cessitent deux proc\u00e9dures distinctes. La technique d&rsquo;application et le mat\u00e9riau de l&rsquo;implant utilis\u00e9 sont \u00e9galement diff\u00e9rents.<\/p>\n\n<\/div>\n<\/div>\n<div id=\"faq-question-1684406222432\" class=\"rank-math-list-item\">\n<h3 class=\"rank-math-question \">Quelle est la comparaison des co\u00fbts entre les proc\u00e9dures d&rsquo;implants dentaires en une \u00e9tape et les proc\u00e9dures d&rsquo;implants dentaires traditionnelles en Turquie ?<\/h3>\n<div class=\"rank-math-answer \">\n\n<p>Les implants dentaires en une seule \u00e9tape en Turquie peuvent \u00eatre plus avantageux pour le budget car ils impliquent moins d&rsquo;\u00e9tapes et d&rsquo;interventions chirurgicales.<\/p>\n\n<\/div>\n<\/div>\n<div id=\"faq-question-1684406223362\" class=\"rank-math-list-item\">\n<h3 class=\"rank-math-question \"><strong>Comment choisir le meilleur dentiste pour des implants dentaires en une \u00e9tape en Turquie ?<\/strong><\/h3>\n<div class=\"rank-math-answer \">\n\n<p>En tant que MedClinics, nous sommes l\u00e0 pour vous aider dans toutes vos proc\u00e9dures de traitement. Pour les proc\u00e9dures d&rsquo;implantation en une seule \u00e9tape, nous recommandons vivement <a href=\"https:\/\/medclinics.com\/fr\/cliniques\/novusklinik-2\/\" target=\"_blank\" rel=\"noreferrer noopener\">Novusklinik<\/a> \u00e0 Istanbul. Gr\u00e2ce \u00e0 son personnel professionnel, la clinique est le num\u00e9ro un pour les traitements dentaires en une seule \u00e9tape en Turquie. Vous pouvez nous contacter d\u00e8s maintenant pour en savoir plus sur vos options de traitement.<\/p>\n\n<\/div>\n<\/div>\n<div id=\"faq-question-1684406224360\" class=\"rank-math-list-item\">\n<h3 class=\"rank-math-question \">Le traitement implantaire en une \u00e9tape est-il douloureux ?<\/h3>\n<div class=\"rank-math-answer \">\n\n<p>Non, le traitement par implant en une seule \u00e9tape implique g\u00e9n\u00e9ralement une anesth\u00e9sie locale, qui engourdit la zone et minimise la douleur pendant l&rsquo;intervention.<\/p>\n\n<\/div>\n<\/div>\n<div id=\"faq-question-1684406227634\" class=\"rank-math-list-item\">\n<h3 class=\"rank-math-question \"><strong>Pouvez-vous fournir des photos avant et apr\u00e8s des cas d&rsquo;implants dentaires en une seule \u00e9tape en Turquie ?<\/strong><\/h3>\n<div class=\"rank-math-answer \">\n\n<p>Oui, vous pouvez nous contacter d\u00e8s maintenant, afin que nous puissions vous aider \u00e0 voir des photos avant-apr\u00e8s d&rsquo;implants \u00e0 un \u00e9tage en Turquie.<\/p>\n\n<\/div>\n<\/div>\n<div id=\"faq-question-1700045941273\" class=\"rank-math-list-item\">\n<h3 class=\"rank-math-question \"><strong>Quel est le co\u00fbt moyen des implants dentaires en une seule \u00e9tape en Turquie par rapport \u00e0 d&rsquo;autres pays ?<\/strong><\/h3>\n<div class=\"rank-math-answer \">\n\n<p>Le co\u00fbt des implants \u00e0 un \u00e9tage varie d&rsquo;un pays \u00e0 l&rsquo;autre. Par exemple, aux \u00c9tats-Unis, le co\u00fbt varie entre 3 000 et 5 000 \u20ac, en Allemagne entre 2 000 et 4 000 \u20ac et au Royaume-Uni entre 2 500 et 5 000 \u20ac. En revanche, les co\u00fbts des implants dentaires en Turquie sont g\u00e9n\u00e9ralement plus abordables, allant de 499 \u00e0 2 000 \u20ac.u0022<\/p>\n\n<\/div>\n<\/div>\n<div id=\"faq-question-1700048889231\" class=\"rank-math-list-item\">\n<h3 class=\"rank-math-question \">Existe-t-il des crit\u00e8res d&rsquo;\u00e9ligibilit\u00e9 sp\u00e9cifiques pour les candidats \u00e0 la pose d&rsquo;implants dentaires en une seule \u00e9tape en Turquie ?<\/h3>\n<div class=\"rank-math-answer \">\n\n<p>L&rsquo;\u00e9ligibilit\u00e9 aux implants dentaires en un temps en Turquie d\u00e9pend de plusieurs facteurs, notamment de l&rsquo;\u00e9tat de sant\u00e9 g\u00e9n\u00e9ral, de la densit\u00e9 osseuse et des conditions dentaires sp\u00e9cifiques. Pour plus d&rsquo;informations, vous pouvez nous contacter.<\/p>\n\n<\/div>\n<\/div>\n<\/div>\n<\/div>\n<h2 class=\"wp-block-heading\" id=\"history\">L&rsquo;histoire<\/h2>\n\n<p>Les implants en un seul temps ont une histoire li\u00e9e au d\u00e9veloppement des implants dentaires au 20e si\u00e8cle. \u00c0 l&rsquo;origine, il s&rsquo;agissait d&rsquo;une approche en deux \u00e9tapes, impliquant deux interventions chirurgicales. Les implants en un seul temps ont chang\u00e9 la donne en permettant la pose de l&rsquo;implant et du pilier en une seule intervention chirurgicale. Il n&rsquo;est donc plus n\u00e9cessaire de proc\u00e9der \u00e0 une seconde proc\u00e9dure de mise \u00e0 nu. Au fil du temps, l&rsquo;am\u00e9lioration de la conception et des techniques a permis de g\u00e9n\u00e9raliser les implants en un seul temps. Aujourd&rsquo;hui, ils sont largement utilis\u00e9s parce qu&rsquo;ils r\u00e9duisent la dur\u00e9e du traitement et simplifient le processus pour les dentistes et les patients. La recherche continue permet d&rsquo;am\u00e9liorer cette technologie dans les proc\u00e9dures d&rsquo;implantation dentaire.<\/p>\n","protected":false},"excerpt":{"rendered":"<p>Les implants en un seul temps consistent \u00e0 placer l&rsquo;implant et le pilier de cicatrisation en une seule \u00e9tape. Les [&hellip;]<\/p>\n","protected":false},"author":4,"featured_media":117669,"parent":0,"menu_order":0,"comment_status":"closed","ping_status":"closed","template":"","meta":{"site-sidebar-layout":"default","site-content-layout":"","ast-site-content-layout":"default","site-content-style":"default","site-sidebar-style":"default","ast-global-header-display":"","ast-banner-title-visibility":"","ast-main-header-display":"","ast-hfb-above-header-display":"","ast-hfb-below-header-display":"","ast-hfb-mobile-header-display":"","site-post-title":"","ast-breadcrumbs-content":"","ast-featured-img":"","footer-sml-layout":"","ast-disable-related-posts":"","theme-transparent-header-meta":"","adv-header-id-meta":"","stick-header-meta":"","header-above-stick-meta":"","header-main-stick-meta":"","header-below-stick-meta":"","astra-migrate-meta-layouts":"default","ast-page-background-enabled":"default","ast-page-background-meta":{"desktop":{"background-color":"var(--ast-global-color-4)","background-image":"","background-repeat":"repeat","background-position":"center center","background-size":"auto","background-attachment":"scroll","background-type":"","background-media":"","overlay-type":"","overlay-color":"","overlay-opacity":"","overlay-gradient":""},"tablet":{"background-color":"","background-image":"","background-repeat":"repeat","background-position":"center center","background-size":"auto","background-attachment":"scroll","background-type":"","background-media":"","overlay-type":"","overlay-color":"","overlay-opacity":"","overlay-gradient":""},"mobile":{"background-color":"","background-image":"","background-repeat":"repeat","background-position":"center center","background-size":"auto","background-attachment":"scroll","background-type":"","background-media":"","overlay-type":"","overlay-color":"","overlay-opacity":"","overlay-gradient":""}},"ast-content-background-meta":{"desktop":{"background-color":"var(--ast-global-color-5)","background-image":"","background-repeat":"repeat","background-position":"center center","background-size":"auto","background-attachment":"scroll","background-type":"","background-media":"","overlay-type":"","overlay-color":"","overlay-opacity":"","overlay-gradient":""},"tablet":{"background-color":"var(--ast-global-color-5)","background-image":"","background-repeat":"repeat","background-position":"center center","background-size":"auto","background-attachment":"scroll","background-type":"","background-media":"","overlay-type":"","overlay-color":"","overlay-opacity":"","overlay-gradient":""},"mobile":{"background-color":"var(--ast-global-color-5)","background-image":"","background-repeat":"repeat","background-position":"center center","background-size":"auto","background-attachment":"scroll","background-type":"","background-media":"","overlay-type":"","overlay-color":"","overlay-opacity":"","overlay-gradient":""}},"footnotes":""},"class_list":["post-148433","page","type-page","status-publish","has-post-thumbnail","hentry"],"_links":{"self":[{"href":"https:\/\/medclinics.com\/fr\/wp-json\/wp\/v2\/pages\/148433","targetHints":{"allow":["GET"]}}],"collection":[{"href":"https:\/\/medclinics.com\/fr\/wp-json\/wp\/v2\/pages"}],"about":[{"href":"https:\/\/medclinics.com\/fr\/wp-json\/wp\/v2\/types\/page"}],"author":[{"embeddable":true,"href":"https:\/\/medclinics.com\/fr\/wp-json\/wp\/v2\/users\/4"}],"replies":[{"embeddable":true,"href":"https:\/\/medclinics.com\/fr\/wp-json\/wp\/v2\/comments?post=148433"}],"version-history":[{"count":0,"href":"https:\/\/medclinics.com\/fr\/wp-json\/wp\/v2\/pages\/148433\/revisions"}],"wp:featuredmedia":[{"embeddable":true,"href":"https:\/\/medclinics.com\/fr\/wp-json\/wp\/v2\/media\/117669"}],"wp:attachment":[{"href":"https:\/\/medclinics.com\/fr\/wp-json\/wp\/v2\/media?parent=148433"}],"curies":[{"name":"wp","href":"https:\/\/api.w.org\/{rel}","templated":true}]}}