{"id":148245,"date":"2023-08-15T13:40:41","date_gmt":"2023-08-15T10:40:41","guid":{"rendered":"https:\/\/medclinics.com\/avis-de-non-responsabilite\/"},"modified":"2024-04-01T12:13:48","modified_gmt":"2024-04-01T09:13:48","slug":"avis-de-non-responsabilite","status":"publish","type":"page","link":"https:\/\/medclinics.com\/fr\/avis-de-non-responsabilite\/","title":{"rendered":"Avis de non-responsabilit\u00e9"},"content":{"rendered":"\n<h2 class=\"wp-block-heading\">Avis de non-responsabilit\u00e9<\/h2>\n\n<p>MedClinics est une plateforme Internet qui sert d&rsquo;interm\u00e9diaire entre les offres des prestataires de services m\u00e9dicaux. MedClinics ne garantit en aucun cas les offres des prestataires de services m\u00e9dicaux, les services qu&rsquo;elles contiennent, la fourniture de ces services ou leur qualit\u00e9, et n&rsquo;assume aucune responsabilit\u00e9 \u00e0 cet \u00e9gard.<\/p>\n\n<p><strong>Aucun contrat n&rsquo;est form\u00e9 entre MedClinics et le client<\/strong>, <strong>la relation juridique est uniquement entre le client et le prestataire de services m\u00e9dicaux<\/strong>.<\/p>\n\n<p>Les informations fournies par MedClinics, y compris, mais sans s&rsquo;y limiter, les informations fournies par les prestataires m\u00e9dicaux et d&rsquo;autres tiers, ainsi que toute information fournie au client par t\u00e9l\u00e9phone, par voie \u00e9lectronique, par courrier \u00e9lectronique ou par d&rsquo;autres canaux d&rsquo;information avant, pendant ou apr\u00e8s l&rsquo;achat de tout bien et\/ou service, ne peuvent en aucun cas \u00eatre consid\u00e9r\u00e9es comme un conseil m\u00e9dical ou un examen m\u00e9dical appropri\u00e9, ne remplacent en aucun cas un examen d\u00e9taill\u00e9 et une consultation avec un m\u00e9decin, et ne peuvent servir de base unique pour d\u00e9cider de rechercher, de poursuivre ou d&rsquo;interrompre un traitement m\u00e9dical.<\/p>\n\n<p><br\/>MedClinics n&rsquo;est pas responsable des traitements, interventions chirurgicales ou autres services fournis par le prestataire m\u00e9dical et n&rsquo;est pas non plus responsable des r\u00e9clamations pour faute professionnelle pouvant d\u00e9couler directement ou indirectement, actuellement ou \u00e0 l&rsquo;avenir, des conseils, applications, interventions chirurgicales ou autres services fournis par le prestataire m\u00e9dical.<\/p>\n\n<p>En visitant notre site et en remplissant ce formulaire, le client accepte et d\u00e9clare automatiquement et express\u00e9ment qu&rsquo;il a \u00e9t\u00e9 inform\u00e9 de la clause de non-responsabilit\u00e9 avant la conclusion du contrat ou l&rsquo;achat de tout bien et\/ou service offert dans la boutique en ligne du courtier, qu&rsquo;il accepte la clause de non-responsabilit\u00e9 et qu&rsquo;il ne peut formuler aucune r\u00e9clamation \u00e0 cet \u00e9gard \u00e0 l&rsquo;encontre du courtier, qu&rsquo;elle soit pr\u00e9sente ou future, et qu&rsquo;il est conscient, comprend et accepte la relation contractuelle.<\/p>\n\n<p>Les demandes de dommages et int\u00e9r\u00eats, d&rsquo;indemnisation, de recours, d&rsquo;indemnisation pour pr\u00e9judice moral ou d&rsquo;autres actions et pr\u00e9tentions d\u00e9coulant de la relation contractuelle avec le prestataire de services m\u00e9dicaux ne peuvent \u00eatre adress\u00e9es qu&rsquo;au prestataire de services m\u00e9dicaux. Le courtier est exclu de toute responsabilit\u00e9.<\/p>\n\n<h3 class=\"wp-block-heading\"><a href=\"#requestform\">Contactez-nous<\/a> d\u00e8s maintenant si vous avez des questions !<\/h3>\n\n<p><\/p>\n","protected":false},"excerpt":{"rendered":"<p>Avis de non-responsabilit\u00e9 MedClinics est une plateforme Internet qui sert d&rsquo;interm\u00e9diaire entre les offres des prestataires de services m\u00e9dicaux. MedClinics [&hellip;]<\/p>\n","protected":false},"author":4,"featured_media":0,"parent":0,"menu_order":0,"comment_status":"closed","ping_status":"closed","template":"","meta":{"site-sidebar-layout":"default","site-content-layout":"","ast-site-content-layout":"default","site-content-style":"default","site-sidebar-style":"default","ast-global-header-display":"","ast-banner-title-visibility":"","ast-main-header-display":"","ast-hfb-above-header-display":"","ast-hfb-below-header-display":"","ast-hfb-mobile-header-display":"","site-post-title":"","ast-breadcrumbs-content":"","ast-featured-img":"","footer-sml-layout":"","ast-disable-related-posts":"","theme-transparent-header-meta":"","adv-header-id-meta":"","stick-header-meta":"","header-above-stick-meta":"","header-main-stick-meta":"","header-below-stick-meta":"","astra-migrate-meta-layouts":"default","ast-page-background-enabled":"default","ast-page-background-meta":{"desktop":{"background-color":"var(--ast-global-color-4)","background-image":"","background-repeat":"repeat","background-position":"center center","background-size":"auto","background-attachment":"scroll","background-type":"","background-media":"","overlay-type":"","overlay-color":"","overlay-opacity":"","overlay-gradient":""},"tablet":{"background-color":"","background-image":"","background-repeat":"repeat","background-position":"center center","background-size":"auto","background-attachment":"scroll","background-type":"","background-media":"","overlay-type":"","overlay-color":"","overlay-opacity":"","overlay-gradient":""},"mobile":{"background-color":"","background-image":"","background-repeat":"repeat","background-position":"center center","background-size":"auto","background-attachment":"scroll","background-type":"","background-media":"","overlay-type":"","overlay-color":"","overlay-opacity":"","overlay-gradient":""}},"ast-content-background-meta":{"desktop":{"background-color":"var(--ast-global-color-5)","background-image":"","background-repeat":"repeat","background-position":"center center","background-size":"auto","background-attachment":"scroll","background-type":"","background-media":"","overlay-type":"","overlay-color":"","overlay-opacity":"","overlay-gradient":""},"tablet":{"background-color":"var(--ast-global-color-5)","background-image":"","background-repeat":"repeat","background-position":"center center","background-size":"auto","background-attachment":"scroll","background-type":"","background-media":"","overlay-type":"","overlay-color":"","overlay-opacity":"","overlay-gradient":""},"mobile":{"background-color":"var(--ast-global-color-5)","background-image":"","background-repeat":"repeat","background-position":"center center","background-size":"auto","background-attachment":"scroll","background-type":"","background-media":"","overlay-type":"","overlay-color":"","overlay-opacity":"","overlay-gradient":""}},"footnotes":""},"class_list":["post-148245","page","type-page","status-publish","hentry"],"_links":{"self":[{"href":"https:\/\/medclinics.com\/fr\/wp-json\/wp\/v2\/pages\/148245","targetHints":{"allow":["GET"]}}],"collection":[{"href":"https:\/\/medclinics.com\/fr\/wp-json\/wp\/v2\/pages"}],"about":[{"href":"https:\/\/medclinics.com\/fr\/wp-json\/wp\/v2\/types\/page"}],"author":[{"embeddable":true,"href":"https:\/\/medclinics.com\/fr\/wp-json\/wp\/v2\/users\/4"}],"replies":[{"embeddable":true,"href":"https:\/\/medclinics.com\/fr\/wp-json\/wp\/v2\/comments?post=148245"}],"version-history":[{"count":0,"href":"https:\/\/medclinics.com\/fr\/wp-json\/wp\/v2\/pages\/148245\/revisions"}],"wp:attachment":[{"href":"https:\/\/medclinics.com\/fr\/wp-json\/wp\/v2\/media?parent=148245"}],"curies":[{"name":"wp","href":"https:\/\/api.w.org\/{rel}","templated":true}]}}