{"id":148219,"date":"2023-08-15T13:55:10","date_gmt":"2023-08-15T10:55:10","guid":{"rendered":"https:\/\/medclinics.com\/a-propos-de-medclinics\/"},"modified":"2024-05-24T12:11:49","modified_gmt":"2024-05-24T09:11:49","slug":"a-propos-de-medclinics","status":"publish","type":"page","link":"https:\/\/medclinics.com\/fr\/a-propos-de-medclinics\/","title":{"rendered":"\u00c0 propos de MedClinics"},"content":{"rendered":"\n<h2 class=\"wp-block-heading\">\u00c0 propos de MedClinics<\/h2>\n\n<h3 class=\"wp-block-heading\">MedClinics est une plateforme en ligne qui organise des traitements m\u00e9dicaux.<\/h3>\n\n<p>Nous proposons tout type de proc\u00e9dure, des <a href=\"https:\/\/medclinics.com\/fr\/beaute\/\" target=\"_blank\" rel=\"noreferrer noopener\">traitements de beaut\u00e9<\/a>, des proc\u00e9dures de chirurgie plastique et esth\u00e9tique, des traitements oculaires et dentaires, ainsi que des traitements qui sont indiqu\u00e9s pour des raisons m\u00e9dicales en raison d&rsquo;une maladie sous-jacente, y compris l&rsquo;<a href=\"https:\/\/medclinics.com\/orthopedic-treatment-orthopedic-surgery\/\">orthop\u00e9die<\/a>, l&rsquo;oncologie, la <a href=\"https:\/\/medclinics.com\/ivf-in-vitro-fertilisation\/\">FIV<\/a> et bien plus encore.<\/p>\n\n<p>Nos partenaires sont exclusivement des cliniques, des m\u00e9decins et des h\u00f4pitaux certifi\u00e9s, tous soigneusement contr\u00f4l\u00e9s par nos soins. Nous pouvons donc affirmer avec fiert\u00e9 que nous n&rsquo;avons que les meilleurs partenaires dans tous les domaines.<\/p>\n\n<p>En Turquie, nous travaillons avec plus de 300 cliniques, m\u00e9decins et h\u00f4pitaux.  <\/p>\n\n<p>Sur le march\u00e9 international, nous \u00e9tendons constamment notre r\u00e9seau. Nous sommes soutenus par notre bureau partenaire en Allemagne, qui s&rsquo;appelle <a href=\"https:\/\/www.checkfortrips.com\/\" target=\"_blank\" rel=\"noreferrer noopener\">Check for Trips<\/a> et qui est situ\u00e9 \u00e0 Ruesselsheim, pr\u00e8s de Francfort-sur-le-Main.<\/p>\n\n<p>MedClinics op\u00e8re sous l&rsquo;\u00e9gide de la soci\u00e9t\u00e9 Travelgroup Tur. ve Ti\u00e7. A.\u015e. dont le si\u00e8ge se trouve \u00e0 Istanbul. Travelgroup est une agence de voyage active dans le secteur du tourisme depuis les ann\u00e9es 70 jusqu&rsquo;\u00e0 aujourd&rsquo;hui.<\/p>\n\n<p>Chez MedClinics, une \u00e9quipe multinationale, multilingue et talentueuse se concentre en permanence sur le bien-\u00eatre des patients, qui est toujours la premi\u00e8re priorit\u00e9 de MedClinics. Nous sommes ainsi en mesure de r\u00e9pondre aux besoins individuels des patients et de pr\u00e9server leurs int\u00e9r\u00eats. Les barri\u00e8res culturelles ou linguistiques n&rsquo;existent pas chez MedClinics !<\/p>\n\n<p><strong>Notre mission<\/strong> est de fournir \u00e0 chaque patient la proc\u00e9dure la plus appropri\u00e9e pour les conditions souhait\u00e9es, en tenant compte des facteurs individuels, et d&rsquo;offrir une connexion \u00e0 une infrastructure m\u00e9dicale fiable et globale. Nous nous engageons \u00e0 promouvoir des pratiques \u00e9thiques dans le domaine du tourisme de sant\u00e9, en adh\u00e9rant aux lignes directrices et aux r\u00e9glementations internationales. Notre plateforme s&rsquo;oppose activement \u00e0 toute forme de tourisme m\u00e9dical qui utilise des pratiques contraires \u00e0 l&rsquo;\u00e9thique.<\/p>\n\n<p><strong>Notre vision <\/strong>est d&rsquo;offrir aux patients une exp\u00e9rience positive et enrichissante tout en renfor\u00e7ant la collaboration mondiale entre les prestataires de soins de sant\u00e9.<br\/><strong>Ensemble, nous envisageons un monde o\u00f9 des soins de sant\u00e9 de qualit\u00e9 sont accessibles \u00e0 tous, ind\u00e9pendamment des fronti\u00e8res, enrichissent les vies et \u00e9tablissent des relations durables entre les cultures.<\/strong><\/p>\n\n<p>MedClinics a pour objectif de r\u00e9aliser les r\u00eaves de ses clients et de les renvoyer chez eux en tant que patients heureux.<\/p>\n\n<h3 class=\"wp-block-heading\"><a href=\"#requestform\">Contactez-nous<\/a> d\u00e8s maintenant si vous avez des questions !<\/h3>\n","protected":false},"excerpt":{"rendered":"<p>\u00c0 propos de MedClinics MedClinics est une plateforme en ligne qui organise des traitements m\u00e9dicaux. Nous proposons tout type de [&hellip;]<\/p>\n","protected":false},"author":4,"featured_media":180201,"parent":0,"menu_order":0,"comment_status":"closed","ping_status":"closed","template":"","meta":{"site-sidebar-layout":"default","site-content-layout":"","ast-site-content-layout":"default","site-content-style":"default","site-sidebar-style":"default","ast-global-header-display":"","ast-banner-title-visibility":"","ast-main-header-display":"","ast-hfb-above-header-display":"","ast-hfb-below-header-display":"","ast-hfb-mobile-header-display":"","site-post-title":"","ast-breadcrumbs-content":"","ast-featured-img":"","footer-sml-layout":"","ast-disable-related-posts":"","theme-transparent-header-meta":"","adv-header-id-meta":"","stick-header-meta":"","header-above-stick-meta":"","header-main-stick-meta":"","header-below-stick-meta":"","astra-migrate-meta-layouts":"default","ast-page-background-enabled":"default","ast-page-background-meta":{"desktop":{"background-color":"var(--ast-global-color-4)","background-image":"","background-repeat":"repeat","background-position":"center center","background-size":"auto","background-attachment":"scroll","background-type":"","background-media":"","overlay-type":"","overlay-color":"","overlay-opacity":"","overlay-gradient":""},"tablet":{"background-color":"","background-image":"","background-repeat":"repeat","background-position":"center center","background-size":"auto","background-attachment":"scroll","background-type":"","background-media":"","overlay-type":"","overlay-color":"","overlay-opacity":"","overlay-gradient":""},"mobile":{"background-color":"","background-image":"","background-repeat":"repeat","background-position":"center center","background-size":"auto","background-attachment":"scroll","background-type":"","background-media":"","overlay-type":"","overlay-color":"","overlay-opacity":"","overlay-gradient":""}},"ast-content-background-meta":{"desktop":{"background-color":"var(--ast-global-color-5)","background-image":"","background-repeat":"repeat","background-position":"center center","background-size":"auto","background-attachment":"scroll","background-type":"","background-media":"","overlay-type":"","overlay-color":"","overlay-opacity":"","overlay-gradient":""},"tablet":{"background-color":"var(--ast-global-color-5)","background-image":"","background-repeat":"repeat","background-position":"center center","background-size":"auto","background-attachment":"scroll","background-type":"","background-media":"","overlay-type":"","overlay-color":"","overlay-opacity":"","overlay-gradient":""},"mobile":{"background-color":"var(--ast-global-color-5)","background-image":"","background-repeat":"repeat","background-position":"center center","background-size":"auto","background-attachment":"scroll","background-type":"","background-media":"","overlay-type":"","overlay-color":"","overlay-opacity":"","overlay-gradient":""}},"footnotes":""},"class_list":["post-148219","page","type-page","status-publish","has-post-thumbnail","hentry"],"_links":{"self":[{"href":"https:\/\/medclinics.com\/fr\/wp-json\/wp\/v2\/pages\/148219","targetHints":{"allow":["GET"]}}],"collection":[{"href":"https:\/\/medclinics.com\/fr\/wp-json\/wp\/v2\/pages"}],"about":[{"href":"https:\/\/medclinics.com\/fr\/wp-json\/wp\/v2\/types\/page"}],"author":[{"embeddable":true,"href":"https:\/\/medclinics.com\/fr\/wp-json\/wp\/v2\/users\/4"}],"replies":[{"embeddable":true,"href":"https:\/\/medclinics.com\/fr\/wp-json\/wp\/v2\/comments?post=148219"}],"version-history":[{"count":0,"href":"https:\/\/medclinics.com\/fr\/wp-json\/wp\/v2\/pages\/148219\/revisions"}],"wp:featuredmedia":[{"embeddable":true,"href":"https:\/\/medclinics.com\/fr\/wp-json\/wp\/v2\/media\/180201"}],"wp:attachment":[{"href":"https:\/\/medclinics.com\/fr\/wp-json\/wp\/v2\/media?parent=148219"}],"curies":[{"name":"wp","href":"https:\/\/api.w.org\/{rel}","templated":true}]}}