{"id":148217,"date":"2023-08-15T13:30:06","date_gmt":"2023-08-15T10:30:06","guid":{"rendered":"https:\/\/medclinics.com\/impressum-2\/"},"modified":"2024-09-25T17:36:07","modified_gmt":"2024-09-25T14:36:07","slug":"impressum-2","status":"publish","type":"page","link":"https:\/\/medclinics.com\/fr\/impressum-2\/","title":{"rendered":"Impressum"},"content":{"rendered":"\n<p><strong>MedClinics Health Turizm ve Ticaret A.\u015e. <\/strong><br\/>Bereketzade Mah.\nBankalar Cad.<br\/>Nazl\u0131 Han, No:26, D\/Kat:2<br\/>Beyo\u011flu\/\u0130stanbul <\/p>\n\n<p><strong>Enregistrement de l&rsquo;entreprise <\/strong><br\/>0614175922800001<\/p>\n\n<p><strong>T\u00dcRSAB<\/strong> (Association officielle des agences de voyage) <br\/>Licence 9047 (Halis Turizm Seyahat Acentas\u0131)<\/p>\n\n<p><strong>R\u00e9solution des litiges<\/strong><br\/>La Commission europ\u00e9enne met \u00e0 disposition une plateforme de r\u00e9solution des litiges en ligne (OS) : https:\/\/ec.europa.eu\/consumers\/odr.<br\/>Vous trouverez notre adresse \u00e9lectronique dans les mentions l\u00e9gales ci-dessus.<\/p>\n\n<p>Nous ne sommes pas dispos\u00e9s \u00e0 participer \u00e0 une proc\u00e9dure de r\u00e8glement des litiges devant une commission d&rsquo;arbitrage des consommateurs et nous ne sommes pas tenus de le faire.<\/p>\n\n<p><strong>Responsabilit\u00e9 pour le contenu<\/strong><br\/>En tant que prestataire de services, nous sommes responsables de notre propre contenu sur ces pages en vertu des lois g\u00e9n\u00e9rales conform\u00e9ment \u00e0 l&rsquo;article 7, paragraphe 1, de la TMG. Conform\u00e9ment aux articles 8 \u00e0 10 de la TMG, nous ne sommes pas tenus de surveiller les informations transmises ou stock\u00e9es, ni d&rsquo;enqu\u00eater sur des circonstances indiquant une activit\u00e9 ill\u00e9gale.<\/p>\n\n<p>Les obligations de supprimer ou de bloquer l&rsquo;utilisation d&rsquo;informations en vertu des lois g\u00e9n\u00e9rales ne sont pas affect\u00e9es. Toutefois, la responsabilit\u00e9 \u00e0 cet \u00e9gard n&rsquo;est possible qu&rsquo;\u00e0 partir du moment o\u00f9 une infraction concr\u00e8te \u00e0 la loi est connue. Si nous avons connaissance de telles infractions, nous retirerons imm\u00e9diatement le contenu concern\u00e9.<\/p>\n\n<p><strong>Responsabilit\u00e9 pour les liens<\/strong><br\/>Notre offre contient des liens vers des sites web externes de tiers, sur le contenu desquels nous n&rsquo;avons aucune influence. Par cons\u00e9quent, nous ne pouvons assumer aucune responsabilit\u00e9 pour ces contenus externes. Le fournisseur ou l&rsquo;op\u00e9rateur respectif des sites est toujours responsable du contenu des sites li\u00e9s. Les pages li\u00e9es ont \u00e9t\u00e9 v\u00e9rifi\u00e9es au moment de l&rsquo;\u00e9tablissement des liens afin de d\u00e9tecter d&rsquo;\u00e9ventuelles violations de la l\u00e9gislation. Les contenus ill\u00e9gaux n&rsquo;\u00e9taient pas identifiables au moment de l&rsquo;\u00e9tablissement du lien.<\/p>\n\n<p>Toutefois, un contr\u00f4le permanent du contenu des pages li\u00e9es n&rsquo;est pas raisonnable sans preuve concr\u00e8te d&rsquo;une violation de la loi. Si nous avons connaissance d&rsquo;infractions, nous supprimerons imm\u00e9diatement ces liens.<\/p>\n\n<p><strong>Droits d&rsquo;auteur<\/strong><br\/>Le contenu et les \u0153uvres cr\u00e9\u00e9s par les exploitants du site sur ces pages sont soumis \u00e0 la loi allemande sur les droits d&rsquo;auteur. La duplication, le traitement, la distribution ou toute forme de commercialisation de ce mat\u00e9riel au-del\u00e0 du champ d&rsquo;application de la loi sur les droits d&rsquo;auteur n\u00e9cessitent l&rsquo;accord \u00e9crit pr\u00e9alable de l&rsquo;auteur ou du cr\u00e9ateur respectif. Les t\u00e9l\u00e9chargements et les copies de ce site ne sont autoris\u00e9s que pour un usage priv\u00e9 et non commercial.<\/p>\n\n<p>Dans la mesure o\u00f9 le contenu de ce site n&rsquo;a pas \u00e9t\u00e9 cr\u00e9\u00e9 par l&rsquo;op\u00e9rateur, les droits d&rsquo;auteur de tiers sont respect\u00e9s. En particulier, les contenus de tiers sont identifi\u00e9s comme tels. Si vous avez n\u00e9anmoins connaissance d&rsquo;une violation des droits d&rsquo;auteur, veuillez nous en informer. Si nous avons connaissance d&rsquo;une infraction, nous retirerons imm\u00e9diatement le contenu en question.<\/p>\n\n<h3 class=\"wp-block-heading\"><a href=\"#requestform\">Contactez-nous<\/a> d\u00e8s maintenant si vous avez des questions !<\/h3>\n","protected":false},"excerpt":{"rendered":"<p>MedClinics Health Turizm ve Ticaret A.\u015e. Bereketzade Mah. Bankalar Cad.Nazl\u0131 Han, No:26, D\/Kat:2Beyo\u011flu\/\u0130stanbul Enregistrement de l&rsquo;entreprise 0614175922800001 T\u00dcRSAB (Association officielle [&hellip;]<\/p>\n","protected":false},"author":4,"featured_media":178950,"parent":0,"menu_order":0,"comment_status":"closed","ping_status":"closed","template":"","meta":{"site-sidebar-layout":"default","site-content-layout":"","ast-site-content-layout":"default","site-content-style":"default","site-sidebar-style":"default","ast-global-header-display":"","ast-banner-title-visibility":"","ast-main-header-display":"","ast-hfb-above-header-display":"","ast-hfb-below-header-display":"","ast-hfb-mobile-header-display":"","site-post-title":"","ast-breadcrumbs-content":"","ast-featured-img":"","footer-sml-layout":"","ast-disable-related-posts":"","theme-transparent-header-meta":"","adv-header-id-meta":"","stick-header-meta":"","header-above-stick-meta":"","header-main-stick-meta":"","header-below-stick-meta":"","astra-migrate-meta-layouts":"default","ast-page-background-enabled":"default","ast-page-background-meta":{"desktop":{"background-color":"var(--ast-global-color-4)","background-image":"","background-repeat":"repeat","background-position":"center center","background-size":"auto","background-attachment":"scroll","background-type":"","background-media":"","overlay-type":"","overlay-color":"","overlay-opacity":"","overlay-gradient":""},"tablet":{"background-color":"","background-image":"","background-repeat":"repeat","background-position":"center center","background-size":"auto","background-attachment":"scroll","background-type":"","background-media":"","overlay-type":"","overlay-color":"","overlay-opacity":"","overlay-gradient":""},"mobile":{"background-color":"","background-image":"","background-repeat":"repeat","background-position":"center center","background-size":"auto","background-attachment":"scroll","background-type":"","background-media":"","overlay-type":"","overlay-color":"","overlay-opacity":"","overlay-gradient":""}},"ast-content-background-meta":{"desktop":{"background-color":"var(--ast-global-color-5)","background-image":"","background-repeat":"repeat","background-position":"center center","background-size":"auto","background-attachment":"scroll","background-type":"","background-media":"","overlay-type":"","overlay-color":"","overlay-opacity":"","overlay-gradient":""},"tablet":{"background-color":"var(--ast-global-color-5)","background-image":"","background-repeat":"repeat","background-position":"center center","background-size":"auto","background-attachment":"scroll","background-type":"","background-media":"","overlay-type":"","overlay-color":"","overlay-opacity":"","overlay-gradient":""},"mobile":{"background-color":"var(--ast-global-color-5)","background-image":"","background-repeat":"repeat","background-position":"center center","background-size":"auto","background-attachment":"scroll","background-type":"","background-media":"","overlay-type":"","overlay-color":"","overlay-opacity":"","overlay-gradient":""}},"footnotes":""},"class_list":["post-148217","page","type-page","status-publish","has-post-thumbnail","hentry"],"_links":{"self":[{"href":"https:\/\/medclinics.com\/fr\/wp-json\/wp\/v2\/pages\/148217","targetHints":{"allow":["GET"]}}],"collection":[{"href":"https:\/\/medclinics.com\/fr\/wp-json\/wp\/v2\/pages"}],"about":[{"href":"https:\/\/medclinics.com\/fr\/wp-json\/wp\/v2\/types\/page"}],"author":[{"embeddable":true,"href":"https:\/\/medclinics.com\/fr\/wp-json\/wp\/v2\/users\/4"}],"replies":[{"embeddable":true,"href":"https:\/\/medclinics.com\/fr\/wp-json\/wp\/v2\/comments?post=148217"}],"version-history":[{"count":0,"href":"https:\/\/medclinics.com\/fr\/wp-json\/wp\/v2\/pages\/148217\/revisions"}],"wp:featuredmedia":[{"embeddable":true,"href":"https:\/\/medclinics.com\/fr\/wp-json\/wp\/v2\/media\/178950"}],"wp:attachment":[{"href":"https:\/\/medclinics.com\/fr\/wp-json\/wp\/v2\/media?parent=148217"}],"curies":[{"name":"wp","href":"https:\/\/api.w.org\/{rel}","templated":true}]}}