{"id":148171,"date":"2023-05-14T10:11:56","date_gmt":"2023-05-14T07:11:56","guid":{"rendered":"https:\/\/medclinics.com\/ballon-gastrique\/"},"modified":"2025-01-02T15:44:50","modified_gmt":"2025-01-02T12:44:50","slug":"ballon-gastrique","status":"publish","type":"page","link":"https:\/\/medclinics.com\/fr\/ballon-gastrique\/","title":{"rendered":"Ballon gastrique"},"content":{"rendered":"\n<h2 class=\"wp-block-heading\">Si vous avez du mal \u00e0 perdre du poids, le ballon gastrique est une bonne option pour vous.<\/h2>\n\n<p>Le <a href=\"https:\/\/en.wikipedia.org\/wiki\/Gastric_balloon\" rel=\"nofollow noopener\" target=\"_blank\">ballon gastrique<\/a> est une m\u00e9thode pour aider \u00e0 perdre du poids. Il s&rsquo;agit d&rsquo;un ballon souple plac\u00e9 temporairement dans l&rsquo;estomac. Un ballon d\u00e9gonfl\u00e9 est plac\u00e9 dans votre estomac par la bouche. Ils sont ensuite remplis d&rsquo;un liquide qui vous donne la sensation d&rsquo;\u00eatre rassasi\u00e9 et de moins manger. Il s&rsquo;agit d&rsquo;une option non chirurgicale pour les personnes qui ont du mal \u00e0 perdre du poids.<\/p>\n\n<p>Apr\u00e8s l&rsquo;intervention, vous pouvez vous sentir mal \u00e0 l&rsquo;aise. La situation s&rsquo;am\u00e9liore g\u00e9n\u00e9ralement au bout de quelques jours. Le ballon gastrique reste dans l&rsquo;estomac pendant six mois. Pendant cette p\u00e9riode, vous devez planifier votre r\u00e9gime alimentaire et votre activit\u00e9 physique. <\/p>\n\n<p>Apr\u00e8s le retrait du ballon, vous continuerez \u00e0 suivre un r\u00e9gime pour maintenir votre perte de poids. Le temps de r\u00e9cup\u00e9ration est g\u00e9n\u00e9ralement rapide. Cependant, le succ\u00e8s \u00e0 long terme de cette m\u00e9thode d\u00e9pend de votre engagement \u00e0 modifier votre mode de vie, m\u00eame apr\u00e8s le retrait du ballon.<\/p>\n\n<ul class=\"wp-block-list\">\n<li>Dur\u00e9e de fonctionnement : 20-30 minutes<\/li>\n\n\n\n<li>S\u00e9jour \u00e0 l&rsquo;h\u00f4pital : quelques heures<\/li>\n\n\n\n<li>Perte de l&rsquo;exc\u00e8s de poids : 40<\/li>\n\n\n\n<li>Pour les personnes dont l&rsquo;IMC se situe entre 27 et 35<\/li>\n\n\n\n<li>Risques possibles : Naus\u00e9es, vomissements, g\u00eane gastrique, d\u00e9gonflement du ballon ou mouvements.<\/li>\n<\/ul>\n\n<h2 class=\"wp-block-heading\">Tout ce que vous devez savoir sur le <a href=\"https:\/\/medclinics.com\/fr\/obesity-treatment\/\" target=\"_blank\" rel=\"noreferrer noopener\">traitement de l&rsquo;ob\u00e9sit\u00e9<\/a> est ici, <a href=\"#requestform\">contactez-nous<\/a>!<\/h2>\n\n<figure class=\"wp-block-image size-full\"><img fetchpriority=\"high\" decoding=\"async\" width=\"960\" height=\"470\" src=\"https:\/\/medclinics.com\/wp-content\/uploads\/2023\/08\/gastric-balloon-in-istanbul-turkey.jpg\" alt=\"Ballon gastrique &#xE0; Istanbul Turquie\" class=\"wp-image-105052\" srcset=\"https:\/\/medclinics.com\/wp-content\/uploads\/2023\/08\/gastric-balloon-in-istanbul-turkey.jpg 960w, https:\/\/medclinics.com\/wp-content\/uploads\/2023\/08\/gastric-balloon-in-istanbul-turkey-500x245.jpg 500w, https:\/\/medclinics.com\/wp-content\/uploads\/2023\/08\/gastric-balloon-in-istanbul-turkey-768x376.jpg 768w, https:\/\/medclinics.com\/wp-content\/uploads\/2023\/08\/gastric-balloon-in-istanbul-turkey-24x12.jpg 24w, https:\/\/medclinics.com\/wp-content\/uploads\/2023\/08\/gastric-balloon-in-istanbul-turkey-36x18.jpg 36w, https:\/\/medclinics.com\/wp-content\/uploads\/2023\/08\/gastric-balloon-in-istanbul-turkey-48x24.jpg 48w\" sizes=\"(max-width: 960px) 100vw, 960px\" \/><\/figure>\n\n<h2 class=\"wp-block-heading\">FAQ<\/h2>\n<div id=\"rank-math-faq\" class=\"rank-math-block\">\n<div class=\"rank-math-list \">\n<div id=\"faq-question-1684914609944\" class=\"rank-math-list-item\">\n<h3 class=\"rank-math-question \">Qu&rsquo;est-ce que le ballon gastrique ?<\/h3>\n<div class=\"rank-math-answer \">\n\n<p>Le ballon gastrique est une m\u00e9thode non chirurgicale \u00e0 court terme pour perdre du poids. Dans cette proc\u00e9dure, un ballon en silicone d\u00e9gonfl\u00e9 est ins\u00e9r\u00e9 dans l&rsquo;estomac. En le gonflant avec une solution saline, le ballon g\u00e9n\u00e8re une sensation de sati\u00e9t\u00e9, limitant ainsi la consommation de nourriture. Apr\u00e8s environ six mois, le ballon est retir\u00e9. Cette approche permet de mieux contr\u00f4ler les portions et de donner un coup de fouet \u00e0 la perte de poids, mais elle est d&rsquo;autant plus efficace qu&rsquo;elle s&rsquo;accompagne d&rsquo;une adaptation du mode de vie. Bien que g\u00e9n\u00e9ralement sans danger, il existe des risques potentiels, notamment des naus\u00e9es, des maux d&rsquo;estomac et des complications peu courantes.<\/p>\n\n<\/div>\n<\/div>\n<div id=\"faq-question-1684914356701\" class=\"rank-math-list-item\">\n<h3 class=\"rank-math-question \">Le ballon gastrique est-il s\u00fbr ?<\/h3>\n<div class=\"rank-math-answer \">\n\n<p>Bien que les proc\u00e9dures de ballon gastrique soient g\u00e9n\u00e9ralement consid\u00e9r\u00e9es comme s\u00fbres, il est essentiel de reconna\u00eetre les risques potentiels. Non chirurgicales et peu invasives, elles pr\u00e9sentent moins de risques que les chirurgies traditionnelles. Cependant, il reste des probl\u00e8mes possibles, notamment des naus\u00e9es, des vomissements, une g\u00eane gastrique, des ulc\u00e8res, un d\u00e9gonflement ou une rupture du ballonnet, ainsi que des cas peu fr\u00e9quents comme un blocage ou une perforation. En tant que MedClinics, nous sommes l\u00e0 pour trouver le meilleur chirurgien et minimiser ces risques potentiels. Vous pouvez nous contacter \u00e0 tout moment.<\/p>\n\n<\/div>\n<\/div>\n<div id=\"faq-question-1684914339229\" class=\"rank-math-list-item\">\n<h3 class=\"rank-math-question \">Le ballon gastrique en vaut-il la peine ?<\/h3>\n<div class=\"rank-math-answer \">\n\n<p>Oui, cela en vaut la peine. Il s&rsquo;agit d&rsquo;une m\u00e9thode non chirurgicale qui pr\u00e9sente moins de risques et permet un r\u00e9tablissement plus rapide que les interventions chirurgicales. Cependant, son efficacit\u00e9 d\u00e9pend de l&rsquo;adoption de changements durables dans le mode de vie, puisqu&rsquo;il s&rsquo;agit d&rsquo;un outil d&rsquo;aide \u00e0 la perte de poids. Il est important de noter que le ballon est temporaire et qu&rsquo;il doit \u00eatre retir\u00e9 au bout de six mois environ. L&rsquo;\u00e9valuation de l&rsquo;engagement \u00e0 changer de mode de vie, des b\u00e9n\u00e9fices potentiels et des co\u00fbts associ\u00e9s est essentielle pour mesurer la valeur de ce traitement.<\/p>\n\n<\/div>\n<\/div>\n<div id=\"faq-question-1684914702520\" class=\"rank-math-list-item\">\n<h3 class=\"rank-math-question \">Le ballon gastrique est-il efficace ?<\/h3>\n<div class=\"rank-math-answer \">\n\n<p>Oui, les ballons gastriques peuvent \u00eatre efficaces pour perdre du poids. Ils constituent une solution \u00e0 court terme qui aide les personnes \u00e0 entamer leur parcours de perte de poids. En provoquant la sati\u00e9t\u00e9 et en favorisant le contr\u00f4le des portions, ces ballons aident \u00e0 r\u00e9duire l&rsquo;apport calorique et \u00e0 r\u00e9aliser une perte de poids substantielle tout au long de leur dur\u00e9e de vie.<\/p>\n\n<\/div>\n<\/div>\n<\/div>\n<\/div>\n<p>\u00a0<\/p>\n\n<h3 class=\"wp-block-heading\">Contactez-nous d\u00e8s maintenant si vous avez des questions !<\/h3>\n","protected":false},"excerpt":{"rendered":"<p>Ballon gastrique \u00e0 Istanbul en Turquie<\/p>\n","protected":false},"author":4,"featured_media":105045,"parent":0,"menu_order":0,"comment_status":"closed","ping_status":"closed","template":"","meta":{"site-sidebar-layout":"default","site-content-layout":"","ast-site-content-layout":"default","site-content-style":"default","site-sidebar-style":"default","ast-global-header-display":"","ast-banner-title-visibility":"","ast-main-header-display":"","ast-hfb-above-header-display":"","ast-hfb-below-header-display":"","ast-hfb-mobile-header-display":"","site-post-title":"","ast-breadcrumbs-content":"","ast-featured-img":"","footer-sml-layout":"","ast-disable-related-posts":"","theme-transparent-header-meta":"","adv-header-id-meta":"","stick-header-meta":"","header-above-stick-meta":"","header-main-stick-meta":"","header-below-stick-meta":"","astra-migrate-meta-layouts":"default","ast-page-background-enabled":"default","ast-page-background-meta":{"desktop":{"background-color":"var(--ast-global-color-4)","background-image":"","background-repeat":"repeat","background-position":"center center","background-size":"auto","background-attachment":"scroll","background-type":"","background-media":"","overlay-type":"","overlay-color":"","overlay-opacity":"","overlay-gradient":""},"tablet":{"background-color":"","background-image":"","background-repeat":"repeat","background-position":"center center","background-size":"auto","background-attachment":"scroll","background-type":"","background-media":"","overlay-type":"","overlay-color":"","overlay-opacity":"","overlay-gradient":""},"mobile":{"background-color":"","background-image":"","background-repeat":"repeat","background-position":"center center","background-size":"auto","background-attachment":"scroll","background-type":"","background-media":"","overlay-type":"","overlay-color":"","overlay-opacity":"","overlay-gradient":""}},"ast-content-background-meta":{"desktop":{"background-color":"var(--ast-global-color-5)","background-image":"","background-repeat":"repeat","background-position":"center center","background-size":"auto","background-attachment":"scroll","background-type":"","background-media":"","overlay-type":"","overlay-color":"","overlay-opacity":"","overlay-gradient":""},"tablet":{"background-color":"var(--ast-global-color-5)","background-image":"","background-repeat":"repeat","background-position":"center center","background-size":"auto","background-attachment":"scroll","background-type":"","background-media":"","overlay-type":"","overlay-color":"","overlay-opacity":"","overlay-gradient":""},"mobile":{"background-color":"var(--ast-global-color-5)","background-image":"","background-repeat":"repeat","background-position":"center center","background-size":"auto","background-attachment":"scroll","background-type":"","background-media":"","overlay-type":"","overlay-color":"","overlay-opacity":"","overlay-gradient":""}},"footnotes":""},"class_list":["post-148171","page","type-page","status-publish","has-post-thumbnail","hentry"],"_links":{"self":[{"href":"https:\/\/medclinics.com\/fr\/wp-json\/wp\/v2\/pages\/148171","targetHints":{"allow":["GET"]}}],"collection":[{"href":"https:\/\/medclinics.com\/fr\/wp-json\/wp\/v2\/pages"}],"about":[{"href":"https:\/\/medclinics.com\/fr\/wp-json\/wp\/v2\/types\/page"}],"author":[{"embeddable":true,"href":"https:\/\/medclinics.com\/fr\/wp-json\/wp\/v2\/users\/4"}],"replies":[{"embeddable":true,"href":"https:\/\/medclinics.com\/fr\/wp-json\/wp\/v2\/comments?post=148171"}],"version-history":[{"count":0,"href":"https:\/\/medclinics.com\/fr\/wp-json\/wp\/v2\/pages\/148171\/revisions"}],"wp:featuredmedia":[{"embeddable":true,"href":"https:\/\/medclinics.com\/fr\/wp-json\/wp\/v2\/media\/105045"}],"wp:attachment":[{"href":"https:\/\/medclinics.com\/fr\/wp-json\/wp\/v2\/media?parent=148171"}],"curies":[{"name":"wp","href":"https:\/\/api.w.org\/{rel}","templated":true}]}}