{"id":148030,"date":"2023-05-25T14:40:24","date_gmt":"2023-05-25T11:40:24","guid":{"rendered":"https:\/\/medclinics.com\/greffe-de-sourcils\/"},"modified":"2024-12-29T00:48:07","modified_gmt":"2024-12-28T21:48:07","slug":"greffe-de-sourcils","status":"publish","type":"page","link":"https:\/\/medclinics.com\/fr\/greffe-de-sourcils\/","title":{"rendered":"Greffe de sourcils"},"content":{"rendered":"\n<h2 class=\"wp-block-heading\">Si vous cherchez un moyen d&rsquo;obtenir des sourcils plus fournis et mieux d\u00e9finis, la greffe de sourcils peut \u00eatre la solution id\u00e9ale.<\/h2>\n\n<p>La <a href=\"https:\/\/en.wikipedia.org\/wiki\/Eyebrow_restoration\" target=\"_blank\" rel=\"noreferrer noopener\">greffe de sourcils<\/a> est une intervention chirurgicale qui permet de restaurer ou d&rsquo;am\u00e9liorer des sourcils clairsem\u00e9s ou perdus en transplantant des follicules pileux du cuir chevelu vers les sourcils. Il permet de cr\u00e9er des sourcils naturels et esth\u00e9tiques \u00e0 l&rsquo;aide d&rsquo;implants de follicules individuels.<\/p>\n\n<p>Elle implique la transplantation de follicules pileux d&rsquo;une zone donneuse, g\u00e9n\u00e9ralement l&rsquo;arri\u00e8re du cuir chevelu, vers les sourcils. L&rsquo;intervention est r\u00e9alis\u00e9e sous anesth\u00e9sie locale et le chirurgien implante m\u00e9ticuleusement des follicules pileux individuels dans la zone des sourcils afin de cr\u00e9er une forme et une densit\u00e9 de sourcils naturelles et esth\u00e9tiques.<\/p>\n\n<p>Cette solution durable aide les personnes \u00e0 obtenir des sourcils plus fournis et d\u00e9finis qui compl\u00e8tent les traits de leur visage. Les sourcils de vos r\u00eaves sont \u00e0 port\u00e9e de main, alors pr\u00e9parez-vous \u00e0 briller et \u00e0 entrer dans un monde de possibilit\u00e9s infinies.<\/p>\n\n<p>Tout ce que vous devez savoir sur la <a href=\"https:\/\/medclinics.com\/fr\/greffe-de-cheveux\/\" target=\"_blank\" rel=\"noreferrer noopener\">greffe de cheveux<\/a>, y compris le prix et plus encore, ou <a href=\"#requestform\">contactez-nous<\/a>!<\/p>\n\n<figure class=\"wp-block-image size-full\"><img fetchpriority=\"high\" decoding=\"async\" width=\"960\" height=\"540\" class=\"wp-image-98354\" src=\"https:\/\/medclinics.com\/wp-content\/uploads\/2023\/07\/eyebrow-transplant-near-me.jpg\" alt=\"Transplantation de sourcils pr&#xE8;s de chez moi\" srcset=\"https:\/\/medclinics.com\/wp-content\/uploads\/2023\/07\/eyebrow-transplant-near-me.jpg 960w, https:\/\/medclinics.com\/wp-content\/uploads\/2023\/07\/eyebrow-transplant-near-me-500x281.jpg 500w, https:\/\/medclinics.com\/wp-content\/uploads\/2023\/07\/eyebrow-transplant-near-me-768x432.jpg 768w, https:\/\/medclinics.com\/wp-content\/uploads\/2023\/07\/eyebrow-transplant-near-me-24x14.jpg 24w, https:\/\/medclinics.com\/wp-content\/uploads\/2023\/07\/eyebrow-transplant-near-me-36x20.jpg 36w, https:\/\/medclinics.com\/wp-content\/uploads\/2023\/07\/eyebrow-transplant-near-me-48x27.jpg 48w\" sizes=\"(max-width: 960px) 100vw, 960px\" \/><\/figure>\n\n<h2 class=\"wp-block-heading\">FAQ<\/h2>\n<div id=\"rank-math-faq\" class=\"rank-math-block\">\n<div class=\"rank-math-list \">\n<div id=\"faq-question-1685025181085\" class=\"rank-math-list-item\">\n<h3 class=\"rank-math-question \">La greffe de sourcils en vaut-elle la peine ?<\/h3>\n<div class=\"rank-math-answer \">\n\n<p>Oui, cette greffe est g\u00e9n\u00e9ralement consid\u00e9r\u00e9e comme rentable pour les personnes qui cherchent \u00e0 am\u00e9liorer leurs sourcils. L&rsquo;intervention peut am\u00e9liorer consid\u00e9rablement l&rsquo;apparence des sourcils fins ou clairsem\u00e9s, renforcer la confiance en soi et donner des r\u00e9sultats durables avec un minimum d&rsquo;entretien.<\/p>\n\n<\/div>\n<\/div>\n<div id=\"faq-question-1685025310528\" class=\"rank-math-list-item\">\n<h3 class=\"rank-math-question \">Quelle est la dur\u00e9e d&rsquo;une greffe de sourcils ?<\/h3>\n<div class=\"rank-math-answer \">\n\n<p>La greffe de sourcils donne g\u00e9n\u00e9ralement des r\u00e9sultats durables. Les follicules pileux transplant\u00e9s sont pr\u00e9lev\u00e9s sur une zone donneuse g\u00e9n\u00e9tiquement r\u00e9sistante \u00e0 la perte de cheveux, comme l&rsquo;arri\u00e8re du cuir chevelu. Ces follicules conservent leurs caract\u00e9ristiques m\u00eame apr\u00e8s la transplantation, ce qui entra\u00eene une croissance permanente des cheveux dans la zone des sourcils. Une fois que les follicules pileux transplant\u00e9s ont pris racine avec succ\u00e8s, ils continueront \u00e0 pousser et n\u00e9cessiteront une coupe et un entretien r\u00e9guliers, comme les sourcils naturels.<\/p>\n\n<\/div>\n<\/div>\n<div id=\"faq-question-1685025312374\" class=\"rank-math-list-item\">\n<h3 class=\"rank-math-question \">La greffe de sourcils est-elle permanente ?<\/h3>\n<div class=\"rank-math-answer \">\n\n<p>Oui, ils sont consid\u00e9r\u00e9s comme une solution permanente pour la restauration des sourcils.<\/p>\n\n<\/div>\n<\/div>\n<div id=\"faq-question-1685025313463\" class=\"rank-math-list-item\">\n<h3 class=\"rank-math-question \">La greffe de sourcils est-elle s\u00fbre ?<\/h3>\n<div class=\"rank-math-answer \">\n\n<p>Oui, cette proc\u00e9dure est g\u00e9n\u00e9ralement consid\u00e9r\u00e9e comme s\u00fbre lorsqu&rsquo;elle est pratiqu\u00e9e par des chirurgiens qualifi\u00e9s et exp\u00e9riment\u00e9s.<\/p>\n\n<\/div>\n<\/div>\n<\/div>\n<\/div>\n<p>\u00a0<\/p>\n\n<h3 class=\"wp-block-heading\">Contactez-nous d\u00e8s maintenant si vous avez des questions !<\/h3>\n","protected":false},"excerpt":{"rendered":"<p>Si vous cherchez un moyen d&rsquo;obtenir des sourcils plus fournis et mieux d\u00e9finis, la greffe de sourcils peut \u00eatre la [&hellip;]<\/p>\n","protected":false},"author":4,"featured_media":92477,"parent":0,"menu_order":0,"comment_status":"closed","ping_status":"closed","template":"","meta":{"site-sidebar-layout":"default","site-content-layout":"","ast-site-content-layout":"default","site-content-style":"default","site-sidebar-style":"default","ast-global-header-display":"","ast-banner-title-visibility":"","ast-main-header-display":"","ast-hfb-above-header-display":"","ast-hfb-below-header-display":"","ast-hfb-mobile-header-display":"","site-post-title":"","ast-breadcrumbs-content":"","ast-featured-img":"","footer-sml-layout":"","ast-disable-related-posts":"","theme-transparent-header-meta":"","adv-header-id-meta":"","stick-header-meta":"","header-above-stick-meta":"","header-main-stick-meta":"","header-below-stick-meta":"","astra-migrate-meta-layouts":"default","ast-page-background-enabled":"default","ast-page-background-meta":{"desktop":{"background-color":"var(--ast-global-color-4)","background-image":"","background-repeat":"repeat","background-position":"center center","background-size":"auto","background-attachment":"scroll","background-type":"","background-media":"","overlay-type":"","overlay-color":"","overlay-opacity":"","overlay-gradient":""},"tablet":{"background-color":"","background-image":"","background-repeat":"repeat","background-position":"center center","background-size":"auto","background-attachment":"scroll","background-type":"","background-media":"","overlay-type":"","overlay-color":"","overlay-opacity":"","overlay-gradient":""},"mobile":{"background-color":"","background-image":"","background-repeat":"repeat","background-position":"center center","background-size":"auto","background-attachment":"scroll","background-type":"","background-media":"","overlay-type":"","overlay-color":"","overlay-opacity":"","overlay-gradient":""}},"ast-content-background-meta":{"desktop":{"background-color":"var(--ast-global-color-5)","background-image":"","background-repeat":"repeat","background-position":"center center","background-size":"auto","background-attachment":"scroll","background-type":"","background-media":"","overlay-type":"","overlay-color":"","overlay-opacity":"","overlay-gradient":""},"tablet":{"background-color":"var(--ast-global-color-5)","background-image":"","background-repeat":"repeat","background-position":"center center","background-size":"auto","background-attachment":"scroll","background-type":"","background-media":"","overlay-type":"","overlay-color":"","overlay-opacity":"","overlay-gradient":""},"mobile":{"background-color":"var(--ast-global-color-5)","background-image":"","background-repeat":"repeat","background-position":"center center","background-size":"auto","background-attachment":"scroll","background-type":"","background-media":"","overlay-type":"","overlay-color":"","overlay-opacity":"","overlay-gradient":""}},"footnotes":""},"class_list":["post-148030","page","type-page","status-publish","has-post-thumbnail","hentry"],"_links":{"self":[{"href":"https:\/\/medclinics.com\/fr\/wp-json\/wp\/v2\/pages\/148030","targetHints":{"allow":["GET"]}}],"collection":[{"href":"https:\/\/medclinics.com\/fr\/wp-json\/wp\/v2\/pages"}],"about":[{"href":"https:\/\/medclinics.com\/fr\/wp-json\/wp\/v2\/types\/page"}],"author":[{"embeddable":true,"href":"https:\/\/medclinics.com\/fr\/wp-json\/wp\/v2\/users\/4"}],"replies":[{"embeddable":true,"href":"https:\/\/medclinics.com\/fr\/wp-json\/wp\/v2\/comments?post=148030"}],"version-history":[{"count":0,"href":"https:\/\/medclinics.com\/fr\/wp-json\/wp\/v2\/pages\/148030\/revisions"}],"wp:featuredmedia":[{"embeddable":true,"href":"https:\/\/medclinics.com\/fr\/wp-json\/wp\/v2\/media\/92477"}],"wp:attachment":[{"href":"https:\/\/medclinics.com\/fr\/wp-json\/wp\/v2\/media?parent=148030"}],"curies":[{"name":"wp","href":"https:\/\/api.w.org\/{rel}","templated":true}]}}