{"id":148024,"date":"2023-05-25T14:18:08","date_gmt":"2023-05-25T11:18:08","guid":{"rendered":"https:\/\/medclinics.com\/chirurgie-capillaire-robotisee\/"},"modified":"2025-01-25T00:37:55","modified_gmt":"2025-01-24T21:37:55","slug":"chirurgie-capillaire-robotisee","status":"publish","type":"page","link":"https:\/\/medclinics.com\/fr\/chirurgie-capillaire-robotisee\/","title":{"rendered":"Chirurgie capillaire robotis\u00e9e"},"content":{"rendered":"\n<h2 class=\"wp-block-heading\">Si vous \u00eates \u00e0 la recherche d&rsquo;un moyen d&rsquo;obtenir une chevelure plus abondante et plus vivante, la chirurgie capillaire robotis\u00e9e pourrait \u00eatre l&rsquo;occasion id\u00e9ale pour vous.<\/h2>\n\n<p>La chirurgie capillaire robotis\u00e9e est une proc\u00e9dure avanc\u00e9e de <a href=\"https:\/\/en.wikipedia.org\/wiki\/Hair_transplantation\" target=\"_blank\" rel=\"noreferrer noopener\">restauration capillaire<\/a> qui utilise des syst\u00e8mes robotiques, l&rsquo;intelligence artificielle et la technologie de l&rsquo;imagerie.  <\/p>\n\n<p>Il permet une extraction et une transplantation pr\u00e9cises de follicules pileux individuels, ce qui se traduit par une croissance des cheveux d&rsquo;apparence naturelle. Avec une cicatrisation minimale et des temps de r\u00e9cup\u00e9ration plus rapides, il fournit des plans de traitement personnalis\u00e9s pour une restauration capillaire efficace.<\/p>\n\n<p>Le syst\u00e8me robotique utilise un petit appareil portable \u00e9quip\u00e9 de bras robotiques et de capteurs sp\u00e9cialement con\u00e7us pour effectuer le processus d&rsquo;extraction. Il navigue avec pr\u00e9caution dans la zone donneuse, identifiant s\u00e9lectivement les follicules pileux sains \u00e0 transplanter.  <\/p>\n\n<p>La pr\u00e9cision du syst\u00e8me robotique minimise le risque d&rsquo;endommager les tissus environnants et assure une pr\u00e9servation optimale des greffons.<\/p>\n\n<p>Une fois la phase d&rsquo;extraction termin\u00e9e, le chirurgien cr\u00e9e de minuscules sites receveurs dans les zones du cuir chevelu o\u00f9 la restauration capillaire est souhait\u00e9e. Le syst\u00e8me robotique peut \u00e9galement contribuer \u00e0 ce processus, en garantissant une mise en place coh\u00e9rente et pr\u00e9cise des sites receveurs.  <\/p>\n\n<p>Enfin, les follicules pileux extraits sont m\u00e9ticuleusement transplant\u00e9s dans les sites receveurs, ce qui permet d&rsquo;obtenir une repousse de cheveux d&rsquo;apparence naturelle qui se fond parfaitement dans la chevelure existante.<\/p>\n\n<h3 class=\"wp-block-heading\">Tout ce que vous devez savoir sur la <a href=\"https:\/\/medclinics.com\/fr\/greffe-de-cheveux\/\" target=\"_blank\" rel=\"noreferrer noopener\">greffe de cheveux<\/a>, y compris le prix, les soins et le processus de gu\u00e9rison, ou <a href=\"#requestform\">contactez-nous<\/a>!<\/h3>\n\n<h2 class=\"wp-block-heading\">FAQ  <\/h2>\n<div id=\"rank-math-faq\" class=\"rank-math-block\">\n<div class=\"rank-math-list \">\n<div id=\"faq-question-1685024108686\" class=\"rank-math-list-item\">\n<h3 class=\"rank-math-question \">Qu&rsquo;est-ce que la greffe de cheveux robotis\u00e9e ?<\/h3>\n<div class=\"rank-math-answer \">\n\n<p>La greffe de cheveux robotis\u00e9e est une proc\u00e9dure chirurgicale avanc\u00e9e qui utilise des syst\u00e8mes robotiques et l&rsquo;intelligence artificielle pour extraire et transplanter des follicules pileux individuels. Il offre une pr\u00e9cision, une invasivit\u00e9 minimale et des plans de traitement personnalis\u00e9s pour une restauration capillaire efficace.<\/p>\n\n<\/div>\n<\/div>\n<div id=\"faq-question-1685023671602\" class=\"rank-math-list-item\">\n<h3 class=\"rank-math-question \">La greffe de cheveux robotis\u00e9e est-elle douloureuse ?<\/h3>\n<div class=\"rank-math-answer \">\n\n<p>Les proc\u00e9dures de chirurgie capillaire robotis\u00e9e sont g\u00e9n\u00e9ralement consid\u00e9r\u00e9es comme peu douloureuses. Une anesth\u00e9sie locale est pratiqu\u00e9e pour endormir le cuir chevelu, ce qui garantit le confort de l&rsquo;op\u00e9ration. Les patients peuvent ressentir une l\u00e9g\u00e8re g\u00eane ou une douleur apr\u00e8s l&rsquo;intervention, mais celle-ci peut g\u00e9n\u00e9ralement \u00eatre trait\u00e9e avec des m\u00e9dicaments anti-douleur en vente libre. La nature peu invasive de la chirurgie capillaire robotis\u00e9e contribue \u00e9galement \u00e0 un temps de r\u00e9cup\u00e9ration plus rapide et \u00e0 une g\u00eane postop\u00e9ratoire moindre par rapport aux techniques traditionnelles de greffe de cheveux.<\/p>\n\n<\/div>\n<\/div>\n<div id=\"faq-question-1685023794838\" class=\"rank-math-list-item\">\n<h3 class=\"rank-math-question \">La greffe de cheveux robotis\u00e9e fonctionne-t-elle ?<\/h3>\n<div class=\"rank-math-answer \">\n\n<p>Oui, la greffe de cheveux robotis\u00e9e est une m\u00e9thode efficace et \u00e9prouv\u00e9e de restauration capillaire. Le syst\u00e8me robotique utilis\u00e9 pour ces proc\u00e9dures offre plusieurs avantages qui contribuent \u00e0 la r\u00e9ussite des interventions. La pr\u00e9cision et l&rsquo;exactitude du syst\u00e8me robotique garantissent l&rsquo;extraction et la mise en place minutieuses des follicules pileux, ce qui permet d&rsquo;obtenir une croissance des cheveux d&rsquo;apparence naturelle. La technologie d&rsquo;imagerie avanc\u00e9e permet d&rsquo;\u00e9laborer des plans de traitement personnalis\u00e9s, adapt\u00e9s aux caract\u00e9ristiques capillaires uniques de chaque individu, ce qui am\u00e9liore encore l&rsquo;efficacit\u00e9 de la proc\u00e9dure.<\/p>\n\n<\/div>\n<\/div>\n<div id=\"faq-question-1685023801188\" class=\"rank-math-list-item\">\n<h3 class=\"rank-math-question \">La greffe de cheveux robotis\u00e9e est-elle meilleure ?<\/h3>\n<div class=\"rank-math-answer \">\n\n<p>La chirurgie capillaire robotis\u00e9e est un choix privil\u00e9gi\u00e9 pour la restauration capillaire en raison de sa pr\u00e9cision, de son caract\u00e8re peu invasif et de ses options de traitement personnalis\u00e9es. La technologie avanc\u00e9e garantit une extraction et un placement pr\u00e9cis des follicules pileux, ce qui permet d&rsquo;obtenir des r\u00e9sultats d&rsquo;apparence naturelle. Avec une cicatrisation r\u00e9duite et une r\u00e9cup\u00e9ration plus rapide, la greffe de cheveux robotis\u00e9e offre une solution fiable et efficace pour ceux qui recherchent une restauration capillaire efficace.<\/p>\n\n<\/div>\n<\/div>\n<\/div>\n<\/div>\n<p><\/p>\n\n<h3 class=\"wp-block-heading\">Contactez-nous d\u00e8s maintenant si vous avez des questions !<\/h3>\n","protected":false},"excerpt":{"rendered":"<p>Si vous \u00eates \u00e0 la recherche d&rsquo;un moyen d&rsquo;obtenir une chevelure plus abondante et plus vivante, la chirurgie capillaire robotis\u00e9e [&hellip;]<\/p>\n","protected":false},"author":4,"featured_media":104958,"parent":0,"menu_order":0,"comment_status":"closed","ping_status":"closed","template":"","meta":{"site-sidebar-layout":"default","site-content-layout":"","ast-site-content-layout":"default","site-content-style":"default","site-sidebar-style":"default","ast-global-header-display":"","ast-banner-title-visibility":"","ast-main-header-display":"","ast-hfb-above-header-display":"","ast-hfb-below-header-display":"","ast-hfb-mobile-header-display":"","site-post-title":"","ast-breadcrumbs-content":"","ast-featured-img":"","footer-sml-layout":"","ast-disable-related-posts":"","theme-transparent-header-meta":"","adv-header-id-meta":"","stick-header-meta":"","header-above-stick-meta":"","header-main-stick-meta":"","header-below-stick-meta":"","astra-migrate-meta-layouts":"default","ast-page-background-enabled":"default","ast-page-background-meta":{"desktop":{"background-color":"var(--ast-global-color-4)","background-image":"","background-repeat":"repeat","background-position":"center center","background-size":"auto","background-attachment":"scroll","background-type":"","background-media":"","overlay-type":"","overlay-color":"","overlay-opacity":"","overlay-gradient":""},"tablet":{"background-color":"","background-image":"","background-repeat":"repeat","background-position":"center center","background-size":"auto","background-attachment":"scroll","background-type":"","background-media":"","overlay-type":"","overlay-color":"","overlay-opacity":"","overlay-gradient":""},"mobile":{"background-color":"","background-image":"","background-repeat":"repeat","background-position":"center center","background-size":"auto","background-attachment":"scroll","background-type":"","background-media":"","overlay-type":"","overlay-color":"","overlay-opacity":"","overlay-gradient":""}},"ast-content-background-meta":{"desktop":{"background-color":"var(--ast-global-color-5)","background-image":"","background-repeat":"repeat","background-position":"center center","background-size":"auto","background-attachment":"scroll","background-type":"","background-media":"","overlay-type":"","overlay-color":"","overlay-opacity":"","overlay-gradient":""},"tablet":{"background-color":"var(--ast-global-color-5)","background-image":"","background-repeat":"repeat","background-position":"center center","background-size":"auto","background-attachment":"scroll","background-type":"","background-media":"","overlay-type":"","overlay-color":"","overlay-opacity":"","overlay-gradient":""},"mobile":{"background-color":"var(--ast-global-color-5)","background-image":"","background-repeat":"repeat","background-position":"center center","background-size":"auto","background-attachment":"scroll","background-type":"","background-media":"","overlay-type":"","overlay-color":"","overlay-opacity":"","overlay-gradient":""}},"footnotes":""},"class_list":["post-148024","page","type-page","status-publish","has-post-thumbnail","hentry"],"_links":{"self":[{"href":"https:\/\/medclinics.com\/fr\/wp-json\/wp\/v2\/pages\/148024","targetHints":{"allow":["GET"]}}],"collection":[{"href":"https:\/\/medclinics.com\/fr\/wp-json\/wp\/v2\/pages"}],"about":[{"href":"https:\/\/medclinics.com\/fr\/wp-json\/wp\/v2\/types\/page"}],"author":[{"embeddable":true,"href":"https:\/\/medclinics.com\/fr\/wp-json\/wp\/v2\/users\/4"}],"replies":[{"embeddable":true,"href":"https:\/\/medclinics.com\/fr\/wp-json\/wp\/v2\/comments?post=148024"}],"version-history":[{"count":0,"href":"https:\/\/medclinics.com\/fr\/wp-json\/wp\/v2\/pages\/148024\/revisions"}],"wp:featuredmedia":[{"embeddable":true,"href":"https:\/\/medclinics.com\/fr\/wp-json\/wp\/v2\/media\/104958"}],"wp:attachment":[{"href":"https:\/\/medclinics.com\/fr\/wp-json\/wp\/v2\/media?parent=148024"}],"curies":[{"name":"wp","href":"https:\/\/api.w.org\/{rel}","templated":true}]}}