{"id":148012,"date":"2023-05-30T07:43:20","date_gmt":"2023-05-30T07:43:20","guid":{"rendered":"https:\/\/medclinics.com\/produits-de-comblement-nasogeniens\/"},"modified":"2024-04-04T19:21:22","modified_gmt":"2024-04-04T16:21:22","slug":"produits-de-comblement-nasogeniens","status":"publish","type":"page","link":"https:\/\/medclinics.com\/fr\/produits-de-comblement-nasogeniens\/","title":{"rendered":"Produits de comblement nasog\u00e9niens"},"content":{"rendered":"\n<h2 class=\"wp-block-heading\">Vous souhaitez corriger l&rsquo;apparence des sillons nasog\u00e9niens, commun\u00e9ment appel\u00e9s rides du sourire ou rides du rire ? Les produits de comblement nasog\u00e9niens sont peut-\u00eatre ce qu&rsquo;il vous faut !<\/h2>\n\n<p>Ces traitements de <a href=\"https:\/\/en.wikipedia.org\/wiki\/Injectable_filler\" target=\"_blank\" rel=\"noreferrer noopener\">comblement dermique<\/a> sont con\u00e7us pour ajouter du volume et att\u00e9nuer les rides de votre peau. Les produits de comblement \u00e0 base d&rsquo;acide hyaluronique sont le plus souvent utilis\u00e9s \u00e0 cette fin, car il s&rsquo;agit de substances naturelles qui contribuent \u00e0 maintenir l&rsquo;hydratation et l&rsquo;\u00e9lasticit\u00e9.<\/p>\n\n<p>Lors d&rsquo;une s\u00e9ance de traitement avec un professionnel de la sant\u00e9, les zones cibl\u00e9es le long de vos sillons nasog\u00e9niens recevront des injections de ces produits de comblement sp\u00e9ciaux. Le r\u00e9sultat est une peau plus rebondie qui r\u00e9duit la profondeur tout en donnant un aspect g\u00e9n\u00e9ral plus lisse &#8211; parfait si vous voulez obtenir une apparence plus jeune !<\/p>\n\n<p>Mieux encore : le temps d&rsquo;immobilisation apr\u00e8s de telles proc\u00e9dures est au mieux minime ; quelques rougeurs, gonflements ou ecchymoses temporaires peuvent appara\u00eetre, mais ils disparaissent dans les jours qui suivent le traitement.<\/p>\n\n<p>Il est important de noter que les r\u00e9sultats permanents peuvent durer de plusieurs mois \u00e0 plus d&rsquo;un an, en fonction du m\u00e9tabolisme individuel et d&rsquo;autres facteurs tels que le(s) type(s) choisi(s) par les patients eux-m\u00eames lors des s\u00e9ances de consultation pr\u00e9alables (les retouches sont recommand\u00e9es). Alors pourquoi attendre plus longtemps avant de se demander si la ma\u00eetrise de ces lignes de rire g\u00eanantes pourrait faire toute la diff\u00e9rence pour l&rsquo;avenir ?<\/p>\n\n<h3 class=\"wp-block-heading\">Tout ce que vous devez savoir sur les <a href=\"https:\/\/medclinics.com\/fr\/beaute\/\" target=\"_blank\" rel=\"noreferrer noopener\">soins de beaut\u00e9<\/a> est ici, <a href=\"#requestform\">contactez-nous<\/a>!<\/h3>\n\n<h2 class=\"wp-block-heading\">FAQ <\/h2>\n<div id=\"rank-math-faq\" class=\"rank-math-block\">\n<div class=\"rank-math-list \">\n<div id=\"faq-question-1685432338494\" class=\"rank-math-list-item\">\n<h3 class=\"rank-math-question \">Qu&rsquo;est-ce qu&rsquo;un produit de comblement nasog\u00e9nien ?<\/h3>\n<div class=\"rank-math-answer \">\n\n<p>Les produits de comblement nasog\u00e9niens sont des substances injectables utilis\u00e9es pour r\u00e9duire temporairement l&rsquo;apparence des rides et ridules profondes qui se forment du nez aux coins de la bouche, connues sous le nom de sillons nasog\u00e9niens. Ces produits de comblement sont compos\u00e9s de divers mat\u00e9riaux, dont l&rsquo;acide hyaluronique, l&rsquo;hydroxylapatite de calcium ou l&rsquo;acide poly-lactique, qui sont biocompatibles et s\u00fbrs pour un usage cosm\u00e9tique.<\/p>\n\n<\/div>\n<\/div>\n<div id=\"faq-question-1685432333235\" class=\"rank-math-list-item\">\n<h3 class=\"rank-math-question \">Les produits de comblement nasog\u00e9niens sont-ils s\u00fbrs ?<\/h3>\n<div class=\"rank-math-answer \">\n\n<p>Les produits de comblement nasog\u00e9niens sont g\u00e9n\u00e9ralement consid\u00e9r\u00e9s comme s\u00fbrs lorsqu&rsquo;ils sont administr\u00e9s par un professionnel de la sant\u00e9 comp\u00e9tent et exp\u00e9riment\u00e9.<\/p>\n\n<\/div>\n<\/div>\n<div id=\"faq-question-1685432427756\" class=\"rank-math-list-item\">\n<h3 class=\"rank-math-question \">Les produits de comblement nasog\u00e9niens en valent-ils la peine ?<\/h3>\n<div class=\"rank-math-answer \">\n\n<p>La question de savoir si les produits de comblement nasolabial valent la peine pour vous d\u00e9pend de vos objectifs personnels, de vos pr\u00e9f\u00e9rences et de votre situation personnelle.<\/p>\n\n<\/div>\n<\/div>\n<div id=\"faq-question-1685432457969\" class=\"rank-math-list-item\">\n<h3 class=\"rank-math-question \">Les produits de comblement nasog\u00e9niens sont-ils douloureux ?<\/h3>\n<div class=\"rank-math-answer \">\n\n<p>Le niveau d&rsquo;inconfort ressenti lors des injections de produit de comblement nasog\u00e9nien peut varier d&rsquo;une personne \u00e0 l&rsquo;autre. Cependant, la plupart des personnes ne signalent qu&rsquo;une g\u00eane l\u00e9g\u00e8re ou mod\u00e9r\u00e9e pendant la proc\u00e9dure. La douleur est g\u00e9n\u00e9ralement g\u00e9rable et certains praticiens peuvent utiliser des techniques telles que l&rsquo;application d&rsquo;une cr\u00e8me anesth\u00e9siante ou l&rsquo;utilisation de produits de comblement contenant un anesth\u00e9sique local pour minimiser l&rsquo;inconfort.<\/p>\n\n<\/div>\n<\/div>\n<\/div>\n<\/div>\n<p><\/p>\n\n<h3 class=\"wp-block-heading\">Contactez-nous d\u00e8s maintenant si vous avez des questions !<\/h3>\n","protected":false},"excerpt":{"rendered":"<p>Vous souhaitez corriger l&rsquo;apparence des sillons nasog\u00e9niens, commun\u00e9ment appel\u00e9s rides du sourire ou rides du rire ? Les produits de [&hellip;]<\/p>\n","protected":false},"author":4,"featured_media":92771,"parent":0,"menu_order":0,"comment_status":"closed","ping_status":"closed","template":"","meta":{"site-sidebar-layout":"default","site-content-layout":"","ast-site-content-layout":"default","site-content-style":"default","site-sidebar-style":"default","ast-global-header-display":"","ast-banner-title-visibility":"","ast-main-header-display":"","ast-hfb-above-header-display":"","ast-hfb-below-header-display":"","ast-hfb-mobile-header-display":"","site-post-title":"","ast-breadcrumbs-content":"","ast-featured-img":"","footer-sml-layout":"","ast-disable-related-posts":"","theme-transparent-header-meta":"","adv-header-id-meta":"","stick-header-meta":"","header-above-stick-meta":"","header-main-stick-meta":"","header-below-stick-meta":"","astra-migrate-meta-layouts":"default","ast-page-background-enabled":"default","ast-page-background-meta":{"desktop":{"background-color":"var(--ast-global-color-4)","background-image":"","background-repeat":"repeat","background-position":"center center","background-size":"auto","background-attachment":"scroll","background-type":"","background-media":"","overlay-type":"","overlay-color":"","overlay-opacity":"","overlay-gradient":""},"tablet":{"background-color":"","background-image":"","background-repeat":"repeat","background-position":"center center","background-size":"auto","background-attachment":"scroll","background-type":"","background-media":"","overlay-type":"","overlay-color":"","overlay-opacity":"","overlay-gradient":""},"mobile":{"background-color":"","background-image":"","background-repeat":"repeat","background-position":"center center","background-size":"auto","background-attachment":"scroll","background-type":"","background-media":"","overlay-type":"","overlay-color":"","overlay-opacity":"","overlay-gradient":""}},"ast-content-background-meta":{"desktop":{"background-color":"var(--ast-global-color-5)","background-image":"","background-repeat":"repeat","background-position":"center center","background-size":"auto","background-attachment":"scroll","background-type":"","background-media":"","overlay-type":"","overlay-color":"","overlay-opacity":"","overlay-gradient":""},"tablet":{"background-color":"var(--ast-global-color-5)","background-image":"","background-repeat":"repeat","background-position":"center center","background-size":"auto","background-attachment":"scroll","background-type":"","background-media":"","overlay-type":"","overlay-color":"","overlay-opacity":"","overlay-gradient":""},"mobile":{"background-color":"var(--ast-global-color-5)","background-image":"","background-repeat":"repeat","background-position":"center center","background-size":"auto","background-attachment":"scroll","background-type":"","background-media":"","overlay-type":"","overlay-color":"","overlay-opacity":"","overlay-gradient":""}},"footnotes":""},"class_list":["post-148012","page","type-page","status-publish","has-post-thumbnail","hentry"],"_links":{"self":[{"href":"https:\/\/medclinics.com\/fr\/wp-json\/wp\/v2\/pages\/148012","targetHints":{"allow":["GET"]}}],"collection":[{"href":"https:\/\/medclinics.com\/fr\/wp-json\/wp\/v2\/pages"}],"about":[{"href":"https:\/\/medclinics.com\/fr\/wp-json\/wp\/v2\/types\/page"}],"author":[{"embeddable":true,"href":"https:\/\/medclinics.com\/fr\/wp-json\/wp\/v2\/users\/4"}],"replies":[{"embeddable":true,"href":"https:\/\/medclinics.com\/fr\/wp-json\/wp\/v2\/comments?post=148012"}],"version-history":[{"count":0,"href":"https:\/\/medclinics.com\/fr\/wp-json\/wp\/v2\/pages\/148012\/revisions"}],"wp:featuredmedia":[{"embeddable":true,"href":"https:\/\/medclinics.com\/fr\/wp-json\/wp\/v2\/media\/92771"}],"wp:attachment":[{"href":"https:\/\/medclinics.com\/fr\/wp-json\/wp\/v2\/media?parent=148012"}],"curies":[{"name":"wp","href":"https:\/\/api.w.org\/{rel}","templated":true}]}}