{"id":148000,"date":"2023-05-30T07:32:33","date_gmt":"2023-05-30T04:32:33","guid":{"rendered":"https:\/\/medclinics.com\/reduction-de-lestomac-sans-chirurgie\/"},"modified":"2024-04-08T15:14:32","modified_gmt":"2024-04-08T12:14:32","slug":"reduction-de-lestomac-sans-chirurgie","status":"publish","type":"page","link":"https:\/\/medclinics.com\/fr\/reduction-de-lestomac-sans-chirurgie\/","title":{"rendered":"R\u00e9duction de l&rsquo;estomac sans chirurgie"},"content":{"rendered":"\n<h2 class=\"wp-block-heading\">Vous avez du mal \u00e0 perdre du poids en suivant un r\u00e9gime et en faisant de l&rsquo;exercice ? La r\u00e9duction de l&rsquo;estomac sans chirurgie peut \u00eatre la solution pour vous.<\/h2>\n\n<p>Cette proc\u00e9dure peu invasive consiste \u00e0 injecter le relaxant dans la paroi des muscles de l&rsquo;estomac. Il s&rsquo;agit d&rsquo;un endoscope ins\u00e9r\u00e9 dans la bouche.<\/p>\n\n<p>Il agit en immobilisant ces muscles pendant une p\u00e9riode pouvant aller jusqu&rsquo;\u00e0 trois mois. Il ralentit la digestion et procure une sensation de sati\u00e9t\u00e9 plus rapide et plus durable. Vous obtiendrez ainsi une r\u00e9duction de l&rsquo;estomac sans intervention chirurgicale. Vous pouvez envisager cette op\u00e9ration si les changements de mode de vie n&rsquo;ont pas donn\u00e9 de r\u00e9sultats jusqu&rsquo;\u00e0 pr\u00e9sent. <a href=\"https:\/\/en.wikipedia.org\/wiki\/Muscle_relaxant\" target=\"_blank\" rel=\"noreferrer noopener nofollow\">Les relaxants<\/a> musculaires r\u00e9duisent les risques de maladies li\u00e9es \u00e0 l&rsquo;ob\u00e9sit\u00e9 comme la scl\u00e9rose en plaques, l&rsquo;hypertension, le diab\u00e8te, les accidents vasculaires c\u00e9r\u00e9braux, l&rsquo;apn\u00e9e du sommeil et les maladies cardiaques.<\/p>\n\n<p>La r\u00e9cup\u00e9ration est rapide. Une fois la s\u00e9dation termin\u00e9e, vous pouvez vous attendre \u00e0 une diminution de la sensation de faim et \u00e0 une sensation de sati\u00e9t\u00e9 plus rapide dans les 10 jours qui suivent ! C&rsquo;est le choix id\u00e9al pour perdre du poids sans chirurgie.<\/p>\n\n<figure class=\"wp-block-image size-full\"><img fetchpriority=\"high\" decoding=\"async\" width=\"780\" height=\"488\" src=\"https:\/\/medclinics.com\/wp-content\/uploads\/2024\/04\/Stomach-reduction-without-surgery.jpg\" alt=\"R&#xE9;duction de l'estomac sans chirurgie\" class=\"wp-image-161176\" srcset=\"https:\/\/medclinics.com\/wp-content\/uploads\/2024\/04\/Stomach-reduction-without-surgery.jpg 780w, https:\/\/medclinics.com\/wp-content\/uploads\/2024\/04\/Stomach-reduction-without-surgery-300x188.jpg 300w, https:\/\/medclinics.com\/wp-content\/uploads\/2024\/04\/Stomach-reduction-without-surgery-768x480.jpg 768w\" sizes=\"(max-width: 780px) 100vw, 780px\" \/><\/figure>\n\n<h2 class=\"wp-block-heading\">Tout ce que vous devez savoir sur les <a href=\"https:\/\/medclinics.com\/fr\/obesite\/\" data-type=\"page\" data-id=\"144375\">traitements de l&rsquo;ob\u00e9sit\u00e9<\/a>, y compris le prix, les soins et le processus de gu\u00e9rison, ou <a href=\"#requestform\">contactez-nous<\/a>!<\/h2>\n\n<h2 class=\"wp-block-heading\">FAQ<\/h2>\n<div id=\"rank-math-faq\" class=\"rank-math-block\">\n<div class=\"rank-math-list \">\n<div id=\"faq-question-1685431746517\" class=\"rank-math-list-item\">\n<h3 class=\"rank-math-question \">Qu&rsquo;est-ce qu&rsquo;une injection gastrique de myorelaxant ?<\/h3>\n<div class=\"rank-math-answer \">\n\n<p>Les injections gastriques de myorelaxants, \u00e9galement connues sous le nom d&rsquo;injections de neuromodulateurs gastriques ou d&rsquo;injections pyloriques gastriques, sont une proc\u00e9dure m\u00e9dicale utilis\u00e9e pour traiter certaines affections gastro-intestinales, telles que la gastropar\u00e9sie ou les naus\u00e9es et vomissements chroniques r\u00e9fractaires. Ces injections impliquent l&rsquo;administration de m\u00e9dicaments myorelaxants directement dans le pylore, qui est la valve musculaire qui contr\u00f4le le passage des aliments de l&rsquo;estomac \u00e0 l&rsquo;intestin gr\u00eale.<\/p>\n\n<\/div>\n<\/div>\n<div id=\"faq-question-1685431603981\" class=\"rank-math-list-item\">\n<h3 class=\"rank-math-question \">Comment les injections gastriques de myorelaxants sont-elles effectu\u00e9es ?<\/h3>\n<div class=\"rank-math-answer \">\n\n<p>Les injections gastriques de myorelaxants sont une proc\u00e9dure m\u00e9dicale utilis\u00e9e pour traiter les troubles gastro-intestinaux tels que la gastropar\u00e9sie ou l&rsquo;ob\u00e9sit\u00e9.<br \/>La proc\u00e9dure comprend une \u00e9valuation pr\u00e9alable afin de d\u00e9terminer si le patient est apte \u00e0 subir l&rsquo;intervention. Pendant l&rsquo;intervention, le patient est mis sous s\u00e9datif et un endoscope est ins\u00e9r\u00e9 dans l&rsquo;estomac. En utilisant l&rsquo;endoscope comme guide, de petites quantit\u00e9s de relaxant musculaire sont inject\u00e9es dans des zones sp\u00e9cifiques de la paroi de l&rsquo;estomac. <br \/>Le relaxant musculaire paralyse temporairement les muscles de l&rsquo;estomac, r\u00e9duisant les contractions et favorisant la relaxation. Le patient peut donc obtenir une r\u00e9duction de l&rsquo;estomac sans chirurgie. Apr\u00e8s les injections, l&rsquo;endoscope est retir\u00e9 et le patient est surveill\u00e9 bri\u00e8vement avant d&rsquo;\u00eatre autoris\u00e9 \u00e0 rentrer chez lui.<\/p>\n\n<\/div>\n<\/div>\n<\/div>\n<\/div>\n<p>\u00a0<\/p>\n\n<h3 class=\"wp-block-heading\">Contactez-nous d\u00e8s maintenant si vous avez des questions !<\/h3>\n","protected":false},"excerpt":{"rendered":"<p>Vous avez du mal \u00e0 perdre du poids en suivant un r\u00e9gime et en faisant de l&rsquo;exercice ? La r\u00e9duction [&hellip;]<\/p>\n","protected":false},"author":4,"featured_media":92942,"parent":0,"menu_order":0,"comment_status":"closed","ping_status":"closed","template":"","meta":{"site-sidebar-layout":"default","site-content-layout":"","ast-site-content-layout":"default","site-content-style":"default","site-sidebar-style":"default","ast-global-header-display":"","ast-banner-title-visibility":"","ast-main-header-display":"","ast-hfb-above-header-display":"","ast-hfb-below-header-display":"","ast-hfb-mobile-header-display":"","site-post-title":"","ast-breadcrumbs-content":"","ast-featured-img":"","footer-sml-layout":"","ast-disable-related-posts":"","theme-transparent-header-meta":"","adv-header-id-meta":"","stick-header-meta":"","header-above-stick-meta":"","header-main-stick-meta":"","header-below-stick-meta":"","astra-migrate-meta-layouts":"default","ast-page-background-enabled":"default","ast-page-background-meta":{"desktop":{"background-color":"var(--ast-global-color-4)","background-image":"","background-repeat":"repeat","background-position":"center center","background-size":"auto","background-attachment":"scroll","background-type":"","background-media":"","overlay-type":"","overlay-color":"","overlay-opacity":"","overlay-gradient":""},"tablet":{"background-color":"","background-image":"","background-repeat":"repeat","background-position":"center center","background-size":"auto","background-attachment":"scroll","background-type":"","background-media":"","overlay-type":"","overlay-color":"","overlay-opacity":"","overlay-gradient":""},"mobile":{"background-color":"","background-image":"","background-repeat":"repeat","background-position":"center center","background-size":"auto","background-attachment":"scroll","background-type":"","background-media":"","overlay-type":"","overlay-color":"","overlay-opacity":"","overlay-gradient":""}},"ast-content-background-meta":{"desktop":{"background-color":"var(--ast-global-color-5)","background-image":"","background-repeat":"repeat","background-position":"center center","background-size":"auto","background-attachment":"scroll","background-type":"","background-media":"","overlay-type":"","overlay-color":"","overlay-opacity":"","overlay-gradient":""},"tablet":{"background-color":"var(--ast-global-color-5)","background-image":"","background-repeat":"repeat","background-position":"center center","background-size":"auto","background-attachment":"scroll","background-type":"","background-media":"","overlay-type":"","overlay-color":"","overlay-opacity":"","overlay-gradient":""},"mobile":{"background-color":"var(--ast-global-color-5)","background-image":"","background-repeat":"repeat","background-position":"center center","background-size":"auto","background-attachment":"scroll","background-type":"","background-media":"","overlay-type":"","overlay-color":"","overlay-opacity":"","overlay-gradient":""}},"footnotes":""},"class_list":["post-148000","page","type-page","status-publish","has-post-thumbnail","hentry"],"_links":{"self":[{"href":"https:\/\/medclinics.com\/fr\/wp-json\/wp\/v2\/pages\/148000","targetHints":{"allow":["GET"]}}],"collection":[{"href":"https:\/\/medclinics.com\/fr\/wp-json\/wp\/v2\/pages"}],"about":[{"href":"https:\/\/medclinics.com\/fr\/wp-json\/wp\/v2\/types\/page"}],"author":[{"embeddable":true,"href":"https:\/\/medclinics.com\/fr\/wp-json\/wp\/v2\/users\/4"}],"replies":[{"embeddable":true,"href":"https:\/\/medclinics.com\/fr\/wp-json\/wp\/v2\/comments?post=148000"}],"version-history":[{"count":0,"href":"https:\/\/medclinics.com\/fr\/wp-json\/wp\/v2\/pages\/148000\/revisions"}],"wp:featuredmedia":[{"embeddable":true,"href":"https:\/\/medclinics.com\/fr\/wp-json\/wp\/v2\/media\/92942"}],"wp:attachment":[{"href":"https:\/\/medclinics.com\/fr\/wp-json\/wp\/v2\/media?parent=148000"}],"curies":[{"name":"wp","href":"https:\/\/api.w.org\/{rel}","templated":true}]}}