{"id":147976,"date":"2023-05-30T06:34:25","date_gmt":"2023-05-30T03:34:25","guid":{"rendered":"https:\/\/medclinics.com\/amincissement-du-visage\/"},"modified":"2024-04-04T19:19:42","modified_gmt":"2024-04-04T16:19:42","slug":"amincissement-du-visage","status":"publish","type":"page","link":"https:\/\/medclinics.com\/fr\/amincissement-du-visage\/","title":{"rendered":"Amincissement du visage"},"content":{"rendered":"\n<h2 class=\"wp-block-heading\">Vous souhaitez obtenir une apparence faciale plus d\u00e9finie et plus \u00e9quilibr\u00e9e ? Les traitements d&rsquo;amincissement du visage sont la solution id\u00e9ale pour vous !<\/h2>\n\n<p>Ces proc\u00e9dures cosm\u00e9tiques ont \u00e9t\u00e9 sp\u00e9cifiquement con\u00e7ues pour modeler et affiner votre visage, en ciblant des zones telles que la m\u00e2choire, les joues et le double menton. Plusieurs options populaires sont disponibles aujourd&rsquo;hui, notamment l&rsquo;injection de relaxants dans des zones sp\u00e9cifiques des muscles de la m\u00e2choire responsables de la mastication.  <\/p>\n\n<p>Ces traitements peuvent aider \u00e0 d\u00e9tendre temporairement ces muscles, ce qui permet d&rsquo;obtenir un aspect plus mince qui est \u00e0 la fois naturel et efficace pour atteindre les r\u00e9sultats souhait\u00e9s. Alors pourquoi attendre plus longtemps, car il n&rsquo;y a pas de meilleur moment que maintenant pour commencer votre voyage vers la beaut\u00e9 gr\u00e2ce \u00e0 nos services d&rsquo;<a href=\"https:\/\/en.wikipedia.org\/wiki\/Facial_toning\" target=\"_blank\" rel=\"noreferrer noopener\">amincissement du visage de<\/a> qualit\u00e9 sup\u00e9rieure !<\/p>\n\n<h3 class=\"wp-block-heading\">Tout ce que vous devez savoir sur les <a href=\"https:\/\/medclinics.com\/fr\/beaute\/\" target=\"_blank\" rel=\"noreferrer noopener\">soins de beaut\u00e9<\/a>, y compris les prix et plus encore, ou <a href=\"#requestform\">contactez-nous<\/a>!<\/h3>\n\n<h2 class=\"wp-block-heading\">FAQ <\/h2>\n<div id=\"rank-math-faq\" class=\"rank-math-block\">\n<div class=\"rank-math-list \">\n<div id=\"faq-question-1685428095682\" class=\"rank-math-list-item\">\n<h3 class=\"rank-math-question \">Qu&rsquo;est-ce que l&rsquo;amincissement du visage ?<\/h3>\n<div class=\"rank-math-answer \">\n\n<p>L&rsquo;amincissement du visage est le processus qui permet d&rsquo;obtenir une apparence plus mince et plus galb\u00e9e du visage. Elle fait appel \u00e0 diverses techniques et proc\u00e9dures qui ciblent des zones sp\u00e9cifiques du visage afin de r\u00e9duire l&rsquo;exc\u00e8s de graisse, de red\u00e9finir les contours du visage et de cr\u00e9er une apparence plus \u00e9quilibr\u00e9e et proportionnelle. L&rsquo;objectif de l&rsquo;amincissement du visage est g\u00e9n\u00e9ralement de mettre en valeur des caract\u00e9ristiques telles que la m\u00e2choire, les joues et la forme g\u00e9n\u00e9rale du visage, ce qui donne une apparence plus d\u00e9finie et plus sculpt\u00e9e.<\/p>\n\n<\/div>\n<\/div>\n<div id=\"faq-question-1685428033274\" class=\"rank-math-list-item\">\n<h3 class=\"rank-math-question \">Qu&rsquo;est-ce qu&rsquo;une proc\u00e9dure d&rsquo;amaigrissement du visage ?<\/h3>\n<div class=\"rank-math-answer \">\n\n<p>Les proc\u00e9dures d&rsquo;amincissement du visage sont des traitements cosm\u00e9tiques qui visent \u00e0 donner au visage une apparence plus mince et plus galb\u00e9e. Elles comprennent des techniques telles que la r\u00e9duction du menton par Botox, l&rsquo;\u00e9limination de la graisse des joues, la liposuccion du menton, le lifting par fils et le resserrement de la peau par ultrasons ou radiofr\u00e9quence. Ces proc\u00e9dures sont utilis\u00e9es pour r\u00e9duire la largeur de la m\u00e2choire, l&rsquo;ampleur des joues et cr\u00e9er une forme de visage plus d\u00e9finie. Il est pr\u00e9f\u00e9rable de consulter un professionnel qualifi\u00e9 pour d\u00e9terminer la proc\u00e9dure la mieux adapt\u00e9e au r\u00e9sultat souhait\u00e9.<\/p>\n\n<\/div>\n<\/div>\n<div id=\"faq-question-1685428096841\" class=\"rank-math-list-item\">\n<h3 class=\"rank-math-question \">L&rsquo;amincissement du visage en vaut-il la peine ?<\/h3>\n<div class=\"rank-math-answer \">\n\n<p>Cela en vaut vraiment la peine. Cependant, elle est subjective et d\u00e9pend des pr\u00e9f\u00e9rences, des objectifs et des circonstances personnelles de chacun. Il est important d&rsquo;\u00e9valuer soigneusement les avantages, les risques et les co\u00fbts potentiels associ\u00e9s \u00e0 ces proc\u00e9dures avant de prendre une d\u00e9cision.<\/p>\n\n<\/div>\n<\/div>\n<\/div>\n<\/div>\n<p><\/p>\n\n<h3 class=\"wp-block-heading\">Contactez-nous d\u00e8s maintenant si vous avez des questions !<\/h3>\n","protected":false},"excerpt":{"rendered":"<p>Vous souhaitez obtenir une apparence faciale plus d\u00e9finie et plus \u00e9quilibr\u00e9e ? Les traitements d&rsquo;amincissement du visage sont la solution [&hellip;]<\/p>\n","protected":false},"author":4,"featured_media":92794,"parent":0,"menu_order":0,"comment_status":"closed","ping_status":"closed","template":"","meta":{"site-sidebar-layout":"default","site-content-layout":"","ast-site-content-layout":"default","site-content-style":"default","site-sidebar-style":"default","ast-global-header-display":"","ast-banner-title-visibility":"","ast-main-header-display":"","ast-hfb-above-header-display":"","ast-hfb-below-header-display":"","ast-hfb-mobile-header-display":"","site-post-title":"","ast-breadcrumbs-content":"","ast-featured-img":"","footer-sml-layout":"","ast-disable-related-posts":"","theme-transparent-header-meta":"","adv-header-id-meta":"","stick-header-meta":"","header-above-stick-meta":"","header-main-stick-meta":"","header-below-stick-meta":"","astra-migrate-meta-layouts":"default","ast-page-background-enabled":"default","ast-page-background-meta":{"desktop":{"background-color":"var(--ast-global-color-4)","background-image":"","background-repeat":"repeat","background-position":"center center","background-size":"auto","background-attachment":"scroll","background-type":"","background-media":"","overlay-type":"","overlay-color":"","overlay-opacity":"","overlay-gradient":""},"tablet":{"background-color":"","background-image":"","background-repeat":"repeat","background-position":"center center","background-size":"auto","background-attachment":"scroll","background-type":"","background-media":"","overlay-type":"","overlay-color":"","overlay-opacity":"","overlay-gradient":""},"mobile":{"background-color":"","background-image":"","background-repeat":"repeat","background-position":"center center","background-size":"auto","background-attachment":"scroll","background-type":"","background-media":"","overlay-type":"","overlay-color":"","overlay-opacity":"","overlay-gradient":""}},"ast-content-background-meta":{"desktop":{"background-color":"var(--ast-global-color-5)","background-image":"","background-repeat":"repeat","background-position":"center center","background-size":"auto","background-attachment":"scroll","background-type":"","background-media":"","overlay-type":"","overlay-color":"","overlay-opacity":"","overlay-gradient":""},"tablet":{"background-color":"var(--ast-global-color-5)","background-image":"","background-repeat":"repeat","background-position":"center center","background-size":"auto","background-attachment":"scroll","background-type":"","background-media":"","overlay-type":"","overlay-color":"","overlay-opacity":"","overlay-gradient":""},"mobile":{"background-color":"var(--ast-global-color-5)","background-image":"","background-repeat":"repeat","background-position":"center center","background-size":"auto","background-attachment":"scroll","background-type":"","background-media":"","overlay-type":"","overlay-color":"","overlay-opacity":"","overlay-gradient":""}},"footnotes":""},"class_list":["post-147976","page","type-page","status-publish","has-post-thumbnail","hentry"],"_links":{"self":[{"href":"https:\/\/medclinics.com\/fr\/wp-json\/wp\/v2\/pages\/147976","targetHints":{"allow":["GET"]}}],"collection":[{"href":"https:\/\/medclinics.com\/fr\/wp-json\/wp\/v2\/pages"}],"about":[{"href":"https:\/\/medclinics.com\/fr\/wp-json\/wp\/v2\/types\/page"}],"author":[{"embeddable":true,"href":"https:\/\/medclinics.com\/fr\/wp-json\/wp\/v2\/users\/4"}],"replies":[{"embeddable":true,"href":"https:\/\/medclinics.com\/fr\/wp-json\/wp\/v2\/comments?post=147976"}],"version-history":[{"count":0,"href":"https:\/\/medclinics.com\/fr\/wp-json\/wp\/v2\/pages\/147976\/revisions"}],"wp:featuredmedia":[{"embeddable":true,"href":"https:\/\/medclinics.com\/fr\/wp-json\/wp\/v2\/media\/92794"}],"wp:attachment":[{"href":"https:\/\/medclinics.com\/fr\/wp-json\/wp\/v2\/media?parent=147976"}],"curies":[{"name":"wp","href":"https:\/\/api.w.org\/{rel}","templated":true}]}}