{"id":147974,"date":"2023-05-30T07:57:24","date_gmt":"2023-05-30T04:57:24","guid":{"rendered":"https:\/\/medclinics.com\/regenera-activa-2\/"},"modified":"2024-04-04T19:32:28","modified_gmt":"2024-04-04T16:32:28","slug":"regenera-activa-2","status":"publish","type":"page","link":"https:\/\/medclinics.com\/fr\/regenera-activa-2\/","title":{"rendered":"Regenera Activa"},"content":{"rendered":"\n<h2 class=\"wp-block-heading\">Profitez d\u00e8s aujourd&rsquo;hui de la technologie de pointe pour Regenera Activa !<\/h2>\n\n<p>Regenera activa est un processus r\u00e9volutionnaire de restauration capillaire qui implique la pr\u00e9paration de follicules pileux sains et robustes \u00e0 l&rsquo;aide d&rsquo;une suspension sp\u00e9ciale, qui est ensuite transf\u00e9r\u00e9e sur les zones probl\u00e9matiques du cuir chevelu. Cette proc\u00e9dure utilise les codes g\u00e9n\u00e9tiques de la nuque et des oreilles pour soutenir les follicules pileux sans vie.<\/p>\n\n<p>L&rsquo;ablation de 3 \u00e0 4 follicules pileux derri\u00e8re l&rsquo;oreille ne provoque ni douleur ni g\u00eane. Ces cheveux extraits sont transform\u00e9s en suspensions cellulaires sp\u00e9cialis\u00e9es utilis\u00e9es pour traiter des affections telles que la <a href=\"https:\/\/en.wikipedia.org\/wiki\/Alopecia_areata\" target=\"_blank\" rel=\"noreferrer noopener\">calvitie li\u00e9e \u00e0 l&rsquo;alop\u00e9cie<\/a> androg\u00e9n\u00e9tique.<\/p>\n\n<p>Cette approche r\u00e9g\u00e9n\u00e9ratrice utilise des tissus pr\u00e9lev\u00e9s directement sur le corps du patient, ce qui permet d&rsquo;\u00e9viter d&rsquo;\u00e9ventuelles complications dues \u00e0 l&rsquo;introduction de mat\u00e9riaux \u00e9trangers dans son organisme. L&rsquo;injection entra\u00eene une augmentation des cellules prog\u00e9nitrices dans les zones trait\u00e9es, ce qui la rend tr\u00e8s b\u00e9n\u00e9fique pour les personnes qui recherchent des solutions efficaces contre les cas graves d&rsquo;amincissement ou de recul de la couronne.<\/p>\n\n<p>Les essais cliniques ont montr\u00e9 des r\u00e9sultats prometteurs, les cellules collect\u00e9es individuellement \u00e9tant soumises \u00e0 des proc\u00e9dures de filtrage rigoureuses avant d&rsquo;\u00eatre utilis\u00e9es dans les applications de Regenera activa.  <\/p>\n\n<h3 class=\"wp-block-heading\">Tout ce que vous devez savoir sur les <a href=\"https:\/\/medclinics.com\/fr\/beaute\/\" target=\"_blank\" rel=\"noreferrer noopener\">soins de beaut\u00e9<\/a> se trouve ici, <a href=\"https:\/\/medclinics.com\/wp-admin\/post.php?post=90890&amp;action=edit&amp;lang=en#requestform\">contactez-nous<\/a> maintenant !<\/h3>\n\n<h2 class=\"wp-block-heading\">FAQ <\/h2>\n<div id=\"rank-math-faq\" class=\"rank-math-block\">\n<div class=\"rank-math-list \">\n<div id=\"faq-question-1685433064679\" class=\"rank-math-list-item\">\n<h3 class=\"rank-math-question \">Qu&rsquo;est-ce que regenera active ?<\/h3>\n<div class=\"rank-math-answer \">\n\n<p>Il s&rsquo;agit d&rsquo;une proc\u00e9dure m\u00e9dicale r\u00e9g\u00e9n\u00e9rative utilis\u00e9e pour le traitement de la perte de cheveux. Elle consiste \u00e0 pr\u00e9lever de petits fragments de tissus (microgreffes) sur le cuir chevelu du patient et \u00e0 les injecter dans les zones de perte ou d&rsquo;amincissement des cheveux.<\/p>\n\n<\/div>\n<\/div>\n<div id=\"faq-question-1685433056925\" class=\"rank-math-list-item\">\n<h3 class=\"rank-math-question \">regenera activa est-il efficace ?<\/h3>\n<div class=\"rank-math-answer \">\n\n<p>L&rsquo;efficacit\u00e9 de Regenera Activa peut varier d&rsquo;une personne \u00e0 l&rsquo;autre. Des rapports anecdotiques font \u00e9tat de r\u00e9sultats positifs.<\/p>\n\n<\/div>\n<\/div>\n<div id=\"faq-question-1685433063829\" class=\"rank-math-list-item\">\n<h3 class=\"rank-math-question \">regenera activa est-il s\u00fbr ?<\/h3>\n<div class=\"rank-math-answer \">\n\n<p>Elle est g\u00e9n\u00e9ralement consid\u00e9r\u00e9e comme s\u00fbre lorsqu&rsquo;elle est pratiqu\u00e9e par un professionnel de la sant\u00e9 qualifi\u00e9 et exp\u00e9riment\u00e9.<\/p>\n\n<\/div>\n<\/div>\n<\/div>\n<\/div>\n<p><\/p>\n\n<h3 class=\"wp-block-heading\">Contactez-nous d\u00e8s maintenant si vous avez des questions !<\/h3>\n","protected":false},"excerpt":{"rendered":"<p>Profitez d\u00e8s aujourd&rsquo;hui de la technologie de pointe pour Regenera Activa ! Regenera activa est un processus r\u00e9volutionnaire de restauration [&hellip;]<\/p>\n","protected":false},"author":4,"featured_media":92991,"parent":0,"menu_order":0,"comment_status":"closed","ping_status":"closed","template":"","meta":{"site-sidebar-layout":"default","site-content-layout":"","ast-site-content-layout":"default","site-content-style":"default","site-sidebar-style":"default","ast-global-header-display":"","ast-banner-title-visibility":"","ast-main-header-display":"","ast-hfb-above-header-display":"","ast-hfb-below-header-display":"","ast-hfb-mobile-header-display":"","site-post-title":"","ast-breadcrumbs-content":"","ast-featured-img":"","footer-sml-layout":"","ast-disable-related-posts":"","theme-transparent-header-meta":"","adv-header-id-meta":"","stick-header-meta":"","header-above-stick-meta":"","header-main-stick-meta":"","header-below-stick-meta":"","astra-migrate-meta-layouts":"default","ast-page-background-enabled":"default","ast-page-background-meta":{"desktop":{"background-color":"var(--ast-global-color-4)","background-image":"","background-repeat":"repeat","background-position":"center center","background-size":"auto","background-attachment":"scroll","background-type":"","background-media":"","overlay-type":"","overlay-color":"","overlay-opacity":"","overlay-gradient":""},"tablet":{"background-color":"","background-image":"","background-repeat":"repeat","background-position":"center center","background-size":"auto","background-attachment":"scroll","background-type":"","background-media":"","overlay-type":"","overlay-color":"","overlay-opacity":"","overlay-gradient":""},"mobile":{"background-color":"","background-image":"","background-repeat":"repeat","background-position":"center center","background-size":"auto","background-attachment":"scroll","background-type":"","background-media":"","overlay-type":"","overlay-color":"","overlay-opacity":"","overlay-gradient":""}},"ast-content-background-meta":{"desktop":{"background-color":"var(--ast-global-color-5)","background-image":"","background-repeat":"repeat","background-position":"center center","background-size":"auto","background-attachment":"scroll","background-type":"","background-media":"","overlay-type":"","overlay-color":"","overlay-opacity":"","overlay-gradient":""},"tablet":{"background-color":"var(--ast-global-color-5)","background-image":"","background-repeat":"repeat","background-position":"center center","background-size":"auto","background-attachment":"scroll","background-type":"","background-media":"","overlay-type":"","overlay-color":"","overlay-opacity":"","overlay-gradient":""},"mobile":{"background-color":"var(--ast-global-color-5)","background-image":"","background-repeat":"repeat","background-position":"center center","background-size":"auto","background-attachment":"scroll","background-type":"","background-media":"","overlay-type":"","overlay-color":"","overlay-opacity":"","overlay-gradient":""}},"footnotes":""},"class_list":["post-147974","page","type-page","status-publish","has-post-thumbnail","hentry"],"_links":{"self":[{"href":"https:\/\/medclinics.com\/fr\/wp-json\/wp\/v2\/pages\/147974","targetHints":{"allow":["GET"]}}],"collection":[{"href":"https:\/\/medclinics.com\/fr\/wp-json\/wp\/v2\/pages"}],"about":[{"href":"https:\/\/medclinics.com\/fr\/wp-json\/wp\/v2\/types\/page"}],"author":[{"embeddable":true,"href":"https:\/\/medclinics.com\/fr\/wp-json\/wp\/v2\/users\/4"}],"replies":[{"embeddable":true,"href":"https:\/\/medclinics.com\/fr\/wp-json\/wp\/v2\/comments?post=147974"}],"version-history":[{"count":0,"href":"https:\/\/medclinics.com\/fr\/wp-json\/wp\/v2\/pages\/147974\/revisions"}],"wp:featuredmedia":[{"embeddable":true,"href":"https:\/\/medclinics.com\/fr\/wp-json\/wp\/v2\/media\/92991"}],"wp:attachment":[{"href":"https:\/\/medclinics.com\/fr\/wp-json\/wp\/v2\/media?parent=147974"}],"curies":[{"name":"wp","href":"https:\/\/api.w.org\/{rel}","templated":true}]}}