{"id":147960,"date":"2023-05-30T07:02:25","date_gmt":"2023-05-30T07:02:25","guid":{"rendered":"https:\/\/medclinics.com\/microblading-3\/"},"modified":"2024-04-04T19:34:22","modified_gmt":"2024-04-04T16:34:22","slug":"microblading-3","status":"publish","type":"page","link":"https:\/\/medclinics.com\/fr\/microblading-3\/","title":{"rendered":"Microblading"},"content":{"rendered":"\n<h2 class=\"wp-block-heading\">Vous en avez assez de devoir remplir vos sourcils tous les matins ? Le microblading est la solution pour obtenir des sourcils d&rsquo;apparence naturelle et plus fournis qui durent jusqu&rsquo;\u00e0 trois ans.<\/h2>\n\n<p>Cette proc\u00e9dure cosm\u00e9tique semi-permanente consiste \u00e0 utiliser un petit outil manuel muni de minuscules aiguilles pour cr\u00e9er des traits semblables \u00e0 des poils sur la peau.<\/p>\n\n<p>Un artiste qualifi\u00e9 en microblading dessinera et fa\u00e7onnera soigneusement vos sourcils en fonction de vos pr\u00e9f\u00e9rences et des caract\u00e9ristiques de votre visage avant d&rsquo;implanter des pigments dans les couches sup\u00e9rieures de votre peau. Le r\u00e9sultat est une illusion de vrais poils de sourcils qui correspondent \u00e0 leur couleur naturelle ou la rehaussent.<\/p>\n\n<p>Bien que cela puisse sembler douloureux, une cr\u00e8me anesth\u00e9siante minimise la g\u00eane occasionn\u00e9e par ce processus m\u00e9ticuleux qui requiert comp\u00e9tence et pr\u00e9cision. Chaque coup de pinceau imite les poils des sourcils, ce qui permet d&rsquo;obtenir des arcs plus d\u00e9finis, adapt\u00e9s au look unique de chaque cliente.<\/p>\n\n<p>Il est important de se rappeler que le <a href=\"https:\/\/en.wikipedia.org\/wiki\/Microblading\" target=\"_blank\" rel=\"noreferrer noopener\">microblading <\/a>est essentiellement un tatouage, mais qu&rsquo;il utilise un pigment semi-permanent qui s&rsquo;estompe avec le temps en fonction de facteurs tels que les choix de mode de vie, comme l&rsquo;exposition au soleil ou les produits chimiques agressifs contenus dans les produits de soin de la peau utilis\u00e9s apr\u00e8s l&rsquo;intervention.  <\/p>\n\n<p>Avant de commencer, assurez-vous de choisir un professionnel exp\u00e9riment\u00e9 qui vous guidera dans les instructions de suivi afin que vos nouveaux sourcils restent beaux !<\/p>\n\n<div class=\"wp-block-columns is-layout-flex wp-container-core-columns-is-layout-28f84493 wp-block-columns-is-layout-flex\">\n<div class=\"wp-block-column is-layout-flow wp-block-column-is-layout-flow\" style=\"flex-basis:33.33%\">\n<figure class=\"wp-block-image alignright size-full is-resized\"><img fetchpriority=\"high\" decoding=\"async\" width=\"280\" height=\"210\" src=\"https:\/\/medclinics.com\/wp-content\/uploads\/2023\/12\/luxus-logo-1.webp\" alt=\"\" class=\"wp-image-119607\" style=\"width:193px;height:auto\" srcset=\"https:\/\/medclinics.com\/wp-content\/uploads\/2023\/12\/luxus-logo-1.webp 280w, https:\/\/medclinics.com\/wp-content\/uploads\/2023\/12\/luxus-logo-1-24x18.webp 24w, https:\/\/medclinics.com\/wp-content\/uploads\/2023\/12\/luxus-logo-1-36x27.webp 36w, https:\/\/medclinics.com\/wp-content\/uploads\/2023\/12\/luxus-logo-1-48x36.webp 48w\" sizes=\"(max-width: 280px) 100vw, 280px\" \/><\/figure>\n<\/div>\n\n\n\n<div class=\"wp-block-column is-vertically-aligned-center is-layout-flow wp-block-column-is-layout-flow\" style=\"flex-basis:66.66%\">\n<h3 class=\"wp-block-heading has-text-align-center\"><strong>Obtenez votre extension de cheveux avec  <\/strong><br\/><strong>\u00ab\u00a0Luxus Hair Group\u00a0\u00bb<\/strong><\/h3>\n\n\n\n<p class=\"has-text-align-center\"><em><strong>\u00a0\u00bb Soins capillaires et de beaut\u00e9, le luxe \u00e0 la port\u00e9e de tous ! \u00ab\u00a0<\/strong><\/em><\/p>\n\n\n\n<div class=\"wp-block-buttons is-content-justification-center is-layout-flex wp-container-core-buttons-is-layout-a89b3969 wp-block-buttons-is-layout-flex\">\n<div class=\"wp-block-button\"><a class=\"wp-block-button__link has-vivid-green-cyan-background-color has-background wp-element-button\" href=\"https:\/\/wa.me\/905322662716?text=From%20MedClinics\" target=\"_blank\" rel=\"noreferrer noopener nofollow\">R\u00e9server en ligne via WhatsApp<\/a><\/div>\n<\/div>\n<\/div>\n<\/div>\n\n<h3 class=\"wp-block-heading\">Tout ce que vous devez savoir sur les <a href=\"https:\/\/medclinics.com\/fr\/beaute\/\" target=\"_blank\" rel=\"noreferrer noopener\">traitements de beaut\u00e9<\/a>, y compris le prix, les soins et le processus de gu\u00e9rison, ou <a href=\"#requestform\">contactez-nous<\/a>!<\/h3>\n\n<h2 class=\"wp-block-heading\">FAQ <\/h2>\n<div id=\"rank-math-faq\" class=\"rank-math-block\">\n<div class=\"rank-math-list \">\n<div id=\"faq-question-1685428868689\" class=\"rank-math-list-item\">\n<h3 class=\"rank-math-question \">Comment se fait le microblading ?<\/h3>\n<div class=\"rank-math-answer \">\n\n<p>Le processus commence g\u00e9n\u00e9ralement par une consultation pour discuter de la forme des sourcils souhait\u00e9e et des objectifs. Avant l&rsquo;intervention, une cr\u00e8me anesth\u00e9siante topique est appliqu\u00e9e pour minimiser l&rsquo;inconfort. Le technicien dessine ensuite la forme des sourcils souhait\u00e9e \u00e0 l&rsquo;aide d&rsquo;un crayon sp\u00e9cial. Un outil de microblading manuel muni de fines aiguilles est utilis\u00e9 pour faire de petites incisions dans les couches sup\u00e9rieures de la peau. La couleur de pigment s\u00e9lectionn\u00e9e est soigneusement appliqu\u00e9e sur les incisions. Plusieurs passages sont effectu\u00e9s pour assurer une bonne saturation des pigments et affiner la forme et la densit\u00e9. Apr\u00e8s l&rsquo;intervention, le technicien fournit des instructions de suivi pour favoriser une bonne cicatrisation.<\/p>\n\n<\/div>\n<\/div>\n<div id=\"faq-question-1685428912751\" class=\"rank-math-list-item\">\n<h3 class=\"rank-math-question \">Le microbillage des sourcils en vaut-il la peine ?<\/h3>\n<div class=\"rank-math-answer \">\n\n<p>Le microblading des sourcils peut valoir la peine pour les personnes qui souhaitent des sourcils plus fournis et plus d\u00e9finis ou qui ont des sourcils naturels clairsem\u00e9s ou in\u00e9gaux. Il offre une solution longue dur\u00e9e, permettant de gagner du temps lors de l&rsquo;application quotidienne du maquillage des sourcils.<\/p>\n\n<\/div>\n<\/div>\n<div id=\"faq-question-1685428913577\" class=\"rank-math-list-item\">\n<h3 class=\"rank-math-question \">Les sourcils par microblading sont-ils permanents ?<\/h3>\n<div class=\"rank-math-answer \">\n\n<p>Ils sont consid\u00e9r\u00e9s comme une solution cosm\u00e9tique semi-permanente. Les pigments utilis\u00e9s dans le microblading sont sp\u00e9cifiquement formul\u00e9s pour s&rsquo;estomper progressivement avec le temps. En moyenne, les r\u00e9sultats peuvent durer de un \u00e0 trois ans.<\/p>\n\n<\/div>\n<\/div>\n<div id=\"faq-question-1685428914227\" class=\"rank-math-list-item\">\n<h3 class=\"rank-math-question \">Le microblading peut-il avoir l&rsquo;air naturel ?<\/h3>\n<div class=\"rank-math-answer \">\n\n<p>Oui, il peut \u00eatre con\u00e7u pour cr\u00e9er des sourcils d&rsquo;apparence naturelle. La technique consiste \u00e0 cr\u00e9er manuellement des traits individuels ressemblant \u00e0 des poils qui imitent l&rsquo;apparence des poils naturels des sourcils.<\/p>\n\n<\/div>\n<\/div>\n<\/div>\n<\/div>\n<p><\/p>\n\n<h3 class=\"wp-block-heading\">Contactez-nous d\u00e8s maintenant si vous avez des questions !<\/h3>\n","protected":false},"excerpt":{"rendered":"<p>Vous en avez assez de devoir remplir vos sourcils tous les matins ? Le microblading est la solution pour obtenir [&hellip;]<\/p>\n","protected":false},"author":4,"featured_media":92727,"parent":0,"menu_order":0,"comment_status":"closed","ping_status":"closed","template":"","meta":{"site-sidebar-layout":"default","site-content-layout":"","ast-site-content-layout":"default","site-content-style":"default","site-sidebar-style":"default","ast-global-header-display":"","ast-banner-title-visibility":"","ast-main-header-display":"","ast-hfb-above-header-display":"","ast-hfb-below-header-display":"","ast-hfb-mobile-header-display":"","site-post-title":"","ast-breadcrumbs-content":"","ast-featured-img":"","footer-sml-layout":"","ast-disable-related-posts":"","theme-transparent-header-meta":"","adv-header-id-meta":"","stick-header-meta":"","header-above-stick-meta":"","header-main-stick-meta":"","header-below-stick-meta":"","astra-migrate-meta-layouts":"default","ast-page-background-enabled":"default","ast-page-background-meta":{"desktop":{"background-color":"var(--ast-global-color-4)","background-image":"","background-repeat":"repeat","background-position":"center center","background-size":"auto","background-attachment":"scroll","background-type":"","background-media":"","overlay-type":"","overlay-color":"","overlay-opacity":"","overlay-gradient":""},"tablet":{"background-color":"","background-image":"","background-repeat":"repeat","background-position":"center center","background-size":"auto","background-attachment":"scroll","background-type":"","background-media":"","overlay-type":"","overlay-color":"","overlay-opacity":"","overlay-gradient":""},"mobile":{"background-color":"","background-image":"","background-repeat":"repeat","background-position":"center center","background-size":"auto","background-attachment":"scroll","background-type":"","background-media":"","overlay-type":"","overlay-color":"","overlay-opacity":"","overlay-gradient":""}},"ast-content-background-meta":{"desktop":{"background-color":"var(--ast-global-color-5)","background-image":"","background-repeat":"repeat","background-position":"center center","background-size":"auto","background-attachment":"scroll","background-type":"","background-media":"","overlay-type":"","overlay-color":"","overlay-opacity":"","overlay-gradient":""},"tablet":{"background-color":"var(--ast-global-color-5)","background-image":"","background-repeat":"repeat","background-position":"center center","background-size":"auto","background-attachment":"scroll","background-type":"","background-media":"","overlay-type":"","overlay-color":"","overlay-opacity":"","overlay-gradient":""},"mobile":{"background-color":"var(--ast-global-color-5)","background-image":"","background-repeat":"repeat","background-position":"center center","background-size":"auto","background-attachment":"scroll","background-type":"","background-media":"","overlay-type":"","overlay-color":"","overlay-opacity":"","overlay-gradient":""}},"footnotes":""},"class_list":["post-147960","page","type-page","status-publish","has-post-thumbnail","hentry"],"_links":{"self":[{"href":"https:\/\/medclinics.com\/fr\/wp-json\/wp\/v2\/pages\/147960","targetHints":{"allow":["GET"]}}],"collection":[{"href":"https:\/\/medclinics.com\/fr\/wp-json\/wp\/v2\/pages"}],"about":[{"href":"https:\/\/medclinics.com\/fr\/wp-json\/wp\/v2\/types\/page"}],"author":[{"embeddable":true,"href":"https:\/\/medclinics.com\/fr\/wp-json\/wp\/v2\/users\/4"}],"replies":[{"embeddable":true,"href":"https:\/\/medclinics.com\/fr\/wp-json\/wp\/v2\/comments?post=147960"}],"version-history":[{"count":0,"href":"https:\/\/medclinics.com\/fr\/wp-json\/wp\/v2\/pages\/147960\/revisions"}],"wp:featuredmedia":[{"embeddable":true,"href":"https:\/\/medclinics.com\/fr\/wp-json\/wp\/v2\/media\/92727"}],"wp:attachment":[{"href":"https:\/\/medclinics.com\/fr\/wp-json\/wp\/v2\/media?parent=147960"}],"curies":[{"name":"wp","href":"https:\/\/api.w.org\/{rel}","templated":true}]}}