{"id":147954,"date":"2023-05-30T08:09:31","date_gmt":"2023-05-30T08:09:31","guid":{"rendered":"https:\/\/medclinics.com\/traitement-de-ladn-du-saumon\/"},"modified":"2024-04-04T19:32:24","modified_gmt":"2024-04-04T16:32:24","slug":"traitement-de-ladn-du-saumon","status":"publish","type":"page","link":"https:\/\/medclinics.com\/fr\/traitement-de-ladn-du-saumon\/","title":{"rendered":"Traitement de l&rsquo;ADN du saumon"},"content":{"rendered":"\n<h2 class=\"wp-block-heading\">Si vous aspirez \u00e0 une peau \u00e9clatante, sans maquillage, ou si vous souhaitez r\u00e9duire les signes visibles de vieillissement, le traitement Salmon DNA est peut-\u00eatre ce qu&rsquo;il vous faut.<\/h2>\n\n<p>Le traitement \u00e0 l&rsquo;ADN de saumon est une m\u00e9thode de rajeunissement de la peau tr\u00e8s efficace qui utilise de l&rsquo;<a href=\"https:\/\/en.wikipedia.org\/wiki\/Hyaluronic_acid\" target=\"_blank\" rel=\"noreferrer noopener\">acide hyaluronique<\/a> pur et des mol\u00e9cules d&rsquo;ADN d\u00e9riv\u00e9es du sperme de saumon pour renouveler les cellules de votre peau.  <\/p>\n\n<p>Avec l&rsquo;\u00e2ge, notre corps subit divers changements dus \u00e0 des facteurs internes et externes tels que les facteurs de stress environnementaux. Malheureusement, ces changements peuvent entra\u00eener une diminution de la vitalit\u00e9 et de l&rsquo;\u00e9lasticit\u00e9 de notre structure cutan\u00e9e, notamment en ce qui concerne les substances essentielles comme l&rsquo;acide hyaluronique, qui sont n\u00e9cessaires \u00e0 la r\u00e9g\u00e9n\u00e9ration cellulaire.<\/p>\n\n<p>Cette diminution conduit finalement \u00e0 la s\u00e9cheresse, \u00e0 la p\u00e2leur et \u00e0 d&rsquo;autres effets ind\u00e9sirables sur l&rsquo;apparence. Heureusement, il existe aujourd&rsquo;hui de nombreux traitements de la peau visant \u00e0 revitaliser les tissus morts tout en favorisant une production cellulaire saine. Toutefois, aucun n&rsquo;a r\u00e9cemment gagn\u00e9 autant de popularit\u00e9 que la th\u00e9rapie ADN de Salmon, souvent appel\u00e9e famili\u00e8rement par certains experts \u00ab\u00a0le vaccin de la jeunesse\u00a0\u00bb.<\/p>\n\n<p>Bien qu&rsquo;il puisse sembler superficiellement similaire aux soins traditionnels, il est important de ne pas sous-estimer ses propri\u00e9t\u00e9s uniques. Le s\u00e9rum utilis\u00e9 au cours de ce processus a une composition chimique identique \u00e0 celle de l&rsquo;ADN humain, ce qui rend les r\u00e9sultats plus prononc\u00e9s.<\/p>\n\n<p>Alors si vous voulez un teint \u00e9clatant de jeunesse sans avoir recours aux seuls produits cosm\u00e9tiques, pensez \u00e0 ce traitement !<\/p>\n\n<h3 class=\"wp-block-heading\">Tout ce que vous voulez savoir sur les <a href=\"https:\/\/medclinics.com\/fr\/beaute\/\" target=\"_blank\" rel=\"noreferrer noopener\">soins de beaut\u00e9<\/a>, y compris les prix et plus encore, <a href=\"#requestform\">contactez-nous<\/a>!<\/h3>\n\n<h2 class=\"wp-block-heading\">FAQ <\/h2>\n<div id=\"rank-math-faq\" class=\"rank-math-block\">\n<div class=\"rank-math-list \">\n<div id=\"faq-question-1685433788324\" class=\"rank-math-list-item\">\n<h3 class=\"rank-math-question \">Qu&rsquo;est-ce que l&rsquo;ADN du saumon ?<\/h3>\n<div class=\"rank-math-answer \">\n\n<p>L&rsquo;ADN de saumon, \u00e9galement connu sous le nom d&rsquo;extrait d&rsquo;ADN de saumon ou d&rsquo;extrait de sperme de saumon, est un ingr\u00e9dient biologique d\u00e9riv\u00e9 des cellules riches en ADN du saumon. Il est souvent utilis\u00e9 dans les produits cosm\u00e9tiques et de soin de la peau en raison de ses bienfaits potentiels pour la peau.<\/p>\n\n<\/div>\n<\/div>\n<div id=\"faq-question-1685433877712\" class=\"rank-math-list-item\">\n<h3 class=\"rank-math-question \">\u00c0 quoi sert l&rsquo;ADN du saumon ?<\/h3>\n<div class=\"rank-math-answer \">\n\n<p>L&rsquo;ADN de saumon a des applications diverses dans diff\u00e9rents domaines. Dans le domaine des soins de la peau, il est couramment utilis\u00e9 dans les produits cosm\u00e9tiques pour am\u00e9liorer la texture, la fermet\u00e9 et l&rsquo;aspect g\u00e9n\u00e9ral de la peau. Il peut \u00e9galement avoir des effets hydratants et favoriser la production de collag\u00e8ne, contribuant ainsi \u00e0 am\u00e9liorer l&rsquo;hydratation et l&rsquo;\u00e9lasticit\u00e9 de la peau. Elle a \u00e9t\u00e9 \u00e9tudi\u00e9e pour son r\u00f4le potentiel dans la cicatrisation des plaies, car on lui pr\u00eate des propri\u00e9t\u00e9s r\u00e9g\u00e9n\u00e9ratrices et des effets anti-inflammatoires.<\/p>\n\n<\/div>\n<\/div>\n<div id=\"faq-question-1685433876444\" class=\"rank-math-list-item\">\n<h3 class=\"rank-math-question \">L&rsquo;ADN de saumon est-il bon pour la peau ?<\/h3>\n<div class=\"rank-math-answer \">\n\n<p>L&rsquo;extrait d&rsquo;ADN de saumon est consid\u00e9r\u00e9 comme potentiellement b\u00e9n\u00e9fique pour la peau en raison de ses propri\u00e9t\u00e9s antioxydantes, anti-inflammatoires et potentiellement r\u00e9g\u00e9n\u00e9ratrices. On pense qu&rsquo;il soutient les processus naturels de r\u00e9paration de la peau et am\u00e9liore sa texture, sa fermet\u00e9 et son apparence g\u00e9n\u00e9rale.<\/p>\n\n<\/div>\n<\/div>\n<\/div>\n<\/div>\n<p><\/p>\n\n<h3 class=\"wp-block-heading\">Contactez-nous d\u00e8s maintenant si vous avez des questions !<\/h3>\n","protected":false},"excerpt":{"rendered":"<p>Si vous aspirez \u00e0 une peau \u00e9clatante, sans maquillage, ou si vous souhaitez r\u00e9duire les signes visibles de vieillissement, le [&hellip;]<\/p>\n","protected":false},"author":4,"featured_media":92787,"parent":0,"menu_order":0,"comment_status":"closed","ping_status":"closed","template":"","meta":{"site-sidebar-layout":"default","site-content-layout":"","ast-site-content-layout":"default","site-content-style":"default","site-sidebar-style":"default","ast-global-header-display":"","ast-banner-title-visibility":"","ast-main-header-display":"","ast-hfb-above-header-display":"","ast-hfb-below-header-display":"","ast-hfb-mobile-header-display":"","site-post-title":"","ast-breadcrumbs-content":"","ast-featured-img":"","footer-sml-layout":"","ast-disable-related-posts":"","theme-transparent-header-meta":"","adv-header-id-meta":"","stick-header-meta":"","header-above-stick-meta":"","header-main-stick-meta":"","header-below-stick-meta":"","astra-migrate-meta-layouts":"default","ast-page-background-enabled":"default","ast-page-background-meta":{"desktop":{"background-color":"var(--ast-global-color-4)","background-image":"","background-repeat":"repeat","background-position":"center center","background-size":"auto","background-attachment":"scroll","background-type":"","background-media":"","overlay-type":"","overlay-color":"","overlay-opacity":"","overlay-gradient":""},"tablet":{"background-color":"","background-image":"","background-repeat":"repeat","background-position":"center center","background-size":"auto","background-attachment":"scroll","background-type":"","background-media":"","overlay-type":"","overlay-color":"","overlay-opacity":"","overlay-gradient":""},"mobile":{"background-color":"","background-image":"","background-repeat":"repeat","background-position":"center center","background-size":"auto","background-attachment":"scroll","background-type":"","background-media":"","overlay-type":"","overlay-color":"","overlay-opacity":"","overlay-gradient":""}},"ast-content-background-meta":{"desktop":{"background-color":"var(--ast-global-color-5)","background-image":"","background-repeat":"repeat","background-position":"center center","background-size":"auto","background-attachment":"scroll","background-type":"","background-media":"","overlay-type":"","overlay-color":"","overlay-opacity":"","overlay-gradient":""},"tablet":{"background-color":"var(--ast-global-color-5)","background-image":"","background-repeat":"repeat","background-position":"center center","background-size":"auto","background-attachment":"scroll","background-type":"","background-media":"","overlay-type":"","overlay-color":"","overlay-opacity":"","overlay-gradient":""},"mobile":{"background-color":"var(--ast-global-color-5)","background-image":"","background-repeat":"repeat","background-position":"center center","background-size":"auto","background-attachment":"scroll","background-type":"","background-media":"","overlay-type":"","overlay-color":"","overlay-opacity":"","overlay-gradient":""}},"footnotes":""},"class_list":["post-147954","page","type-page","status-publish","has-post-thumbnail","hentry"],"_links":{"self":[{"href":"https:\/\/medclinics.com\/fr\/wp-json\/wp\/v2\/pages\/147954","targetHints":{"allow":["GET"]}}],"collection":[{"href":"https:\/\/medclinics.com\/fr\/wp-json\/wp\/v2\/pages"}],"about":[{"href":"https:\/\/medclinics.com\/fr\/wp-json\/wp\/v2\/types\/page"}],"author":[{"embeddable":true,"href":"https:\/\/medclinics.com\/fr\/wp-json\/wp\/v2\/users\/4"}],"replies":[{"embeddable":true,"href":"https:\/\/medclinics.com\/fr\/wp-json\/wp\/v2\/comments?post=147954"}],"version-history":[{"count":0,"href":"https:\/\/medclinics.com\/fr\/wp-json\/wp\/v2\/pages\/147954\/revisions"}],"wp:featuredmedia":[{"embeddable":true,"href":"https:\/\/medclinics.com\/fr\/wp-json\/wp\/v2\/media\/92787"}],"wp:attachment":[{"href":"https:\/\/medclinics.com\/fr\/wp-json\/wp\/v2\/media?parent=147954"}],"curies":[{"name":"wp","href":"https:\/\/api.w.org\/{rel}","templated":true}]}}