{"id":147942,"date":"2023-05-30T07:21:58","date_gmt":"2023-05-30T07:21:58","guid":{"rendered":"https:\/\/medclinics.com\/micro-ombrage\/"},"modified":"2024-04-04T19:34:16","modified_gmt":"2024-04-04T16:34:16","slug":"micro-ombrage","status":"publish","type":"page","link":"https:\/\/medclinics.com\/fr\/micro-ombrage\/","title":{"rendered":"Micro-ombrage"},"content":{"rendered":"\n<h2 class=\"wp-block-heading\">Vous en avez assez des sourcils clairsem\u00e9s et informes ? Ne cherchez pas plus loin que Microshading !<\/h2>\n\n<p>Cette technique de maquillage semi-permanent, similaire au <a href=\"https:\/\/en.wikipedia.org\/wiki\/Microblading\" target=\"_blank\" rel=\"noreferrer noopener\">microblading<\/a> mais avec une m\u00e9thode d&rsquo;application diff\u00e9rente, am\u00e9liore l&rsquo;apparence de vos sourcils en cr\u00e9ant des points ou des lignes ressemblant \u00e0 des cheveux d&rsquo;apparence naturelle.<\/p>\n\n<p>Lors de la consultation, notre technicien exp\u00e9riment\u00e9 discutera de la forme et de la couleur des sourcils que vous souhaitez obtenir avant d&rsquo;appliquer un anesth\u00e9sique topique pour minimiser l&rsquo;inconfort pendant l&rsquo;intervention. En utilisant de fines aiguilles sur un outil manuel ou une machine, le pigment est d\u00e9pos\u00e9 dans les couches superficielles de la peau pour obtenir des effets poudr\u00e9s doux dont la profondeur et l&rsquo;intensit\u00e9 peuvent \u00eatre ajust\u00e9es.<\/p>\n\n<p>Bien que les r\u00e9sultats varient d&rsquo;une personne \u00e0 l&rsquo;autre en raison des processus naturels d&rsquo;exfoliation au fil du temps (qui durent g\u00e9n\u00e9ralement de un \u00e0 trois ans), des s\u00e9ances de retouche tous les 12 \u00e0 18 mois sont recommand\u00e9es pour un entretien optimal.<\/p>\n\n<p>  Il est essentiel que seuls des professionnels qualifi\u00e9s effectuent ce processus dans un environnement propre, car la s\u00e9curit\u00e9 doit toujours primer lorsqu&rsquo;il s&rsquo;agit d&rsquo;am\u00e9liorer la beaut\u00e9 par le biais de proc\u00e9dures cosm\u00e9tiques comme celles-ci.<\/p>\n\n<h3 class=\"wp-block-heading\">Tout ce qu&rsquo;il faut savoir sur les <a href=\"https:\/\/medclinics.com\/fr\/beaute\/\" target=\"_blank\" rel=\"noreferrer noopener\">soins de beaut\u00e9<\/a>, ou <a href=\"#requestform\">contactez-nous<\/a>!<\/h3>\n\n<h2 class=\"wp-block-heading\">FAQ <\/h2>\n<div id=\"rank-math-faq\" class=\"rank-math-block\">\n<div class=\"rank-math-list \">\n<div id=\"faq-question-1685431110144\" class=\"rank-math-list-item\">\n<h3 class=\"rank-math-question \">L&rsquo;ombrage microscopique est-il sans danger ?<\/h3>\n<div class=\"rank-math-answer \">\n\n<p>La micro ombrage est g\u00e9n\u00e9ralement consid\u00e9r\u00e9e comme une proc\u00e9dure s\u00fbre lorsqu&rsquo;elle est effectu\u00e9e par un professionnel comp\u00e9tent et exp\u00e9riment\u00e9.<\/p>\n\n<\/div>\n<\/div>\n<div id=\"faq-question-1685431139176\" class=\"rank-math-list-item\">\n<h3 class=\"rank-math-question \">Le micro-ombrage en vaut-il la peine ?<\/h3>\n<div class=\"rank-math-answer \">\n\n<p>Le micro-ombrage est une d\u00e9cision personnelle qui d\u00e9pend des pr\u00e9f\u00e9rences et des circonstances de chacun. Il offre des r\u00e9sultats plus durables, une apparence naturelle et un entretien quotidien r\u00e9duit pour les personnes souhaitant am\u00e9liorer leurs sourcils.<\/p>\n\n<\/div>\n<\/div>\n<div id=\"faq-question-1685431141006\" class=\"rank-math-list-item\">\n<h3 class=\"rank-math-question \">Quelle est la dur\u00e9e de vie du microbillage ?<\/h3>\n<div class=\"rank-math-answer \">\n\n<p>Elle dure g\u00e9n\u00e9ralement de un \u00e0 trois ans, en fonction de divers facteurs.<\/p>\n\n<\/div>\n<\/div>\n<\/div>\n<\/div>\n<p><\/p>\n\n<h3 class=\"wp-block-heading\">Contactez-nous d\u00e8s maintenant si vous avez des questions !<\/h3>\n","protected":false},"excerpt":{"rendered":"<p>Vous en avez assez des sourcils clairsem\u00e9s et informes ? Ne cherchez pas plus loin que Microshading ! Cette technique [&hellip;]<\/p>\n","protected":false},"author":4,"featured_media":27184,"parent":0,"menu_order":0,"comment_status":"closed","ping_status":"closed","template":"","meta":{"site-sidebar-layout":"default","site-content-layout":"","ast-site-content-layout":"default","site-content-style":"default","site-sidebar-style":"default","ast-global-header-display":"","ast-banner-title-visibility":"","ast-main-header-display":"","ast-hfb-above-header-display":"","ast-hfb-below-header-display":"","ast-hfb-mobile-header-display":"","site-post-title":"","ast-breadcrumbs-content":"","ast-featured-img":"","footer-sml-layout":"","ast-disable-related-posts":"","theme-transparent-header-meta":"","adv-header-id-meta":"","stick-header-meta":"","header-above-stick-meta":"","header-main-stick-meta":"","header-below-stick-meta":"","astra-migrate-meta-layouts":"default","ast-page-background-enabled":"default","ast-page-background-meta":{"desktop":{"background-color":"var(--ast-global-color-4)","background-image":"","background-repeat":"repeat","background-position":"center center","background-size":"auto","background-attachment":"scroll","background-type":"","background-media":"","overlay-type":"","overlay-color":"","overlay-opacity":"","overlay-gradient":""},"tablet":{"background-color":"","background-image":"","background-repeat":"repeat","background-position":"center center","background-size":"auto","background-attachment":"scroll","background-type":"","background-media":"","overlay-type":"","overlay-color":"","overlay-opacity":"","overlay-gradient":""},"mobile":{"background-color":"","background-image":"","background-repeat":"repeat","background-position":"center center","background-size":"auto","background-attachment":"scroll","background-type":"","background-media":"","overlay-type":"","overlay-color":"","overlay-opacity":"","overlay-gradient":""}},"ast-content-background-meta":{"desktop":{"background-color":"var(--ast-global-color-5)","background-image":"","background-repeat":"repeat","background-position":"center center","background-size":"auto","background-attachment":"scroll","background-type":"","background-media":"","overlay-type":"","overlay-color":"","overlay-opacity":"","overlay-gradient":""},"tablet":{"background-color":"var(--ast-global-color-5)","background-image":"","background-repeat":"repeat","background-position":"center center","background-size":"auto","background-attachment":"scroll","background-type":"","background-media":"","overlay-type":"","overlay-color":"","overlay-opacity":"","overlay-gradient":""},"mobile":{"background-color":"var(--ast-global-color-5)","background-image":"","background-repeat":"repeat","background-position":"center center","background-size":"auto","background-attachment":"scroll","background-type":"","background-media":"","overlay-type":"","overlay-color":"","overlay-opacity":"","overlay-gradient":""}},"footnotes":""},"class_list":["post-147942","page","type-page","status-publish","has-post-thumbnail","hentry"],"_links":{"self":[{"href":"https:\/\/medclinics.com\/fr\/wp-json\/wp\/v2\/pages\/147942","targetHints":{"allow":["GET"]}}],"collection":[{"href":"https:\/\/medclinics.com\/fr\/wp-json\/wp\/v2\/pages"}],"about":[{"href":"https:\/\/medclinics.com\/fr\/wp-json\/wp\/v2\/types\/page"}],"author":[{"embeddable":true,"href":"https:\/\/medclinics.com\/fr\/wp-json\/wp\/v2\/users\/4"}],"replies":[{"embeddable":true,"href":"https:\/\/medclinics.com\/fr\/wp-json\/wp\/v2\/comments?post=147942"}],"version-history":[{"count":0,"href":"https:\/\/medclinics.com\/fr\/wp-json\/wp\/v2\/pages\/147942\/revisions"}],"wp:featuredmedia":[{"embeddable":true,"href":"https:\/\/medclinics.com\/fr\/wp-json\/wp\/v2\/media\/27184"}],"wp:attachment":[{"href":"https:\/\/medclinics.com\/fr\/wp-json\/wp\/v2\/media?parent=147942"}],"curies":[{"name":"wp","href":"https:\/\/api.w.org\/{rel}","templated":true}]}}