{"id":147930,"date":"2023-06-02T06:57:48","date_gmt":"2023-06-02T03:57:48","guid":{"rendered":"https:\/\/medclinics.com\/nettoyage-de-la-peau\/"},"modified":"2024-04-14T23:04:57","modified_gmt":"2024-04-14T20:04:57","slug":"nettoyage-de-la-peau","status":"publish","type":"page","link":"https:\/\/medclinics.com\/fr\/nettoyage-de-la-peau\/","title":{"rendered":"Nettoyage de la peau"},"content":{"rendered":"\n<h2 class=\"wp-block-heading\">Si vous cherchez un moyen de vous d\u00e9barrasser des impuret\u00e9s, de l&rsquo;acn\u00e9 et des taches noires, Skin Cleansing peut \u00eatre la meilleure solution.<\/h2>\n\n<p>Cette proc\u00e9dure s&rsquo;adresse \u00e0 ceux qui veulent toujours avoir l&rsquo;air bien soign\u00e9 et beau. Qui veut avoir un teint sain et \u00e9clatant.<\/p>\n\n<ul class=\"wp-block-list\">\n<li><strong>Nettoyage m\u00e9canique du visage<\/strong><br\/>Il s&rsquo;agit du type de nettoyage du visage le plus courant. Le cosm\u00e9tologue nettoie d&rsquo;abord la peau et ouvre les pores \u00e0 l&rsquo;aide de proc\u00e9dures sp\u00e9ciales et de produits cosm\u00e9tiques professionnels. Il \u00e9limine ensuite manuellement les com\u00e9dons (\u00ab\u00a0points noirs\u00a0\u00bb).<br\/>Si les formations (boutons) sont plus complexes, le m\u00e9decin effectue de petites ponctions \u00e0 l&rsquo;aide d&rsquo;une fine aiguille m\u00e9dicale afin que les com\u00e9dons \u00ab\u00a0ferm\u00e9s\u00a0\u00bb puissent sortir sans endommager la peau. Les traces de cette intervention ne subsistent pas. Le nettoyage m\u00e9canique du visage est le moyen le plus efficace d&rsquo;\u00e9liminer toutes les impuret\u00e9s de la peau du visage.<\/li>\n\n\n\n<li><strong>Nettoyage du visage par ultrasons<\/strong><br\/>Il s&rsquo;agit d&rsquo;un nettoyage de la peau \u00e0 l&rsquo;aide d&rsquo;un appareil sp\u00e9cial (\u00ab\u00a0gommage ultrasonique\u00a0\u00bb). L&rsquo;appareil permet aux ondes ultrasoniques de p\u00e9n\u00e9trer profond\u00e9ment dans la peau et de nettoyer le derme de toutes sortes d&rsquo;impuret\u00e9s, de s\u00e9bum, de com\u00e9dons et de cellules mortes. Il s&rsquo;agit d&rsquo;une proc\u00e9dure totalement indolore qui ne laisse aucune trace visible. Apr\u00e8s la s\u00e9ance, la peau para\u00eet fra\u00eeche, propre et saine.<\/li>\n\n\n\n<li><strong>Nettoyage du visage \u00e0 l&rsquo;aspirateur<\/strong><br\/>Cette proc\u00e9dure est r\u00e9alis\u00e9e \u00e0 l&rsquo;aide d&rsquo;un appareil de th\u00e9rapie par le vide. Une buse sp\u00e9ciale (tube \u00e0 vide) aspire tout le contenu des pores pr\u00e9alablement nettoy\u00e9s. La s\u00e9ance est absolument indolore, elle peut \u00eatre r\u00e9alis\u00e9e sur la peau \u00e0 pores dilat\u00e9s (avec un degr\u00e9 de contamination moyen).<br\/>Ce nettoyage en profondeur am\u00e9liore la circulation sanguine (gr\u00e2ce au massage sous vide) et, par cons\u00e9quent, le teint. En cas de boutons profonds ou de points noirs sur le visage, un nettoyage m\u00e9canique sera n\u00e9cessaire en plus.<\/li>\n\n\n\n<li><strong>Nettoyage HydraFacial<\/strong><br\/>Il s&rsquo;agit d&rsquo;un traitement doux, non invasif et complet de <a href=\"https:\/\/medclinics.com\/fr\/masques-pour-la-peau\/\" target=\"_blank\" data-type=\"page\" data-id=\"146855\" rel=\"noreferrer noopener\">rajeunissement<\/a> de la peau qui donne des r\u00e9sultats visibles et spectaculaires. Il comprend 3 \u00e9tapes : le nettoyage, l&rsquo;extraction (peeling) et la d\u00e9tox (hydratation profonde et saturation en antioxydants).<\/li>\n<\/ul>\n\n<figure class=\"wp-block-image size-full\"><img fetchpriority=\"high\" decoding=\"async\" width=\"780\" height=\"488\" src=\"https:\/\/medclinics.com\/wp-content\/uploads\/2024\/04\/skin-cleansing-beauty-salon-near-me.jpg\" alt=\"Nettoyage de la peau - salon de beaut&#xE9; pr&#xE8;s de chez moi\" class=\"wp-image-161760\" srcset=\"https:\/\/medclinics.com\/wp-content\/uploads\/2024\/04\/skin-cleansing-beauty-salon-near-me.jpg 780w, https:\/\/medclinics.com\/wp-content\/uploads\/2024\/04\/skin-cleansing-beauty-salon-near-me-300x188.jpg 300w, https:\/\/medclinics.com\/wp-content\/uploads\/2024\/04\/skin-cleansing-beauty-salon-near-me-768x480.jpg 768w\" sizes=\"(max-width: 780px) 100vw, 780px\" \/><\/figure>\n\n<h3 class=\"wp-block-heading\">Soins de suivi :<\/h3>\n\n<p>Apr\u00e8s le nettoyage m\u00e9canique du visage, vous ne devez pas vous laver le visage pendant au moins 12 heures, vous ne devez pas non plus utiliser de produits cosm\u00e9tiques ni vous maquiller. Dans les 3 jours, il sera n\u00e9cessaire d&rsquo;essuyer la peau du visage avec une lotion antiseptique (anti-inflammatoire). <\/p>\n\n<p>Il faut \u00e9galement se pr\u00e9parer au fait que la restauration de la peau du visage apr\u00e8s un nettoyage (surtout m\u00e9canique) peut prendre un certain temps &#8211; d&rsquo;une journ\u00e9e \u00e0 2 ou 3 jours. L&rsquo;essentiel est que le r\u00e9sultat en vaille la peine !<\/p>\n\n<h3 class=\"wp-block-heading\">Tout sur la <a href=\"https:\/\/medclinics.com\/fr\/cosmetologie-classique\/\" target=\"_blank\" rel=\"noreferrer noopener\">cosm\u00e9tologie classique<\/a>, y compris les prix, les soins et plus encore, <a href=\"#requestform\">contactez-nous<\/a>!<\/h3>\n\n<h2 class=\"wp-block-heading\">FAQ  <\/h2>\n<div id=\"rank-math-faq\" class=\"rank-math-block\">\n<div class=\"rank-math-list \">\n<div id=\"faq-question-1685688043925\" class=\"rank-math-list-item\">\n<h3 class=\"rank-math-question \">Qu&rsquo;est-ce que le nettoyage de la peau ?<\/h3>\n<div class=\"rank-math-answer \">\n\n<p>Le nettoyage de la peau consiste \u00e0 \u00e9liminer la salet\u00e9, les impuret\u00e9s et l&rsquo;exc\u00e8s de s\u00e9bum de la peau afin de favoriser un teint sain et clair.<\/p>\n\n<\/div>\n<\/div>\n<div id=\"faq-question-1685688195746\" class=\"rank-math-list-item\">\n<h3 class=\"rank-math-question \">Pourquoi le nettoyage de la peau est-il important ?<\/h3>\n<div class=\"rank-math-answer \">\n\n<p>Le nettoyage de la peau est important pour pr\u00e9parer la peau \u00e0 l&rsquo;absorption des produits de soin. Il leur permet de travailler plus efficacement et d&rsquo;obtenir des r\u00e9sultats optimaux.<\/p>\n\n<\/div>\n<\/div>\n<div id=\"faq-question-1685688569958\" class=\"rank-math-list-item\">\n<h3 class=\"rank-math-question \">Quels sont les types de nettoyage de la peau ?<\/h3>\n<div class=\"rank-math-answer \">\n\n<p>Le nettoyage m\u00e9canique du visage, le nettoyage ultrasonique du visage, le nettoyage sous vide du visage, le nettoyage HydraFacial sont des types de nettoyage de la peau.<\/p>\n\n<\/div>\n<\/div>\n<\/div>\n<\/div>\n<h3 class=\"wp-block-heading\">Contactez-nous d\u00e8s maintenant si vous avez des questions !<\/h3>\n","protected":false},"excerpt":{"rendered":"<p>Si vous cherchez un moyen de vous d\u00e9barrasser des impuret\u00e9s, de l&rsquo;acn\u00e9 et des taches noires, Skin Cleansing peut \u00eatre [&hellip;]<\/p>\n","protected":false},"author":4,"featured_media":161762,"parent":0,"menu_order":0,"comment_status":"closed","ping_status":"closed","template":"","meta":{"site-sidebar-layout":"default","site-content-layout":"","ast-site-content-layout":"default","site-content-style":"default","site-sidebar-style":"default","ast-global-header-display":"","ast-banner-title-visibility":"","ast-main-header-display":"","ast-hfb-above-header-display":"","ast-hfb-below-header-display":"","ast-hfb-mobile-header-display":"","site-post-title":"","ast-breadcrumbs-content":"","ast-featured-img":"","footer-sml-layout":"","ast-disable-related-posts":"","theme-transparent-header-meta":"","adv-header-id-meta":"","stick-header-meta":"","header-above-stick-meta":"","header-main-stick-meta":"","header-below-stick-meta":"","astra-migrate-meta-layouts":"default","ast-page-background-enabled":"default","ast-page-background-meta":{"desktop":{"background-color":"var(--ast-global-color-4)","background-image":"","background-repeat":"repeat","background-position":"center center","background-size":"auto","background-attachment":"scroll","background-type":"","background-media":"","overlay-type":"","overlay-color":"","overlay-opacity":"","overlay-gradient":""},"tablet":{"background-color":"","background-image":"","background-repeat":"repeat","background-position":"center center","background-size":"auto","background-attachment":"scroll","background-type":"","background-media":"","overlay-type":"","overlay-color":"","overlay-opacity":"","overlay-gradient":""},"mobile":{"background-color":"","background-image":"","background-repeat":"repeat","background-position":"center center","background-size":"auto","background-attachment":"scroll","background-type":"","background-media":"","overlay-type":"","overlay-color":"","overlay-opacity":"","overlay-gradient":""}},"ast-content-background-meta":{"desktop":{"background-color":"var(--ast-global-color-5)","background-image":"","background-repeat":"repeat","background-position":"center center","background-size":"auto","background-attachment":"scroll","background-type":"","background-media":"","overlay-type":"","overlay-color":"","overlay-opacity":"","overlay-gradient":""},"tablet":{"background-color":"var(--ast-global-color-5)","background-image":"","background-repeat":"repeat","background-position":"center center","background-size":"auto","background-attachment":"scroll","background-type":"","background-media":"","overlay-type":"","overlay-color":"","overlay-opacity":"","overlay-gradient":""},"mobile":{"background-color":"var(--ast-global-color-5)","background-image":"","background-repeat":"repeat","background-position":"center center","background-size":"auto","background-attachment":"scroll","background-type":"","background-media":"","overlay-type":"","overlay-color":"","overlay-opacity":"","overlay-gradient":""}},"footnotes":""},"class_list":["post-147930","page","type-page","status-publish","has-post-thumbnail","hentry"],"_links":{"self":[{"href":"https:\/\/medclinics.com\/fr\/wp-json\/wp\/v2\/pages\/147930","targetHints":{"allow":["GET"]}}],"collection":[{"href":"https:\/\/medclinics.com\/fr\/wp-json\/wp\/v2\/pages"}],"about":[{"href":"https:\/\/medclinics.com\/fr\/wp-json\/wp\/v2\/types\/page"}],"author":[{"embeddable":true,"href":"https:\/\/medclinics.com\/fr\/wp-json\/wp\/v2\/users\/4"}],"replies":[{"embeddable":true,"href":"https:\/\/medclinics.com\/fr\/wp-json\/wp\/v2\/comments?post=147930"}],"version-history":[{"count":0,"href":"https:\/\/medclinics.com\/fr\/wp-json\/wp\/v2\/pages\/147930\/revisions"}],"wp:featuredmedia":[{"embeddable":true,"href":"https:\/\/medclinics.com\/fr\/wp-json\/wp\/v2\/media\/161762"}],"wp:attachment":[{"href":"https:\/\/medclinics.com\/fr\/wp-json\/wp\/v2\/media?parent=147930"}],"curies":[{"name":"wp","href":"https:\/\/api.w.org\/{rel}","templated":true}]}}