{"id":147906,"date":"2023-06-02T07:18:28","date_gmt":"2023-06-02T04:18:28","guid":{"rendered":"https:\/\/medclinics.com\/peeling-chimique\/"},"modified":"2024-04-14T23:03:35","modified_gmt":"2024-04-14T20:03:35","slug":"peeling-chimique","status":"publish","type":"page","link":"https:\/\/medclinics.com\/fr\/peeling-chimique\/","title":{"rendered":"Peeling chimique"},"content":{"rendered":"\n<h2 class=\"wp-block-heading\">Si vous cherchez un moyen de renouveler les cellules de votre peau et d&rsquo;obtenir une belle couleur, une apparence lisse et soign\u00e9e, le peeling chimique peut \u00eatre la meilleure solution.<\/h2>\n\n<p>Le peeling chimique est l&rsquo;occasion de rafra\u00eechir et de nettoyer le visage, d&rsquo;uniformiser le relief, d&rsquo;\u00e9liminer les ridules en quelques interventions. Apr\u00e8s les s\u00e9ances, les cellules de la peau sont compl\u00e8tement renouvel\u00e9es,  <\/p>\n\n<h3 class=\"wp-block-heading\"><strong>Tous les peelings chimiques peuvent \u00eatre divis\u00e9s en 3 types :<\/strong><\/h3>\n\n<ul class=\"wp-block-list\">\n<li>Peeling chimique superficiel &#8211; seul l&rsquo;\u00e9piderme (couche sup\u00e9rieure de la peau) est touch\u00e9 ;<\/li>\n\n\n\n<li>peeling chimique m\u00e9dian &#8211; impact sur l&rsquo;\u00e9piderme et le derme (couches superficielles) ;<\/li>\n\n\n\n<li>Peeling chimique profond &#8211; impact sur les couches inf\u00e9rieures de la peau.<\/li>\n<\/ul>\n\n<h3 class=\"wp-block-heading\">Types de peelings <a href=\"https:\/\/medclinics.com\/fr\/dermatologie-a-istanbul-turquie-les-meilleurs-dermatologues-prix-et-cliniques\/\" data-type=\"post\" data-id=\"146967\">chimiques<\/a> :<\/h3>\n\n<figure class=\"wp-block-image size-full\"><img fetchpriority=\"high\" decoding=\"async\" width=\"780\" height=\"488\" src=\"https:\/\/medclinics.com\/wp-content\/uploads\/2024\/04\/chemical-peeling-beauty-salon-near-me.jpg\" alt=\"Peeling chimique - salon de beaut&#xE9; pr&#xE8;s de chez moi\" class=\"wp-image-161745\" srcset=\"https:\/\/medclinics.com\/wp-content\/uploads\/2024\/04\/chemical-peeling-beauty-salon-near-me.jpg 780w, https:\/\/medclinics.com\/wp-content\/uploads\/2024\/04\/chemical-peeling-beauty-salon-near-me-300x188.jpg 300w, https:\/\/medclinics.com\/wp-content\/uploads\/2024\/04\/chemical-peeling-beauty-salon-near-me-768x480.jpg 768w\" sizes=\"(max-width: 780px) 100vw, 780px\" \/><\/figure>\n\n<ul class=\"wp-block-list\">\n<li><strong>Peeling chimique \u00e0 base d&rsquo;acide glycolique (acide de fruit)<\/strong><br\/>Il s&rsquo;agit du type de peeling superficiel le plus courant (qui n&rsquo;affecte que la couche sup\u00e9rieure de la peau). L&rsquo;acide glycolique est largement utilis\u00e9 pour r\u00e9soudre des probl\u00e8mes tels que : rides fines, pores dilat\u00e9s, hyperpigmentation, post-acn\u00e9, augmentation des glandes s\u00e9bac\u00e9es.<br\/>Il p\u00e9n\u00e8tre facilement dans la peau, o\u00f9 il affecte l&rsquo;\u00e9tat physiologique de l&rsquo;\u00e9piderme. La peau commence \u00e0 se renouveler activement, \u00e0 s&rsquo;hydrater et \u00e0 devenir \u00e9lastique.<br\/>Il permet de retrouver un beau teint, de faire dispara\u00eetre la nervosit\u00e9, les rides fines et l&rsquo;acn\u00e9. En raison de son effet superficiel, le peeling au glycol n\u00e9cessite une p\u00e9riode de r\u00e9\u00e9ducation minimale.<\/li>\n\n\n\n<li><strong>Peeling jaune r\u00e9tino\u00efque<\/strong><br\/>Il s&rsquo;agit de l&rsquo;un des peelings moyens les plus populaires. Le peeling est bas\u00e9 sur l&rsquo;acide r\u00e9tino\u00efque, qui a une couleur jaune. La proc\u00e9dure peut \u00eatre effectu\u00e9e sur diff\u00e9rents types de peau et est recommand\u00e9e pour les premiers signes de vieillissement, l&rsquo;hyperpigmentation et les irr\u00e9gularit\u00e9s de la surface de la peau (cicatrices).<br\/>L&rsquo;acide r\u00e9tino\u00efque est un acide liposoluble, un antioxydant. En p\u00e9n\u00e9trant dans la peau, il agit sur l&rsquo;\u00e9piderme en r\u00e9gulant les processus de k\u00e9ratinisation et de pigmentation.<br\/>Il restaure la matrice intercellulaire, qui se d\u00e9truit progressivement avec l&rsquo;\u00e2ge (et donc l&rsquo;apparition des rides). L&rsquo;une des caract\u00e9ristiques de l&rsquo;acide r\u00e9tino\u00efque est qu&rsquo;il r\u00e9duit de mani\u00e8re significative le niveau de s\u00e9cr\u00e9tion de s\u00e9bum.<br\/>L&rsquo;intervention am\u00e9liore la circulation sanguine et lymphatique dans l&rsquo;\u00e9piderme, la peau est nettoy\u00e9e, restaur\u00e9e et acquiert un aspect sain et soign\u00e9.<\/li>\n\n\n\n<li><strong>Pelage du lait<\/strong><br\/>Ce peeling agit sur les couches superficielles de la peau. Il est \u00e0 base d&rsquo;acide lactique, qui am\u00e9liore la microcirculation sanguine, assure le renouvellement cellulaire, \u00e9paissit et hydrate la peau. Le peeling au lait est moins traumatisant et n&rsquo;a pas d&rsquo;effets secondaires. Le peeling au lait est indiqu\u00e9 m\u00eame pour les peaux sensibles.<br\/>La peau est liss\u00e9e, elle acquiert un aspect sain et juteux, sa tonicit\u00e9 et son \u00e9lasticit\u00e9 sont restaur\u00e9es. Les antioxydants inclus dans la composition ont un effet anti-inflammatoire, de sorte que la proc\u00e9dure est efficace pour le traitement de l&rsquo;acn\u00e9.<\/li>\n\n\n\n<li><strong>Peeling de l&rsquo;acn\u00e9<\/strong><br\/>Il s&rsquo;agit d&rsquo;un traitement professionnel dans le cabinet du sp\u00e9cialiste \u00e0 l&rsquo;aide de l&rsquo;Acne pack, avec maintien ult\u00e9rieur des r\u00e9sultats \u00e0 la maison.<br\/>Une approche globale couvrant les diff\u00e9rents facteurs \u00e0 l&rsquo;origine de l&rsquo;acn\u00e9 permet de contr\u00f4ler et d&rsquo;att\u00e9nuer avec succ\u00e8s les effets de la peau acn\u00e9ique : nettoyage des canaux folliculaires, r\u00e9duction de la production de s\u00e9bum, contr\u00f4le de la croissance bact\u00e9rienne, r\u00e9duction de l&rsquo;inflammation, r\u00e9duction de l&rsquo;hyperpigmentation post-acn\u00e9ique.<br\/>Si, apr\u00e8s les interventions, l&rsquo;acn\u00e9 r\u00e9appara\u00eet \u00e0 plusieurs reprises, il est probable que la raison en soit un mauvais fonctionnement de l&rsquo;organisme. Vous devez alors contacter un th\u00e9rapeute, un gyn\u00e9cologue ou un endocrinologue. Dans certains cas, un traitement antibiotique ou une th\u00e9rapie hormonale peut \u00eatre utile.<\/li>\n\n\n\n<li><strong>Peeling Cosmelan<\/strong><br\/>Le programme de d\u00e9pigmentation Cosmelan est un programme professionnel de blanchiment destin\u00e9 \u00e0 \u00e9liminer les taches pigmentaires d&rsquo;origine m\u00e9lanique sur le visage, le cou, le d\u00e9collet\u00e9 et les mains. Le programme offre un r\u00e9sultat durable et visible &#8211; l&rsquo;\u00e9limination des taches de vieillesse ainsi qu&rsquo;un effet rajeunissant, l&rsquo;uniformisation du teint et l&rsquo;am\u00e9lioration de la qualit\u00e9 de la peau.<br\/>Gr\u00e2ce \u00e0 la stimulation de la r\u00e9g\u00e9n\u00e9ration cellulaire et de la circulation capillaire, la peau devient plus douce, plus lisse, plus \u00e9clatante et le teint naturel s&rsquo;am\u00e9liore. Apr\u00e8s quelques semaines, vous constaterez une am\u00e9lioration de l&rsquo;\u00e9tat de votre peau &#8211; les taches de vieillesse s&rsquo;\u00e9claircissent, la peau devient \u00e9clatante et de couleur uniforme.<\/li>\n<\/ul>\n\n<h3 class=\"wp-block-heading\">Tout ce que vous devez savoir sur la <a href=\"https:\/\/medclinics.com\/fr\/cosmetologie-classique\/\" target=\"_blank\" rel=\"noreferrer noopener\">cosm\u00e9tologie classique<\/a>, y compris le prix, les soins et le processus de gu\u00e9rison, ou <a href=\"#requestform\">contactez-nous<\/a>!<\/h3>\n\n<h2 class=\"wp-block-heading\">FAQ  <\/h2>\n<div id=\"rank-math-faq\" class=\"rank-math-block\">\n<div class=\"rank-math-list \">\n<div id=\"faq-question-1685689865914\" class=\"rank-math-list-item\">\n<h3 class=\"rank-math-question \">Qu&rsquo;est-ce que le peeling chimique ?<\/h3>\n<div class=\"rank-math-answer \">\n\n<p>Le peeling chimique est une proc\u00e9dure qui utilise une solution chimique pour exfolier et rajeunir la peau, traitant ainsi divers probl\u00e8mes cutan\u00e9s.<\/p>\n\n<\/div>\n<\/div>\n<div id=\"faq-question-1685689958437\" class=\"rank-math-list-item\">\n<h3 class=\"rank-math-question \">Qu&rsquo;est-ce qui est le plus efficace : le microneedling ou le peeling chimique ?<\/h3>\n<div class=\"rank-math-answer \">\n\n<p>Le microneedling stimule la production de collag\u00e8ne et traite certaines cicatrices. Le peeling chimique cible les probl\u00e8mes cutan\u00e9s superficiels et favorise le renouvellement de la peau. Le choix entre les deux d\u00e9pend donc des besoins et des objectifs sp\u00e9cifiques.<\/p>\n\n<\/div>\n<\/div>\n<div id=\"faq-question-1685689961439\" class=\"rank-math-list-item\">\n<h3 class=\"rank-math-question \">Le microneedling ou le peeling chimique sont-ils meilleurs pour les cicatrices ?<\/h3>\n<div class=\"rank-math-answer \">\n\n<p>Le microneedling et les peelings chimiques peuvent \u00eatre efficaces pour traiter certains types de cicatrices.<\/p>\n\n<\/div>\n<\/div>\n<\/div>\n<\/div>\n<p><\/p>\n\n<h3 class=\"wp-block-heading\">Contactez-nous d\u00e8s maintenant si vous avez des questions !<\/h3>\n","protected":false},"excerpt":{"rendered":"<p>Si vous cherchez un moyen de renouveler les cellules de votre peau et d&rsquo;obtenir une belle couleur, une apparence lisse [&hellip;]<\/p>\n","protected":false},"author":4,"featured_media":161747,"parent":0,"menu_order":0,"comment_status":"closed","ping_status":"closed","template":"","meta":{"site-sidebar-layout":"default","site-content-layout":"","ast-site-content-layout":"default","site-content-style":"default","site-sidebar-style":"default","ast-global-header-display":"","ast-banner-title-visibility":"","ast-main-header-display":"","ast-hfb-above-header-display":"","ast-hfb-below-header-display":"","ast-hfb-mobile-header-display":"","site-post-title":"","ast-breadcrumbs-content":"","ast-featured-img":"","footer-sml-layout":"","ast-disable-related-posts":"","theme-transparent-header-meta":"","adv-header-id-meta":"","stick-header-meta":"","header-above-stick-meta":"","header-main-stick-meta":"","header-below-stick-meta":"","astra-migrate-meta-layouts":"default","ast-page-background-enabled":"default","ast-page-background-meta":{"desktop":{"background-color":"var(--ast-global-color-4)","background-image":"","background-repeat":"repeat","background-position":"center center","background-size":"auto","background-attachment":"scroll","background-type":"","background-media":"","overlay-type":"","overlay-color":"","overlay-opacity":"","overlay-gradient":""},"tablet":{"background-color":"","background-image":"","background-repeat":"repeat","background-position":"center center","background-size":"auto","background-attachment":"scroll","background-type":"","background-media":"","overlay-type":"","overlay-color":"","overlay-opacity":"","overlay-gradient":""},"mobile":{"background-color":"","background-image":"","background-repeat":"repeat","background-position":"center center","background-size":"auto","background-attachment":"scroll","background-type":"","background-media":"","overlay-type":"","overlay-color":"","overlay-opacity":"","overlay-gradient":""}},"ast-content-background-meta":{"desktop":{"background-color":"var(--ast-global-color-5)","background-image":"","background-repeat":"repeat","background-position":"center center","background-size":"auto","background-attachment":"scroll","background-type":"","background-media":"","overlay-type":"","overlay-color":"","overlay-opacity":"","overlay-gradient":""},"tablet":{"background-color":"var(--ast-global-color-5)","background-image":"","background-repeat":"repeat","background-position":"center center","background-size":"auto","background-attachment":"scroll","background-type":"","background-media":"","overlay-type":"","overlay-color":"","overlay-opacity":"","overlay-gradient":""},"mobile":{"background-color":"var(--ast-global-color-5)","background-image":"","background-repeat":"repeat","background-position":"center center","background-size":"auto","background-attachment":"scroll","background-type":"","background-media":"","overlay-type":"","overlay-color":"","overlay-opacity":"","overlay-gradient":""}},"footnotes":""},"class_list":["post-147906","page","type-page","status-publish","has-post-thumbnail","hentry"],"_links":{"self":[{"href":"https:\/\/medclinics.com\/fr\/wp-json\/wp\/v2\/pages\/147906","targetHints":{"allow":["GET"]}}],"collection":[{"href":"https:\/\/medclinics.com\/fr\/wp-json\/wp\/v2\/pages"}],"about":[{"href":"https:\/\/medclinics.com\/fr\/wp-json\/wp\/v2\/types\/page"}],"author":[{"embeddable":true,"href":"https:\/\/medclinics.com\/fr\/wp-json\/wp\/v2\/users\/4"}],"replies":[{"embeddable":true,"href":"https:\/\/medclinics.com\/fr\/wp-json\/wp\/v2\/comments?post=147906"}],"version-history":[{"count":0,"href":"https:\/\/medclinics.com\/fr\/wp-json\/wp\/v2\/pages\/147906\/revisions"}],"wp:featuredmedia":[{"embeddable":true,"href":"https:\/\/medclinics.com\/fr\/wp-json\/wp\/v2\/media\/161747"}],"wp:attachment":[{"href":"https:\/\/medclinics.com\/fr\/wp-json\/wp\/v2\/media?parent=147906"}],"curies":[{"name":"wp","href":"https:\/\/api.w.org\/{rel}","templated":true}]}}