{"id":147900,"date":"2023-06-02T08:26:50","date_gmt":"2023-06-02T05:26:50","guid":{"rendered":"https:\/\/medclinics.com\/therapie-a-la-paraffine\/"},"modified":"2024-04-14T23:03:34","modified_gmt":"2024-04-14T20:03:34","slug":"therapie-a-la-paraffine","status":"publish","type":"page","link":"https:\/\/medclinics.com\/fr\/therapie-a-la-paraffine\/","title":{"rendered":"Th\u00e9rapie \u00e0 la paraffine"},"content":{"rendered":"\n<h2 class=\"wp-block-heading\">Si vous recherchez une peau litt\u00e9ralement \u00ab\u00a0velout\u00e9e\u00a0\u00bb, la paraffinoth\u00e9rapie hydrate et adoucit parfaitement votre corps.<\/h2>\n\n<p>Il s&rsquo;agit d&rsquo;une m\u00e9thode de traitement thermique agr\u00e9able et relaxante. La proc\u00e9dure utilise de la paraffine liquide, qui a un effet b\u00e9n\u00e9fique sur la peau. La <a href=\"https:\/\/en.wikipedia.org\/wiki\/Paraffin_wax\" target=\"_blank\" rel=\"noreferrer noopener\">paraffine<\/a> a une capacit\u00e9 thermique \u00e9lev\u00e9e. Dans les proc\u00e9dures cosm\u00e9tiques de la paraffinoth\u00e9rapie, diverses vitamines sont \u00e9galement utilis\u00e9es, ce qui renforce l&rsquo;effet th\u00e9rapeutique de la paraffine.<\/p>\n\n<p>Cette proc\u00e9dure peut \u00eatre effectu\u00e9e pour le visage, les mains et les pieds :<\/p>\n\n<ul class=\"wp-block-list\">\n<li>visage &#8211; aide les peaux \u00e0 probl\u00e8mes, les peaux d\u00e9color\u00e9es, s\u00e8ches ou gonfl\u00e9es. Hydrate significativement, lisse, redonne de la tendresse et un beau teint ;<\/li>\n\n\n\n<li>mains &#8211; permet de se d\u00e9barrasser de la s\u00e9cheresse, de la desquamation et des fissures. Rend la peau des mains douce et velout\u00e9e ;<\/li>\n\n\n\n<li>pieds &#8211; cette proc\u00e9dure est particuli\u00e8rement adapt\u00e9e si vous avez une peau s\u00e8che et rugueuse sur les pieds. Cette th\u00e9rapie permet d&rsquo;assouplir les tissus, de se d\u00e9barrasser des callosit\u00e9s, d&rsquo;hydrater la peau, de soulager les gonflements et la fatigue.<\/li>\n<\/ul>\n\n<figure class=\"wp-block-image size-full\"><img fetchpriority=\"high\" decoding=\"async\" width=\"780\" height=\"488\" src=\"https:\/\/medclinics.com\/wp-content\/uploads\/2024\/04\/paraffin-therapy-beauty-salon.jpg\" alt=\"paraffine-th&#xE9;rapie-salon de beaut&#xE9;\" class=\"wp-image-161721\" srcset=\"https:\/\/medclinics.com\/wp-content\/uploads\/2024\/04\/paraffin-therapy-beauty-salon.jpg 780w, https:\/\/medclinics.com\/wp-content\/uploads\/2024\/04\/paraffin-therapy-beauty-salon-300x188.jpg 300w, https:\/\/medclinics.com\/wp-content\/uploads\/2024\/04\/paraffin-therapy-beauty-salon-768x480.jpg 768w\" sizes=\"(max-width: 780px) 100vw, 780px\" \/><\/figure>\n\n<h3 class=\"wp-block-heading\">Tout ce que vous devez savoir sur la <a href=\"https:\/\/medclinics.com\/fr\/cosmetologie-classique\/\" target=\"_blank\" rel=\"noreferrer noopener\">cosm\u00e9tologie classique<\/a>, y compris les prix et les soins, ou <a href=\"#requestform\">contactez-nous<\/a>!<\/h3>\n\n<h3 class=\"wp-block-heading\">FAQ<\/h3>\n<div id=\"rank-math-faq\" class=\"rank-math-block\">\n<div class=\"rank-math-list \">\n<div id=\"faq-question-1685693601504\" class=\"rank-math-list-item\">\n<h3 class=\"rank-math-question \">Qu&rsquo;est-ce que la paraffinoth\u00e9rapie ?<\/h3>\n<div class=\"rank-math-answer \">\n\n<p>La paraffinoth\u00e9rapie est une forme de th\u00e9rapie par la chaleur. Il s&rsquo;agit d&rsquo;appliquer de la cire de paraffine chaude sur les mains, les pieds ou d&rsquo;autres parties du corps.<\/p>\n\n<\/div>\n<\/div>\n<div id=\"faq-question-1685693681527\" class=\"rank-math-list-item\">\n<h3 class=\"rank-math-question \">La paraffinoth\u00e9rapie est-elle efficace ?<\/h3>\n<div class=\"rank-math-answer \">\n\n<p>Oui, il peut \u00eatre efficace en apportant divers avantages. La chaleur de la cire de paraffine contribue \u00e0 am\u00e9liorer la circulation sanguine, \u00e0 d\u00e9tendre les muscles et \u00e0 soulager les raideurs articulaires.<\/p>\n\n<\/div>\n<\/div>\n<div id=\"faq-question-1685693827314\" class=\"rank-math-list-item\">\n<h3 class=\"rank-math-question \">La paraffine est-elle vraiment b\u00e9n\u00e9fique pour la peau ?<\/h3>\n<div class=\"rank-math-answer \">\n\n<p>Oui, il peut contribuer \u00e0 am\u00e9liorer l&rsquo;\u00e9tat de la peau en l&rsquo;hydratant en profondeur, en l&rsquo;adoucissant et en la rendant plus rugueuse.<\/p>\n\n<\/div>\n<\/div>\n<\/div>\n<\/div>\n<p><\/p>\n\n<h3 class=\"wp-block-heading\">Contactez-nous d\u00e8s maintenant si vous avez des questions !<\/h3>\n","protected":false},"excerpt":{"rendered":"<p>Si vous recherchez une peau litt\u00e9ralement \u00ab\u00a0velout\u00e9e\u00a0\u00bb, la paraffinoth\u00e9rapie hydrate et adoucit parfaitement votre corps. Il s&rsquo;agit d&rsquo;une m\u00e9thode de [&hellip;]<\/p>\n","protected":false},"author":4,"featured_media":161723,"parent":0,"menu_order":0,"comment_status":"closed","ping_status":"closed","template":"","meta":{"site-sidebar-layout":"default","site-content-layout":"","ast-site-content-layout":"default","site-content-style":"default","site-sidebar-style":"default","ast-global-header-display":"","ast-banner-title-visibility":"","ast-main-header-display":"","ast-hfb-above-header-display":"","ast-hfb-below-header-display":"","ast-hfb-mobile-header-display":"","site-post-title":"","ast-breadcrumbs-content":"","ast-featured-img":"","footer-sml-layout":"","ast-disable-related-posts":"","theme-transparent-header-meta":"","adv-header-id-meta":"","stick-header-meta":"","header-above-stick-meta":"","header-main-stick-meta":"","header-below-stick-meta":"","astra-migrate-meta-layouts":"default","ast-page-background-enabled":"default","ast-page-background-meta":{"desktop":{"background-color":"var(--ast-global-color-4)","background-image":"","background-repeat":"repeat","background-position":"center center","background-size":"auto","background-attachment":"scroll","background-type":"","background-media":"","overlay-type":"","overlay-color":"","overlay-opacity":"","overlay-gradient":""},"tablet":{"background-color":"","background-image":"","background-repeat":"repeat","background-position":"center center","background-size":"auto","background-attachment":"scroll","background-type":"","background-media":"","overlay-type":"","overlay-color":"","overlay-opacity":"","overlay-gradient":""},"mobile":{"background-color":"","background-image":"","background-repeat":"repeat","background-position":"center center","background-size":"auto","background-attachment":"scroll","background-type":"","background-media":"","overlay-type":"","overlay-color":"","overlay-opacity":"","overlay-gradient":""}},"ast-content-background-meta":{"desktop":{"background-color":"var(--ast-global-color-5)","background-image":"","background-repeat":"repeat","background-position":"center center","background-size":"auto","background-attachment":"scroll","background-type":"","background-media":"","overlay-type":"","overlay-color":"","overlay-opacity":"","overlay-gradient":""},"tablet":{"background-color":"var(--ast-global-color-5)","background-image":"","background-repeat":"repeat","background-position":"center center","background-size":"auto","background-attachment":"scroll","background-type":"","background-media":"","overlay-type":"","overlay-color":"","overlay-opacity":"","overlay-gradient":""},"mobile":{"background-color":"var(--ast-global-color-5)","background-image":"","background-repeat":"repeat","background-position":"center center","background-size":"auto","background-attachment":"scroll","background-type":"","background-media":"","overlay-type":"","overlay-color":"","overlay-opacity":"","overlay-gradient":""}},"footnotes":""},"class_list":["post-147900","page","type-page","status-publish","has-post-thumbnail","hentry"],"_links":{"self":[{"href":"https:\/\/medclinics.com\/fr\/wp-json\/wp\/v2\/pages\/147900","targetHints":{"allow":["GET"]}}],"collection":[{"href":"https:\/\/medclinics.com\/fr\/wp-json\/wp\/v2\/pages"}],"about":[{"href":"https:\/\/medclinics.com\/fr\/wp-json\/wp\/v2\/types\/page"}],"author":[{"embeddable":true,"href":"https:\/\/medclinics.com\/fr\/wp-json\/wp\/v2\/users\/4"}],"replies":[{"embeddable":true,"href":"https:\/\/medclinics.com\/fr\/wp-json\/wp\/v2\/comments?post=147900"}],"version-history":[{"count":0,"href":"https:\/\/medclinics.com\/fr\/wp-json\/wp\/v2\/pages\/147900\/revisions"}],"wp:featuredmedia":[{"embeddable":true,"href":"https:\/\/medclinics.com\/fr\/wp-json\/wp\/v2\/media\/161723"}],"wp:attachment":[{"href":"https:\/\/medclinics.com\/fr\/wp-json\/wp\/v2\/media?parent=147900"}],"curies":[{"name":"wp","href":"https:\/\/api.w.org\/{rel}","templated":true}]}}