{"id":147874,"date":"2023-06-02T12:39:26","date_gmt":"2023-06-02T09:39:26","guid":{"rendered":"https:\/\/medclinics.com\/materiel-electrique-cosmetologie\/"},"modified":"2024-04-14T23:03:34","modified_gmt":"2024-04-14T20:03:34","slug":"materiel-electrique-cosmetologie","status":"publish","type":"page","link":"https:\/\/medclinics.com\/fr\/materiel-electrique-cosmetologie\/","title":{"rendered":"Mat\u00e9riel \u00e9lectrique Cosm\u00e9tologie"},"content":{"rendered":"\n<h2 class=\"wp-block-heading\">L&rsquo;esth\u00e9ticienne choisira la technique de cosm\u00e9tologie avec mat\u00e9riel \u00e9lectrique qui vous convient.<\/h2>\n\n<figure class=\"wp-block-image size-full\"><img fetchpriority=\"high\" decoding=\"async\" width=\"780\" height=\"488\" src=\"https:\/\/medclinics.com\/wp-content\/uploads\/2024\/04\/Radio-Frequency-Hardware-Cosmetology-therapy-hardware.jpg\" alt=\"\" class=\"wp-image-161413\" srcset=\"https:\/\/medclinics.com\/wp-content\/uploads\/2024\/04\/Radio-Frequency-Hardware-Cosmetology-therapy-hardware.jpg 780w, https:\/\/medclinics.com\/wp-content\/uploads\/2024\/04\/Radio-Frequency-Hardware-Cosmetology-therapy-hardware-300x188.jpg 300w, https:\/\/medclinics.com\/wp-content\/uploads\/2024\/04\/Radio-Frequency-Hardware-Cosmetology-therapy-hardware-768x480.jpg 768w\" sizes=\"(max-width: 780px) 100vw, 780px\" \/><\/figure>\n\n<ul class=\"wp-block-list\">\n<li><strong>Galvanisation faciale<\/strong><br\/>Il s&rsquo;agit d&rsquo;une m\u00e9thode moderne de restauration et de <a href=\"https:\/\/en.wikipedia.org\/wiki\/Rejuvenation\" target=\"_blank\" rel=\"noreferrer noopener\">rajeunissement de<\/a> la peau du visage qui utilise les propri\u00e9t\u00e9s th\u00e9rapeutiques de faibles courants \u00e9lectriques. Il active les processus m\u00e9taboliques, normalise la circulation sanguine et nettoie la peau en profondeur. Apr\u00e8s le premier traitement, la peau gu\u00e9rit et devient plus fra\u00eeche et plus ferme.<\/li>\n\n\n\n<li><strong>Myostimulation<\/strong><br\/>Il s&rsquo;agit de traiter les muscles \u00e0 l&rsquo;aide d&rsquo;un courant \u00e9lectrique de faible puissance afin de les renforcer. Le traitement est effectu\u00e9 \u00e0 l&rsquo;aide d&rsquo;un \u00e9quipement sp\u00e9cial. Le traitement par myostimulation est utilis\u00e9 dans les cas suivants : remodelage du corps, perte de poids, restauration du tonus musculaire, p\u00e9riode post-op\u00e9ratoire, correction de l&rsquo;affaissement du visage, des rides et des cernes sous les yeux.<\/li>\n\n\n\n<li><strong>Electroporation<\/strong><br\/>Il s&rsquo;agit d&rsquo;une m\u00e9thode de soin de la peau non invasive qui utilise le courant \u00e9lectrique pour ouvrir les micropores et permettre aux produits cosm\u00e9tiques th\u00e9rapeutiques de p\u00e9n\u00e9trer en profondeur dans l&rsquo;\u00e9piderme. Apr\u00e8s l&rsquo;\u00e9lectroporation, la peau devient plus claire et le teint plus lisse, les rides, les cicatrices et les taches disparaissent. L&rsquo;\u00e9lectroporation est \u00e9galement utilis\u00e9e pour une r\u00e9cup\u00e9ration rapide de la peau apr\u00e8s les traitements au laser et les peelings.<\/li>\n\n\n\n<li><strong>Th\u00e9rapie par microcourant<\/strong><br\/>Il s&rsquo;agit d&rsquo;une proc\u00e9dure de rajeunissement de la peau utilisant des courants de basse fr\u00e9quence et de faible impulsion. L&rsquo;action douce des microcourants sur la peau stimule la synth\u00e8se des prot\u00e9ines, am\u00e9liore le m\u00e9tabolisme cellulaire et restaure les muscles du visage. La proc\u00e9dure est confortable et indolore car elle n&rsquo;affecte pas l&rsquo;int\u00e9grit\u00e9 de la peau.<\/li>\n<\/ul>\n\n<p>Le microcourant a un effet complexe sur la peau, les muscles, les vaisseaux sanguins et lymphatiques, ce qui permet non seulement de \u00ab\u00a0masquer\u00a0\u00bb les changements li\u00e9s \u00e0 l&rsquo;\u00e2ge, mais aussi de rajeunir la peau au niveau cellulaire. Pendant le traitement par microcourant, les cellules re\u00e7oivent de l&rsquo;oxyg\u00e8ne et des nutriments et le m\u00e9tabolisme est am\u00e9lior\u00e9. En outre, le collag\u00e8ne naturel et l&rsquo;\u00e9lastine sont produits de mani\u00e8re intensive dans la peau, ce qui augmente la fermet\u00e9 de la peau et r\u00e9duit les rides.<\/p>\n\n<figure class=\"wp-block-image size-full\"><img decoding=\"async\" width=\"780\" height=\"488\" src=\"https:\/\/medclinics.com\/wp-content\/uploads\/2024\/04\/Electrical-Hardware-Cosmetology-Example.jpg\" alt=\"Mat&#xE9;riel &#xE9;lectrique Exemple de cosm&#xE9;tologie\" class=\"wp-image-161428\" srcset=\"https:\/\/medclinics.com\/wp-content\/uploads\/2024\/04\/Electrical-Hardware-Cosmetology-Example.jpg 780w, https:\/\/medclinics.com\/wp-content\/uploads\/2024\/04\/Electrical-Hardware-Cosmetology-Example-300x188.jpg 300w, https:\/\/medclinics.com\/wp-content\/uploads\/2024\/04\/Electrical-Hardware-Cosmetology-Example-768x480.jpg 768w\" sizes=\"(max-width: 780px) 100vw, 780px\" \/><\/figure>\n\n<h3 class=\"wp-block-heading\">Tout ce que vous devez savoir sur la <a href=\"https:\/\/medclinics.com\/fr\/cosmetologie-materielle\/\" target=\"_blank\" rel=\"noreferrer noopener\">cosm\u00e9tologie mat\u00e9rielle<\/a>, ou <a href=\"#requestform\">contactez-nous<\/a> d\u00e8s maintenant !<\/h3>\n\n<h3 class=\"wp-block-heading\">FAQ<\/h3>\n<div id=\"rank-math-faq\" class=\"rank-math-block\">\n<div class=\"rank-math-list \">\n<div id=\"faq-question-1685708971726\" class=\"rank-math-list-item\">\n<h3 class=\"rank-math-question \">Quelle est la technique de cosm\u00e9tologie du mat\u00e9riel \u00e9lectrique ?<\/h3>\n<div class=\"rank-math-answer \">\n\n<p>Les techniques de cosm\u00e9tologie \u00e9lectrique impliquent l&rsquo;utilisation d&rsquo;appareils et d&rsquo;\u00e9quipements \u00e9lectriques sp\u00e9cialis\u00e9s pour atteindre des objectifs esth\u00e9tiques sp\u00e9cifiques.<\/p>\n\n<\/div>\n<\/div>\n<div id=\"faq-question-1685709057740\" class=\"rank-math-list-item\">\n<h3 class=\"rank-math-question \">Quelles sont les techniques de cosm\u00e9tologie du mat\u00e9riel \u00e9lectrique ?<\/h3>\n<div class=\"rank-math-answer \">\n\n<p>L&rsquo;\u00e9lectroplastie faciale, la myostimulation, l&rsquo;\u00e9lectroporation, la th\u00e9rapie par micro-courant sont des techniques \u00e9lectriques pour la cosm\u00e9tologie mat\u00e9rielle.<\/p>\n\n<\/div>\n<\/div>\n<\/div>\n<\/div>\n<p><\/p>\n\n<h3 class=\"wp-block-heading\">Contactez-nous d\u00e8s maintenant si vous avez des questions !<\/h3>\n","protected":false},"excerpt":{"rendered":"<p>L&rsquo;esth\u00e9ticienne choisira la technique de cosm\u00e9tologie avec mat\u00e9riel \u00e9lectrique qui vous convient. Le microcourant a un effet complexe sur la [&hellip;]<\/p>\n","protected":false},"author":4,"featured_media":161438,"parent":0,"menu_order":0,"comment_status":"closed","ping_status":"closed","template":"","meta":{"site-sidebar-layout":"default","site-content-layout":"","ast-site-content-layout":"default","site-content-style":"default","site-sidebar-style":"default","ast-global-header-display":"","ast-banner-title-visibility":"","ast-main-header-display":"","ast-hfb-above-header-display":"","ast-hfb-below-header-display":"","ast-hfb-mobile-header-display":"","site-post-title":"","ast-breadcrumbs-content":"","ast-featured-img":"","footer-sml-layout":"","ast-disable-related-posts":"","theme-transparent-header-meta":"","adv-header-id-meta":"","stick-header-meta":"","header-above-stick-meta":"","header-main-stick-meta":"","header-below-stick-meta":"","astra-migrate-meta-layouts":"default","ast-page-background-enabled":"default","ast-page-background-meta":{"desktop":{"background-color":"var(--ast-global-color-4)","background-image":"","background-repeat":"repeat","background-position":"center center","background-size":"auto","background-attachment":"scroll","background-type":"","background-media":"","overlay-type":"","overlay-color":"","overlay-opacity":"","overlay-gradient":""},"tablet":{"background-color":"","background-image":"","background-repeat":"repeat","background-position":"center center","background-size":"auto","background-attachment":"scroll","background-type":"","background-media":"","overlay-type":"","overlay-color":"","overlay-opacity":"","overlay-gradient":""},"mobile":{"background-color":"","background-image":"","background-repeat":"repeat","background-position":"center center","background-size":"auto","background-attachment":"scroll","background-type":"","background-media":"","overlay-type":"","overlay-color":"","overlay-opacity":"","overlay-gradient":""}},"ast-content-background-meta":{"desktop":{"background-color":"var(--ast-global-color-5)","background-image":"","background-repeat":"repeat","background-position":"center center","background-size":"auto","background-attachment":"scroll","background-type":"","background-media":"","overlay-type":"","overlay-color":"","overlay-opacity":"","overlay-gradient":""},"tablet":{"background-color":"var(--ast-global-color-5)","background-image":"","background-repeat":"repeat","background-position":"center center","background-size":"auto","background-attachment":"scroll","background-type":"","background-media":"","overlay-type":"","overlay-color":"","overlay-opacity":"","overlay-gradient":""},"mobile":{"background-color":"var(--ast-global-color-5)","background-image":"","background-repeat":"repeat","background-position":"center center","background-size":"auto","background-attachment":"scroll","background-type":"","background-media":"","overlay-type":"","overlay-color":"","overlay-opacity":"","overlay-gradient":""}},"footnotes":""},"class_list":["post-147874","page","type-page","status-publish","has-post-thumbnail","hentry"],"_links":{"self":[{"href":"https:\/\/medclinics.com\/fr\/wp-json\/wp\/v2\/pages\/147874","targetHints":{"allow":["GET"]}}],"collection":[{"href":"https:\/\/medclinics.com\/fr\/wp-json\/wp\/v2\/pages"}],"about":[{"href":"https:\/\/medclinics.com\/fr\/wp-json\/wp\/v2\/types\/page"}],"author":[{"embeddable":true,"href":"https:\/\/medclinics.com\/fr\/wp-json\/wp\/v2\/users\/4"}],"replies":[{"embeddable":true,"href":"https:\/\/medclinics.com\/fr\/wp-json\/wp\/v2\/comments?post=147874"}],"version-history":[{"count":0,"href":"https:\/\/medclinics.com\/fr\/wp-json\/wp\/v2\/pages\/147874\/revisions"}],"wp:featuredmedia":[{"embeddable":true,"href":"https:\/\/medclinics.com\/fr\/wp-json\/wp\/v2\/media\/161438"}],"wp:attachment":[{"href":"https:\/\/medclinics.com\/fr\/wp-json\/wp\/v2\/media?parent=147874"}],"curies":[{"name":"wp","href":"https:\/\/api.w.org\/{rel}","templated":true}]}}