{"id":147866,"date":"2023-06-02T07:38:09","date_gmt":"2023-06-02T04:38:09","guid":{"rendered":"https:\/\/medclinics.com\/masques-pour-la-peau\/"},"modified":"2024-04-14T23:03:35","modified_gmt":"2024-04-14T20:03:35","slug":"masques-pour-la-peau","status":"publish","type":"page","link":"https:\/\/medclinics.com\/fr\/masques-pour-la-peau\/","title":{"rendered":"Masques pour la peau"},"content":{"rendered":"\n<h2 class=\"wp-block-heading\">Si vous recherchez une peau brillante et sans d\u00e9faut, les masques cutan\u00e9s peuvent constituer une solution id\u00e9ale pour rehausser l&rsquo;\u00e9clat naturel de votre visage.<\/h2>\n\n<p>Les masques pour la peau sont les soins du visage les plus courants. En combinaison avec d&rsquo;autres proc\u00e9dures, l&rsquo;utilisation de produits cosm\u00e9tiques professionnels multiplie les r\u00e9sultats de la proc\u00e9dure.<\/p>\n\n<p>Une proc\u00e9dure agr\u00e9able avec l&rsquo;utilisation de pr\u00e9parations parfum\u00e9es fera litt\u00e9ralement \u00ab\u00a0fleurir\u00a0\u00bb votre peau. Tout le secret r\u00e9side dans la technique correcte d&rsquo;application des cosm\u00e9tiques et dans la s\u00e9lection individuelle et correcte des m\u00e9dicaments.<\/p>\n\n<p>Il existe un tr\u00e8s grand nombre de masques cosm\u00e9tiques :<\/p>\n\n<ul class=\"wp-block-list\">\n<li>masque nettoyant ;<\/li>\n\n\n\n<li>masque hydratant ;<\/li>\n\n\n\n<li>masque nourrissant ;<\/li>\n\n\n\n<li>masque blanchissant ;<\/li>\n\n\n\n<li>masque vitaminique ;<\/li>\n\n\n\n<li>masque liftant ;<\/li>\n\n\n\n<li>masque au collag\u00e8ne ;<\/li>\n\n\n\n<li>masques pour les yeux ;<\/li>\n\n\n\n<li>soins intensifs de la peau avec des s\u00e9rums en ampoules.<\/li>\n<\/ul>\n\n<figure class=\"wp-block-image size-full\"><img fetchpriority=\"high\" decoding=\"async\" width=\"780\" height=\"488\" src=\"https:\/\/medclinics.com\/wp-content\/uploads\/2024\/04\/skin-masks-baeuty-salon-near-me.jpg\" alt=\"masques pour la peau - salon de coiffure pr&#xE8;s de chez moi\" class=\"wp-image-161689\" srcset=\"https:\/\/medclinics.com\/wp-content\/uploads\/2024\/04\/skin-masks-baeuty-salon-near-me.jpg 780w, https:\/\/medclinics.com\/wp-content\/uploads\/2024\/04\/skin-masks-baeuty-salon-near-me-300x188.jpg 300w, https:\/\/medclinics.com\/wp-content\/uploads\/2024\/04\/skin-masks-baeuty-salon-near-me-768x480.jpg 768w\" sizes=\"(max-width: 780px) 100vw, 780px\" \/><\/figure>\n\n<h3 class=\"wp-block-heading\">Tout ce que vous voulez savoir sur la <a href=\"https:\/\/medclinics.com\/fr\/cosmetologie-classique\/\" target=\"_blank\" rel=\"noreferrer noopener\">cosm\u00e9tologie classique<\/a>, y compris le prix et plus encore, <a href=\"#requestform\">contactez-nous<\/a>!<\/h3>\n\n<h2 class=\"wp-block-heading\">FAQ  <\/h2>\n<div id=\"rank-math-faq\" class=\"rank-math-block\">\n<div class=\"rank-math-list \">\n<div id=\"faq-question-1685691000832\" class=\"rank-math-list-item\">\n<h3 class=\"rank-math-question \">Les masques pour la peau sont-ils efficaces ?<\/h3>\n<div class=\"rank-math-answer \">\n\n<p>Oui, les masques pour la peau peuvent \u00eatre efficaces pour les femmes comme pour les hommes. Il apporte divers bienfaits \u00e0 la peau, tels que l&rsquo;hydratation, la nutrition et le nettoyage en profondeur.<\/p>\n\n<\/div>\n<\/div>\n<div id=\"faq-question-1685691003578\" class=\"rank-math-list-item\">\n<h3 class=\"rank-math-question \">Quelle est la fr\u00e9quence d&rsquo;utilisation d&rsquo;un masque facial ?<\/h3>\n<div class=\"rank-math-answer \">\n\n<p>En g\u00e9n\u00e9ral, 1 \u00e0 3 fois par semaine peuvent \u00eatre efficaces pour maintenir une peau saine et rafra\u00eechie.<\/p>\n\n<\/div>\n<\/div>\n<div id=\"faq-question-1685691004410\" class=\"rank-math-list-item\">\n<h3 class=\"rank-math-question \">Quels sont les avantages des masques pour la peau ?<\/h3>\n<div class=\"rank-math-answer \">\n\n<p>Ils nettoient, hydratent et nourrissent la peau en profondeur. Il propose \u00e9galement une exfoliation et un traitement cibl\u00e9 pour diff\u00e9rents probl\u00e8mes de peau. En outre, l&rsquo;utilisation d&rsquo;un masque facial peut \u00eatre une pratique de soins personnels relaxante et agr\u00e9able.  <\/p>\n\n<\/div>\n<\/div>\n<\/div>\n<\/div>\n<p><\/p>\n\n<h3 class=\"wp-block-heading\">Contactez-nous d\u00e8s maintenant si vous avez des questions !<\/h3>\n","protected":false},"excerpt":{"rendered":"<p>Si vous recherchez une peau brillante et sans d\u00e9faut, les masques cutan\u00e9s peuvent constituer une solution id\u00e9ale pour rehausser l&rsquo;\u00e9clat [&hellip;]<\/p>\n","protected":false},"author":4,"featured_media":161691,"parent":0,"menu_order":0,"comment_status":"closed","ping_status":"closed","template":"","meta":{"site-sidebar-layout":"default","site-content-layout":"","ast-site-content-layout":"default","site-content-style":"default","site-sidebar-style":"default","ast-global-header-display":"","ast-banner-title-visibility":"","ast-main-header-display":"","ast-hfb-above-header-display":"","ast-hfb-below-header-display":"","ast-hfb-mobile-header-display":"","site-post-title":"","ast-breadcrumbs-content":"","ast-featured-img":"","footer-sml-layout":"","ast-disable-related-posts":"","theme-transparent-header-meta":"","adv-header-id-meta":"","stick-header-meta":"","header-above-stick-meta":"","header-main-stick-meta":"","header-below-stick-meta":"","astra-migrate-meta-layouts":"default","ast-page-background-enabled":"default","ast-page-background-meta":{"desktop":{"background-color":"var(--ast-global-color-4)","background-image":"","background-repeat":"repeat","background-position":"center center","background-size":"auto","background-attachment":"scroll","background-type":"","background-media":"","overlay-type":"","overlay-color":"","overlay-opacity":"","overlay-gradient":""},"tablet":{"background-color":"","background-image":"","background-repeat":"repeat","background-position":"center center","background-size":"auto","background-attachment":"scroll","background-type":"","background-media":"","overlay-type":"","overlay-color":"","overlay-opacity":"","overlay-gradient":""},"mobile":{"background-color":"","background-image":"","background-repeat":"repeat","background-position":"center center","background-size":"auto","background-attachment":"scroll","background-type":"","background-media":"","overlay-type":"","overlay-color":"","overlay-opacity":"","overlay-gradient":""}},"ast-content-background-meta":{"desktop":{"background-color":"var(--ast-global-color-5)","background-image":"","background-repeat":"repeat","background-position":"center center","background-size":"auto","background-attachment":"scroll","background-type":"","background-media":"","overlay-type":"","overlay-color":"","overlay-opacity":"","overlay-gradient":""},"tablet":{"background-color":"var(--ast-global-color-5)","background-image":"","background-repeat":"repeat","background-position":"center center","background-size":"auto","background-attachment":"scroll","background-type":"","background-media":"","overlay-type":"","overlay-color":"","overlay-opacity":"","overlay-gradient":""},"mobile":{"background-color":"var(--ast-global-color-5)","background-image":"","background-repeat":"repeat","background-position":"center center","background-size":"auto","background-attachment":"scroll","background-type":"","background-media":"","overlay-type":"","overlay-color":"","overlay-opacity":"","overlay-gradient":""}},"footnotes":""},"class_list":["post-147866","page","type-page","status-publish","has-post-thumbnail","hentry"],"_links":{"self":[{"href":"https:\/\/medclinics.com\/fr\/wp-json\/wp\/v2\/pages\/147866","targetHints":{"allow":["GET"]}}],"collection":[{"href":"https:\/\/medclinics.com\/fr\/wp-json\/wp\/v2\/pages"}],"about":[{"href":"https:\/\/medclinics.com\/fr\/wp-json\/wp\/v2\/types\/page"}],"author":[{"embeddable":true,"href":"https:\/\/medclinics.com\/fr\/wp-json\/wp\/v2\/users\/4"}],"replies":[{"embeddable":true,"href":"https:\/\/medclinics.com\/fr\/wp-json\/wp\/v2\/comments?post=147866"}],"version-history":[{"count":0,"href":"https:\/\/medclinics.com\/fr\/wp-json\/wp\/v2\/pages\/147866\/revisions"}],"wp:featuredmedia":[{"embeddable":true,"href":"https:\/\/medclinics.com\/fr\/wp-json\/wp\/v2\/media\/161691"}],"wp:attachment":[{"href":"https:\/\/medclinics.com\/fr\/wp-json\/wp\/v2\/media?parent=147866"}],"curies":[{"name":"wp","href":"https:\/\/api.w.org\/{rel}","templated":true}]}}