{"id":147858,"date":"2023-06-02T08:07:09","date_gmt":"2023-06-02T05:07:09","guid":{"rendered":"https:\/\/medclinics.com\/massage-2\/"},"modified":"2024-04-14T23:04:56","modified_gmt":"2024-04-14T20:04:56","slug":"massage-2","status":"publish","type":"page","link":"https:\/\/medclinics.com\/fr\/massage-2\/","title":{"rendered":"Massage"},"content":{"rendered":"\n<h2 class=\"wp-block-heading\">L&rsquo;un des meilleurs moyens de se d\u00e9tendre est le massage.<\/h2>\n\n<p>Il s&rsquo;agit d&rsquo;un processus extr\u00eamement utile. Il contribue \u00e0 am\u00e9liorer la circulation sanguine dans la peau et \u00e0 normaliser le m\u00e9tabolisme. Le <a href=\"https:\/\/medclinics.com\/fr\/spa-thermal-2\/\" target=\"_blank\" data-type=\"page\" data-id=\"146913\" rel=\"noreferrer noopener\">massage<\/a> stimule l&rsquo;excr\u00e9tion des produits m\u00e9taboliques, ce qui signifie qu&rsquo;il aide la peau \u00e0 respirer et \u00e0 conserver sa fra\u00eecheur. Gr\u00e2ce \u00e0 elle, les tissus et les muscles sont renforc\u00e9s, la peau devient lisse, jeune et \u00e9lastique. Il s&rsquo;\u00e9tire et gagne en \u00e9lasticit\u00e9.<\/p>\n\n<p>Vous pouvez effectuer vous-m\u00eame des massages faciaux, la principale chose \u00e0 prendre en compte \u00e9tant que la peau du visage est tr\u00e8s sensible. Pour obtenir l&rsquo;effet d\u00e9sir\u00e9 et tirer un plaisir incomparable de la proc\u00e9dure, il est pr\u00e9f\u00e9rable de recourir aux services d&rsquo;un professionnel.<\/p>\n\n<h3 class=\"wp-block-heading\">Il en existe de nombreux types :<\/h3>\n\n<ul class=\"wp-block-list\">\n<li><strong>Massage classique<\/strong><br\/>Il s&rsquo;agit d&rsquo;une proc\u00e9dure agr\u00e9able bas\u00e9e sur des caresses et des frottements l\u00e9gers. Lorsque la peau commence \u00e0 se d\u00e9colorer, les muscles perdent leur tonus, s&rsquo;affaissent, des rides apparaissent autour des yeux ou de la bouche.<br\/>Pour r\u00e9aliser un massage classique, le cosm\u00e9tologue utilise des produits professionnels qu&rsquo;il s\u00e9lectionne individuellement, en tenant compte des caract\u00e9ristiques de votre peau (une huile de massage sp\u00e9ciale peut \u00e9galement \u00eatre utilis\u00e9e).<\/li>\n\n\n\n<li><strong>Massage en plastique<\/strong><br\/>Mouvements rythmiques, \u00e0 la fois assez forts et pr\u00e9cis, le long des principales lignes de massage. Pour sa mise en \u0153uvre, le talc est le plus souvent utilis\u00e9. L&rsquo;une des principales caract\u00e9ristiques de cette m\u00e9thode est une technique sp\u00e9ciale pour influencer la peau.<br\/>Il a un large impact sur la graisse sous-cutan\u00e9e, les vaisseaux sanguins et les nerfs. Am\u00e9liore la circulation sanguine et lymphatique, nettoie la peau et favorise la cicatrisation. Si votre peau se d\u00e9colore, perd de son tonus, si des plis mim\u00e9tiques, des gonflements, un double menton apparaissent &#8211; il vous aidera \u00e0 vous d\u00e9barrasser de ces probl\u00e8mes.<\/li>\n\n\n\n<li><strong>Cryomassage<\/strong><br\/>Il s&rsquo;agit de l&rsquo;une des proc\u00e9dures les plus populaires de la cosm\u00e9tologie moderne. Il s&rsquo;agit de la cryoth\u00e9rapie locale, c&rsquo;est-\u00e0-dire le traitement de diff\u00e9rentes parties de la peau du visage, du corps ou de la t\u00eate avec de l&rsquo;azote liquide.<br\/>L&rsquo;effet local, de courte dur\u00e9e (pas plus de 30 secondes), des temp\u00e9ratures ultra-basses sur les r\u00e9cepteurs de froid de la peau provoque une puissante lib\u00e9ration d&rsquo;endorphines localement et dans le corps, stimulant le syst\u00e8me immunitaire g\u00e9n\u00e9ral et la barri\u00e8re immunitaire locale de la peau.<br\/>L&rsquo;effet cosm\u00e9tologique de la cryoth\u00e9rapie locale est d\u00fb \u00e0 l&rsquo;augmentation de l&rsquo;apport sanguin (hyper\u00e9mie post-froide), \u00e0 la stimulation du m\u00e9tabolisme des lipides dans les tissus sous-cutan\u00e9s et \u00e0 l&rsquo;am\u00e9lioration de la saturation en oxyg\u00e8ne.<\/li>\n<\/ul>\n\n<figure class=\"wp-block-image size-full\"><img fetchpriority=\"high\" decoding=\"async\" width=\"780\" height=\"488\" src=\"https:\/\/medclinics.com\/wp-content\/uploads\/2024\/04\/massage-beauty-salon-spa-retreat-near-me.jpg\" alt=\"massage-beauty-salon-spa-retreat-near-me\" class=\"wp-image-161706\" srcset=\"https:\/\/medclinics.com\/wp-content\/uploads\/2024\/04\/massage-beauty-salon-spa-retreat-near-me.jpg 780w, https:\/\/medclinics.com\/wp-content\/uploads\/2024\/04\/massage-beauty-salon-spa-retreat-near-me-300x188.jpg 300w, https:\/\/medclinics.com\/wp-content\/uploads\/2024\/04\/massage-beauty-salon-spa-retreat-near-me-768x480.jpg 768w\" sizes=\"(max-width: 780px) 100vw, 780px\" \/><\/figure>\n\n<h3 class=\"wp-block-heading\">Tout ce que vous voulez savoir sur la <a href=\"https:\/\/medclinics.com\/fr\/cosmetologie-classique\/\" target=\"_blank\" rel=\"noreferrer noopener\">cosm\u00e9tologie classique<\/a>, y compris le prix et plus encore, <a href=\"#requestform\">contactez-nous<\/a> maintenant !<\/h3>\n\n<h2 class=\"wp-block-heading\">FAQ  <\/h2>\n<div id=\"rank-math-faq\" class=\"rank-math-block\">\n<div class=\"rank-math-list \">\n<div id=\"faq-question-1685692093277\" class=\"rank-math-list-item\">\n<h3 class=\"rank-math-question \">Les massages peuvent-ils soulager les douleurs lombaires ?<\/h3>\n<div class=\"rank-math-answer \">\n\n<p>Oui, il peut aider \u00e0 soulager les douleurs lombaires en r\u00e9duisant la tension musculaire. Il am\u00e9liore la circulation sanguine et favorise la relaxation, ce qui permet de soulager la douleur et d&rsquo;am\u00e9liorer la flexibilit\u00e9.<\/p>\n\n<\/div>\n<\/div>\n<div id=\"faq-question-1685692177282\" class=\"rank-math-list-item\">\n<h3 class=\"rank-math-question \">Les pistolets de massage en valent-ils la peine ?<\/h3>\n<div class=\"rank-math-answer \">\n\n<p>Ils peuvent \u00eatre b\u00e9n\u00e9fiques pour les athl\u00e8tes, les amateurs de fitness ou les personnes souffrant de douleurs musculaires chroniques.<\/p>\n\n<\/div>\n<\/div>\n<div id=\"faq-question-1685692178456\" class=\"rank-math-list-item\">\n<h3 class=\"rank-math-question \">Quel est le meilleur massage ?<\/h3>\n<div class=\"rank-math-answer \">\n\n<p>Parmi les techniques les plus populaires, citons la technique su\u00e9doise pour la relaxation, la technique des tissus profonds pour traiter les tensions musculaires chroniques, la technique sportive pour les athl\u00e8tes et la technique tha\u00eflandaise pour les \u00e9tirements et l&rsquo;am\u00e9lioration de la souplesse. Cela d\u00e9pend des besoins individuels.<\/p>\n\n<\/div>\n<\/div>\n<\/div>\n<\/div>\n<h3 class=\"wp-block-heading\"><a href=\"#requestform\">Contactez-nous<\/a> d\u00e8s maintenant si vous avez des questions !<\/h3>\n","protected":false},"excerpt":{"rendered":"<p>L&rsquo;un des meilleurs moyens de se d\u00e9tendre est le massage. Il s&rsquo;agit d&rsquo;un processus extr\u00eamement utile. Il contribue \u00e0 am\u00e9liorer [&hellip;]<\/p>\n","protected":false},"author":4,"featured_media":161708,"parent":0,"menu_order":0,"comment_status":"closed","ping_status":"closed","template":"","meta":{"site-sidebar-layout":"default","site-content-layout":"","ast-site-content-layout":"default","site-content-style":"default","site-sidebar-style":"default","ast-global-header-display":"","ast-banner-title-visibility":"","ast-main-header-display":"","ast-hfb-above-header-display":"","ast-hfb-below-header-display":"","ast-hfb-mobile-header-display":"","site-post-title":"","ast-breadcrumbs-content":"","ast-featured-img":"","footer-sml-layout":"","ast-disable-related-posts":"","theme-transparent-header-meta":"","adv-header-id-meta":"","stick-header-meta":"","header-above-stick-meta":"","header-main-stick-meta":"","header-below-stick-meta":"","astra-migrate-meta-layouts":"default","ast-page-background-enabled":"default","ast-page-background-meta":{"desktop":{"background-color":"var(--ast-global-color-4)","background-image":"","background-repeat":"repeat","background-position":"center center","background-size":"auto","background-attachment":"scroll","background-type":"","background-media":"","overlay-type":"","overlay-color":"","overlay-opacity":"","overlay-gradient":""},"tablet":{"background-color":"","background-image":"","background-repeat":"repeat","background-position":"center center","background-size":"auto","background-attachment":"scroll","background-type":"","background-media":"","overlay-type":"","overlay-color":"","overlay-opacity":"","overlay-gradient":""},"mobile":{"background-color":"","background-image":"","background-repeat":"repeat","background-position":"center center","background-size":"auto","background-attachment":"scroll","background-type":"","background-media":"","overlay-type":"","overlay-color":"","overlay-opacity":"","overlay-gradient":""}},"ast-content-background-meta":{"desktop":{"background-color":"var(--ast-global-color-5)","background-image":"","background-repeat":"repeat","background-position":"center center","background-size":"auto","background-attachment":"scroll","background-type":"","background-media":"","overlay-type":"","overlay-color":"","overlay-opacity":"","overlay-gradient":""},"tablet":{"background-color":"var(--ast-global-color-5)","background-image":"","background-repeat":"repeat","background-position":"center center","background-size":"auto","background-attachment":"scroll","background-type":"","background-media":"","overlay-type":"","overlay-color":"","overlay-opacity":"","overlay-gradient":""},"mobile":{"background-color":"var(--ast-global-color-5)","background-image":"","background-repeat":"repeat","background-position":"center center","background-size":"auto","background-attachment":"scroll","background-type":"","background-media":"","overlay-type":"","overlay-color":"","overlay-opacity":"","overlay-gradient":""}},"footnotes":""},"class_list":["post-147858","page","type-page","status-publish","has-post-thumbnail","hentry"],"_links":{"self":[{"href":"https:\/\/medclinics.com\/fr\/wp-json\/wp\/v2\/pages\/147858","targetHints":{"allow":["GET"]}}],"collection":[{"href":"https:\/\/medclinics.com\/fr\/wp-json\/wp\/v2\/pages"}],"about":[{"href":"https:\/\/medclinics.com\/fr\/wp-json\/wp\/v2\/types\/page"}],"author":[{"embeddable":true,"href":"https:\/\/medclinics.com\/fr\/wp-json\/wp\/v2\/users\/4"}],"replies":[{"embeddable":true,"href":"https:\/\/medclinics.com\/fr\/wp-json\/wp\/v2\/comments?post=147858"}],"version-history":[{"count":0,"href":"https:\/\/medclinics.com\/fr\/wp-json\/wp\/v2\/pages\/147858\/revisions"}],"wp:featuredmedia":[{"embeddable":true,"href":"https:\/\/medclinics.com\/fr\/wp-json\/wp\/v2\/media\/161708"}],"wp:attachment":[{"href":"https:\/\/medclinics.com\/fr\/wp-json\/wp\/v2\/media?parent=147858"}],"curies":[{"name":"wp","href":"https:\/\/api.w.org\/{rel}","templated":true}]}}