{"id":147850,"date":"2023-06-02T08:46:53","date_gmt":"2023-06-02T05:46:53","guid":{"rendered":"https:\/\/medclinics.com\/enveloppement-ou-thalassotherapie\/"},"modified":"2024-04-14T23:03:34","modified_gmt":"2024-04-14T20:03:34","slug":"enveloppement-ou-thalassotherapie","status":"publish","type":"page","link":"https:\/\/medclinics.com\/fr\/enveloppement-ou-thalassotherapie\/","title":{"rendered":"Enveloppement ou thalassoth\u00e9rapie"},"content":{"rendered":"\n<h2 class=\"wp-block-heading\">L&rsquo;enveloppement ou thalassoth\u00e9rapie est un excellent moyen de se d\u00e9barrasser de la cellulite, des d\u00e9p\u00f4ts de graisse, de rajeunir la peau, de se d\u00e9tendre et d&rsquo;\u00e9prouver un r\u00e9el plaisir.<\/h2>\n\n<p>L&rsquo;enveloppement ou <a href=\"https:\/\/en.wikipedia.org\/wiki\/Thalassotherapy\" target=\"_blank\" rel=\"noreferrer noopener\">thalassoth\u00e9rapie<\/a> est un soin agr\u00e9able du corps \u00e0 l&rsquo;aide de produits cosm\u00e9tiques sp\u00e9ciaux \u00e0 base d&rsquo;ingr\u00e9dients marins naturels : algues, eau de mer, boue, sable, argile, etc.<\/p>\n\n<p>En thalassoth\u00e9rapie, il y a un enveloppement chaud et un enveloppement froid :<\/p>\n\n<ul class=\"wp-block-list\">\n<li>Enveloppe chaude &#8211; elle agit gr\u00e2ce \u00e0 l&rsquo;effet \u00ab\u00a0sauna\u00a0\u00bb, qui permet aux substances actives de p\u00e9n\u00e9trer profond\u00e9ment dans la peau. Pendant la proc\u00e9dure, les vaisseaux sanguins se dilatent, le flux sanguin augmente et les processus m\u00e9taboliques s&rsquo;am\u00e9liorent. Les toxines et les scories sont \u00e9limin\u00e9es du corps, les manifestations de cellulite sont r\u00e9duites, la peau devient lisse et \u00e9lastique.<\/li>\n\n\n\n<li>Enveloppe froide &#8211; les vaisseaux, y compris les vaisseaux lymphatiques, se r\u00e9tr\u00e9cissent d&rsquo;abord, puis se dilatent. Pendant l&rsquo;intervention, l&rsquo;\u00e9coulement de liquide augmente et le refroidissement par contraste stimule la d\u00e9composition des d\u00e9p\u00f4ts de graisse (en raison de la production d&rsquo;\u00e9nergie pour conserver la chaleur). Apr\u00e8s un enveloppement froid, les manifestations de cellulite, les d\u00e9p\u00f4ts de graisse et les \u0153d\u00e8mes sont r\u00e9duits.<\/li>\n<\/ul>\n\n<figure class=\"wp-block-image size-full\"><img fetchpriority=\"high\" decoding=\"async\" width=\"780\" height=\"488\" src=\"https:\/\/medclinics.com\/wp-content\/uploads\/2024\/04\/Wrapping-Thalassotherapy-Baeuty-Salon-Men-Woman.jpg\" alt=\"Enveloppement-Thalassoth&#xE9;rapie-Salon de beaut&#xE9;-Hommes-Femmes\" class=\"wp-image-161354\" srcset=\"https:\/\/medclinics.com\/wp-content\/uploads\/2024\/04\/Wrapping-Thalassotherapy-Baeuty-Salon-Men-Woman.jpg 780w, https:\/\/medclinics.com\/wp-content\/uploads\/2024\/04\/Wrapping-Thalassotherapy-Baeuty-Salon-Men-Woman-300x188.jpg 300w, https:\/\/medclinics.com\/wp-content\/uploads\/2024\/04\/Wrapping-Thalassotherapy-Baeuty-Salon-Men-Woman-768x480.jpg 768w\" sizes=\"(max-width: 780px) 100vw, 780px\" \/><\/figure>\n\n<h3 class=\"wp-block-heading\">Tout ce que vous devez savoir sur <a href=\"https:\/\/medclinics.com\/fr\/spa-thermal-2\/\" target=\"_blank\" rel=\"noreferrer noopener\" data-type=\"page\" data-id=\"95079\">Spa<\/a> et <a href=\"https:\/\/medclinics.com\/fr\/cosmetologie-classique\/\" target=\"_blank\" rel=\"noreferrer noopener\">Cosm\u00e9tologie classique<\/a>, y compris les prix et plus, ou <a href=\"#requestform\">contactez-nous<\/a>!<\/h3>\n\n<h3 class=\"wp-block-heading\">FAQ<\/h3>\n<div id=\"rank-math-faq\" class=\"rank-math-block\">\n<div class=\"rank-math-list \">\n<div id=\"faq-question-1685694763116\" class=\"rank-math-list-item\">\n<h3 class=\"rank-math-question \">Qu&rsquo;est-ce que la thalassoth\u00e9rapie ?<\/h3>\n<div class=\"rank-math-answer \">\n\n<p>Ce traitement est une approche th\u00e9rapeutique qui utilise l&rsquo;eau de mer, les produits marins et les \u00e9l\u00e9ments oc\u00e9aniques pour promouvoir la sant\u00e9 et le bien-\u00eatre.<\/p>\n\n<\/div>\n<\/div>\n<div id=\"faq-question-1685694789920\" class=\"rank-math-list-item\">\n<h3 class=\"rank-math-question \">Quels sont les bienfaits de la thalassoth\u00e9rapie ?<\/h3>\n<div class=\"rank-math-answer \">\n\n<p>Elle offre des avantages tels que la nutrition de la peau, la promotion de la d\u00e9sintoxication, la relaxation et le soulagement du stress, l&rsquo;am\u00e9lioration de la circulation, le soulagement de l&rsquo;inconfort articulaire et musculaire et, potentiellement, la sant\u00e9 respiratoire.<\/p>\n\n<\/div>\n<\/div>\n<div id=\"faq-question-1685694935378\" class=\"rank-math-list-item\">\n<h3 class=\"rank-math-question \">Qu&rsquo;est-ce qu&rsquo;une piscine de thalasso ?<\/h3>\n<div class=\"rank-math-answer \">\n\n<p>Une piscine de thalasso, \u00e9galement appel\u00e9e piscine d&rsquo;eau de mer, est une piscine sp\u00e9cialement con\u00e7ue pour utiliser de l&rsquo;eau de mer filtr\u00e9e et chauff\u00e9e \u00e0 des fins th\u00e9rapeutiques. Il contient g\u00e9n\u00e9ralement de l&rsquo;eau de mer riche en min\u00e9raux, trait\u00e9e pour respecter les normes d&rsquo;hygi\u00e8ne et garantir une temp\u00e9rature confortable.<\/p>\n\n<\/div>\n<\/div>\n<\/div>\n<\/div>\n<p>\u00a0<\/p>\n\n<h3 class=\"wp-block-heading\">Contactez-nous d\u00e8s maintenant si vous avez des questions !<\/h3>\n","protected":false},"excerpt":{"rendered":"<p>L&rsquo;enveloppement ou thalassoth\u00e9rapie est un excellent moyen de se d\u00e9barrasser de la cellulite, des d\u00e9p\u00f4ts de graisse, de rajeunir la [&hellip;]<\/p>\n","protected":false},"author":4,"featured_media":161348,"parent":0,"menu_order":0,"comment_status":"closed","ping_status":"closed","template":"","meta":{"site-sidebar-layout":"default","site-content-layout":"","ast-site-content-layout":"default","site-content-style":"default","site-sidebar-style":"default","ast-global-header-display":"","ast-banner-title-visibility":"","ast-main-header-display":"","ast-hfb-above-header-display":"","ast-hfb-below-header-display":"","ast-hfb-mobile-header-display":"","site-post-title":"","ast-breadcrumbs-content":"","ast-featured-img":"","footer-sml-layout":"","ast-disable-related-posts":"","theme-transparent-header-meta":"","adv-header-id-meta":"","stick-header-meta":"","header-above-stick-meta":"","header-main-stick-meta":"","header-below-stick-meta":"","astra-migrate-meta-layouts":"default","ast-page-background-enabled":"default","ast-page-background-meta":{"desktop":{"background-color":"var(--ast-global-color-4)","background-image":"","background-repeat":"repeat","background-position":"center center","background-size":"auto","background-attachment":"scroll","background-type":"","background-media":"","overlay-type":"","overlay-color":"","overlay-opacity":"","overlay-gradient":""},"tablet":{"background-color":"","background-image":"","background-repeat":"repeat","background-position":"center center","background-size":"auto","background-attachment":"scroll","background-type":"","background-media":"","overlay-type":"","overlay-color":"","overlay-opacity":"","overlay-gradient":""},"mobile":{"background-color":"","background-image":"","background-repeat":"repeat","background-position":"center center","background-size":"auto","background-attachment":"scroll","background-type":"","background-media":"","overlay-type":"","overlay-color":"","overlay-opacity":"","overlay-gradient":""}},"ast-content-background-meta":{"desktop":{"background-color":"var(--ast-global-color-5)","background-image":"","background-repeat":"repeat","background-position":"center center","background-size":"auto","background-attachment":"scroll","background-type":"","background-media":"","overlay-type":"","overlay-color":"","overlay-opacity":"","overlay-gradient":""},"tablet":{"background-color":"var(--ast-global-color-5)","background-image":"","background-repeat":"repeat","background-position":"center center","background-size":"auto","background-attachment":"scroll","background-type":"","background-media":"","overlay-type":"","overlay-color":"","overlay-opacity":"","overlay-gradient":""},"mobile":{"background-color":"var(--ast-global-color-5)","background-image":"","background-repeat":"repeat","background-position":"center center","background-size":"auto","background-attachment":"scroll","background-type":"","background-media":"","overlay-type":"","overlay-color":"","overlay-opacity":"","overlay-gradient":""}},"footnotes":""},"class_list":["post-147850","page","type-page","status-publish","has-post-thumbnail","hentry"],"_links":{"self":[{"href":"https:\/\/medclinics.com\/fr\/wp-json\/wp\/v2\/pages\/147850","targetHints":{"allow":["GET"]}}],"collection":[{"href":"https:\/\/medclinics.com\/fr\/wp-json\/wp\/v2\/pages"}],"about":[{"href":"https:\/\/medclinics.com\/fr\/wp-json\/wp\/v2\/types\/page"}],"author":[{"embeddable":true,"href":"https:\/\/medclinics.com\/fr\/wp-json\/wp\/v2\/users\/4"}],"replies":[{"embeddable":true,"href":"https:\/\/medclinics.com\/fr\/wp-json\/wp\/v2\/comments?post=147850"}],"version-history":[{"count":0,"href":"https:\/\/medclinics.com\/fr\/wp-json\/wp\/v2\/pages\/147850\/revisions"}],"wp:featuredmedia":[{"embeddable":true,"href":"https:\/\/medclinics.com\/fr\/wp-json\/wp\/v2\/media\/161348"}],"wp:attachment":[{"href":"https:\/\/medclinics.com\/fr\/wp-json\/wp\/v2\/media?parent=147850"}],"curies":[{"name":"wp","href":"https:\/\/api.w.org\/{rel}","templated":true}]}}