{"id":147838,"date":"2023-06-02T11:13:47","date_gmt":"2023-06-02T08:13:47","guid":{"rendered":"https:\/\/medclinics.com\/cosmetologie-materielle\/"},"modified":"2024-04-14T23:05:01","modified_gmt":"2024-04-14T20:05:01","slug":"cosmetologie-materielle","status":"publish","type":"page","link":"https:\/\/medclinics.com\/fr\/cosmetologie-materielle\/","title":{"rendered":"Cosm\u00e9tologie mat\u00e9rielle"},"content":{"rendered":"\n<p><strong>La cosm\u00e9tologie mat\u00e9rielle est une proc\u00e9dure de rajeunissement et de gu\u00e9rison effectu\u00e9e par des dermatocosm\u00e9tologues qualifi\u00e9s \u00e0 l&rsquo;aide d&rsquo;un \u00e9quipement sp\u00e9cial.<\/strong><\/p>\n\n<div class=\"wp-block-rank-math-toc-block\" id=\"rank-math-toc\"><h2>Table des mati\u00e8res<\/h2><nav><ul><li><a href=\"#before-after-hardware-cosmetology\">Cosm\u00e9tologie avant et apr\u00e8s le mat\u00e9riel<\/a><\/li><li><a href=\"#so-what-is\">Qu&rsquo;est-ce que c&rsquo;est ?<\/a><\/li><li><a href=\"#types-and-methods\">Types et m\u00e9thodes<\/a><\/li><li><a href=\"#treatment-plan\">Plan de traitement<\/a><\/li><li><a href=\"#aftercare\">Postcure<\/a><\/li><li><a href=\"#top-hardware-cosmetology-costs-by-country\">Top Hardware Co\u00fbts de la cosm\u00e9tologie par pays<\/a><\/li><li><a href=\"#types-of-hardware-cosmetology\">Types de mat\u00e9riel Cosm\u00e9tologie<\/a><\/li><li><a href=\"#faq\">FAQ<\/a><\/li><li><a href=\"#history\">L&rsquo;histoire<\/a><\/li><\/ul><\/nav><\/div>\n\n<h2 class=\"wp-block-heading\" id=\"before-after-hardware-cosmetology\">Cosm\u00e9tologie avant et apr\u00e8s le mat\u00e9riel<\/h2>\n\n<h2 class=\"wp-block-heading\" id=\"so-what-is\">Qu&rsquo;est-ce que c&rsquo;est ?<\/h2>\n\n<ul class=\"wp-block-list\">\n<li>Il s&rsquo;agit d&rsquo;une orientation qui s&rsquo;est form\u00e9e \u00e0 la jonction de la <a href=\"https:\/\/en.wikipedia.org\/wiki\/Exfoliation_(cosmetology)\" target=\"_blank\" rel=\"noreferrer noopener\">cosm\u00e9tologie esth\u00e9tique<\/a> et de la physioth\u00e9rapie.  <\/li>\n\n\n\n<li>Le principal avantage de la technique mat\u00e9rielle est qu&rsquo;elle permet d&rsquo;am\u00e9liorer consid\u00e9rablement l&rsquo;\u00e9tat de la peau sans intervention chirurgicale. <\/li>\n\n\n\n<li>Les m\u00e9decins et les patients sont attir\u00e9s par la bonne tol\u00e9rance et les vastes possibilit\u00e9s de ces proc\u00e9dures.<\/li>\n<\/ul>\n\n<h2 class=\"wp-block-heading\" id=\"types-and-methods\">Types et m\u00e9thodes<\/h2>\n\n<h3 class=\"wp-block-heading\" id=\"there-are-several-types-and-techniques-of-mammoplasty\">Il existe plusieurs types et techniques de cosm\u00e9tologie mat\u00e9rielle :<\/h3>\n\n<ul class=\"wp-block-list\">\n<li><a href=\"https:\/\/medclinics.com\/fr\/materiel-mecanique-cosmetologie\/\" target=\"_blank\" rel=\"noreferrer noopener\">M\u00e9canique<\/a><\/li>\n\n\n\n<li><a href=\"https:\/\/medclinics.com\/fr\/quincaillerie-pour-aspirateurs-cosmetologie\/\" target=\"_blank\" rel=\"noreferrer noopener\">Le vide<\/a><\/li>\n\n\n\n<li><a href=\"https:\/\/medclinics.com\/fr\/materiel-ultrasonique-cosmetologie\/\" target=\"_blank\" data-type=\"URL\" data-id=\"https:\/\/medclinics.com\/ultrasonic-hardware-cosmetology\/\" rel=\"noreferrer noopener\">Ultrasons<\/a><\/li>\n\n\n\n<li><a href=\"https:\/\/medclinics.com\/fr\/materiel-electrique-cosmetologie\/\" target=\"_blank\" rel=\"noreferrer noopener\">\u00c9lectricit\u00e9<\/a><\/li>\n\n\n\n<li><a href=\"https:\/\/medclinics.com\/fr\/quincaillerie-laser-cosmetologie\/\" target=\"_blank\" rel=\"noreferrer noopener\">Laser<\/a><\/li>\n\n\n\n<li><a href=\"https:\/\/medclinics.com\/fr\/materiel-de-radiofrequence-cosmetologie\/\" target=\"_blank\" rel=\"noreferrer noopener\">Radiofr\u00e9quence<\/a><\/li>\n\n\n\n<li><a href=\"https:\/\/medclinics.com\/fr\/therapie-par-lozone\/\" target=\"_blank\" rel=\"noreferrer noopener\">Th\u00e9rapie par l&rsquo;ozone<\/a><\/li>\n<\/ul>\n\n<figure class=\"wp-block-image size-full\"><img fetchpriority=\"high\" decoding=\"async\" width=\"960\" height=\"550\" src=\"https:\/\/medclinics.com\/wp-content\/uploads\/2023\/02\/lumecca-ipl-laser-skin-rejuvenantion-in-istanbul-in-turkey.jpg\" alt=\"Mat&#xE9;riel cosm&#xE9;tologie peau laser\" class=\"wp-image-27273\" srcset=\"https:\/\/medclinics.com\/wp-content\/uploads\/2023\/02\/lumecca-ipl-laser-skin-rejuvenantion-in-istanbul-in-turkey.jpg 960w, https:\/\/medclinics.com\/wp-content\/uploads\/2023\/02\/lumecca-ipl-laser-skin-rejuvenantion-in-istanbul-in-turkey-300x172.jpg 300w, https:\/\/medclinics.com\/wp-content\/uploads\/2023\/02\/lumecca-ipl-laser-skin-rejuvenantion-in-istanbul-in-turkey-280x160.jpg 280w, https:\/\/medclinics.com\/wp-content\/uploads\/2023\/02\/lumecca-ipl-laser-skin-rejuvenantion-in-istanbul-in-turkey-768x440.jpg 768w, https:\/\/medclinics.com\/wp-content\/uploads\/2023\/02\/lumecca-ipl-laser-skin-rejuvenantion-in-istanbul-in-turkey-600x344.jpg 600w\" sizes=\"(max-width: 960px) 100vw, 960px\" \/><\/figure>\n\n<h2 class=\"wp-block-heading\" id=\"treatment-plan\">Plan de traitement<\/h2>\n\n<ul class=\"wp-block-list\">\n<li>Le plan de traitement pour la cosm\u00e9tologie mat\u00e9rielle commence par une consultation compl\u00e8te avec une esth\u00e9ticienne ou un esth\u00e9ticien qualifi\u00e9. Lors de cette consultation, l&rsquo;\u00e9tat de votre peau sera \u00e9valu\u00e9 et vos objectifs et pr\u00e9occupations seront discut\u00e9s.  <\/li>\n\n\n\n<li>Ensuite, un plan de traitement personnalis\u00e9 sera \u00e9tabli en fonction de vos besoins sp\u00e9cifiques.  <\/li>\n\n\n\n<li>Les s\u00e9ances de traitement proprement dites comprennent des proc\u00e9dures mat\u00e9rielles telles que la th\u00e9rapie au laser, les traitements par radiofr\u00e9quence, la th\u00e9rapie par ultrasons, la microdermabrasion ou d&rsquo;autres techniques.<\/li>\n\n\n\n<li>  Le nombre de s\u00e9ances n\u00e9cessaires d\u00e9pend de la gravit\u00e9 des probl\u00e8mes et des r\u00e9sultats souhait\u00e9s.  <\/li>\n\n\n\n<li>Apr\u00e8s les premi\u00e8res s\u00e9ances de traitement, des rendez-vous de suivi peuvent \u00eatre programm\u00e9s pour contr\u00f4ler les progr\u00e8s, effectuer les ajustements n\u00e9cessaires et fournir des conseils sur les soins ult\u00e9rieurs.  <\/li>\n\n\n\n<li>En outre, l&rsquo;esth\u00e9ticienne peut recommander des traitements d&rsquo;entretien pour aider \u00e0 maintenir les r\u00e9sultats au fil du temps.  <\/li>\n<\/ul>\n\n<h3 class=\"wp-block-heading\" id=\"mammoplasty-for\">Cosm\u00e9tologie mat\u00e9rielle pour :<\/h3>\n\n<ul class=\"wp-block-list\">\n<li>Personnes souhaitant un rajeunissement de la peau<\/li>\n\n\n\n<li>Personnes souffrant d&rsquo;acn\u00e9 ou de cicatrices d&rsquo;acn\u00e9<\/li>\n\n\n\n<li>Personnes souhaitant un raffermissement de la peau<\/li>\n\n\n\n<li>Personnes souffrant d&rsquo;hyperpigmentation ou de dommages caus\u00e9s par le soleil<\/li>\n\n\n\n<li>Personnes souhaitant une \u00e9pilation<\/li>\n\n\n\n<li>Personnes souhaitant un remodelage du corps<\/li>\n<\/ul>\n\n<h3 class=\"wp-block-heading\" id=\"mammoplasty-duration\">Cosm\u00e9tologie mat\u00e9rielle Dur\u00e9e :<\/h3>\n\n<ul class=\"wp-block-list\">\n<li>Les traitements de rajeunissement de la peau tels que la th\u00e9rapie au laser ou la microdermabrasion durent g\u00e9n\u00e9ralement entre 30 minutes et une heure par s\u00e9ance.  <\/li>\n\n\n\n<li>Les traitements contre l&rsquo;acn\u00e9 et les cicatrices d&rsquo;acn\u00e9, tels que la th\u00e9rapie au laser ou les traitements \u00e0 base de lumi\u00e8re, durent g\u00e9n\u00e9ralement de 15 \u00e0 30 minutes par s\u00e9ance.  <\/li>\n\n\n\n<li>Les proc\u00e9dures de resserrement de la peau telles que les traitements par radiofr\u00e9quence ou par ultrasons peuvent durer de 30 minutes \u00e0 une heure par s\u00e9ance.  <\/li>\n\n\n\n<li>Les traitements contre l&rsquo;hyperpigmentation et les dommages caus\u00e9s par le soleil, tels que la th\u00e9rapie au laser ou la lumi\u00e8re puls\u00e9e intense (IPL), peuvent durer de 15 \u00e0 30 minutes par s\u00e9ance.  <\/li>\n\n\n\n<li>La dur\u00e9e de l&rsquo;\u00e9pilation au laser d\u00e9pend de la zone trait\u00e9e, allant de 15 \u00e0 30 minutes pour les petites zones \u00e0 30 minutes \u00e0 une heure pour les zones plus \u00e9tendues.  <\/li>\n\n\n\n<li>Les traitements non invasifs de remodelage du corps, comme la radiofr\u00e9quence ou la th\u00e9rapie par ultrasons, durent g\u00e9n\u00e9ralement de 30 minutes \u00e0 une heure par s\u00e9ance.<\/li>\n<\/ul>\n\n<h3 class=\"wp-block-heading\" id=\"mammoplasty-recovery-timeline\">Calendrier de r\u00e9tablissement de la cosm\u00e9tologie mat\u00e9rielle :<\/h3>\n\n<ul class=\"wp-block-list\">\n<li>Apr\u00e8s des traitements tels que la th\u00e9rapie au laser, la microdermabrasion ou les th\u00e9rapies \u00e0 base de lumi\u00e8re, les individus peuvent ressentir de l\u00e9gers effets secondaires tels que des rougeurs, des gonflements ou une sensibilit\u00e9 au niveau de la zone trait\u00e9e. Ces effets disparaissent g\u00e9n\u00e9ralement en quelques heures ou quelques jours.  <\/li>\n\n\n\n<li>Pour les traitements impliquant un resserrement de la peau, il peut y avoir une l\u00e9g\u00e8re rougeur, un gonflement ou une chaleur dans la zone trait\u00e9e, qui dispara\u00eet g\u00e9n\u00e9ralement en l&rsquo;espace de quelques heures \u00e0 quelques jours.  <\/li>\n\n\n\n<li>La th\u00e9rapie au laser ou les traitements \u00e0 la lumi\u00e8re intense puls\u00e9e pour l&rsquo;hyperpigmentation et les dommages caus\u00e9s par le soleil peuvent provoquer une rougeur ou un assombrissement temporaire, qui dispara\u00eet apr\u00e8s quelques jours ou quelques semaines.  <\/li>\n\n\n\n<li>L&rsquo;\u00e9pilation au laser et les traitements non invasifs de remodelage du corps ne n\u00e9cessitent g\u00e9n\u00e9ralement qu&rsquo;un temps d&rsquo;arr\u00eat minime, avec comme effets secondaires possibles une l\u00e9g\u00e8re rougeur ou un resserrement temporaire de la peau.  <\/li>\n<\/ul>\n\n<h3 class=\"wp-block-heading\" id=\"possible-risks-for-mammoplasty\">Risques possibles pour la cosm\u00e9tologie mat\u00e9rielle :<\/h3>\n\n<ul class=\"wp-block-list\">\n<li>Irritation et sensibilit\u00e9 de la peau<\/li>\n\n\n\n<li>Rougeur et gonflement<\/li>\n\n\n\n<li>Hyperpigmentation ou hypopigmentation<\/li>\n\n\n\n<li>Malaise ou douleur temporaire<\/li>\n\n\n\n<li>Br\u00fblures de la peau ou cloques<\/li>\n\n\n\n<li>Cicatrisation<\/li>\n\n\n\n<li>Infection (dans de rares cas)<\/li>\n\n\n\n<li>R\u00e9actions allergiques aux produits ou \u00e9quipements de traitement<\/li>\n\n\n\n<li>R\u00e9sultats insatisfaisants<\/li>\n<\/ul>\n\n<h2 class=\"wp-block-heading\" id=\"aftercare\">Postcure  <\/h2>\n\n<h3 class=\"wp-block-heading\" id=\"of-course-we-will-also-take-care-of-you-after-your-treatment\">Bien entendu, nous nous occupons \u00e9galement de vous apr\u00e8s votre traitement !<\/h3>\n\n<p>Nos consultants m\u00e9dicaux vous suivront pendant 1 an apr\u00e8s l&rsquo;op\u00e9ration.<br\/>Si vous avez besoin d&rsquo;aide, si vous avez des questions, vous pouvez contacter notre personnel.<\/p>\n\n<h3 class=\"wp-block-heading\" id=\"breast-aesthetic-surgery-healing-process\">Cosm\u00e9tologie mat\u00e9rielle Processus de gu\u00e9rison<\/h3>\n\n<h4 class=\"wp-block-heading\" id=\"the-healing-process-as-a-whole-takes-between-6-and-12-months\">Le processus de gu\u00e9rison dans son ensemble prend entre quelques semaines et quelques mois.  <\/h4>\n\n<p>Apr\u00e8s l&rsquo;intervention, vous pouvez ressentir des effets secondaires temporaires tels qu&rsquo;une rougeur, un gonflement ou une sensibilit\u00e9 dans la zone trait\u00e9e. Ces effets sont g\u00e9n\u00e9ralement l\u00e9gers et disparaissent en quelques heures ou quelques jours.<\/p>\n\n<p>Au cours des premiers jours ou de la premi\u00e8re semaine, la zone trait\u00e9e continue de cicatriser et les effets secondaires initiaux s&rsquo;att\u00e9nuent progressivement. Il est important de suivre les instructions de soins apr\u00e8s le traitement.<\/p>\n\n<p>Au fil du temps, vous commencerez \u00e0 remarquer des am\u00e9liorations au niveau de la texture de votre peau, de son teint ou des probl\u00e8mes cibl\u00e9s.<\/p>\n\n<p>Votre cosm\u00e9tologue ou esth\u00e9ticienne peut pr\u00e9voir des rendez-vous de suivi pour \u00e9valuer vos progr\u00e8s et \u00e9tablir votre plan de traitement.<\/p>\n\n<p>Le processus de gu\u00e9rison de chaque personne est unique et peut \u00eatre influenc\u00e9 par diff\u00e9rents facteurs. Vous devriez donc consulter une esth\u00e9ticienne ou un cosm\u00e9tologue professionnel.<\/p>\n\n<figure class=\"wp-block-image size-full\"><img decoding=\"async\" width=\"960\" height=\"550\" src=\"https:\/\/medclinics.com\/wp-content\/uploads\/2023\/02\/lumecca-ipl-laser-skin-rejuvenantion-in-istanbul-2.jpg\" alt=\"Mat&#xE9;riel Cosm&#xE9;tologie laser de la peau &#xE0; Istanbul en Turquie\" class=\"wp-image-27272\" srcset=\"https:\/\/medclinics.com\/wp-content\/uploads\/2023\/02\/lumecca-ipl-laser-skin-rejuvenantion-in-istanbul-2.jpg 960w, https:\/\/medclinics.com\/wp-content\/uploads\/2023\/02\/lumecca-ipl-laser-skin-rejuvenantion-in-istanbul-2-300x172.jpg 300w, https:\/\/medclinics.com\/wp-content\/uploads\/2023\/02\/lumecca-ipl-laser-skin-rejuvenantion-in-istanbul-2-280x160.jpg 280w, https:\/\/medclinics.com\/wp-content\/uploads\/2023\/02\/lumecca-ipl-laser-skin-rejuvenantion-in-istanbul-2-768x440.jpg 768w, https:\/\/medclinics.com\/wp-content\/uploads\/2023\/02\/lumecca-ipl-laser-skin-rejuvenantion-in-istanbul-2-600x344.jpg 600w\" sizes=\"(max-width: 960px) 100vw, 960px\" \/><\/figure>\n\n<h2 class=\"wp-block-heading\" id=\"top-hardware-cosmetology-costs-by-country\">Top Hardware Co\u00fbts de la cosm\u00e9tologie par pays<\/h2>\n\n<p>Le co\u00fbt de la cosm\u00e9tologie mat\u00e9rielle d\u00e9pend de l&rsquo;exp\u00e9rience du chirurgien, de la technique utilis\u00e9e, de la clinique ou de l&rsquo;h\u00f4pital que vous choisissez et de votre \u00e9tat de sant\u00e9.<br\/>Les prix indiqu\u00e9s ci-dessous sont destin\u00e9s \u00e0 vous donner une id\u00e9e approximative et ne constituent pas un devis d\u00e9finitif. Votre conseiller <a href=\"https:\/\/medclinics.com\/fr\/\" target=\"_blank\" rel=\"noreferrer noopener\">MedClincs<\/a> se fera un plaisir de vous fournir des informations d\u00e9taill\u00e9es.<\/p>\n\n<figure class=\"wp-block-table\"><table><thead><tr><th>Pays  <\/th><th>Prix  <\/th><th>Evaluation<\/th><\/tr><\/thead><tbody><tr><td>T\u00fcrkiye (Turquie)<\/td><td>~ 50\u20ac &#8211; 200\u20ac<\/td><td>\u2605\u2605\u2605\u2605\u2605<\/td><\/tr><tr><td>Tha\u00eflande<\/td><td>~ 60\u20ac &#8211; 200\u20ac<\/td><td>\u2605\u2605\u2605<\/td><\/tr><tr><td>Pologne<\/td><td>~ 40\u20ac &#8211; 200\u20ac<\/td><td>\u2605\u2605<\/td><\/tr><tr><td>\u00c9TATS-UNIS<\/td><td>~ 80\u20ac &#8211; 300\u20ac<\/td><td>\u2605\u2605\u2605<\/td><\/tr><tr><td>Allemagne<\/td><td>~ 80\u20ac &#8211; 300\u20ac<\/td><td>\u2605\u2605\u2605<\/td><\/tr><\/tbody><\/table><\/figure>\n\n<h2 class=\"wp-block-heading\" id=\"types-of-hardware-cosmetology\">Types de mat\u00e9riel Cosm\u00e9tologie<\/h2>\n<div class=\"jet-listing-grid--blocks   jet-sm-gb-wrapper jet-sm-gb-a641eb84-16e5-4b21-8b65-f90af9143cb0\"data-element-id=\"a641eb84-16e5-4b21-8b65-f90af9143cb0\"data-listing-type=\"blocks\"data-is-block=\"jet-engine\/listing-grid\"><div class=\"jet-listing-notice\">Please select listing to show.<\/div><\/div>\n<h2 class=\"wp-block-heading\" id=\"faq\">FAQ<\/h2>\n<div id=\"rank-math-faq\" class=\"rank-math-block\">\n<div class=\"rank-math-list \">\n<div id=\"faq-question-1685703039576\" class=\"rank-math-list-item\">\n<h3 class=\"rank-math-question \">Qu&rsquo;est-ce que la cosm\u00e9tologie mat\u00e9rielle ?<\/h3>\n<div class=\"rank-math-answer \">\n\n<p>La cosm\u00e9tologie mat\u00e9rielle fait r\u00e9f\u00e9rence \u00e0 l&rsquo;utilisation d&rsquo;appareils et d&rsquo;\u00e9quipements technologiques avanc\u00e9s pour les traitements et proc\u00e9dures esth\u00e9tiques non chirurgicaux.<\/p>\n\n<\/div>\n<\/div>\n<div id=\"faq-question-1685703054726\" class=\"rank-math-list-item\">\n<h3 class=\"rank-math-question \">Quels sont les types de quincaillerie de cosm\u00e9tologie ?<\/h3>\n<div class=\"rank-math-answer \">\n\n<p>La th\u00e9rapie m\u00e9canique, le vide, les ultrasons, l&rsquo;\u00e9lectricit\u00e9, le laser, la radiofr\u00e9quence et l&rsquo;ozone en sont des exemples.<\/p>\n\n<\/div>\n<\/div>\n<div id=\"faq-question-1685703274811\" class=\"rank-math-list-item\">\n<h3 class=\"rank-math-question \">La cosm\u00e9tologie mat\u00e9rielle est-elle douloureuse ?<\/h3>\n<div class=\"rank-math-answer \">\n\n<p>Le niveau de douleur ressentie pendant les traitements de cosm\u00e9tologie mat\u00e9rielle est con\u00e7u pour \u00eatre peu invasif et causer un minimum d&rsquo;inconfort.<\/p>\n\n<\/div>\n<\/div>\n<div id=\"faq-question-1685703532440\" class=\"rank-math-list-item\">\n<h3 class=\"rank-math-question \">Qu&rsquo;est-ce que la microdermabrasion au diamant ?<\/h3>\n<div class=\"rank-math-answer \">\n\n<p>La microdermabrasion au diamant est une proc\u00e9dure cosm\u00e9tique non invasive qui utilise un appareil manuel dot\u00e9 d&rsquo;une baguette en forme de diamant pour exfolier et resurfacer la couche la plus superficielle de la peau.<\/p>\n\n<\/div>\n<\/div>\n<div id=\"faq-question-1685703534020\" class=\"rank-math-list-item\">\n<h3 class=\"rank-math-question \">Qu&rsquo;est-ce que le nettoyage \u00e0 vide du visage ?<\/h3>\n<div class=\"rank-math-answer \">\n\n<p>Le nettoyage facial sous vide est une proc\u00e9dure cosm\u00e9tique qui utilise un dispositif d&rsquo;aspiration pour \u00e9liminer les impuret\u00e9s, telles que la salet\u00e9, l&rsquo;huile et les d\u00e9bris, des pores de la peau.<\/p>\n\n<\/div>\n<\/div>\n<div id=\"faq-question-1685703535265\" class=\"rank-math-list-item\">\n<h3 class=\"rank-math-question \">Qu&rsquo;est-ce que le nettoyage par ultrasons ?<\/h3>\n<div class=\"rank-math-answer \">\n\n<p>Le nettoyage par ultrasons est un traitement esth\u00e9tique non invasif qui utilise des ondes sonores \u00e0 basse fr\u00e9quence pour nettoyer et exfolier la peau.<\/p>\n\n<\/div>\n<\/div>\n<div id=\"faq-question-1685703536954\" class=\"rank-math-list-item\">\n<h3 class=\"rank-math-question \">Qu&rsquo;est-ce que la th\u00e9rapie par microcourant ?<\/h3>\n<div class=\"rank-math-answer \">\n\n<p>La th\u00e9rapie par microcourant est un traitement cosm\u00e9tique non invasif qui utilise des courants \u00e9lectriques de faible intensit\u00e9 pour stimuler les muscles du visage et am\u00e9liorer le tonus et la texture de la peau.<\/p>\n\n<\/div>\n<\/div>\n<div id=\"faq-question-1685703538765\" class=\"rank-math-list-item\">\n<h3 class=\"rank-math-question \">Qu&rsquo;est-ce que le photorajeunissement \/ Lumecca ?<\/h3>\n<div class=\"rank-math-answer \">\n\n<p>Le photorajeunissement, \u00e9galement connu sous le nom de Lumecca ou de th\u00e9rapie par lumi\u00e8re intense puls\u00e9e (IPL), est une proc\u00e9dure cosm\u00e9tique non invasive qui utilise une lumi\u00e8re \u00e0 large spectre pour cibler divers probl\u00e8mes de peau et promouvoir le rajeunissement de la peau.<\/p>\n\n<\/div>\n<\/div>\n<div id=\"faq-question-1685703539828\" class=\"rank-math-list-item\">\n<h3 class=\"rank-math-question \">Qu&rsquo;est-ce que le RF-lifting \/ Morpheus 8 ?<\/h3>\n<div class=\"rank-math-answer \">\n\n<p>Morpheus 8 est un type sp\u00e9cifique de traitement de lifting par radiofr\u00e9quence qui combine l&rsquo;\u00e9nergie de la radiofr\u00e9quence avec le microneedling.<\/p>\n\n<\/div>\n<\/div>\n<div id=\"faq-question-1685703540955\" class=\"rank-math-list-item\">\n<h3 class=\"rank-math-question \">Qu&rsquo;est-ce que l&rsquo;ozonoth\u00e9rapie ?<\/h3>\n<div class=\"rank-math-answer \">\n\n<p>L&rsquo;ozonoth\u00e9rapie est une forme de traitement m\u00e9dical alternatif qui implique l&rsquo;utilisation th\u00e9rapeutique de l&rsquo;ozone gazeux. L&rsquo;ozonoth\u00e9rapie permet notamment d&rsquo;am\u00e9liorer l&rsquo;apport d&rsquo;oxyg\u00e8ne aux tissus, de renforcer le syst\u00e8me immunitaire, de r\u00e9duire l&rsquo;inflammation et de favoriser la cicatrisation.<\/p>\n\n<\/div>\n<\/div>\n<\/div>\n<\/div>\n<h2 class=\"wp-block-heading\" id=\"history\">L&rsquo;histoire<\/h2>\n\n<h3 class=\"wp-block-heading\" id=\"breast-surgeries-have-been-documented-for-centuries-although-mostly-on-men\">La cosm\u00e9tologie mat\u00e9rielle a une histoire qui remonte \u00e0 plusieurs d\u00e9cennies, avec des avanc\u00e9es technologiques significatives qui ont fa\u00e7onn\u00e9 le domaine.<\/h3>\n\n<p>Depuis les premi\u00e8res utilisations de courants \u00e9lectriques et d&rsquo;ondes \u00e0 haute fr\u00e9quence jusqu&rsquo;\u00e0 l&rsquo;introduction des lasers, de la lumi\u00e8re intense puls\u00e9e, de la radiofr\u00e9quence, des ultrasons et de l&rsquo;int\u00e9gration de la robotique et des technologies num\u00e9riques, la cosm\u00e9tologie mat\u00e9rielle a \u00e9volu\u00e9 pour offrir une large gamme de traitements esth\u00e9tiques non chirurgicaux. Ces progr\u00e8s ont r\u00e9volutionn\u00e9 le domaine, offrant des options efficaces et peu invasives pour rehausser la beaut\u00e9 et r\u00e9pondre \u00e0 divers probl\u00e8mes de peau.<\/p>\n","protected":false},"excerpt":{"rendered":"<p>La cosm\u00e9tologie mat\u00e9rielle est une proc\u00e9dure de rajeunissement et de gu\u00e9rison effectu\u00e9e par des dermatocosm\u00e9tologues qualifi\u00e9s \u00e0 l&rsquo;aide d&rsquo;un \u00e9quipement [&hellip;]<\/p>\n","protected":false},"author":4,"featured_media":93396,"parent":0,"menu_order":0,"comment_status":"closed","ping_status":"closed","template":"","meta":{"site-sidebar-layout":"default","site-content-layout":"","ast-site-content-layout":"default","site-content-style":"default","site-sidebar-style":"default","ast-global-header-display":"","ast-banner-title-visibility":"","ast-main-header-display":"","ast-hfb-above-header-display":"","ast-hfb-below-header-display":"","ast-hfb-mobile-header-display":"","site-post-title":"","ast-breadcrumbs-content":"","ast-featured-img":"","footer-sml-layout":"","ast-disable-related-posts":"","theme-transparent-header-meta":"","adv-header-id-meta":"","stick-header-meta":"","header-above-stick-meta":"","header-main-stick-meta":"","header-below-stick-meta":"","astra-migrate-meta-layouts":"default","ast-page-background-enabled":"default","ast-page-background-meta":{"desktop":{"background-color":"var(--ast-global-color-4)","background-image":"","background-repeat":"repeat","background-position":"center center","background-size":"auto","background-attachment":"scroll","background-type":"","background-media":"","overlay-type":"","overlay-color":"","overlay-opacity":"","overlay-gradient":""},"tablet":{"background-color":"","background-image":"","background-repeat":"repeat","background-position":"center center","background-size":"auto","background-attachment":"scroll","background-type":"","background-media":"","overlay-type":"","overlay-color":"","overlay-opacity":"","overlay-gradient":""},"mobile":{"background-color":"","background-image":"","background-repeat":"repeat","background-position":"center center","background-size":"auto","background-attachment":"scroll","background-type":"","background-media":"","overlay-type":"","overlay-color":"","overlay-opacity":"","overlay-gradient":""}},"ast-content-background-meta":{"desktop":{"background-color":"var(--ast-global-color-5)","background-image":"","background-repeat":"repeat","background-position":"center center","background-size":"auto","background-attachment":"scroll","background-type":"","background-media":"","overlay-type":"","overlay-color":"","overlay-opacity":"","overlay-gradient":""},"tablet":{"background-color":"var(--ast-global-color-5)","background-image":"","background-repeat":"repeat","background-position":"center center","background-size":"auto","background-attachment":"scroll","background-type":"","background-media":"","overlay-type":"","overlay-color":"","overlay-opacity":"","overlay-gradient":""},"mobile":{"background-color":"var(--ast-global-color-5)","background-image":"","background-repeat":"repeat","background-position":"center center","background-size":"auto","background-attachment":"scroll","background-type":"","background-media":"","overlay-type":"","overlay-color":"","overlay-opacity":"","overlay-gradient":""}},"footnotes":""},"class_list":["post-147838","page","type-page","status-publish","has-post-thumbnail","hentry"],"_links":{"self":[{"href":"https:\/\/medclinics.com\/fr\/wp-json\/wp\/v2\/pages\/147838","targetHints":{"allow":["GET"]}}],"collection":[{"href":"https:\/\/medclinics.com\/fr\/wp-json\/wp\/v2\/pages"}],"about":[{"href":"https:\/\/medclinics.com\/fr\/wp-json\/wp\/v2\/types\/page"}],"author":[{"embeddable":true,"href":"https:\/\/medclinics.com\/fr\/wp-json\/wp\/v2\/users\/4"}],"replies":[{"embeddable":true,"href":"https:\/\/medclinics.com\/fr\/wp-json\/wp\/v2\/comments?post=147838"}],"version-history":[{"count":0,"href":"https:\/\/medclinics.com\/fr\/wp-json\/wp\/v2\/pages\/147838\/revisions"}],"wp:featuredmedia":[{"embeddable":true,"href":"https:\/\/medclinics.com\/fr\/wp-json\/wp\/v2\/media\/93396"}],"wp:attachment":[{"href":"https:\/\/medclinics.com\/fr\/wp-json\/wp\/v2\/media?parent=147838"}],"curies":[{"name":"wp","href":"https:\/\/api.w.org\/{rel}","templated":true}]}}