{"id":147820,"date":"2023-06-02T11:33:08","date_gmt":"2023-06-02T08:33:08","guid":{"rendered":"https:\/\/medclinics.com\/materiel-mecanique-cosmetologie\/"},"modified":"2024-04-14T23:03:34","modified_gmt":"2024-04-14T20:03:34","slug":"materiel-mecanique-cosmetologie","status":"publish","type":"page","link":"https:\/\/medclinics.com\/fr\/materiel-mecanique-cosmetologie\/","title":{"rendered":"Mat\u00e9riel m\u00e9canique Cosm\u00e9tologie"},"content":{"rendered":"\n<h2 class=\"wp-block-heading\">Il existe des techniques de cosm\u00e9tologie m\u00e9canique pour r\u00e9pondre \u00e0 vos besoins sp\u00e9cifiques.<\/h2>\n\n<ul class=\"wp-block-list\">\n<li><strong>Brossage<\/strong><br\/>Il s&rsquo;agit d&rsquo;une proc\u00e9dure qui nettoie la couche sup\u00e9rieure de la peau. Il utilise un dispositif automatique sp\u00e9cial avec des buses rotatives. En r\u00e8gle g\u00e9n\u00e9rale, ces appareils sont \u00e9quip\u00e9s d&rsquo;une pierre ponce, d&rsquo;une \u00e9ponge et de diverses brosses en poils naturels, en caoutchouc ou en plastique. Au cours de la proc\u00e9dure, les cellules mortes de la couche sup\u00e9rieure de la peau sont \u00e9limin\u00e9es et un massage est effectu\u00e9 en m\u00eame temps. Il am\u00e9liore non seulement la circulation sanguine, mais stimule \u00e9galement le renouvellement de l&rsquo;\u00e9piderme.<\/li>\n\n\n\n<li><strong>Microdermabrasion au diamant (peeling)<\/strong><br\/>Il s&rsquo;agit d&rsquo;une des m\u00e9thodes modernes de rajeunissement, qui permet d&rsquo;obtenir un r\u00e9sultat prononc\u00e9 sans impact s\u00e9rieux sur la peau. Cette proc\u00e9dure est r\u00e9alis\u00e9e \u00e0 l&rsquo;aide d&#8217;embouts \u00e0 rev\u00eatement sp\u00e9cial qui enl\u00e8vent d\u00e9licatement la couche sup\u00e9rieure de l&rsquo;\u00e9piderme et nettoient l&rsquo;\u00e9piderme en profondeur.<\/li>\n<\/ul>\n\n<p>La <a href=\"https:\/\/medclinics.com\/fr\/dermatologie-a-istanbul-turquie-les-meilleurs-dermatologues-prix-et-cliniques\/\" target=\"_blank\" data-type=\"post\" data-id=\"146967\" rel=\"noreferrer noopener\">microdermabrasion<\/a> est effectu\u00e9e sur une machine sp\u00e9ciale dot\u00e9e de buses, chacune \u00e9tant recouverte de petits cristaux de poussi\u00e8re de diamant. En fonction de l&rsquo;\u00e9tat de la peau, la buse est choisie en fonction du degr\u00e9 d&rsquo;abrasion requis. En outre, pendant l&rsquo;intervention, la peau est expos\u00e9e au vide, ce qui am\u00e9liore la circulation sanguine et les processus m\u00e9taboliques dans les tissus.<\/p>\n\n<figure class=\"wp-block-image size-full\"><img fetchpriority=\"high\" decoding=\"async\" width=\"780\" height=\"488\" src=\"https:\/\/medclinics.com\/wp-content\/uploads\/2024\/04\/mechanical-hardware-cosmetology-beauty-salon.jpg\" alt=\"\" class=\"wp-image-161671\" srcset=\"https:\/\/medclinics.com\/wp-content\/uploads\/2024\/04\/mechanical-hardware-cosmetology-beauty-salon.jpg 780w, https:\/\/medclinics.com\/wp-content\/uploads\/2024\/04\/mechanical-hardware-cosmetology-beauty-salon-300x188.jpg 300w, https:\/\/medclinics.com\/wp-content\/uploads\/2024\/04\/mechanical-hardware-cosmetology-beauty-salon-768x480.jpg 768w\" sizes=\"(max-width: 780px) 100vw, 780px\" \/><\/figure>\n\n<h3 class=\"wp-block-heading\">Tout ce qu&rsquo;il faut savoir sur la <a href=\"https:\/\/medclinics.com\/fr\/cosmetologie-materielle\/\" target=\"_blank\" rel=\"noreferrer noopener\">cosm\u00e9tologie mat\u00e9rielle<\/a>, y compris tout, ou <a href=\"#requestform\">contactez-nous<\/a>!<\/h3>\n\n<h3 class=\"wp-block-heading\">FAQ<\/h3>\n<div id=\"rank-math-faq\" class=\"rank-math-block\">\n<div class=\"rank-math-list \">\n<div id=\"faq-question-1685704851192\" class=\"rank-math-list-item\">\n<h3 class=\"rank-math-question \">Quels sont les types de cosm\u00e9tologie m\u00e9canique ?<\/h3>\n<div class=\"rank-math-answer \">\n\n<p>Le brossage et la microdermabrasion au diamant en sont des exemples.<\/p>\n\n<\/div>\n<\/div>\n<div id=\"faq-question-1685704902606\" class=\"rank-math-list-item\">\n<h3 class=\"rank-math-question \">Qu&rsquo;est-ce que le brossage ?<\/h3>\n<div class=\"rank-math-answer \">\n\n<p>Il peut s&rsquo;agir d&rsquo;une technique de massage du visage utilisant des mouvements de brossage doux \u00e0 l&rsquo;aide d&rsquo;une brosse \u00e0 poils souples.<\/p>\n\n<\/div>\n<\/div>\n<div id=\"faq-question-1685704916566\" class=\"rank-math-list-item\">\n<h3 class=\"rank-math-question \">Qu&rsquo;est-ce que la microdermabrasion ?<\/h3>\n<div class=\"rank-math-answer \">\n\n<p>La baguette en pointe de diamant \u00e9limine en douceur les cellules mortes de la peau et stimule la production de collag\u00e8ne. Il permet d&rsquo;am\u00e9liorer la texture de la peau et de lui donner une apparence plus jeune.<\/p>\n\n<\/div>\n<\/div>\n<\/div>\n<\/div>\n<p><\/p>\n\n<h3 class=\"wp-block-heading\">Contactez-nous d\u00e8s maintenant si vous avez des questions !<\/h3>\n","protected":false},"excerpt":{"rendered":"<p>Il existe des techniques de cosm\u00e9tologie m\u00e9canique pour r\u00e9pondre \u00e0 vos besoins sp\u00e9cifiques. La microdermabrasion est effectu\u00e9e sur une machine [&hellip;]<\/p>\n","protected":false},"author":4,"featured_media":161673,"parent":0,"menu_order":0,"comment_status":"closed","ping_status":"closed","template":"","meta":{"site-sidebar-layout":"default","site-content-layout":"","ast-site-content-layout":"default","site-content-style":"default","site-sidebar-style":"default","ast-global-header-display":"","ast-banner-title-visibility":"","ast-main-header-display":"","ast-hfb-above-header-display":"","ast-hfb-below-header-display":"","ast-hfb-mobile-header-display":"","site-post-title":"","ast-breadcrumbs-content":"","ast-featured-img":"","footer-sml-layout":"","ast-disable-related-posts":"","theme-transparent-header-meta":"","adv-header-id-meta":"","stick-header-meta":"","header-above-stick-meta":"","header-main-stick-meta":"","header-below-stick-meta":"","astra-migrate-meta-layouts":"default","ast-page-background-enabled":"default","ast-page-background-meta":{"desktop":{"background-color":"var(--ast-global-color-4)","background-image":"","background-repeat":"repeat","background-position":"center center","background-size":"auto","background-attachment":"scroll","background-type":"","background-media":"","overlay-type":"","overlay-color":"","overlay-opacity":"","overlay-gradient":""},"tablet":{"background-color":"","background-image":"","background-repeat":"repeat","background-position":"center center","background-size":"auto","background-attachment":"scroll","background-type":"","background-media":"","overlay-type":"","overlay-color":"","overlay-opacity":"","overlay-gradient":""},"mobile":{"background-color":"","background-image":"","background-repeat":"repeat","background-position":"center center","background-size":"auto","background-attachment":"scroll","background-type":"","background-media":"","overlay-type":"","overlay-color":"","overlay-opacity":"","overlay-gradient":""}},"ast-content-background-meta":{"desktop":{"background-color":"var(--ast-global-color-5)","background-image":"","background-repeat":"repeat","background-position":"center center","background-size":"auto","background-attachment":"scroll","background-type":"","background-media":"","overlay-type":"","overlay-color":"","overlay-opacity":"","overlay-gradient":""},"tablet":{"background-color":"var(--ast-global-color-5)","background-image":"","background-repeat":"repeat","background-position":"center center","background-size":"auto","background-attachment":"scroll","background-type":"","background-media":"","overlay-type":"","overlay-color":"","overlay-opacity":"","overlay-gradient":""},"mobile":{"background-color":"var(--ast-global-color-5)","background-image":"","background-repeat":"repeat","background-position":"center center","background-size":"auto","background-attachment":"scroll","background-type":"","background-media":"","overlay-type":"","overlay-color":"","overlay-opacity":"","overlay-gradient":""}},"footnotes":""},"class_list":["post-147820","page","type-page","status-publish","has-post-thumbnail","hentry"],"_links":{"self":[{"href":"https:\/\/medclinics.com\/fr\/wp-json\/wp\/v2\/pages\/147820","targetHints":{"allow":["GET"]}}],"collection":[{"href":"https:\/\/medclinics.com\/fr\/wp-json\/wp\/v2\/pages"}],"about":[{"href":"https:\/\/medclinics.com\/fr\/wp-json\/wp\/v2\/types\/page"}],"author":[{"embeddable":true,"href":"https:\/\/medclinics.com\/fr\/wp-json\/wp\/v2\/users\/4"}],"replies":[{"embeddable":true,"href":"https:\/\/medclinics.com\/fr\/wp-json\/wp\/v2\/comments?post=147820"}],"version-history":[{"count":0,"href":"https:\/\/medclinics.com\/fr\/wp-json\/wp\/v2\/pages\/147820\/revisions"}],"wp:featuredmedia":[{"embeddable":true,"href":"https:\/\/medclinics.com\/fr\/wp-json\/wp\/v2\/media\/161673"}],"wp:attachment":[{"href":"https:\/\/medclinics.com\/fr\/wp-json\/wp\/v2\/media?parent=147820"}],"curies":[{"name":"wp","href":"https:\/\/api.w.org\/{rel}","templated":true}]}}