{"id":147812,"date":"2023-06-02T11:57:44","date_gmt":"2023-06-02T08:57:44","guid":{"rendered":"https:\/\/medclinics.com\/quincaillerie-pour-aspirateurs-cosmetologie\/"},"modified":"2024-04-14T23:03:34","modified_gmt":"2024-04-14T20:03:34","slug":"quincaillerie-pour-aspirateurs-cosmetologie","status":"publish","type":"page","link":"https:\/\/medclinics.com\/fr\/quincaillerie-pour-aspirateurs-cosmetologie\/","title":{"rendered":"Quincaillerie pour aspirateurs Cosm\u00e9tologie"},"content":{"rendered":"\n<h2 class=\"wp-block-heading\">Il existe des types de vide mat\u00e9riel cosm\u00e9tologique pour r\u00e9pondre \u00e0 vos souhaits.<\/h2>\n\n<ul class=\"wp-block-list\">\n<li><strong>Massage sous vide<\/strong><br\/>Il s&rsquo;agit d&rsquo;une m\u00e9thode de remodelage du corps assist\u00e9e par machine qui est efficace pour r\u00e9duire la cellulite, l&rsquo;accumulation excessive de graisse, les gonflements et la laxit\u00e9 de la peau. Il am\u00e9liore consid\u00e9rablement l&rsquo;\u00e9lasticit\u00e9 et la fermet\u00e9 de la peau. Pendant le fonctionnement, un vide est cr\u00e9\u00e9 dans les t\u00eates de massage pneumatiques, ce qui cr\u00e9e un effet d&rsquo;aspiration et raffermit la peau.<br\/>Cela permet d&rsquo;obtenir un effet m\u00e9canique sur les tissus profonds, ce qui n&rsquo;est pas possible avec d&rsquo;autres m\u00e9thodes telles que le <a href=\"https:\/\/en.wikipedia.org\/wiki\/Massage\" target=\"_blank\" rel=\"noreferrer noopener\">massage manuel.<\/a> L&rsquo;effet est d&rsquo;am\u00e9liorer la circulation sanguine et lymphatique dans la zone \u00e0 traiter. Le massage sous vide favorise l&rsquo;afflux de sang frais et oxyg\u00e9n\u00e9 vers les zones \u00e0 probl\u00e8mes, tout en favorisant l&rsquo;\u00e9coulement du sang veineux et de la lymphe.<\/li>\n\n\n\n<li><strong>Nettoyage facial sous vide<\/strong><br\/>Il s&rsquo;agit d&rsquo;une proc\u00e9dure de nettoyage du visage \u00e0 l&rsquo;aide d&rsquo;une machine qui utilise un dispositif d&rsquo;aspiration. La proc\u00e9dure est exactement la m\u00eame que celle d&rsquo;un soin du visage manuel, mais le nettoyage est effectu\u00e9 sous pression n\u00e9gative en for\u00e7ant l&rsquo;air \u00e0 travers une buse sp\u00e9ciale. L&rsquo;avantage d&rsquo;un traitement facial sous vide est qu&rsquo;il est totalement indolore par rapport \u00e0 un traitement facial manuel, mais l&rsquo;inconv\u00e9nient est que le traitement sous vide est plut\u00f4t superficiel.<\/li>\n<\/ul>\n\n<figure class=\"wp-block-image size-full\"><img fetchpriority=\"high\" decoding=\"async\" width=\"780\" height=\"488\" src=\"https:\/\/medclinics.com\/wp-content\/uploads\/2024\/04\/vacuum-hardware-cosmetology-beauty-salon-istanbul.jpg\" alt=\"vacuum-hardware-cosm&#xE9;tologie-salon-de-beaut&#xE9;--istanbul\" class=\"wp-image-161605\" srcset=\"https:\/\/medclinics.com\/wp-content\/uploads\/2024\/04\/vacuum-hardware-cosmetology-beauty-salon-istanbul.jpg 780w, https:\/\/medclinics.com\/wp-content\/uploads\/2024\/04\/vacuum-hardware-cosmetology-beauty-salon-istanbul-300x188.jpg 300w, https:\/\/medclinics.com\/wp-content\/uploads\/2024\/04\/vacuum-hardware-cosmetology-beauty-salon-istanbul-768x480.jpg 768w\" sizes=\"(max-width: 780px) 100vw, 780px\" \/><\/figure>\n\n<h3 class=\"wp-block-heading\">Tout ce que vous devez savoir sur la <a href=\"https:\/\/medclinics.com\/fr\/cosmetologie-materielle\/\" target=\"_blank\" rel=\"noreferrer noopener\">cosm\u00e9tologie mat\u00e9rielle<\/a>, y compris le prix, ou <a href=\"#requestform\">contactez-nous<\/a>!<\/h3>\n\n<h2 class=\"wp-block-heading\">FAQ  <\/h2>\n<div id=\"rank-math-faq\" class=\"rank-math-block\">\n<div class=\"rank-math-list \">\n<div id=\"faq-question-1685706393946\" class=\"rank-math-list-item\">\n<h3 class=\"rank-math-question \">Qu&rsquo;est-ce que la cosm\u00e9tologie sous vide ?<\/h3>\n<div class=\"rank-math-answer \">\n\n<p>Il s&rsquo;agit de proc\u00e9dures cosm\u00e9tiques qui utilisent des dispositifs d&rsquo;aspiration pour stimuler la peau et les tissus sous-jacents.<\/p>\n\n<\/div>\n<\/div>\n<div id=\"faq-question-1685706396940\" class=\"rank-math-list-item\">\n<h3 class=\"rank-math-question \">Qu&rsquo;est-ce que le massage sous vide ?<\/h3>\n<div class=\"rank-math-answer \">\n\n<p>Le massage par aspiration est une technique th\u00e9rapeutique qui consiste \u00e0 utiliser des ventouses sur la peau pour cr\u00e9er un effet de vide.<\/p>\n\n<\/div>\n<\/div>\n<div id=\"faq-question-1685706397946\" class=\"rank-math-list-item\">\n<h3 class=\"rank-math-question \">Qu&rsquo;est-ce que le nettoyage \u00e0 vide du visage ?<\/h3>\n<div class=\"rank-math-answer \">\n\n<p>Le nettoyage des pores est une technique de soin de la peau qui utilise un dispositif d&rsquo;aspiration pour \u00e9liminer les impuret\u00e9s, telles que la salet\u00e9, le s\u00e9bum et les d\u00e9bris, des pores de la peau.<\/p>\n\n<\/div>\n<\/div>\n<\/div>\n<\/div>\n<p><\/p>\n\n<h3 class=\"wp-block-heading\">Contactez-nous d\u00e8s maintenant si vous avez des questions !<\/h3>\n","protected":false},"excerpt":{"rendered":"<p>Il existe des types de vide mat\u00e9riel cosm\u00e9tologique pour r\u00e9pondre \u00e0 vos souhaits. Tout ce que vous devez savoir sur [&hellip;]<\/p>\n","protected":false},"author":4,"featured_media":161607,"parent":0,"menu_order":0,"comment_status":"closed","ping_status":"closed","template":"","meta":{"site-sidebar-layout":"default","site-content-layout":"","ast-site-content-layout":"default","site-content-style":"default","site-sidebar-style":"default","ast-global-header-display":"","ast-banner-title-visibility":"","ast-main-header-display":"","ast-hfb-above-header-display":"","ast-hfb-below-header-display":"","ast-hfb-mobile-header-display":"","site-post-title":"","ast-breadcrumbs-content":"","ast-featured-img":"","footer-sml-layout":"","ast-disable-related-posts":"","theme-transparent-header-meta":"","adv-header-id-meta":"","stick-header-meta":"","header-above-stick-meta":"","header-main-stick-meta":"","header-below-stick-meta":"","astra-migrate-meta-layouts":"default","ast-page-background-enabled":"default","ast-page-background-meta":{"desktop":{"background-color":"var(--ast-global-color-4)","background-image":"","background-repeat":"repeat","background-position":"center center","background-size":"auto","background-attachment":"scroll","background-type":"","background-media":"","overlay-type":"","overlay-color":"","overlay-opacity":"","overlay-gradient":""},"tablet":{"background-color":"","background-image":"","background-repeat":"repeat","background-position":"center center","background-size":"auto","background-attachment":"scroll","background-type":"","background-media":"","overlay-type":"","overlay-color":"","overlay-opacity":"","overlay-gradient":""},"mobile":{"background-color":"","background-image":"","background-repeat":"repeat","background-position":"center center","background-size":"auto","background-attachment":"scroll","background-type":"","background-media":"","overlay-type":"","overlay-color":"","overlay-opacity":"","overlay-gradient":""}},"ast-content-background-meta":{"desktop":{"background-color":"var(--ast-global-color-5)","background-image":"","background-repeat":"repeat","background-position":"center center","background-size":"auto","background-attachment":"scroll","background-type":"","background-media":"","overlay-type":"","overlay-color":"","overlay-opacity":"","overlay-gradient":""},"tablet":{"background-color":"var(--ast-global-color-5)","background-image":"","background-repeat":"repeat","background-position":"center center","background-size":"auto","background-attachment":"scroll","background-type":"","background-media":"","overlay-type":"","overlay-color":"","overlay-opacity":"","overlay-gradient":""},"mobile":{"background-color":"var(--ast-global-color-5)","background-image":"","background-repeat":"repeat","background-position":"center center","background-size":"auto","background-attachment":"scroll","background-type":"","background-media":"","overlay-type":"","overlay-color":"","overlay-opacity":"","overlay-gradient":""}},"footnotes":""},"class_list":["post-147812","page","type-page","status-publish","has-post-thumbnail","hentry"],"_links":{"self":[{"href":"https:\/\/medclinics.com\/fr\/wp-json\/wp\/v2\/pages\/147812","targetHints":{"allow":["GET"]}}],"collection":[{"href":"https:\/\/medclinics.com\/fr\/wp-json\/wp\/v2\/pages"}],"about":[{"href":"https:\/\/medclinics.com\/fr\/wp-json\/wp\/v2\/types\/page"}],"author":[{"embeddable":true,"href":"https:\/\/medclinics.com\/fr\/wp-json\/wp\/v2\/users\/4"}],"replies":[{"embeddable":true,"href":"https:\/\/medclinics.com\/fr\/wp-json\/wp\/v2\/comments?post=147812"}],"version-history":[{"count":0,"href":"https:\/\/medclinics.com\/fr\/wp-json\/wp\/v2\/pages\/147812\/revisions"}],"wp:featuredmedia":[{"embeddable":true,"href":"https:\/\/medclinics.com\/fr\/wp-json\/wp\/v2\/media\/161607"}],"wp:attachment":[{"href":"https:\/\/medclinics.com\/fr\/wp-json\/wp\/v2\/media?parent=147812"}],"curies":[{"name":"wp","href":"https:\/\/api.w.org\/{rel}","templated":true}]}}