{"id":147800,"date":"2023-06-02T12:22:00","date_gmt":"2023-06-02T09:22:00","guid":{"rendered":"https:\/\/medclinics.com\/materiel-ultrasonique-cosmetologie\/"},"modified":"2024-04-04T19:31:12","modified_gmt":"2024-04-04T16:31:12","slug":"materiel-ultrasonique-cosmetologie","status":"publish","type":"page","link":"https:\/\/medclinics.com\/fr\/materiel-ultrasonique-cosmetologie\/","title":{"rendered":"Mat\u00e9riel ultrasonique Cosm\u00e9tologie"},"content":{"rendered":"\n<h2 class=\"wp-block-heading\">Le mat\u00e9riel ultrasonique de cosm\u00e9tologie se divise en plusieurs types.<\/h2>\n\n<ul class=\"wp-block-list\">\n<li><strong>Nettoyage par ultrasons<\/strong><\/li>\n<\/ul>\n\n<p>Il s&rsquo;agit d&rsquo;une proc\u00e9dure de nettoyage par machine qui utilise des ondes ultrasoniques \u00e0 haute fr\u00e9quence. Aujourd&rsquo;hui, les ultrasons constituent l&rsquo;une des m\u00e9thodes les plus s\u00fbres, les plus efficaces et les plus populaires pour nettoyer la peau. Il peut \u00eatre utilis\u00e9 sur le visage et sur d&rsquo;autres parties du corps telles que le d\u00e9collet\u00e9, le dos et le cou. L&rsquo;efficacit\u00e9 du nettoyage par ultrasons est due \u00e0 la capacit\u00e9 des ondes ultrasonores \u00e0 p\u00e9n\u00e9trer profond\u00e9ment dans la peau. En produisant un micro-massage, il adoucit les impuret\u00e9s et les fait remonter \u00e0 la surface.<\/p>\n\n<ul class=\"wp-block-list\">\n<li><strong>Massage aux ultrasons<\/strong><\/li>\n<\/ul>\n\n<p>Il s&rsquo;agit d&rsquo;une technique de <a href=\"https:\/\/en.wikipedia.org\/wiki\/Therapeutic_ultrasound\" target=\"_blank\" rel=\"noreferrer noopener\">massage physioth\u00e9rapeutique<\/a> qui consiste \u00e0 appliquer des ondes ultrasoniques d&rsquo;une certaine longueur. La puissance du traitement d\u00e9pend de la zone \u00e0 traiter et de la nature du probl\u00e8me, et est r\u00e9gl\u00e9e par le m\u00e9decin. Le massage corporel par ultrasons stimule le syst\u00e8me sanguin et lymphatique, augmente le m\u00e9tabolisme des tissus, oxyg\u00e8ne les cellules et r\u00e9duit les gonflements. L&rsquo;efficacit\u00e9 du traitement est renforc\u00e9e par l&rsquo;utilisation simultan\u00e9e de produits cosm\u00e9tiques qui traitent les probl\u00e8mes indiqu\u00e9s (cicatrices, vergetures, cicatrisation, cellulite, masses fibreuses, peau l\u00e2che ou rel\u00e2ch\u00e9e, gonflement).<\/p>\n\n<ul class=\"wp-block-list\">\n<li><strong>Phonophor\u00e8se<\/strong><\/li>\n<\/ul>\n\n<p>La sonophor\u00e8se (ou ultra-phonophor\u00e8se) est une m\u00e9thode de physioth\u00e9rapie qui combine l&rsquo;utilisation de m\u00e9dicaments et l&rsquo;exposition \u00e0 des ondes ultrasoniques de haute fr\u00e9quence. L&rsquo;effet est ainsi renforc\u00e9 : tant les principes actifs du m\u00e9dicament que les ondes ultrasoniques agissent. Lorsque l&rsquo;appareil \u00e0 ultrasons touche la peau du patient, des vibrations sont cr\u00e9\u00e9es, l&rsquo;\u00e9nergie m\u00e9canique est convertie en \u00e9nergie thermique, ce qui stimule les processus de r\u00e9g\u00e9n\u00e9ration. Le choix de la pr\u00e9paration pour la phonophor\u00e8se \u00e0 ultrasons est individuel : le m\u00e9decin s\u00e9lectionne le produit, la dose et la dur\u00e9e du traitement en fonction de l&rsquo;indication. Il est utilis\u00e9 aussi bien en cosm\u00e9tologie (traitement des cicatrices) qu&rsquo;en m\u00e9decine (traitement des hernies intervert\u00e9brales, de l&rsquo;arthrite, etc.)<\/p>\n\n<h3 class=\"wp-block-heading\">Tout ce que vous devez savoir sur la <a href=\"https:\/\/medclinics.com\/fr\/cosmetologie-materielle\/\" target=\"_blank\" rel=\"noreferrer noopener\">cosm\u00e9tologie mat\u00e9rielle<\/a>, y compris les prix, les soins et plus encore, ou <a href=\"#requestform\">contactez-nous<\/a>!<\/h3>\n\n<h2 class=\"wp-block-heading\">FAQ <\/h2>\n<div id=\"rank-math-faq\" class=\"rank-math-block\">\n<div class=\"rank-math-list \">\n<div id=\"faq-question-1685707412021\" class=\"rank-math-list-item\">\n<h3 class=\"rank-math-question \">Qu&rsquo;est-ce que la cosm\u00e9tologie mat\u00e9rielle ultrasonique ?<\/h3>\n<div class=\"rank-math-answer \">\n\n<p>La cosm\u00e9tologie mat\u00e9rielle ultrasonique fait r\u00e9f\u00e9rence \u00e0 l&rsquo;utilisation de la technologie ultrasonique dans les traitements et proc\u00e9dures cosm\u00e9tiques. Dans le contexte de la cosm\u00e9tologie, ces appareils sont utilis\u00e9s \u00e0 des fins diverses telles que le nettoyage en profondeur, l&rsquo;exfoliation, le resserrement de la peau et l&rsquo;am\u00e9lioration de la p\u00e9n\u00e9tration des produits.<\/p>\n\n<\/div>\n<\/div>\n<div id=\"faq-question-1685707434177\" class=\"rank-math-list-item\">\n<h3 class=\"rank-math-question \">Quels sont les types de mat\u00e9riel ultrasonique en cosm\u00e9tologie ?<\/h3>\n<div class=\"rank-math-answer \">\n\n<p>Les types de mat\u00e9riel ultrasonique utilis\u00e9s en cosm\u00e9tologie sont le nettoyage ultrasonique, le massage ultrasonique et la phonophor\u00e8se.<\/p>\n\n<\/div>\n<\/div>\n<\/div>\n<\/div>\n<p><\/p>\n\n<h3 class=\"wp-block-heading\">Contactez-nous d\u00e8s maintenant si vous avez des questions !<\/h3>\n","protected":false},"excerpt":{"rendered":"<p>Le mat\u00e9riel ultrasonique de cosm\u00e9tologie se divise en plusieurs types. Il s&rsquo;agit d&rsquo;une proc\u00e9dure de nettoyage par machine qui utilise [&hellip;]<\/p>\n","protected":false},"author":4,"featured_media":93475,"parent":0,"menu_order":0,"comment_status":"closed","ping_status":"closed","template":"","meta":{"site-sidebar-layout":"default","site-content-layout":"","ast-site-content-layout":"default","site-content-style":"default","site-sidebar-style":"default","ast-global-header-display":"","ast-banner-title-visibility":"","ast-main-header-display":"","ast-hfb-above-header-display":"","ast-hfb-below-header-display":"","ast-hfb-mobile-header-display":"","site-post-title":"","ast-breadcrumbs-content":"","ast-featured-img":"","footer-sml-layout":"","ast-disable-related-posts":"","theme-transparent-header-meta":"","adv-header-id-meta":"","stick-header-meta":"","header-above-stick-meta":"","header-main-stick-meta":"","header-below-stick-meta":"","astra-migrate-meta-layouts":"default","ast-page-background-enabled":"default","ast-page-background-meta":{"desktop":{"background-color":"var(--ast-global-color-4)","background-image":"","background-repeat":"repeat","background-position":"center center","background-size":"auto","background-attachment":"scroll","background-type":"","background-media":"","overlay-type":"","overlay-color":"","overlay-opacity":"","overlay-gradient":""},"tablet":{"background-color":"","background-image":"","background-repeat":"repeat","background-position":"center center","background-size":"auto","background-attachment":"scroll","background-type":"","background-media":"","overlay-type":"","overlay-color":"","overlay-opacity":"","overlay-gradient":""},"mobile":{"background-color":"","background-image":"","background-repeat":"repeat","background-position":"center center","background-size":"auto","background-attachment":"scroll","background-type":"","background-media":"","overlay-type":"","overlay-color":"","overlay-opacity":"","overlay-gradient":""}},"ast-content-background-meta":{"desktop":{"background-color":"var(--ast-global-color-5)","background-image":"","background-repeat":"repeat","background-position":"center center","background-size":"auto","background-attachment":"scroll","background-type":"","background-media":"","overlay-type":"","overlay-color":"","overlay-opacity":"","overlay-gradient":""},"tablet":{"background-color":"var(--ast-global-color-5)","background-image":"","background-repeat":"repeat","background-position":"center center","background-size":"auto","background-attachment":"scroll","background-type":"","background-media":"","overlay-type":"","overlay-color":"","overlay-opacity":"","overlay-gradient":""},"mobile":{"background-color":"var(--ast-global-color-5)","background-image":"","background-repeat":"repeat","background-position":"center center","background-size":"auto","background-attachment":"scroll","background-type":"","background-media":"","overlay-type":"","overlay-color":"","overlay-opacity":"","overlay-gradient":""}},"footnotes":""},"class_list":["post-147800","page","type-page","status-publish","has-post-thumbnail","hentry"],"_links":{"self":[{"href":"https:\/\/medclinics.com\/fr\/wp-json\/wp\/v2\/pages\/147800","targetHints":{"allow":["GET"]}}],"collection":[{"href":"https:\/\/medclinics.com\/fr\/wp-json\/wp\/v2\/pages"}],"about":[{"href":"https:\/\/medclinics.com\/fr\/wp-json\/wp\/v2\/types\/page"}],"author":[{"embeddable":true,"href":"https:\/\/medclinics.com\/fr\/wp-json\/wp\/v2\/users\/4"}],"replies":[{"embeddable":true,"href":"https:\/\/medclinics.com\/fr\/wp-json\/wp\/v2\/comments?post=147800"}],"version-history":[{"count":0,"href":"https:\/\/medclinics.com\/fr\/wp-json\/wp\/v2\/pages\/147800\/revisions"}],"wp:featuredmedia":[{"embeddable":true,"href":"https:\/\/medclinics.com\/fr\/wp-json\/wp\/v2\/media\/93475"}],"wp:attachment":[{"href":"https:\/\/medclinics.com\/fr\/wp-json\/wp\/v2\/media?parent=147800"}],"curies":[{"name":"wp","href":"https:\/\/api.w.org\/{rel}","templated":true}]}}