{"id":147794,"date":"2023-06-02T12:53:23","date_gmt":"2023-06-02T09:53:23","guid":{"rendered":"https:\/\/medclinics.com\/quincaillerie-laser-cosmetologie\/"},"modified":"2024-04-04T19:30:59","modified_gmt":"2024-04-04T16:30:59","slug":"quincaillerie-laser-cosmetologie","status":"publish","type":"page","link":"https:\/\/medclinics.com\/fr\/quincaillerie-laser-cosmetologie\/","title":{"rendered":"Quincaillerie laser Cosm\u00e9tologie"},"content":{"rendered":"\n<h2 class=\"wp-block-heading\">Si vous cherchez des moyens de vous d\u00e9barrasser des taches noires et d&rsquo;avoir une peau lisse, la cosm\u00e9tologie mat\u00e9rielle au laser est ce qu&rsquo;il y a de mieux.<\/h2>\n\n<p><strong>Photorajeunissement \/ Lumecca<\/strong><\/p>\n\n<p>Il s&rsquo;agit d&rsquo;une technologie <a href=\"https:\/\/en.wikipedia.org\/wiki\/Photorejuvenation\" target=\"_blank\" rel=\"noreferrer noopener\">IPL<\/a> qui utilise une machine \u00e9mettant des impulsions lumineuses de haute intensit\u00e9 pour photo-rajeunir la peau et \u00e9liminer les taches de vieillesse et les troubles vasculaires. Cette proc\u00e9dure peu invasive peut \u00eatre utilis\u00e9e pour traiter une s\u00e9rie de probl\u00e8mes esth\u00e9tiques, notamment les taches brunes, les dommages caus\u00e9s par le soleil, le teint in\u00e9gal, la rosac\u00e9e ou les rougeurs. Apr\u00e8s un seul traitement, les patients constatent des am\u00e9liorations significatives du teint, de la clart\u00e9 et de la tonicit\u00e9 de la peau, ainsi que de sa fermet\u00e9 et de son \u00e9lasticit\u00e9.<\/p>\n\n<h3 class=\"wp-block-heading\">Tout ce que vous voulez savoir sur la <a href=\"https:\/\/medclinics.com\/fr\/cosmetologie-materielle\/\" target=\"_blank\" rel=\"noreferrer noopener\">cosm\u00e9tologie mat\u00e9rielle<\/a>, y compris le prix et plus encore, <a href=\"#requestform\">contactez-nous<\/a> d\u00e8s maintenant !<\/h3>\n\n<h3 class=\"wp-block-heading\">FAQ<\/h3>\n<div id=\"rank-math-faq\" class=\"rank-math-block\">\n<div class=\"rank-math-list \">\n<div id=\"faq-question-1685709878645\" class=\"rank-math-list-item\">\n<h3 class=\"rank-math-question \">Qu&rsquo;est-ce que la cosm\u00e9tologie mat\u00e9rielle au laser ?<\/h3>\n<div class=\"rank-math-answer \">\n\n<p>La cosm\u00e9tologie mat\u00e9rielle au laser fait r\u00e9f\u00e9rence \u00e0 l&rsquo;utilisation de la technologie laser dans les traitements et proc\u00e9dures cosm\u00e9tiques afin de r\u00e9pondre \u00e0 divers probl\u00e8mes de peau et d&rsquo;obtenir les r\u00e9sultats esth\u00e9tiques souhait\u00e9s. Les appareils laser \u00e9mettent des faisceaux de lumi\u00e8re focalis\u00e9s \u00e0 des longueurs d&rsquo;onde sp\u00e9cifiques, ciblant des chromophores sp\u00e9cifiques de la peau, tels que les pigments ou les vaisseaux sanguins.<\/p>\n\n<\/div>\n<\/div>\n<div id=\"faq-question-1685709894487\" class=\"rank-math-list-item\">\n<h3 class=\"rank-math-question \">Qu&rsquo;est-ce que l&rsquo;IPL ?<\/h3>\n<div class=\"rank-math-answer \">\n\n<p>Bien qu&rsquo;il ne s&rsquo;agisse pas techniquement d&rsquo;un laser, la lumi\u00e8re puls\u00e9e utilise une \u00e9nergie lumineuse \u00e0 large spectre pour traiter les probl\u00e8mes de peau tels que les irr\u00e9gularit\u00e9s de la pigmentation, les dommages caus\u00e9s par le soleil et les l\u00e9sions vasculaires.<\/p>\n\n<\/div>\n<\/div>\n<div id=\"faq-question-1685709971683\" class=\"rank-math-list-item\">\n<h3 class=\"rank-math-question \">Qu&rsquo;est-ce que Lumecca ?<\/h3>\n<div class=\"rank-math-answer \">\n\n<p>Lumecca est une marque et un type sp\u00e9cifique de th\u00e9rapie par lumi\u00e8re puls\u00e9e intense (IPL) utilis\u00e9e dans les traitements cosm\u00e9tiques. Il s&rsquo;agit d&rsquo;une proc\u00e9dure non invasive qui utilise une lumi\u00e8re \u00e0 large spectre pour cibler diff\u00e9rents probl\u00e8mes de peau et promouvoir le rajeunissement de la peau.<\/p>\n\n<\/div>\n<\/div>\n<div id=\"faq-question-1685710002571\" class=\"rank-math-list-item\">\n<h3 class=\"rank-math-question \">Lumecca est-il s\u00fbr ?<\/h3>\n<div class=\"rank-math-answer \">\n\n<p>Oui, il s&rsquo;agit d&rsquo;un traitement s\u00fbr et efficace lorsqu&rsquo;il est effectu\u00e9 par un professionnel form\u00e9 et exp\u00e9riment\u00e9.<\/p>\n\n<\/div>\n<\/div>\n<\/div>\n<\/div>\n<p><\/p>\n\n<h3 class=\"wp-block-heading\">Contactez-nous d\u00e8s maintenant si vous avez des questions !<\/h3>\n","protected":false},"excerpt":{"rendered":"<p>Si vous cherchez des moyens de vous d\u00e9barrasser des taches noires et d&rsquo;avoir une peau lisse, la cosm\u00e9tologie mat\u00e9rielle au [&hellip;]<\/p>\n","protected":false},"author":4,"featured_media":93512,"parent":0,"menu_order":0,"comment_status":"closed","ping_status":"closed","template":"","meta":{"site-sidebar-layout":"default","site-content-layout":"","ast-site-content-layout":"default","site-content-style":"default","site-sidebar-style":"default","ast-global-header-display":"","ast-banner-title-visibility":"","ast-main-header-display":"","ast-hfb-above-header-display":"","ast-hfb-below-header-display":"","ast-hfb-mobile-header-display":"","site-post-title":"","ast-breadcrumbs-content":"","ast-featured-img":"","footer-sml-layout":"","ast-disable-related-posts":"","theme-transparent-header-meta":"","adv-header-id-meta":"","stick-header-meta":"","header-above-stick-meta":"","header-main-stick-meta":"","header-below-stick-meta":"","astra-migrate-meta-layouts":"default","ast-page-background-enabled":"default","ast-page-background-meta":{"desktop":{"background-color":"var(--ast-global-color-4)","background-image":"","background-repeat":"repeat","background-position":"center center","background-size":"auto","background-attachment":"scroll","background-type":"","background-media":"","overlay-type":"","overlay-color":"","overlay-opacity":"","overlay-gradient":""},"tablet":{"background-color":"","background-image":"","background-repeat":"repeat","background-position":"center center","background-size":"auto","background-attachment":"scroll","background-type":"","background-media":"","overlay-type":"","overlay-color":"","overlay-opacity":"","overlay-gradient":""},"mobile":{"background-color":"","background-image":"","background-repeat":"repeat","background-position":"center center","background-size":"auto","background-attachment":"scroll","background-type":"","background-media":"","overlay-type":"","overlay-color":"","overlay-opacity":"","overlay-gradient":""}},"ast-content-background-meta":{"desktop":{"background-color":"var(--ast-global-color-5)","background-image":"","background-repeat":"repeat","background-position":"center center","background-size":"auto","background-attachment":"scroll","background-type":"","background-media":"","overlay-type":"","overlay-color":"","overlay-opacity":"","overlay-gradient":""},"tablet":{"background-color":"var(--ast-global-color-5)","background-image":"","background-repeat":"repeat","background-position":"center center","background-size":"auto","background-attachment":"scroll","background-type":"","background-media":"","overlay-type":"","overlay-color":"","overlay-opacity":"","overlay-gradient":""},"mobile":{"background-color":"var(--ast-global-color-5)","background-image":"","background-repeat":"repeat","background-position":"center center","background-size":"auto","background-attachment":"scroll","background-type":"","background-media":"","overlay-type":"","overlay-color":"","overlay-opacity":"","overlay-gradient":""}},"footnotes":""},"class_list":["post-147794","page","type-page","status-publish","has-post-thumbnail","hentry"],"_links":{"self":[{"href":"https:\/\/medclinics.com\/fr\/wp-json\/wp\/v2\/pages\/147794","targetHints":{"allow":["GET"]}}],"collection":[{"href":"https:\/\/medclinics.com\/fr\/wp-json\/wp\/v2\/pages"}],"about":[{"href":"https:\/\/medclinics.com\/fr\/wp-json\/wp\/v2\/types\/page"}],"author":[{"embeddable":true,"href":"https:\/\/medclinics.com\/fr\/wp-json\/wp\/v2\/users\/4"}],"replies":[{"embeddable":true,"href":"https:\/\/medclinics.com\/fr\/wp-json\/wp\/v2\/comments?post=147794"}],"version-history":[{"count":0,"href":"https:\/\/medclinics.com\/fr\/wp-json\/wp\/v2\/pages\/147794\/revisions"}],"wp:featuredmedia":[{"embeddable":true,"href":"https:\/\/medclinics.com\/fr\/wp-json\/wp\/v2\/media\/93512"}],"wp:attachment":[{"href":"https:\/\/medclinics.com\/fr\/wp-json\/wp\/v2\/media?parent=147794"}],"curies":[{"name":"wp","href":"https:\/\/api.w.org\/{rel}","templated":true}]}}