{"id":147788,"date":"2023-06-02T13:15:07","date_gmt":"2023-06-02T10:15:07","guid":{"rendered":"https:\/\/medclinics.com\/materiel-de-radiofrequence-cosmetologie\/"},"modified":"2024-04-14T23:03:34","modified_gmt":"2024-04-14T20:03:34","slug":"materiel-de-radiofrequence-cosmetologie","status":"publish","type":"page","link":"https:\/\/medclinics.com\/fr\/materiel-de-radiofrequence-cosmetologie\/","title":{"rendered":"Mat\u00e9riel de radiofr\u00e9quence Cosm\u00e9tologie"},"content":{"rendered":"\n<h2 class=\"wp-block-heading\">Le m\u00e9decin s\u00e9lectionnera le mat\u00e9riel de radiofr\u00e9quence cosm\u00e9tologie appropri\u00e9 \u00e0 vos besoins sp\u00e9cifiques.<\/h2>\n\n<ul class=\"wp-block-list\">\n<li><strong>RF-lifting \/ Morpheus8<\/strong><\/li>\n<\/ul>\n\n<p>Il s&rsquo;agit d&rsquo;un traitement de pointe de <a href=\"https:\/\/en.wikipedia.org\/wiki\/Rhytidectomy\" target=\"_blank\" rel=\"noreferrer noopener\">lifting <\/a>par radiofr\u00e9quence fractionn\u00e9e. Les impulsions de radiofr\u00e9quence sont d\u00e9livr\u00e9es dans la peau \u00e0 l&rsquo;aide d&rsquo;aiguilles tr\u00e8s fines. Le chauffage localis\u00e9 stimule la production de fibres de collag\u00e8ne et d&rsquo;\u00e9lastine. Contrairement \u00e0 d&rsquo;autres appareils, Morpheus 8 donne des r\u00e9sultats visibles d\u00e8s la premi\u00e8re s\u00e9ance, est programmable et offre la plus grande profondeur d&rsquo;exposition de toutes les technologies fractionnelles. <\/p>\n\n<p>Le lifting RF par micro-aiguilles Morpheus8 est la proc\u00e9dure m\u00e9canique la plus populaire aux \u00c9tats-Unis depuis plusieurs ann\u00e9es. Morpheus8 peut aider \u00e0 traiter un large \u00e9ventail de probl\u00e8mes de peau, notamment la perte de tonus du visage et du corps, les modifications du contour du visage, le prolapsus tissulaire, les rides et l&rsquo;affaissement des paupi\u00e8res sup\u00e9rieures, le relief cutan\u00e9 in\u00e9gal, les pores dilat\u00e9s, le tonus cutan\u00e9 in\u00e9gal, les troubles vasculaires, les cicatrices, les suites de l&rsquo;acn\u00e9, les vergetures et le rel\u00e2chement cutan\u00e9 apr\u00e8s la grossesse.<\/p>\n\n<figure class=\"wp-block-image size-full\"><img fetchpriority=\"high\" decoding=\"async\" width=\"780\" height=\"488\" src=\"https:\/\/medclinics.com\/wp-content\/uploads\/2024\/04\/Radio-Frequency-Hardware-Cosmetology-therapy-hardware.jpg\" alt=\"Mat&#xE9;riel de radiofr&#xE9;quence - Mat&#xE9;riel de cosm&#xE9;tologie - Mat&#xE9;riel de th&#xE9;rapie\" class=\"wp-image-161413\" srcset=\"https:\/\/medclinics.com\/wp-content\/uploads\/2024\/04\/Radio-Frequency-Hardware-Cosmetology-therapy-hardware.jpg 780w, https:\/\/medclinics.com\/wp-content\/uploads\/2024\/04\/Radio-Frequency-Hardware-Cosmetology-therapy-hardware-300x188.jpg 300w, https:\/\/medclinics.com\/wp-content\/uploads\/2024\/04\/Radio-Frequency-Hardware-Cosmetology-therapy-hardware-768x480.jpg 768w\" sizes=\"(max-width: 780px) 100vw, 780px\" \/><\/figure>\n\n<h3 class=\"wp-block-heading\">Tout ce que vous devez savoir sur la <a href=\"https:\/\/medclinics.com\/fr\/cosmetologie-materielle\/\" target=\"_blank\" rel=\"noreferrer noopener\">cosm\u00e9tologie mat\u00e9rielle<\/a>, y compris le prix, les soins et le processus de gu\u00e9rison, ou <a href=\"#requestform\">contactez-nous<\/a>!<\/h3>\n\n<h3 class=\"wp-block-heading\">FAQ<\/h3>\n<div id=\"rank-math-faq\" class=\"rank-math-block\">\n<div class=\"rank-math-list \">\n<div id=\"faq-question-1685711138768\" class=\"rank-math-list-item\">\n<h3 class=\"rank-math-question \">Qu&rsquo;est-ce que la cosm\u00e9tologie par radiofr\u00e9quence ?<\/h3>\n<div class=\"rank-math-answer \">\n\n<p>La cosm\u00e9tologie mat\u00e9rielle par radiofr\u00e9quence (RF) fait r\u00e9f\u00e9rence \u00e0 l&rsquo;utilisation de l&rsquo;\u00e9nergie de radiofr\u00e9quence dans les traitements et les proc\u00e9dures cosm\u00e9tiques afin d&rsquo;am\u00e9liorer l&rsquo;apparence de la peau et de r\u00e9pondre \u00e0 divers probl\u00e8mes.<\/p>\n\n<\/div>\n<\/div>\n<div id=\"faq-question-1685711176016\" class=\"rank-math-list-item\">\n<h3 class=\"rank-math-question \">Qu&rsquo;est-ce que Morpheus 8 ?<\/h3>\n<div class=\"rank-math-answer \">\n\n<p>Morpheus 8 est une marque et un type sp\u00e9cifiques d&rsquo;appareil de microneedling par radiofr\u00e9quence (RF) utilis\u00e9s dans les traitements cosm\u00e9tiques. Il combine les avantages de la technologie du microneedling et de la radiofr\u00e9quence pour r\u00e9pondre \u00e0 divers probl\u00e8mes de peau et obtenir un rajeunissement de la peau.<\/p>\n\n<\/div>\n<\/div>\n<div id=\"faq-question-1685711190415\" class=\"rank-math-list-item\">\n<h3 class=\"rank-math-question \">Morpheus 8 en vaut-il la peine ?<\/h3>\n<div class=\"rank-math-answer \">\n\n<p>Oui, Morpheus8 l&rsquo;est. De nombreuses personnes ont obtenu des r\u00e9sultats positifs en termes de rajeunissement de la peau, de r\u00e9duction des rides et de resserrement de la peau.<\/p>\n\n<\/div>\n<\/div>\n<\/div>\n<\/div>\n<h3 class=\"wp-block-heading\">Contactez-nous d\u00e8s maintenant si vous avez des questions !<\/h3>\n\n<p><\/p>\n","protected":false},"excerpt":{"rendered":"<p>Le m\u00e9decin s\u00e9lectionnera le mat\u00e9riel de radiofr\u00e9quence cosm\u00e9tologie appropri\u00e9 \u00e0 vos besoins sp\u00e9cifiques. Il s&rsquo;agit d&rsquo;un traitement de pointe de [&hellip;]<\/p>\n","protected":false},"author":4,"featured_media":161408,"parent":0,"menu_order":0,"comment_status":"closed","ping_status":"closed","template":"","meta":{"site-sidebar-layout":"default","site-content-layout":"","ast-site-content-layout":"default","site-content-style":"default","site-sidebar-style":"default","ast-global-header-display":"","ast-banner-title-visibility":"","ast-main-header-display":"","ast-hfb-above-header-display":"","ast-hfb-below-header-display":"","ast-hfb-mobile-header-display":"","site-post-title":"","ast-breadcrumbs-content":"","ast-featured-img":"","footer-sml-layout":"","ast-disable-related-posts":"","theme-transparent-header-meta":"","adv-header-id-meta":"","stick-header-meta":"","header-above-stick-meta":"","header-main-stick-meta":"","header-below-stick-meta":"","astra-migrate-meta-layouts":"default","ast-page-background-enabled":"default","ast-page-background-meta":{"desktop":{"background-color":"var(--ast-global-color-4)","background-image":"","background-repeat":"repeat","background-position":"center center","background-size":"auto","background-attachment":"scroll","background-type":"","background-media":"","overlay-type":"","overlay-color":"","overlay-opacity":"","overlay-gradient":""},"tablet":{"background-color":"","background-image":"","background-repeat":"repeat","background-position":"center center","background-size":"auto","background-attachment":"scroll","background-type":"","background-media":"","overlay-type":"","overlay-color":"","overlay-opacity":"","overlay-gradient":""},"mobile":{"background-color":"","background-image":"","background-repeat":"repeat","background-position":"center center","background-size":"auto","background-attachment":"scroll","background-type":"","background-media":"","overlay-type":"","overlay-color":"","overlay-opacity":"","overlay-gradient":""}},"ast-content-background-meta":{"desktop":{"background-color":"var(--ast-global-color-5)","background-image":"","background-repeat":"repeat","background-position":"center center","background-size":"auto","background-attachment":"scroll","background-type":"","background-media":"","overlay-type":"","overlay-color":"","overlay-opacity":"","overlay-gradient":""},"tablet":{"background-color":"var(--ast-global-color-5)","background-image":"","background-repeat":"repeat","background-position":"center center","background-size":"auto","background-attachment":"scroll","background-type":"","background-media":"","overlay-type":"","overlay-color":"","overlay-opacity":"","overlay-gradient":""},"mobile":{"background-color":"var(--ast-global-color-5)","background-image":"","background-repeat":"repeat","background-position":"center center","background-size":"auto","background-attachment":"scroll","background-type":"","background-media":"","overlay-type":"","overlay-color":"","overlay-opacity":"","overlay-gradient":""}},"footnotes":""},"class_list":["post-147788","page","type-page","status-publish","has-post-thumbnail","hentry"],"_links":{"self":[{"href":"https:\/\/medclinics.com\/fr\/wp-json\/wp\/v2\/pages\/147788","targetHints":{"allow":["GET"]}}],"collection":[{"href":"https:\/\/medclinics.com\/fr\/wp-json\/wp\/v2\/pages"}],"about":[{"href":"https:\/\/medclinics.com\/fr\/wp-json\/wp\/v2\/types\/page"}],"author":[{"embeddable":true,"href":"https:\/\/medclinics.com\/fr\/wp-json\/wp\/v2\/users\/4"}],"replies":[{"embeddable":true,"href":"https:\/\/medclinics.com\/fr\/wp-json\/wp\/v2\/comments?post=147788"}],"version-history":[{"count":0,"href":"https:\/\/medclinics.com\/fr\/wp-json\/wp\/v2\/pages\/147788\/revisions"}],"wp:featuredmedia":[{"embeddable":true,"href":"https:\/\/medclinics.com\/fr\/wp-json\/wp\/v2\/media\/161408"}],"wp:attachment":[{"href":"https:\/\/medclinics.com\/fr\/wp-json\/wp\/v2\/media?parent=147788"}],"curies":[{"name":"wp","href":"https:\/\/api.w.org\/{rel}","templated":true}]}}