{"id":147770,"date":"2023-06-02T13:41:02","date_gmt":"2023-06-02T10:41:02","guid":{"rendered":"https:\/\/medclinics.com\/therapie-par-lozone\/"},"modified":"2024-04-14T23:03:34","modified_gmt":"2024-04-14T20:03:34","slug":"therapie-par-lozone","status":"publish","type":"page","link":"https:\/\/medclinics.com\/fr\/therapie-par-lozone\/","title":{"rendered":"Th\u00e9rapie par l&rsquo;ozone"},"content":{"rendered":"\n<h2 class=\"wp-block-heading\">Le m\u00e9decin choisira l&rsquo;ozonoth\u00e9rapie s&rsquo;il s&rsquo;agit du traitement appropri\u00e9.<\/h2>\n\n<p>L&rsquo;ozonoth\u00e9rapie est une proc\u00e9dure physioth\u00e9rapeutique qui sature les tissus en oxyg\u00e8ne, renforce le syst\u00e8me immunitaire, active les m\u00e9canismes de d\u00e9fense de l&rsquo;organisme, am\u00e9liore le m\u00e9tabolisme et soulage la douleur. Il soulage le diab\u00e8te, l&rsquo;asthme, les douleurs articulaires et dorsales.  <\/p>\n\n<p>Il aide \u00e0 pr\u00e9venir les maladies virales saisonni\u00e8res. Il est utilis\u00e9 comme d\u00e9sinfectant, y compris par voie externe, inject\u00e9 dans les articulations et les tissus sous-cutan\u00e9s sous forme pure et dans la circulation sanguine par m\u00e9lange avec du s\u00e9rum physiologique et\/ou le sang du patient.  <\/p>\n\n<p>Il est largement utilis\u00e9 en cosm\u00e9tologie. L&rsquo;objectif peut \u00eatre le traitement des vergetures, la r\u00e9duction des rides du visage, le traitement des probl\u00e8mes de peau, l&rsquo;\u00e9limination de la cellulite ou de l&rsquo;exc\u00e8s de graisse.<\/p>\n\n<figure class=\"wp-block-image size-full\"><img fetchpriority=\"high\" decoding=\"async\" width=\"780\" height=\"488\" src=\"https:\/\/medclinics.com\/wp-content\/uploads\/2024\/04\/ozone-therapy-treatmen-beauty-salon.jpg\" alt=\"Salon de beaut&#xE9; &#xE0; l'ozone Istanbul\" class=\"wp-image-161255\" srcset=\"https:\/\/medclinics.com\/wp-content\/uploads\/2024\/04\/ozone-therapy-treatmen-beauty-salon.jpg 780w, https:\/\/medclinics.com\/wp-content\/uploads\/2024\/04\/ozone-therapy-treatmen-beauty-salon-300x188.jpg 300w, https:\/\/medclinics.com\/wp-content\/uploads\/2024\/04\/ozone-therapy-treatmen-beauty-salon-768x480.jpg 768w\" sizes=\"(max-width: 780px) 100vw, 780px\" \/><\/figure>\n\n<h3 class=\"wp-block-heading\">Tout ce que vous devez savoir sur la <a href=\"https:\/\/medclinics.com\/fr\/cosmetologie-materielle\/\" target=\"_blank\" rel=\"noreferrer noopener\">cosm\u00e9tologie mat\u00e9rielle<\/a>, y compris le processus de suivi et plus encore, ou <a href=\"#requestform\">contactez-nous<\/a>!<\/h3>\n\n<h3 class=\"wp-block-heading\">FAQ<\/h3>\n<div id=\"rank-math-faq\" class=\"rank-math-block\">\n<div class=\"rank-math-list \">\n<div id=\"faq-question-1685712036238\" class=\"rank-math-list-item\">\n<h3 class=\"rank-math-question \">Qu&rsquo;est-ce que l&rsquo;ozonoth\u00e9rapie ?<\/h3>\n<div class=\"rank-math-answer \">\n\n<p><a href=\"\/\/en.wikipedia.org\/wiki\/Ozone_therapyu0022\">L&rsquo;ozonoth\u00e9rapie<\/a> est un traitement m\u00e9dical qui consiste \u00e0 administrer de l&rsquo;ozone gazeux \u00e0 l&rsquo;organisme afin d&rsquo;obtenir divers effets th\u00e9rapeutiques. On pense qu&rsquo;il am\u00e9liore l&rsquo;utilisation de l&rsquo;oxyg\u00e8ne et la circulation, qu&rsquo;il renforce le syst\u00e8me immunitaire et qu&rsquo;il stimule la fonction cellulaire.<\/p>\n\n<\/div>\n<\/div>\n<div id=\"faq-question-1685712060848\" class=\"rank-math-list-item\">\n<h3 class=\"rank-math-question \">A quoi sert l&rsquo;ozonoth\u00e9rapie ?<\/h3>\n<div class=\"rank-math-answer \">\n\n<p>Il est utilis\u00e9 \u00e0 diverses fins dans le domaine des soins de sant\u00e9. Il s&rsquo;agit notamment de la cicatrisation des plaies, des infections, de la gestion de la douleur, du soutien du syst\u00e8me immunitaire, des maladies chroniques et des applications dentaires.<\/p>\n\n<\/div>\n<\/div>\n<div id=\"faq-question-1685712268589\" class=\"rank-math-list-item\">\n<h3 class=\"rank-math-question \">L&rsquo;ozonoth\u00e9rapie est-elle s\u00fbre ?<\/h3>\n<div class=\"rank-math-answer \">\n\n<p>Oui, mais comme pour tout traitement m\u00e9dical, il existe des risques et des effets secondaires potentiels. Certaines personnes peuvent pr\u00e9senter des effets secondaires mineurs tels que toux, irritation de la gorge ou r\u00e9actions cutan\u00e9es mineures.<\/p>\n\n<\/div>\n<\/div>\n<div id=\"faq-question-1685712306178\" class=\"rank-math-list-item\">\n<h3 class=\"rank-math-question \">L&rsquo;ozonoth\u00e9rapie est-elle efficace ?<\/h3>\n<div class=\"rank-math-answer \">\n\n<p>Elle a montr\u00e9 des r\u00e9sultats prometteurs dans certains cas, comme la cicatrisation des plaies, la gestion de certaines infections et le soulagement de la douleur. On pense qu&rsquo;il agit en augmentant les niveaux d&rsquo;oxyg\u00e8ne, en stimulant le syst\u00e8me immunitaire et en r\u00e9duisant l&rsquo;inflammation.<\/p>\n\n<\/div>\n<\/div>\n<\/div>\n<\/div>\n<p><\/p>\n\n<h3 class=\"wp-block-heading\">Contactez-nous d\u00e8s maintenant si vous avez des questions !<\/h3>\n","protected":false},"excerpt":{"rendered":"<p>Le m\u00e9decin choisira l&rsquo;ozonoth\u00e9rapie s&rsquo;il s&rsquo;agit du traitement appropri\u00e9. L&rsquo;ozonoth\u00e9rapie est une proc\u00e9dure physioth\u00e9rapeutique qui sature les tissus en oxyg\u00e8ne, [&hellip;]<\/p>\n","protected":false},"author":4,"featured_media":161257,"parent":0,"menu_order":0,"comment_status":"closed","ping_status":"closed","template":"","meta":{"site-sidebar-layout":"default","site-content-layout":"","ast-site-content-layout":"default","site-content-style":"default","site-sidebar-style":"default","ast-global-header-display":"","ast-banner-title-visibility":"","ast-main-header-display":"","ast-hfb-above-header-display":"","ast-hfb-below-header-display":"","ast-hfb-mobile-header-display":"","site-post-title":"","ast-breadcrumbs-content":"","ast-featured-img":"","footer-sml-layout":"","ast-disable-related-posts":"","theme-transparent-header-meta":"","adv-header-id-meta":"","stick-header-meta":"","header-above-stick-meta":"","header-main-stick-meta":"","header-below-stick-meta":"","astra-migrate-meta-layouts":"default","ast-page-background-enabled":"default","ast-page-background-meta":{"desktop":{"background-color":"var(--ast-global-color-4)","background-image":"","background-repeat":"repeat","background-position":"center center","background-size":"auto","background-attachment":"scroll","background-type":"","background-media":"","overlay-type":"","overlay-color":"","overlay-opacity":"","overlay-gradient":""},"tablet":{"background-color":"","background-image":"","background-repeat":"repeat","background-position":"center center","background-size":"auto","background-attachment":"scroll","background-type":"","background-media":"","overlay-type":"","overlay-color":"","overlay-opacity":"","overlay-gradient":""},"mobile":{"background-color":"","background-image":"","background-repeat":"repeat","background-position":"center center","background-size":"auto","background-attachment":"scroll","background-type":"","background-media":"","overlay-type":"","overlay-color":"","overlay-opacity":"","overlay-gradient":""}},"ast-content-background-meta":{"desktop":{"background-color":"var(--ast-global-color-5)","background-image":"","background-repeat":"repeat","background-position":"center center","background-size":"auto","background-attachment":"scroll","background-type":"","background-media":"","overlay-type":"","overlay-color":"","overlay-opacity":"","overlay-gradient":""},"tablet":{"background-color":"var(--ast-global-color-5)","background-image":"","background-repeat":"repeat","background-position":"center center","background-size":"auto","background-attachment":"scroll","background-type":"","background-media":"","overlay-type":"","overlay-color":"","overlay-opacity":"","overlay-gradient":""},"mobile":{"background-color":"var(--ast-global-color-5)","background-image":"","background-repeat":"repeat","background-position":"center center","background-size":"auto","background-attachment":"scroll","background-type":"","background-media":"","overlay-type":"","overlay-color":"","overlay-opacity":"","overlay-gradient":""}},"footnotes":""},"class_list":["post-147770","page","type-page","status-publish","has-post-thumbnail","hentry"],"_links":{"self":[{"href":"https:\/\/medclinics.com\/fr\/wp-json\/wp\/v2\/pages\/147770","targetHints":{"allow":["GET"]}}],"collection":[{"href":"https:\/\/medclinics.com\/fr\/wp-json\/wp\/v2\/pages"}],"about":[{"href":"https:\/\/medclinics.com\/fr\/wp-json\/wp\/v2\/types\/page"}],"author":[{"embeddable":true,"href":"https:\/\/medclinics.com\/fr\/wp-json\/wp\/v2\/users\/4"}],"replies":[{"embeddable":true,"href":"https:\/\/medclinics.com\/fr\/wp-json\/wp\/v2\/comments?post=147770"}],"version-history":[{"count":0,"href":"https:\/\/medclinics.com\/fr\/wp-json\/wp\/v2\/pages\/147770\/revisions"}],"wp:featuredmedia":[{"embeddable":true,"href":"https:\/\/medclinics.com\/fr\/wp-json\/wp\/v2\/media\/161257"}],"wp:attachment":[{"href":"https:\/\/medclinics.com\/fr\/wp-json\/wp\/v2\/media?parent=147770"}],"curies":[{"name":"wp","href":"https:\/\/api.w.org\/{rel}","templated":true}]}}