{"id":147762,"date":"2023-06-02T15:09:35","date_gmt":"2023-06-02T12:09:35","guid":{"rendered":"https:\/\/medclinics.com\/custom-vue-super-lasik-6\/"},"modified":"2025-01-02T14:21:35","modified_gmt":"2025-01-02T11:21:35","slug":"custom-vue-super-lasik-6","status":"publish","type":"page","link":"https:\/\/medclinics.com\/fr\/custom-vue-super-lasik-6\/","title":{"rendered":"Custom Vue &#8211; Super LASIK"},"content":{"rendered":"\n<h2 class=\"wp-block-heading\">Si vous cherchez un moyen d&rsquo;am\u00e9liorer votre qualit\u00e9 visuelle, Custom Vue, Super LASIK peut \u00eatre la meilleure solution.<\/h2>\n\n<p>Cette m\u00e9thode se caract\u00e9rise par la correction la plus pr\u00e9cise possible de la forme de la corn\u00e9e sur la base des donn\u00e9es obtenues par l&rsquo;analyse aberrom\u00e9trique pr\u00e9liminaire, qui tient compte de toutes les distorsions du syst\u00e8me optique humain.  <\/p>\n\n<p>Le degr\u00e9 de leur influence sur la qualit\u00e9 de la vision est automatiquement d\u00e9termin\u00e9, et la forme de la corn\u00e9e est mod\u00e9lis\u00e9e de mani\u00e8re \u00e0 compenser au maximum toutes les \u00ab\u00a0erreurs\u00a0\u00bb existantes. Sur la base de ces donn\u00e9es, une correction au laser est ensuite effectu\u00e9e. <\/p>\n\n<p>Avantages de la m\u00e9thode : <a href=\"https:\/\/tr.wikipedia.org\/wiki\/LASIK\" target=\"_blank\" rel=\"noreferrer noopener\">correction au laser<\/a> avec soutien personnalis\u00e9 Custom Vue est l&rsquo;une des m\u00e9thodes modernes les plus pr\u00e9cises de restauration des fonctions visuelles, permettant de corriger des aberrations (distorsions du syst\u00e8me visuel) de haut niveau et d&rsquo;obtenir une acuit\u00e9 visuelle exceptionnelle. La technique de correction de la vision Custom Vue, avec un soutien personnalis\u00e9, r\u00e9pond aux normes les plus \u00e9lev\u00e9es de la chirurgie ophtalmique d&rsquo;aujourd&rsquo;hui.<\/p>\n\n<figure class=\"wp-block-image size-full\"><img fetchpriority=\"high\" decoding=\"async\" width=\"780\" height=\"488\" src=\"https:\/\/medclinics.com\/wp-content\/uploads\/2024\/04\/custom-vue-super-lasik-near-me.jpg\" alt=\"custom-vue-super-lasik-pr&#xE8;s-de-moi\" class=\"wp-image-161239\" srcset=\"https:\/\/medclinics.com\/wp-content\/uploads\/2024\/04\/custom-vue-super-lasik-near-me.jpg 780w, https:\/\/medclinics.com\/wp-content\/uploads\/2024\/04\/custom-vue-super-lasik-near-me-300x188.jpg 300w, https:\/\/medclinics.com\/wp-content\/uploads\/2024\/04\/custom-vue-super-lasik-near-me-768x480.jpg 768w\" sizes=\"(max-width: 780px) 100vw, 780px\" \/><\/figure>\n\n<h2 class=\"wp-block-heading\">Tout ce que vous devez savoir sur la <a href=\"https:\/\/medclinics.com\/fr\/laser-pour-les-yeux\/\" target=\"_blank\" rel=\"noreferrer noopener\">chirurgie des yeux<\/a>, y compris les soins et le processus de gu\u00e9rison, ou <a href=\"#requestform\">contactez-nous<\/a>!<\/h2>\n\n<h2 class=\"wp-block-heading\">FAQ  <\/h2>\n<div id=\"rank-math-faq\" class=\"rank-math-block\">\n<div class=\"rank-math-list \">\n<div id=\"faq-question-1685717932436\" class=\"rank-math-list-item\">\n<h3 class=\"rank-math-question \">Qu&rsquo;est-ce que Custom Vue, Super LASIK ?<\/h3>\n<div class=\"rank-math-answer \">\n\n<p>u0022Custom Vueu0022 fait r\u00e9f\u00e9rence \u00e0 la chirurgie LASIK qui int\u00e8gre la technologie du front d&rsquo;onde pour un traitement plus personnalis\u00e9.<\/p>\n\n<\/div>\n<\/div>\n<div id=\"faq-question-1685717933664\" class=\"rank-math-list-item\">\n<h3 class=\"rank-math-question \">Le Super LASIK est-il douloureux ?<\/h3>\n<div class=\"rank-math-answer \">\n\n<p>Le Super LASIK n&rsquo;est pas plus douloureux que la chirurgie LASIK standard. Le niveau d&rsquo;inconfort ressenti pendant la proc\u00e9dure est g\u00e9n\u00e9ralement similaire pour les deux types.<\/p>\n\n<\/div>\n<\/div>\n<div id=\"faq-question-1685717934651\" class=\"rank-math-list-item\">\n<h3 class=\"rank-math-question \">Le Super LASIK en vaut-il la peine ?<\/h3>\n<div class=\"rank-math-answer \">\n\n<p>Oui, u0022Super LASIKu0022 peut valoir la peine pour les patients qui ont fait des recherches approfondies et qui ont consult\u00e9 un chirurgien exp\u00e9riment\u00e9.<\/p>\n\n<\/div>\n<\/div>\n<\/div>\n<\/div>\n<p><\/p>\n\n<h3 class=\"wp-block-heading\">Contactez-nous d\u00e8s maintenant si vous avez des questions !<\/h3>\n","protected":false},"excerpt":{"rendered":"<p>Si vous cherchez un moyen d&rsquo;am\u00e9liorer votre qualit\u00e9 visuelle, Custom Vue, Super LASIK peut \u00eatre la meilleure solution. Cette m\u00e9thode [&hellip;]<\/p>\n","protected":false},"author":4,"featured_media":161241,"parent":0,"menu_order":0,"comment_status":"closed","ping_status":"closed","template":"","meta":{"site-sidebar-layout":"default","site-content-layout":"","ast-site-content-layout":"default","site-content-style":"default","site-sidebar-style":"default","ast-global-header-display":"","ast-banner-title-visibility":"","ast-main-header-display":"","ast-hfb-above-header-display":"","ast-hfb-below-header-display":"","ast-hfb-mobile-header-display":"","site-post-title":"","ast-breadcrumbs-content":"","ast-featured-img":"","footer-sml-layout":"","ast-disable-related-posts":"","theme-transparent-header-meta":"","adv-header-id-meta":"","stick-header-meta":"","header-above-stick-meta":"","header-main-stick-meta":"","header-below-stick-meta":"","astra-migrate-meta-layouts":"default","ast-page-background-enabled":"default","ast-page-background-meta":{"desktop":{"background-color":"var(--ast-global-color-4)","background-image":"","background-repeat":"repeat","background-position":"center center","background-size":"auto","background-attachment":"scroll","background-type":"","background-media":"","overlay-type":"","overlay-color":"","overlay-opacity":"","overlay-gradient":""},"tablet":{"background-color":"","background-image":"","background-repeat":"repeat","background-position":"center center","background-size":"auto","background-attachment":"scroll","background-type":"","background-media":"","overlay-type":"","overlay-color":"","overlay-opacity":"","overlay-gradient":""},"mobile":{"background-color":"","background-image":"","background-repeat":"repeat","background-position":"center center","background-size":"auto","background-attachment":"scroll","background-type":"","background-media":"","overlay-type":"","overlay-color":"","overlay-opacity":"","overlay-gradient":""}},"ast-content-background-meta":{"desktop":{"background-color":"var(--ast-global-color-5)","background-image":"","background-repeat":"repeat","background-position":"center center","background-size":"auto","background-attachment":"scroll","background-type":"","background-media":"","overlay-type":"","overlay-color":"","overlay-opacity":"","overlay-gradient":""},"tablet":{"background-color":"var(--ast-global-color-5)","background-image":"","background-repeat":"repeat","background-position":"center center","background-size":"auto","background-attachment":"scroll","background-type":"","background-media":"","overlay-type":"","overlay-color":"","overlay-opacity":"","overlay-gradient":""},"mobile":{"background-color":"var(--ast-global-color-5)","background-image":"","background-repeat":"repeat","background-position":"center center","background-size":"auto","background-attachment":"scroll","background-type":"","background-media":"","overlay-type":"","overlay-color":"","overlay-opacity":"","overlay-gradient":""}},"footnotes":""},"class_list":["post-147762","page","type-page","status-publish","has-post-thumbnail","hentry"],"_links":{"self":[{"href":"https:\/\/medclinics.com\/fr\/wp-json\/wp\/v2\/pages\/147762","targetHints":{"allow":["GET"]}}],"collection":[{"href":"https:\/\/medclinics.com\/fr\/wp-json\/wp\/v2\/pages"}],"about":[{"href":"https:\/\/medclinics.com\/fr\/wp-json\/wp\/v2\/types\/page"}],"author":[{"embeddable":true,"href":"https:\/\/medclinics.com\/fr\/wp-json\/wp\/v2\/users\/4"}],"replies":[{"embeddable":true,"href":"https:\/\/medclinics.com\/fr\/wp-json\/wp\/v2\/comments?post=147762"}],"version-history":[{"count":0,"href":"https:\/\/medclinics.com\/fr\/wp-json\/wp\/v2\/pages\/147762\/revisions"}],"wp:featuredmedia":[{"embeddable":true,"href":"https:\/\/medclinics.com\/fr\/wp-json\/wp\/v2\/media\/161241"}],"wp:attachment":[{"href":"https:\/\/medclinics.com\/fr\/wp-json\/wp\/v2\/media?parent=147762"}],"curies":[{"name":"wp","href":"https:\/\/api.w.org\/{rel}","templated":true}]}}